{"id":993,"date":"2020-05-20T08:52:47","date_gmt":"2020-05-20T11:52:47","guid":{"rendered":"https:\/\/www.fenix.com.br\/blogs\/?page_id=993"},"modified":"2024-05-02T14:31:30","modified_gmt":"2024-05-02T17:31:30","slug":"portal-transparencia","status":"publish","type":"page","link":"https:\/\/www.fenix.com.br\/blogs\/portal-transparencia\/","title":{"rendered":"Portal Transpar\u00eancia"},"content":{"rendered":"\n<p>Informa\u00e7\u00f5es e orienta\u00e7\u00f5es sobre o acesso e uso do Portal da Transpar\u00eancia.<\/p>\n\n\n\n<h4 class=\"wp-block-heading\"><\/h4>\n\n\n\n<br>\n\n\n\n<figure class=\"wp-block-image size-large\"><img loading=\"lazy\" decoding=\"async\" width=\"129\" height=\"45\" src=\"https:\/\/www.fenix.com.br\/blogs\/wp-content\/uploads\/2020\/05\/video_aula_logo.png\" alt=\"\" class=\"wp-image-406\"\/><\/figure>\n\n\n\n<br><ul>\n<li><p style=\"font-size:14px\"><a href=\"https:\/\/youtu.be\/ZvYOCi1xkS0\" target=\"_blank\" rel=\"noopener noreferrer\">Procedimentos para se publicar arquivos do PPA, LDO, LOA e outros Anexos <\/a><i class=\"fab fa-youtube\"><\/i><\/p><\/li><\/ul><br>\n\n\n\n<figure class=\"wp-block-embed is-type-wp-embed is-provider-central-de-ajuda wp-block-embed-central-de-ajuda\"><div class=\"wp-block-embed__wrapper\">\n<blockquote class=\"wp-embedded-content\" data-secret=\"j10hpollZm\"><a href=\"https:\/\/www.fenix.com.br\/blogs\/procedimentos-para-configurar-o-portal-da-transparencia-apis\/\">Portal da Transpar\u00eancia &#8211; APIs<\/a><\/blockquote><iframe loading=\"lazy\" class=\"wp-embedded-content\" sandbox=\"allow-scripts\" security=\"restricted\" style=\"position: absolute; clip: rect(1px, 1px, 1px, 1px);\" title=\"&#8220;Portal da Transpar\u00eancia &#8211; APIs&#8221; &#8212; Central de Ajuda\" src=\"https:\/\/www.fenix.com.br\/blogs\/procedimentos-para-configurar-o-portal-da-transparencia-apis\/embed\/#?secret=6gUw7tplJK#?secret=j10hpollZm\" data-secret=\"j10hpollZm\" width=\"600\" height=\"338\" frameborder=\"0\" marginwidth=\"0\" marginheight=\"0\" scrolling=\"no\"><\/iframe>\n<\/div><\/figure>\n\n\n\n<figure class=\"wp-block-embed is-type-wp-embed is-provider-central-de-ajuda wp-block-embed-central-de-ajuda\"><div class=\"wp-block-embed__wrapper\">\n<blockquote class=\"wp-embedded-content\" data-secret=\"TlsjwWOl0y\"><a href=\"https:\/\/www.fenix.com.br\/blogs\/remover-cabecalho-do-portal-de-transparencia\/\">Remover Cabe\u00e7alho do Portal de Transpar\u00eancia.<\/a><\/blockquote><iframe loading=\"lazy\" class=\"wp-embedded-content\" sandbox=\"allow-scripts\" security=\"restricted\" style=\"position: absolute; clip: rect(1px, 1px, 1px, 1px);\" title=\"&#8220;Remover Cabe\u00e7alho do Portal de Transpar\u00eancia.&#8221; &#8212; Central de Ajuda\" src=\"https:\/\/www.fenix.com.br\/blogs\/remover-cabecalho-do-portal-de-transparencia\/embed\/#?secret=hZs0pF2Djr#?secret=TlsjwWOl0y\" data-secret=\"TlsjwWOl0y\" width=\"600\" height=\"338\" frameborder=\"0\" marginwidth=\"0\" marginheight=\"0\" scrolling=\"no\"><\/iframe>\n<\/div><\/figure>\n\n\n\n<h4 class=\"wp-block-heading\">e-SIC<\/h4>\n\n\n\n<figure class=\"wp-block-embed is-type-wp-embed is-provider-central-de-ajuda wp-block-embed-central-de-ajuda\"><div class=\"wp-block-embed__wrapper\">\n<blockquote class=\"wp-embedded-content\" data-secret=\"k3yHDRci08\"><a href=\"https:\/\/www.fenix.com.br\/blogs\/e-sic-sistema-eletronico-do-servico-de-informacao-ao-cidadao\/\">e-SIC &#8211; Sistema Eletr\u00f4nico do Servi\u00e7o de Informa\u00e7\u00e3o ao Cidad\u00e3o &#8211; APIs<\/a><\/blockquote><iframe loading=\"lazy\" class=\"wp-embedded-content\" sandbox=\"allow-scripts\" security=\"restricted\" style=\"position: absolute; clip: rect(1px, 1px, 1px, 1px);\" title=\"&#8220;e-SIC &#8211; Sistema Eletr\u00f4nico do Servi\u00e7o de Informa\u00e7\u00e3o ao Cidad\u00e3o &#8211; APIs&#8221; &#8212; Central de Ajuda\" src=\"https:\/\/www.fenix.com.br\/blogs\/e-sic-sistema-eletronico-do-servico-de-informacao-ao-cidadao\/embed\/#?secret=Rqpwt7kPpy#?secret=k3yHDRci08\" data-secret=\"k3yHDRci08\" width=\"600\" height=\"338\" frameborder=\"0\" marginwidth=\"0\" marginheight=\"0\" scrolling=\"no\"><\/iframe>\n<\/div><\/figure>\n","protected":false},"excerpt":{"rendered":"<p>Informa\u00e7\u00f5es e orienta\u00e7\u00f5es sobre o acesso e uso do Portal da Transpar\u00eancia. Procedimentos para se publicar arquivos do PPA, LDO, LOA e outros Anexos e-SIC<\/p>\n","protected":false},"author":1,"featured_media":0,"parent":0,"menu_order":0,"comment_status":"closed","ping_status":"closed","template":"","meta":{"footnotes":""},"class_list":["post-993","page","type-page","status-publish","hentry"],"_links":{"self":[{"href":"https:\/\/www.fenix.com.br\/blogs\/wp-json\/wp\/v2\/pages\/993","targetHints":{"allow":["GET"]}}],"collection":[{"href":"https:\/\/www.fenix.com.br\/blogs\/wp-json\/wp\/v2\/pages"}],"about":[{"href":"https:\/\/www.fenix.com.br\/blogs\/wp-json\/wp\/v2\/types\/page"}],"author":[{"embeddable":true,"href":"https:\/\/www.fenix.com.br\/blogs\/wp-json\/wp\/v2\/users\/1"}],"replies":[{"embeddable":true,"href":"https:\/\/www.fenix.com.br\/blogs\/wp-json\/wp\/v2\/comments?post=993"}],"version-history":[{"count":5,"href":"https:\/\/www.fenix.com.br\/blogs\/wp-json\/wp\/v2\/pages\/993\/revisions"}],"predecessor-version":[{"id":1890,"href":"https:\/\/www.fenix.com.br\/blogs\/wp-json\/wp\/v2\/pages\/993\/revisions\/1890"}],"wp:attachment":[{"href":"https:\/\/www.fenix.com.br\/blogs\/wp-json\/wp\/v2\/media?parent=993"}],"curies":[{"name":"wp","href":"https:\/\/api.w.org\/{rel}","templated":true}]}}