{"id":875,"date":"2020-05-18T11:36:42","date_gmt":"2020-05-18T14:36:42","guid":{"rendered":"https:\/\/www.fenix.com.br\/blogs\/?page_id=875"},"modified":"2025-09-12T16:09:48","modified_gmt":"2025-09-12T19:09:48","slug":"ferramentas","status":"publish","type":"page","link":"https:\/\/www.fenix.com.br\/blogs\/ferramentas\/","title":{"rendered":"Ferramentas"},"content":{"rendered":"\n<ul class=\"wp-block-list\">\n<li><a href=\"https:\/\/www.fenix.com.br\/blogs\/agente-fenix-utilitario\/\">Agente F\u00eanix<\/a><\/li>\n\n\n\n<li><a href=\"https:\/\/www.fenix.com.br\/blogs\/copiaseg-utilitario\/\">CopiaSeg &#8211; C\u00f3pia de Seguran\u00e7a de arquivos para os aplicativos da F\u00eanix.<\/a><\/li>\n\n\n\n<li><a href=\"https:\/\/www.fenix.com.br\/blogs\/vpn-procedimentos-para-registro-ou-atualizacao-da-chave-de-acesso\/\" data-type=\"URL\" data-id=\"https:\/\/www.fenix.com.br\/blogs\/vpn-procedimentos-para-registro-ou-atualizacao-da-chave-de-acesso\/\">VPN &#8211; Procedimentos para registro ou atualiza\u00e7\u00e3o da chave de acesso<\/a><\/li>\n\n\n\n<li><a href=\"https:\/\/www.fenix.com.br\/blogs\/servico-de-guarda-de-documentos-em-nuvem-fenix-sgdf\/\">Servi\u00e7o de Guarda de Documentos em Nuvem F\u00eanix \u2013 SGDF<\/a><\/li>\n\n\n\n<li><a href=\"https:\/\/www.fenix.com.br\/blogs\/correcao-do-erro-2148073481-na-exportacao-do-efd-reinf-no-contab-via-webservice-api-com-certificado-a3\/\">Corre\u00e7\u00e3o de erro -2148073481 quando exportando EFD\/Reinf no Contab via Webservice (API) com certificado A3<\/a><\/li>\n<\/ul>\n\n\n\n<p><\/p>\n","protected":false},"excerpt":{"rendered":"","protected":false},"author":1,"featured_media":0,"parent":0,"menu_order":0,"comment_status":"closed","ping_status":"closed","template":"","meta":{"footnotes":""},"class_list":["post-875","page","type-page","status-publish","hentry"],"_links":{"self":[{"href":"https:\/\/www.fenix.com.br\/blogs\/wp-json\/wp\/v2\/pages\/875","targetHints":{"allow":["GET"]}}],"collection":[{"href":"https:\/\/www.fenix.com.br\/blogs\/wp-json\/wp\/v2\/pages"}],"about":[{"href":"https:\/\/www.fenix.com.br\/blogs\/wp-json\/wp\/v2\/types\/page"}],"author":[{"embeddable":true,"href":"https:\/\/www.fenix.com.br\/blogs\/wp-json\/wp\/v2\/users\/1"}],"replies":[{"embeddable":true,"href":"https:\/\/www.fenix.com.br\/blogs\/wp-json\/wp\/v2\/comments?post=875"}],"version-history":[{"count":9,"href":"https:\/\/www.fenix.com.br\/blogs\/wp-json\/wp\/v2\/pages\/875\/revisions"}],"predecessor-version":[{"id":2102,"href":"https:\/\/www.fenix.com.br\/blogs\/wp-json\/wp\/v2\/pages\/875\/revisions\/2102"}],"wp:attachment":[{"href":"https:\/\/www.fenix.com.br\/blogs\/wp-json\/wp\/v2\/media?parent=875"}],"curies":[{"name":"wp","href":"https:\/\/api.w.org\/{rel}","templated":true}]}}