{"id":327,"date":"2020-05-08T15:33:26","date_gmt":"2020-05-08T18:33:26","guid":{"rendered":"https:\/\/www.fenix.com.br\/blogs\/?page_id=327"},"modified":"2020-05-20T14:35:11","modified_gmt":"2020-05-20T17:35:11","slug":"copiaseg-utilitario","status":"publish","type":"page","link":"https:\/\/www.fenix.com.br\/blogs\/copiaseg-utilitario\/","title":{"rendered":"CopiaSeg &#8211; Utilit\u00e1rio"},"content":{"rendered":"\n<p>Aplicativo de C\u00f3pia de Seguran\u00e7a de arquivos para os aplicativos da F\u00eanix.<br><br><strong>Este aplicativo faz parte do sistema de Gest\u00e3o P\u00fablica Municipal.<\/strong><br><br><a href=\"https:\/\/www.fenix.com.br\/sistema\/apresentacao\/26\">Para acessar \u00e0 p\u00e1gina de download do mesmo basta clicar aqui<\/a>.<\/p>\n\n\n\n<h4 class=\"wp-block-heading\">Caracter\u00edsticas principais<\/h4>\n\n\n\n<ol class=\"wp-block-list\"><li>Op\u00e7\u00e3o para contrata\u00e7\u00e3o de servi\u00e7os de&nbsp;<a href=\"http:\/\/pt.wikipedia.org\/wiki\/Disco_virtual\">Disco Virtual<\/a>, c\u00f3pia de seguran\u00e7a para o&nbsp;<a href=\"http:\/\/pt.wikipedia.org\/wiki\/Servidor_FTP\">servidor de FTP<\/a>&nbsp;da F\u00eanix.<\/li><li>Seus dados agora estar\u00e3o protegidos e Seguros.<\/li><li>Em muitos casos a melhor escolha e manter a c\u00f3pia auxiliar de seus dados em um local remoto como um servidor de&nbsp;<a href=\"http:\/\/pt.wikipedia.org\/wiki\/Servidor_FTP\">servidor de FTP<\/a>&nbsp;mais comumente chamado de Discos Virtuais. Voc\u00ea poder\u00e1 fazer C\u00f3pias de Seguran\u00e7a de maneira simples e r\u00e1pida, t\u00e3o f\u00e1cil quanto se estivesse fazendo uma c\u00f3pia local ou em uma unidade de disquete,CD,DVD, Pen-Drive, Disco Rigido Externo, Etc.. A \u00fanica exig\u00eancia e possuir conex\u00e3o Banda Larga.<\/li><\/ol>\n\n\n\n<p>&#8211;<strong>Disco virtual:<\/strong>&nbsp;Espa\u00e7o oferecido para enviou e recupera\u00e7\u00e3o de arquivos como se estivessem usando um disco local, como por exemplo o pr\u00f3prio disco r\u00edgido (HD) instalado no computador.<\/p>\n\n\n\n<h4 class=\"wp-block-heading\">Outras caracter\u00edsticas deste aplicativo<\/h4>\n\n\n\n<ol class=\"wp-block-list\"><li>C\u00f3pia gerada 100% compat\u00edvel com o padr\u00e3o &#8220;RAR&#8221;, podendo o usu\u00e1rio se utilizar do WINRAR para abrir os arquivos gerados pelo Aplicativo;<\/li><li>C\u00f3pia para qualquer outro meio magn\u00e9tico;<\/li><li>Procedimentos de Grava\u00e7\u00e3o, Verifica\u00e7\u00e3o e Restaura\u00e7\u00e3o automatizados;<\/li><li>Controle das 5 \u00faltimas c\u00f3pias realizadas, com informa\u00e7\u00f5es de data, hora e localiza\u00e7\u00e3o das mesmas;<\/li><\/ol>\n\n\n\n<p>Op\u00e7\u00e3o para coloca\u00e7\u00e3o de senha no arquivo de c\u00f3pia de seguran\u00e7a;<\/p>\n\n\n\n<h4 class=\"wp-block-heading\">Informa\u00e7\u00f5es Adicionais<\/h4>\n\n\n\n<div class=\"wp-block-image\"><figure class=\"aligncenter size-large\"><img decoding=\"async\" src=\"https:\/\/www.fenix.com.br\/blogs\/wp-content\/uploads\/2020\/05\/Windows_compat_fenix.png\" alt=\"\" class=\"wp-image-212\"\/><figcaption>Sistemas operacionais compat\u00edveis com os Aplicativos:&nbsp;<strong>Windows 2000, Windows XP, Windows Vista, Windows 7, Windows 8\/8.1 &amp; Windows 10.<\/strong><\/figcaption><\/figure><\/div>\n\n\n\n<p class=\"has-text-color has-text-align-center has-vivid-cyan-blue-color\"><br>&#8220;<strong>Seus dados protegidos e Seguros.&#8221;<\/strong><\/p>\n\n\n\n<p><br>Em muitos casos a melhor escolha e manter a c\u00f3pia auxiliar de seus dados em um local remoto como um servidor, mais comumente chamado de Discos Virtuais. Voc\u00ea poder\u00e1 fazer C\u00f3pias de Seguran\u00e7a de maneira simples e r\u00e1pida, t\u00e3o f\u00e1cil quanto se estivesse fazendo uma c\u00f3pia local ou em uma unidade remov\u00edvel (<strong>pen-drive, HD externo<\/strong>).<\/p>\n\n\n\n<p>Especificando o seu c\u00f3digo de acesso\/senha \u00e9 tendo uma conex\u00e3o com a internet, o <a href=\"https:\/\/www.fenix.com.br\/sistema\/apresentacao\/26\">CopiaSeg <\/a>efetuar\u00e1 uma conex\u00e3o segura com o Disco Virtual da F\u00eanix, deixando, a partir da\u00ed, o usu\u00e1rio com acesso a um diret\u00f3rio para onde ir\u00e3o ser efetuadas a c\u00f3pias de seguran\u00e7a.<\/p>\n\n\n\n<p>Voc\u00ea poder\u00e1 efetuar a restaura\u00e7\u00e3o destas c\u00f3pias a qualquer momento, e de qualquer lugar, bastando que o aplicativo <a href=\"https:\/\/www.fenix.com.br\/sistema\/apresentacao\/26\">CopiaSeg <\/a>esteja instalado para realiza\u00e7\u00e3o deste procedimento.<\/p>\n\n\n\n<p>Espa\u00e7o inicial de 600Mb para armazenamento de C\u00f3pias de Seguran\u00e7a de todos os aplicativos da F\u00eanix.<\/p>\n\n\n\n<p>Todos os Procedimentos de C\u00f3pia, Restaura\u00e7\u00e3o e Manuten\u00e7\u00e3o s\u00e3o realizados pelo aplicativo <a href=\"https:\/\/www.fenix.com.br\/sistema\/apresentacao\/26\">CopiaSeg<\/a>, aplicativo fornecido pela F\u00eanix aos clientes que j\u00e1 o utilizam diariamente para efetuar suas c\u00f3pias de seguran\u00e7a locais.<\/p>\n\n\n\n<p>Portanto, os Procedimentos para uso deste servi\u00e7o s\u00e3o os mesmos que o usu\u00e1rio j\u00e1 vem realizando no seu dia-a-dia, n\u00e3o demandando nenhum tipo de treinamento extra, ou instala\u00e7\u00e3o de programa espec\u00edfico para este fim.<\/p>\n\n\n\n<div class=\"wp-block-image\"><figure class=\"aligncenter size-large\"><img loading=\"lazy\" decoding=\"async\" width=\"460\" height=\"222\" src=\"https:\/\/www.fenix.com.br\/blogs\/wp-content\/uploads\/2020\/05\/Disco_Virtual_fluxo_dados-1.png\" alt=\"\" class=\"wp-image-450\" srcset=\"https:\/\/www.fenix.com.br\/blogs\/wp-content\/uploads\/2020\/05\/Disco_Virtual_fluxo_dados-1.png 460w, https:\/\/www.fenix.com.br\/blogs\/wp-content\/uploads\/2020\/05\/Disco_Virtual_fluxo_dados-1-300x145.png 300w\" sizes=\"auto, (max-width: 460px) 100vw, 460px\" \/><\/figure><\/div>\n\n\n\n<p><\/p>\n\n\n\n<ul class=\"wp-block-list\"><li><a href=\"http:\/\/fenix.com.br\/Wiki\/index.php\/Arquivo:Html_navegador.png\"><\/a>&nbsp;<a href=\"http:\/\/www.fenix.com.br\/ftp\/copiaseg\/HTML\/index.html\">Clique aqui para acessar o AJUDA Online deste aplicativo<\/a><\/li><\/ul>\n\n\n\n<h4 class=\"wp-block-heading\"><\/h4>\n\n\n\n<figure class=\"wp-block-image size-large\"><img loading=\"lazy\" decoding=\"async\" width=\"129\" height=\"45\" src=\"https:\/\/www.fenix.com.br\/blogs\/wp-content\/uploads\/2020\/05\/video_aula_logo.png\" alt=\"\" class=\"wp-image-406\"\/><\/figure>\n\n\n\n<br><ul><li><p style=\"font-size:14px\"><a href=\"https:\/\/youtu.be\/CP5LWrInuqM\" target=\"_blank\" rel=\"noopener noreferrer\">Acesso a p\u00e1gina da F\u00eanix, download do Agente F\u00eanix e Registro  <\/a><i class=\"fab fa-youtube\"><\/i><\/p><\/li>\n<li><p style=\"font-size:14px\"><a href=\"https:\/\/youtu.be\/KoUPj-dLF28\" target=\"_blank\" rel=\"noopener noreferrer\">Agendamento de C\u00f3pias de Seguran\u00e7a pelo Agente F\u00eanix  <\/a><i class=\"fab fa-youtube\"><\/i><\/p><\/li>\n<li><p style=\"font-size:14px\"><a href=\"https:\/\/youtu.be\/tEuOJKXoZRE\" target=\"_blank\" rel=\"noopener noreferrer\">Efetuar uma C\u00f3pia de Seguran\u00e7a  <\/a><i class=\"fab fa-youtube\"><\/i><\/p><\/li>\n<li><p style=\"font-size:14px\"><a href=\"https:\/\/youtu.be\/h-8Fn113Ky4\" target=\"_blank\" rel=\"noopener noreferrer\">Restaura\u00e7\u00e3o de uma C\u00f3pia de Seguran\u00e7a  <\/a><i class=\"fab fa-youtube\"><\/i><\/p><\/li>\n<li><p style=\"font-size:14px\"><a href=\"https:\/\/https:\/\/youtu.be\/TdC72CxkbEk\" target=\"_blank\" rel=\"noopener noreferrer\">Envio de c\u00f3pia de seguran\u00e7a para an\u00e1lise pela F\u00eanix  <\/a><i class=\"fab fa-youtube\"><\/i><\/p><\/li>\n<li><p style=\"font-size:14px\"><a href=\"https:\/\/youtu.be\/2XB3VezwMfg\" target=\"_blank\" rel=\"noopener noreferrer\">C\u00f3pia de Seguran\u00e7a no Disco Virtual  <\/a><i class=\"fab fa-youtube\"><\/i><\/p><\/li>\n<li><p style=\"font-size:14px\"><a href=\"https:\/\/youtu.be\/dRobNRrYz1A\" target=\"_blank\" rel=\"noopener noreferrer\">Restaura\u00e7\u00e3o de uma C\u00f3pia de Seguran\u00e7a via Disco Virtual  <\/a><i class=\"fab fa-youtube\"><\/i><\/p><\/li>\n<li> <p style=\"font-size:14px\"> Procedimentos de Manuten\u00e7\u00e3o do Disco Virtual <\/p> <\/li>\n<ul> \n<li><p style=\"font-size:14px\"><a href=\"https:\/\/youtu.be\/gwfalTqVcEo\" target=\"_blank\" rel=\"noopener noreferrer\">Deletando uma C\u00f3pia de Seguran\u00e7a &#8211; Disco Virtual  <\/a><i class=\"fab fa-youtube\"><\/i><\/p><\/li>\n<li><p style=\"font-size:14px\"><a href=\"https:\/\/youtu.be\/3jC1veqLUuM\" target=\"_blank\" rel=\"noopener noreferrer\">Utilizando DropBox para C\u00f3pias de seguran\u00e7a  <\/a><i class=\"fab fa-youtube\"><\/i><\/p><\/li><\/ul><\/ul><br>\n\n\n\n<h4 class=\"wp-block-heading\"><\/h4>\n\n\n\n<p><\/p>\n","protected":false},"excerpt":{"rendered":"<p>Aplicativo de C\u00f3pia de Seguran\u00e7a de arquivos para os aplicativos da F\u00eanix. Este aplicativo faz parte do sistema de Gest\u00e3o P\u00fablica Municipal. Para acessar \u00e0 p\u00e1gina de download do mesmo basta clicar aqui. Caracter\u00edsticas principais Op\u00e7\u00e3o para contrata\u00e7\u00e3o de servi\u00e7os de&nbsp;Disco Virtual, c\u00f3pia de seguran\u00e7a para o&nbsp;servidor de FTP&nbsp;da F\u00eanix. Seus dados agora estar\u00e3o protegidos&hellip;<\/p>\n","protected":false},"author":1,"featured_media":0,"parent":0,"menu_order":0,"comment_status":"closed","ping_status":"closed","template":"","meta":{"footnotes":""},"class_list":["post-327","page","type-page","status-publish","hentry"],"_links":{"self":[{"href":"https:\/\/www.fenix.com.br\/blogs\/wp-json\/wp\/v2\/pages\/327","targetHints":{"allow":["GET"]}}],"collection":[{"href":"https:\/\/www.fenix.com.br\/blogs\/wp-json\/wp\/v2\/pages"}],"about":[{"href":"https:\/\/www.fenix.com.br\/blogs\/wp-json\/wp\/v2\/types\/page"}],"author":[{"embeddable":true,"href":"https:\/\/www.fenix.com.br\/blogs\/wp-json\/wp\/v2\/users\/1"}],"replies":[{"embeddable":true,"href":"https:\/\/www.fenix.com.br\/blogs\/wp-json\/wp\/v2\/comments?post=327"}],"version-history":[{"count":6,"href":"https:\/\/www.fenix.com.br\/blogs\/wp-json\/wp\/v2\/pages\/327\/revisions"}],"predecessor-version":[{"id":1065,"href":"https:\/\/www.fenix.com.br\/blogs\/wp-json\/wp\/v2\/pages\/327\/revisions\/1065"}],"wp:attachment":[{"href":"https:\/\/www.fenix.com.br\/blogs\/wp-json\/wp\/v2\/media?parent=327"}],"curies":[{"name":"wp","href":"https:\/\/api.w.org\/{rel}","templated":true}]}}