{"id":323,"date":"2020-05-08T15:31:57","date_gmt":"2020-05-08T18:31:57","guid":{"rendered":"https:\/\/www.fenix.com.br\/blogs\/?page_id=323"},"modified":"2020-05-21T10:44:16","modified_gmt":"2020-05-21T13:44:16","slug":"agente-fenix-utilitario","status":"publish","type":"page","link":"https:\/\/www.fenix.com.br\/blogs\/agente-fenix-utilitario\/","title":{"rendered":"Agente F\u00eanix &#8211; Utilit\u00e1rio"},"content":{"rendered":"\n<p>Mini-Aplicativo, residente usado para efetuar diversas tarefas e monitoramentos dos aplicativos da F\u00eanix instalados no computador.<br><br><strong>Este aplicativo faz parte do sistema de Gest\u00e3o P\u00fablica Municipal.<\/strong><br><br><a href=\"https:\/\/www.fenix.com.br\/sistema\/apresentacao\/33\">Para acessar \u00e0 p\u00e1gina de download do mesmo basta clicar aqui<\/a>.<\/p>\n\n\n\n<br>\n\n\n\n<h4 class=\"wp-block-heading\">Atividades monitoradas<\/h4>\n\n\n\n<ul class=\"wp-block-list\"><li><a href=\"http:\/\/fenix.com.br\/Wiki\/index.php\/Arquivo:Agente_agendamentos.png\"><\/a>Agendamento de C\u00f3pias de Seguran\u00e7as autom\u00e1ticas, sendo que o usu\u00e1rio ir\u00e1 adicionar os agendamentos, definindo datas e horas para realiza\u00e7\u00e3o das mesmas.<\/li><\/ul>\n\n\n\n<ul class=\"wp-block-list\"><li><a href=\"http:\/\/fenix.com.br\/Wiki\/index.php\/Arquivo:Agente_sincroniz_pessoas.png\"><\/a>Sincroniza\u00e7\u00e3o de pessoas, Monitoramento dos diversos cadastros de Pessoas existentes nos diversos aplicativos da F\u00eanix efetuando o sincronismo dos mesmos em tempo real.<\/li><\/ul>\n\n\n\n<ul class=\"wp-block-list\"><li><a href=\"http:\/\/fenix.com.br\/Wiki\/index.php\/Arquivo:Sincronizacao_tempo_real.png\"><\/a>-Sincroniza\u00e7\u00e3o em Tempo Real, Publica\u00e7\u00e3o de Dados em Tempo Real (Marcar para efetuar Publica\u00e7\u00f5es)&nbsp;: Em cumprimento ao disposto na <a href=\"http:\/\/www.planalto.gov.br\/ccivil_03\/leis\/lcp\/lcp131.htm\">LEI COMPLEMENTAR N\u00ba 131, DE 27 DE MAIO DE 2009<\/a>, A implementa\u00e7\u00e3o deste servi\u00e7o se dar\u00e1 pela habilita\u00e7\u00e3o desta op\u00e7\u00e3o (<em>marca\u00e7\u00e3o<\/em>) nos aplicativos, bem como da contrata\u00e7\u00e3o deste servi\u00e7o junto \u00e0 F\u00eanix.<\/li><\/ul>\n\n\n\n<p>Para que os dados sejam processados em Tempo Real, com per\u00edodos de lat\u00eancia de aproximadamente 1 hora, o cliente dever\u00e1 possuir um acesso \u00e0 Internet.<\/p>\n\n\n\n<ul class=\"wp-block-list\"><li><a href=\"http:\/\/fenix.com.br\/Wiki\/index.php\/Arquivo:Agente_banco_dados.png\"><\/a>Bancos de Dados, Monitoramento dos diversos bancos de dados que estejam instalados ou que ser\u00e3o utilizados localmente, ou em rede.<\/li><\/ul>\n\n\n\n<ul class=\"wp-block-list\"><li><a href=\"http:\/\/fenix.com.br\/Wiki\/index.php\/Arquivo:Agente_versoes_sistemas_0.png\"><\/a>Vers\u00f5es dos Aplicativos, Monitoramento em tempo real da \u00faltima vers\u00e3o de cada aplicativo que o usu\u00e1rio tenha instalado no computador, efetuando o Download das mesmas automaticamente.<\/li><\/ul>\n\n\n\n<ul class=\"wp-block-list\"><li><a href=\"http:\/\/fenix.com.br\/Wiki\/index.php\/Arquivo:Agente_registro.png\"><\/a>Registro de Aplicativos, Controle de registro e libera\u00e7\u00f5es dos aplicativos instalados. O usu\u00e1rio saber\u00e1 que aplicativos est\u00e3o ou n\u00e3o liberados para o registro existente no computador.<\/li><\/ul>\n\n\n\n<ul class=\"wp-block-list\"><li><a href=\"http:\/\/fenix.com.br\/Wiki\/index.php\/Arquivo:Agente_avisos.png\"><\/a>Alertas e Avisos importantes, Atrav\u00e9s desta op\u00e7\u00e3o existente no Agente a F\u00eanix poder\u00e1, a qualquer momento, emitir alertas e avisos a todos os clientes seus que estiverem com o Agente rodando.<\/li><\/ul>\n\n\n\n<ul class=\"wp-block-list\"><li><a href=\"http:\/\/fenix.com.br\/Wiki\/index.php\/Arquivo:Agente_log.png\"><\/a>Log de Eventos, transa\u00e7\u00f5es realizadas pelo Agente.<\/li><\/ul>\n\n\n\n<br>\n\n\n\n<h4 class=\"wp-block-heading\">Informa\u00e7\u00f5es Adicionais<\/h4>\n\n\n\n<div class=\"wp-block-image\"><figure class=\"aligncenter size-large\"><img decoding=\"async\" src=\"https:\/\/www.fenix.com.br\/blogs\/wp-content\/uploads\/2020\/05\/Windows_compat_fenix.png\" alt=\"\" class=\"wp-image-212\"\/><figcaption>Sistemas operacionais compat\u00edveis com os Aplicativos:&nbsp;<strong>Windows 2000, Windows XP, Windows Vista, Windows 7, Windows 8\/8.1 &amp; Windows 10.<\/strong><\/figcaption><\/figure><\/div>\n\n\n\n<br>\n\n\n\n<figure class=\"wp-block-image size-large\"><img loading=\"lazy\" decoding=\"async\" width=\"129\" height=\"45\" src=\"https:\/\/www.fenix.com.br\/blogs\/wp-content\/uploads\/2020\/05\/video_aula_logo.png\" alt=\"\" class=\"wp-image-406\"\/><\/figure>\n\n\n\n<br>\n<ul>\n\t<li><p style=\"font-size:14px\"><a href=\"https:\/\/youtu.be\/KoUPj-dLF28\" target=\"_blank\" rel=\"noopener noreferrer\">Agendamento de C\u00f3pias de Seguran\u00e7a pelo Agente F\u00eanix  <\/a><i class=\"fab fa-youtube\"><\/i><\/p><\/li>\n\t<li><p style=\"font-size:14px\"><a href=\"https:\/\/youtu.be\/Hv50ajlt684\" target=\"_blank\" rel=\"noopener noreferrer\">Controle do Registro do Cliente  <\/a><i class=\"fab fa-youtube\"><\/i><\/p><\/li>\n\t<li><p style=\"font-size:14px\"><a href=\"https:\/\/youtu.be\/D0s8ZZfyqp4\" target=\"_blank\" rel=\"noopener noreferrer\">Sincroniza\u00e7\u00e3o do Cadastro de Pessoas  <\/a><i class=\"fab fa-youtube\"><\/i><\/p><\/li>\n\t<li><p style=\"font-size:14px\"><a href=\"https:\/\/youtu.be\/sDn-ZbXfU88\" target=\"_blank\" rel=\"noopener noreferrer\">Localiza\u00e7\u00e3o do Banco de Dados, Nome e Tipo do mesmo utilizando o Agente F\u00eanix  <\/a><i class=\"fab fa-youtube\"><\/i><\/p><\/li>\n\t<li><p style=\"font-size:14px\"><a href=\"https:\/\/youtu.be\/98skg-e9ecg\" target=\"_blank\" rel=\"noopener noreferrer\">Automatiza\u00e7\u00e3o de Atualiza\u00e7\u00e3o via Agente F\u00eanix  <\/a><i class=\"fab fa-youtube\"><\/i><\/p><\/li>\n\t<li><p style=\"font-size:14px\"><a href=\"https:\/\/youtu.be\/oF-06oBF6CY\" target=\"_blank\" rel=\"noopener noreferrer\">Procedimento para efetuar-se a publica\u00e7\u00e3o de dados em Tempo Real &#8211; Lei Complementar 131\/2009  <\/a><i class=\"fab fa-youtube\"><\/i><\/p><\/li>\n\t<li><p style=\"font-size:14px\">Outros Procedimentos<\/p><\/li>\n\t<ul>\n\t<li><p style=\"font-size:14px\"><a href=\"https:\/\/youtu.be\/coN5714WIY8\" target=\"_blank\" rel=\"noopener noreferrer\">Uso dos sistemas da F\u00eanix em uma REDE  <\/a><i class=\"fab fa-youtube\"><\/i><\/p><\/li>\n\t<li><p style=\"font-size:14px\"><a href=\"https:\/\/youtu.be\/H0bmr0a20b4\" target=\"_blank\" rel=\"noopener noreferrer\">Retorno de vers\u00e3o de Banco de Dados  <\/a><i class=\"fab fa-youtube\"><\/i><\/p><\/li>\n\t<\/ul>\n<\/ul>\n<br>\n\n\n\n<br>\n\n\n\n<h4 class=\"wp-block-heading\">Links relacionados<\/h4>\n\n\n\n<br>\n\n\n\n<p><a href=\"http:\/\/www.fenix.com.br\/ftp\/contab2010\/HTML\/compia_db_nuvem.htm\">Procedimentos para criar-se c\u00f3pia dos Bancos de Dados na Nuvem<\/a><\/p>\n\n\n\n<br>\n\n\n\n<figure class=\"wp-block-embed-wordpress wp-block-embed is-type-wp-embed is-provider-central-de-ajuda\"><div class=\"wp-block-embed__wrapper\">\n<blockquote class=\"wp-embedded-content\" data-secret=\"cZe8Ki1A41\"><a href=\"https:\/\/www.fenix.com.br\/blogs\/suporte-remoto-via-anydesk\/\">Suporte remoto via AnyDesk e TeamView<\/a><\/blockquote><iframe loading=\"lazy\" class=\"wp-embedded-content\" sandbox=\"allow-scripts\" security=\"restricted\" style=\"position: absolute; clip: rect(1px, 1px, 1px, 1px);\" title=\"&#8220;Suporte remoto via AnyDesk e TeamView&#8221; &#8212; Central de Ajuda\" src=\"https:\/\/www.fenix.com.br\/blogs\/suporte-remoto-via-anydesk\/embed\/#?secret=EhqhstKhav#?secret=cZe8Ki1A41\" data-secret=\"cZe8Ki1A41\" width=\"600\" height=\"338\" frameborder=\"0\" marginwidth=\"0\" marginheight=\"0\" scrolling=\"no\"><\/iframe>\n<\/div><\/figure>\n","protected":false},"excerpt":{"rendered":"<p>Mini-Aplicativo, residente usado para efetuar diversas tarefas e monitoramentos dos aplicativos da F\u00eanix instalados no computador. Este aplicativo faz parte do sistema de Gest\u00e3o P\u00fablica Municipal. Para acessar \u00e0 p\u00e1gina de download do mesmo basta clicar aqui. Atividades monitoradas Agendamento de C\u00f3pias de Seguran\u00e7as autom\u00e1ticas, sendo que o usu\u00e1rio ir\u00e1 adicionar os agendamentos, definindo datas&hellip;<\/p>\n","protected":false},"author":1,"featured_media":0,"parent":0,"menu_order":0,"comment_status":"closed","ping_status":"closed","template":"","meta":{"footnotes":""},"class_list":["post-323","page","type-page","status-publish","hentry"],"_links":{"self":[{"href":"https:\/\/www.fenix.com.br\/blogs\/wp-json\/wp\/v2\/pages\/323","targetHints":{"allow":["GET"]}}],"collection":[{"href":"https:\/\/www.fenix.com.br\/blogs\/wp-json\/wp\/v2\/pages"}],"about":[{"href":"https:\/\/www.fenix.com.br\/blogs\/wp-json\/wp\/v2\/types\/page"}],"author":[{"embeddable":true,"href":"https:\/\/www.fenix.com.br\/blogs\/wp-json\/wp\/v2\/users\/1"}],"replies":[{"embeddable":true,"href":"https:\/\/www.fenix.com.br\/blogs\/wp-json\/wp\/v2\/comments?post=323"}],"version-history":[{"count":9,"href":"https:\/\/www.fenix.com.br\/blogs\/wp-json\/wp\/v2\/pages\/323\/revisions"}],"predecessor-version":[{"id":1093,"href":"https:\/\/www.fenix.com.br\/blogs\/wp-json\/wp\/v2\/pages\/323\/revisions\/1093"}],"wp:attachment":[{"href":"https:\/\/www.fenix.com.br\/blogs\/wp-json\/wp\/v2\/media?parent=323"}],"curies":[{"name":"wp","href":"https:\/\/api.w.org\/{rel}","templated":true}]}}