{"id":313,"date":"2020-05-08T15:27:57","date_gmt":"2020-05-08T18:27:57","guid":{"rendered":"https:\/\/www.fenix.com.br\/blogs\/?page_id=313"},"modified":"2024-04-02T16:15:48","modified_gmt":"2024-04-02T19:15:48","slug":"controle-de-diarias-publicas","status":"publish","type":"page","link":"https:\/\/www.fenix.com.br\/blogs\/controle-de-diarias-publicas\/","title":{"rendered":"Controle de Di\u00e1rias P\u00fablicas"},"content":{"rendered":"\n<p>Aplicativo completo para Gest\u00e3o e Controle de Di\u00e1rias para \u00d3rg\u00e3os P\u00fablicos em ambiente Windows.<br><br><strong>Este aplicativo faz parte do sistema de Gest\u00e3o P\u00fablica Municipal.<\/strong><br><br><a href=\"https:\/\/www.fenix.com.br\/sistema\/apresentacao\/32\">Para acessar \u00e0 p\u00e1gina de download do mesmo basta clicar aqui<\/a>.<\/p>\n\n\n\n<h4 class=\"wp-block-heading\">Caracter\u00edsticas principais<\/h4>\n\n\n\n<ol class=\"wp-block-list\">\n<li>Cadastro de Di\u00e1rias sem a necessidade de inclus\u00e3o de servidores, pois o sistema busca os dados do mesmo no sistema FolhaPag.<\/li>\n\n\n\n<li>Exporta\u00e7\u00e3o de dados para atendimento das resolu\u00e7\u00f5es normativas dos Tribunais de Contas.<\/li>\n<\/ol>\n\n\n\n<h4 class=\"wp-block-heading\">Outras caracter\u00edsticas deste aplicativo<\/h4>\n\n\n\n<ol class=\"wp-block-list\">\n<li>Banco de dados em&nbsp;<a href=\"http:\/\/pt.wikipedia.org\/wiki\/Microsoft_Access\">ACCESS<\/a>&nbsp;(<em>Mono-Usu\u00e1rio<\/em>) ou&nbsp;<a href=\"http:\/\/pt.wikipedia.org\/wiki\/Microsoft_SQL_Server\">SQL-Server<\/a>&nbsp;(<em>Multi-Usu\u00e1rio &#8211; Rede<\/em>).<\/li>\n\n\n\n<li>Aplicativo Integrado ao FolhaPag, onde ser\u00e1 efetuada a gera\u00e7\u00e3o de dados para presta\u00e7\u00e3o de contas aos Tribunais;<\/li>\n<\/ol>\n\n\n\n<h4 class=\"wp-block-heading\">Informa\u00e7\u00f5es Adicionais<\/h4>\n\n\n\n<figure class=\"wp-block-embed is-type-wp-embed is-provider-central-de-ajuda wp-block-embed-central-de-ajuda\"><div class=\"wp-block-embed__wrapper\">\n<blockquote class=\"wp-embedded-content\" data-secret=\"qBylNQ84cb\"><a href=\"https:\/\/www.fenix.com.br\/blogs\/sistemas-operacionais-compativeis-com-os-aplicativos\/\">Sistemas operacionais compat\u00edveis com os aplicativos<\/a><\/blockquote><iframe loading=\"lazy\" class=\"wp-embedded-content\" sandbox=\"allow-scripts\" security=\"restricted\" style=\"position: absolute; clip: rect(1px, 1px, 1px, 1px);\" title=\"&#8220;Sistemas operacionais compat\u00edveis com os aplicativos&#8221; &#8212; Central de Ajuda\" src=\"https:\/\/www.fenix.com.br\/blogs\/sistemas-operacionais-compativeis-com-os-aplicativos\/embed\/#?secret=tJxbrMy7V4#?secret=qBylNQ84cb\" data-secret=\"qBylNQ84cb\" width=\"600\" height=\"338\" frameborder=\"0\" marginwidth=\"0\" marginheight=\"0\" scrolling=\"no\"><\/iframe>\n<\/div><\/figure>\n\n\n\n<p><\/p>\n\n\n\n<ul class=\"wp-block-list\">\n<li><a href=\"http:\/\/fenix.com.br\/Wiki\/index.php\/Arquivo:Html_navegador.png\"><\/a>&nbsp;<a href=\"http:\/\/www.fenix.com.br\/ftp\/diarias\/HTML\/index.html\">Clique aqui para acessar o AJUDA Online deste aplicativo<\/a><\/li>\n<\/ul>\n\n\n\n<h4 class=\"wp-block-heading\">Links relacionados com este aplicativo<\/h4>\n","protected":false},"excerpt":{"rendered":"<p>Aplicativo completo para Gest\u00e3o e Controle de Di\u00e1rias para \u00d3rg\u00e3os P\u00fablicos em ambiente Windows. Este aplicativo faz parte do sistema de Gest\u00e3o P\u00fablica Municipal. Para acessar \u00e0 p\u00e1gina de download do mesmo basta clicar aqui. Caracter\u00edsticas principais Outras caracter\u00edsticas deste aplicativo Informa\u00e7\u00f5es Adicionais Links relacionados com este aplicativo<\/p>\n","protected":false},"author":1,"featured_media":0,"parent":0,"menu_order":0,"comment_status":"closed","ping_status":"closed","template":"","meta":{"footnotes":""},"class_list":["post-313","page","type-page","status-publish","hentry"],"_links":{"self":[{"href":"https:\/\/www.fenix.com.br\/blogs\/wp-json\/wp\/v2\/pages\/313","targetHints":{"allow":["GET"]}}],"collection":[{"href":"https:\/\/www.fenix.com.br\/blogs\/wp-json\/wp\/v2\/pages"}],"about":[{"href":"https:\/\/www.fenix.com.br\/blogs\/wp-json\/wp\/v2\/types\/page"}],"author":[{"embeddable":true,"href":"https:\/\/www.fenix.com.br\/blogs\/wp-json\/wp\/v2\/users\/1"}],"replies":[{"embeddable":true,"href":"https:\/\/www.fenix.com.br\/blogs\/wp-json\/wp\/v2\/comments?post=313"}],"version-history":[{"count":2,"href":"https:\/\/www.fenix.com.br\/blogs\/wp-json\/wp\/v2\/pages\/313\/revisions"}],"predecessor-version":[{"id":1753,"href":"https:\/\/www.fenix.com.br\/blogs\/wp-json\/wp\/v2\/pages\/313\/revisions\/1753"}],"wp:attachment":[{"href":"https:\/\/www.fenix.com.br\/blogs\/wp-json\/wp\/v2\/media?parent=313"}],"curies":[{"name":"wp","href":"https:\/\/api.w.org\/{rel}","templated":true}]}}