{"id":306,"date":"2020-05-08T15:16:12","date_gmt":"2020-05-08T18:16:12","guid":{"rendered":"https:\/\/www.fenix.com.br\/blogs\/?page_id=306"},"modified":"2024-04-02T16:15:30","modified_gmt":"2024-04-02T19:15:30","slug":"folhapag","status":"publish","type":"page","link":"https:\/\/www.fenix.com.br\/blogs\/folhapag\/","title":{"rendered":"Folhapag &#8211; Gest\u00e3o P\u00fablica de Pessoal"},"content":{"rendered":"\n<p>Aplicativo completo para Gest\u00e3o e Controle de Pessoal para \u00d3rg\u00e3os P\u00fablicos.<br><br><strong>Este aplicativo faz parte do sistema de Gest\u00e3o P\u00fablica Municipal.<\/strong><br><br><a href=\"https:\/\/www.fenix.com.br\/sistema\/apresentacao\/28\">Para acessar \u00e0 p\u00e1gina de download do mesmo basta clicar aqui<\/a>.<\/p>\n\n\n\n<h4 class=\"wp-block-heading\">Caracter\u00edsticas principais<\/h4>\n\n\n\n<ol class=\"wp-block-list\">\n<li>Multiprocessamento, permitindo a gera\u00e7\u00e3o de v\u00e1rias folhas dentro de um mesmo m\u00eas, Ex: Folha Normal, 13\u00ba Sal\u00e1rio (aniversariantes, Adiantamentos, Normal), F\u00e9rias, e outros;<\/li>\n\n\n\n<li>Exporta\u00e7\u00e3o de dados para atendimento das resolu\u00e7\u00f5es normativas dos Tribunais de Contas;<\/li>\n\n\n\n<li>Exporta\u00e7\u00e3o de dados para diversos Bancos, pagamento eletr\u00f4nico;<\/li>\n\n\n\n<li>Exporta\u00e7\u00e3o de dados para os aplicativos SEFIP, RAIS, DIRF,&nbsp;SVA (MANAD), PASEP (Cadastro e Pagamento);<\/li>\n\n\n\n<li>Importa\u00e7\u00e3o autom\u00e1tica dos arquivos de pagamento do PASEP e empr\u00e9stimo consigna\u00e7\u00e3o em folha (Padr\u00e3o FEBRABAN);<\/li>\n\n\n\n<li>Diversos relat\u00f3rios pr\u00e9-configurados para impress\u00e3o e op\u00e7\u00e3o de montagem de outros relat\u00f3rios;<\/li>\n\n\n\n<li>Emiss\u00e3o das Guias de Recolhimento, GPS e Estatut\u00e1rio.<\/li>\n<\/ol>\n\n\n\n<h4 class=\"wp-block-heading\">Outras caracter\u00edsticas deste aplicativo<\/h4>\n\n\n\n<ol class=\"wp-block-list\">\n<li>Banco de dados em&nbsp;<a href=\"http:\/\/pt.wikipedia.org\/wiki\/Microsoft_Access\">ACCESS<\/a>&nbsp;(<em>Mono-Usu\u00e1rio<\/em>) ou&nbsp;<a href=\"http:\/\/pt.wikipedia.org\/wiki\/Microsoft_SQL_Server\">SQL-Server<\/a>&nbsp;(<em>Multi-Usu\u00e1rio &#8211; Rede<\/em>);<\/li>\n\n\n\n<li>Aplicativo integrado para controle e emiss\u00e3o de Recibos de Di\u00e1rias, com gera\u00e7\u00e3o de dados para presta\u00e7\u00e3o de contas aos Tribunais;<\/li>\n\n\n\n<li>Aplicativo integrado para controle de frequ\u00eancia da jornada de trabalho dos servidores.<\/li>\n<\/ol>\n\n\n\n<h4 class=\"wp-block-heading\">Informa\u00e7\u00f5es Adicionais<\/h4>\n\n\n\n<figure class=\"wp-block-embed is-type-wp-embed is-provider-central-de-ajuda wp-block-embed-central-de-ajuda\"><div class=\"wp-block-embed__wrapper\">\n<blockquote class=\"wp-embedded-content\" data-secret=\"8HTQ9te2Zb\"><a href=\"https:\/\/www.fenix.com.br\/blogs\/sistemas-operacionais-compativeis-com-os-aplicativos\/\">Sistemas operacionais compat\u00edveis com os aplicativos<\/a><\/blockquote><iframe loading=\"lazy\" class=\"wp-embedded-content\" sandbox=\"allow-scripts\" security=\"restricted\" style=\"position: absolute; clip: rect(1px, 1px, 1px, 1px);\" title=\"&#8220;Sistemas operacionais compat\u00edveis com os aplicativos&#8221; &#8212; Central de Ajuda\" src=\"https:\/\/www.fenix.com.br\/blogs\/sistemas-operacionais-compativeis-com-os-aplicativos\/embed\/#?secret=DWVNmsQ6GO#?secret=8HTQ9te2Zb\" data-secret=\"8HTQ9te2Zb\" width=\"600\" height=\"338\" frameborder=\"0\" marginwidth=\"0\" marginheight=\"0\" scrolling=\"no\"><\/iframe>\n<\/div><\/figure>\n\n\n\n<p><\/p>\n\n\n\n<ul class=\"wp-block-list\">\n<li><a href=\"http:\/\/fenix.com.br\/Wiki\/index.php\/Arquivo:Html_navegador.png\"><\/a>&nbsp;<a href=\"http:\/\/www.fenix.com.br\/ftp\/folhapagwin\/HTML\/index.html\">Clique aqui para acessar o AJUDA Online deste aplicativo<\/a><\/li>\n<\/ul>\n\n\n\n<ul class=\"wp-block-list\">\n<li><a href=\"http:\/\/fenix.com.br\/Wiki\/index.php\/Arquivo:Html_navegador.png\"><\/a>&nbsp;<a href=\"http:\/\/www.previdencia.gov.br\/servicos-ao-cidadao\/todos-os-servicos\/gps\/tabela-contribuicao-mensal\/\">Tabela de contribui\u00e7\u00e3o dos segurados do INSS. Clique aqui para acessar.<\/a><\/li>\n<\/ul>\n\n\n\n<ul class=\"wp-block-list\">\n<li><a href=\"http:\/\/fenix.com.br\/Wiki\/index.php\/Arquivo:Html_navegador.png\"><\/a>&nbsp;<a href=\"http:\/\/www.previdenciasocial.gov.br\/conteudoDinamico.php?id=25\">Benef\u00edcio do Sal\u00e1rio Fam\u00edlia (verifique a data que diz respeito aos valores). Clique aqui para acessar.<\/a><\/li>\n<\/ul>\n\n\n\n<ul class=\"wp-block-list\">\n<li><a href=\"http:\/\/fenix.com.br\/Wiki\/index.php\/Arquivo:Html_navegador.png\"><\/a>&nbsp;<a href=\"http:\/\/www.mtecbo.gov.br\/cbosite\/pages\/pesquisas\/BuscaPorTitulo.jsf\">NOVA CBO-clique aqui para acessar a p\u00e1gina oficial e efetuar as consultas para atualiza\u00e7\u00e3o do mesmo na tabela de cargos.<\/a><\/li>\n<\/ul>\n\n\n\n<ul class=\"wp-block-list\">\n<li><a href=\"http:\/\/fenix.com.br\/Wiki\/index.php\/Arquivo:Html_navegador.png\"><\/a>&nbsp;<a href=\"http:\/\/idg.receita.fazenda.gov.br\/orientacao\/tributaria\/declaracoes-e-demonstrativos\/dirf-declaracao-do-imposto-de-renda-retido-na-fonte\">DIRF &#8211; Programa Gerador da Declara\u00e7\u00e3o.<\/a><\/li>\n<\/ul>\n\n\n\n<ul class=\"wp-block-list\">\n<li><a href=\"http:\/\/fenix.com.br\/Wiki\/index.php\/Arquivo:Html_navegador.png\"><\/a>&nbsp;<a href=\"http:\/\/www.rais.gov.br\/\">GDRAIS &#8211; Programa de Declara\u00e7\u00e3o da RAIS.<\/a><\/li>\n<\/ul>\n\n\n\n<ul class=\"wp-block-list\">\n<li><a href=\"http:\/\/fenix.com.br\/Wiki\/index.php\/Arquivo:Html_navegador.png\"><\/a>&nbsp;<a href=\"http:\/\/www.receita.fazenda.gov.br\/previdencia\/SEFIP\/PrgSefipUmdisco.htm\">SEFIP 8.4 &#8211; Sistema Empresa de Recolhimento do FGTS e Informa\u00e7\u00f5es \u00e0 Previd\u00eancia Social.<\/a><\/li>\n<\/ul>\n\n\n\n<ul class=\"wp-block-list\">\n<li><a href=\"http:\/\/fenix.com.br\/Wiki\/index.php\/Arquivo:Html_navegador.png\"><\/a>&nbsp;<a href=\"http:\/\/idg.receita.fazenda.gov.br\/orientacao\/tributaria\/auditoria-fiscal\/arquivos-digitais-auditoria-fiscal-de-empresas\">SVA (MANAD) &#8211; Sistema de Valida\u00e7\u00e3o e Autentica\u00e7\u00e3o de Arquivos Digitais.<\/a><\/li>\n<\/ul>\n\n\n\n<h4 class=\"wp-block-heading\"><\/h4>\n\n\n\n<figure class=\"wp-block-image size-large\"><img loading=\"lazy\" decoding=\"async\" width=\"129\" height=\"45\" src=\"https:\/\/www.fenix.com.br\/blogs\/wp-content\/uploads\/2020\/05\/video_aula_logo.png\" alt=\"\" class=\"wp-image-406\"\/><\/figure>\n\n\n\n<br>\n<ul>\n\t<li><p style=\"font-size:14px\">Instru\u00e7\u00f5es Iniciais e Cadastros<\/p><\/li>\n\t<ul>\n\t\t<li><p style=\"font-size:14px\"><a href=\"https:\/\/youtu.be\/XCLp--1xwvo\" target=\"_blank\" rel=\"noopener noreferrer\">Procedimento para Instala\u00e7\u00e3o e Registro do Sistema  <\/a><i class=\"fab fa-youtube\"><\/i><\/p><\/li>\n\t\t<li><p style=\"font-size:14px\"><a href=\"https:\/\/youtu.be\/besV4hbSozM\" target=\"_blank\" rel=\"noopener noreferrer\">Procedimento para configura\u00e7\u00e3o das Tabelas Auxiliares  <\/a><i class=\"fab fa-youtube\"><\/i><\/p><\/li>\n\t\t<li><p style=\"font-size:14px\"><a href=\"https:\/\/youtu.be\/uH7-aMqI5g4\" target=\"_blank\" rel=\"noopener noreferrer\">Procedimento atualiza\u00e7\u00e3o do sistema  <\/a><i class=\"fab fa-youtube\"><\/i><\/p><\/li>\n\t\t<li><p style=\"font-size:14px\"><a href=\"https:\/\/youtu.be\/ka0ExvbdLa0\" target=\"_blank\" rel=\"noopener noreferrer\">Procedimento cadastro e configura\u00e7\u00e3o de Unidades e \u00d3rg\u00e3o  <\/a><i class=\"fab fa-youtube\"><\/i><\/p><\/li>\n\t\t<li><p style=\"font-size:14px\"><a href=\"https:\/\/youtu.be\/hn4R0Lvnwf8\" target=\"_blank\" rel=\"noopener noreferrer\">Procedimento para Cadastro de Cargos  <\/a><i class=\"fab fa-youtube\"><\/i><\/p><\/li>\n\t<\/ul>\n\t<li><p style=\"font-size:14px\">Cadastrando um Servidor no aplicativo<\/p><\/li>\n\t<ul>\n\t\t<li><p style=\"font-size:14px\"><a href=\"https:\/\/youtu.be\/ACcCnKGci94\" target=\"_blank\" rel=\"noopener noreferrer\">Cadastro de Servidores 1\u00aa Parte  <\/a><i class=\"fab fa-youtube\"><\/i><\/p><\/li>\n\t\t<li><p style=\"font-size:14px\"><a href=\"https:\/\/youtu.be\/EeZ-frQ14nw\" target=\"_blank\" rel=\"noopener noreferrer\">Cadastro de Servidores 2\u00aa Parte <\/a><i class=\"fab fa-youtube\"><\/i><\/p><\/li>\n\t<\/ul>\n\t<li><p style=\"font-size:14px\">Instru\u00e7\u00f5es para Fechamento de uma Folha de Pagamento<\/p><\/li>\n\t<ul>\n\t\t<li><p style=\"font-size:14px\">Tela de Processamento<\/p><\/li>\n\t\t<ul>\n\t\t\t<li><p style=\"font-size:14px\"><a href=\"https:\/\/youtu.be\/RI2mjzZiBgU\" target=\"_blank\" rel=\"noopener noreferrer\">Apresenta\u00e7\u00e3o da tela e cria\u00e7\u00e3o de um novo Processamento  <\/a><i class=\"fab fa-youtube\"><\/i><\/p><\/li>\n\t\t\t<li><p style=\"font-size:14px\"><a href=\"https:\/\/youtu.be\/x8ifxdw39gQ\" target=\"_blank\" rel=\"noopener noreferrer\">Altera\u00e7\u00e3o de um Processamento preexistente  <\/a><i class=\"fab fa-youtube\"><\/i><\/p><\/li>\n\t\t\t<li><p style=\"font-size:14px\"><a href=\"https:\/\/youtu.be\/f8DJgIo05H8\" target=\"_blank\" rel=\"noopener noreferrer\">D\u00favidas Frequentes:O servidor n\u00e3o aparece na lista de sele\u00e7\u00e3o  <\/a><i class=\"fab fa-youtube\"><\/i><\/p><\/li>\n\t\t<\/ul>\n\t\t<li><p style=\"font-size:14px\">Lan\u00e7ando Eventos para os Servidores<\/p><\/li>\n\t\t<ul>\n\t\t\t<li><p style=\"font-size:14px\"><a href=\"https:\/\/youtu.be\/aWAm3-GZwIU\" target=\"_blank\" rel=\"noopener noreferrer\">Utiliza\u00e7\u00e3o e Funcionalidades da tela Lan\u00e7amento de Eventos  <\/a><i class=\"fab fa-youtube\"><\/i><\/p><\/li>\n\t\t\t<li><p style=\"font-size:14px\"><a href=\"https:\/\/youtu.be\/8v3nlM7ROLI\" target=\"_blank\" rel=\"noopener noreferrer\">Cria\u00e7\u00e3o e altera\u00e7\u00e3o de um evento na Tabela de Eventos  <\/a><i class=\"fab fa-youtube\"><\/i><\/p><\/li>\n\t\t\t<li><p style=\"font-size:14px\"><a href=\"https:\/\/youtu.be\/qZgZecc2aqU\" target=\"_blank\" rel=\"noopener noreferrer\">Instru\u00e7\u00f5es para cria\u00e7\u00e3o de uma f\u00f3rmula de c\u00e1lculo para os eventos  <\/a><i class=\"fab fa-youtube\"><\/i><\/p><\/li>\n\t\t<\/ul>\n\t\t<li><p style=\"font-size:14px\">Cria\u00e7\u00e3o e C\u00e1lculo da Folha de Pagamento<\/p><\/li>\n\t\t<ul>\n\t\t\t<li><p style=\"font-size:14px\"><a href=\"https:\/\/youtu.be\/OGPWqFIEtIo\" target=\"_blank\" rel=\"noopener noreferrer\">Procedimento para fechamento da folha de pagamento  <\/a><i class=\"fab fa-youtube\"><\/i><\/p><\/li>\n\t\t\t<li><p style=\"font-size:14px\"><a href=\"https:\/\/youtu.be\/V9mPpqSKPsA\" target=\"_blank\" rel=\"noopener noreferrer\">Procedimentos para Cria\u00e7\u00e3o da Folha de F\u00e9rias  <\/a><i class=\"fab fa-youtube\"><\/i><\/p><\/li>\n\t\t<\/ul>\n\t<\/ul>\n\t<li><p style=\"font-size:14px\">Programa\u00e7\u00e3o de Eventos<\/p><\/li>\n\t<ul>\n\t\t<li><p style=\"font-size:14px\"><a href=\"https:\/\/youtu.be\/VCtwvXaLERw\" target=\"_blank\" rel=\"noopener noreferrer\">Programando Eventos de Consigna\u00e7\u00f5es  <\/a><i class=\"fab fa-youtube\"><\/i><\/p><\/li>\n\t<\/ul>\n\t<li><p style=\"font-size:14px\">Contracheque Online<\/p><\/li>\n\t<ul>\n\t\t<li><p style=\"font-size:14px\"><a href=\"https:\/\/youtu.be\/xq0ezAu1J3k\" target=\"_blank\" rel=\"noopener noreferrer\">Procedimento Para Efetuar a Exporta\u00e7\u00e3o de Contracheques para Consulta Online  <\/a><i class=\"fab fa-youtube\"><\/i><\/p><\/li>\n\t\t<li><p style=\"font-size:14px\"><a href=\"https:\/\/youtu.be\/2W3dUY6FaSA\" target=\"_blank\" rel=\"noopener noreferrer\">Como Consultar Contracheques Online no PC e via smartphone (Android e Windows Phone)  <\/a><i class=\"fab fa-youtube\"><\/i><\/p><\/li>\n\t<\/ul>\n<\/ul>\n<br>\n\n\n\n<h4 class=\"wp-block-heading\"><strong>Sefip<\/strong><\/h4>\n\n\n\n<ul class=\"wp-block-list\">\n<li><a href=\"https:\/\/www.fenix.com.br\/blogs\/preenchimento-da-gfip-x-empresa-cidada\/\">Preenchimento da GFIP X Empresa Cidad\u00e3<\/a><\/li>\n<\/ul>\n\n\n\n<p><strong>Dirf Anual<\/strong><\/p>\n\n\n\n<ul class=\"wp-block-list\">\n<li><a href=\"https:\/\/www.fenix.com.br\/blogs\/exportacao-para-a-dirf-quem-e-como-deve-ser-feita-a-exportacao-dos-servidores-2\/\">Exporta\u00e7\u00e3o para a Dirf. quem e como deve ser feita a exporta\u00e7\u00e3o dos servidores ?<\/a><\/li>\n<\/ul>\n\n\n\n<p><strong>Exporta\u00e7\u00e3o SICAP-AP (TCE-TO)<\/strong><\/p>\n\n\n\n<ul class=\"wp-block-list\">\n<li><a href=\"https:\/\/www.fenix.com.br\/blogs\/folhapag-exportacao-de-dados-passo-a-passo-de-como-exportar-as-informacoes-para-o-sicap-ap-tce-to\/\">Passo a passo de como exportar as informa\u00e7\u00f5es da FolhaPag para o SICAP-AP<\/a><\/li>\n\n\n\n<li><a href=\"https:\/\/www.fenix.com.br\/blogs\/folhapag-exportacao-de-dados-instrucoes-de-correcao-do-erro-na-importacao-das-movimentacoes-de-licenca-e-desligamento-no-sicap-ap\/\">Instru\u00e7\u00f5es de corre\u00e7\u00e3o do erro na importa\u00e7\u00e3o das movimenta\u00e7\u00f5es de licen\u00e7a e desligamento no SICAP-AP.<\/a><\/li>\n<\/ul>\n\n\n\n<p><strong>Tabela de Incid\u00eancias\/Base de C\u00e1lculo<\/strong><\/p>\n\n\n\n<ul class=\"wp-block-list\">\n<li><a href=\"https:\/\/www.fenix.com.br\/blogs\/folhapag-como-compor-a-base-de-calculo-dos-eventos-de-inss-previdencia-propria-irrf-13o-salario-e-ferias\/\">Saiba como compor a base de c\u00e1lculo dos eventos de INSS, Previd\u00eancia Pr\u00f3pria, IRRF, 13\u00ba Sal\u00e1rio e F\u00e9rias<\/a>.<\/li>\n<\/ul>\n\n\n\n<p><strong>Pagamento do 13\u00ba Sal\u00e1rio (adiantamento, parcela final e integral)<\/strong><\/p>\n\n\n\n<ul class=\"wp-block-list\">\n<li><a href=\"https:\/\/www.fenix.com.br\/blogs\/folhapag-instrucoes-acerca-da-criacao-do-processamento-para-pagamento-do-adiantamento-do-13o-salario\/\">Intru\u00e7\u00f5es acerca da cria\u00e7\u00e3o do processamento para pagamento do adiantamento do 13\u00ba sal\u00e1rio<\/a><\/li>\n\n\n\n<li><a href=\"https:\/\/www.fenix.com.br\/blogs\/folhapag-instrucoes-acerca-da-criacao-do-processamento-para-pagamento-da-parcela-final-do-13o-salario\/\">Intru\u00e7\u00f5es acerca da cria\u00e7\u00e3o do processamento para pagamento da parcela final do 13\u00ba sal\u00e1rio<\/a><\/li>\n\n\n\n<li><a href=\"https:\/\/www.fenix.com.br\/blogs\/folhapag-instrucoes-acerca-da-criacao-do-processamento-para-pagamento-integral-do-13o-salario\/\">Intru\u00e7\u00f5es acerca da cria\u00e7\u00e3o do processamento para pagamento integral do 13\u00ba sal\u00e1rio<\/a><\/li>\n<\/ul>\n","protected":false},"excerpt":{"rendered":"<p>Aplicativo completo para Gest\u00e3o e Controle de Pessoal para \u00d3rg\u00e3os P\u00fablicos. Este aplicativo faz parte do sistema de Gest\u00e3o P\u00fablica Municipal. Para acessar \u00e0 p\u00e1gina de download do mesmo basta clicar aqui. Caracter\u00edsticas principais Outras caracter\u00edsticas deste aplicativo Informa\u00e7\u00f5es Adicionais Instru\u00e7\u00f5es Iniciais e Cadastros Procedimento para Instala\u00e7\u00e3o e Registro do Sistema Procedimento para configura\u00e7\u00e3o das&hellip;<\/p>\n","protected":false},"author":1,"featured_media":0,"parent":0,"menu_order":0,"comment_status":"closed","ping_status":"closed","template":"","meta":{"footnotes":""},"class_list":["post-306","page","type-page","status-publish","hentry"],"_links":{"self":[{"href":"https:\/\/www.fenix.com.br\/blogs\/wp-json\/wp\/v2\/pages\/306","targetHints":{"allow":["GET"]}}],"collection":[{"href":"https:\/\/www.fenix.com.br\/blogs\/wp-json\/wp\/v2\/pages"}],"about":[{"href":"https:\/\/www.fenix.com.br\/blogs\/wp-json\/wp\/v2\/types\/page"}],"author":[{"embeddable":true,"href":"https:\/\/www.fenix.com.br\/blogs\/wp-json\/wp\/v2\/users\/1"}],"replies":[{"embeddable":true,"href":"https:\/\/www.fenix.com.br\/blogs\/wp-json\/wp\/v2\/comments?post=306"}],"version-history":[{"count":11,"href":"https:\/\/www.fenix.com.br\/blogs\/wp-json\/wp\/v2\/pages\/306\/revisions"}],"predecessor-version":[{"id":1752,"href":"https:\/\/www.fenix.com.br\/blogs\/wp-json\/wp\/v2\/pages\/306\/revisions\/1752"}],"wp:attachment":[{"href":"https:\/\/www.fenix.com.br\/blogs\/wp-json\/wp\/v2\/media?parent=306"}],"curies":[{"name":"wp","href":"https:\/\/api.w.org\/{rel}","templated":true}]}}