{"id":301,"date":"2020-05-08T14:52:43","date_gmt":"2020-05-08T17:52:43","guid":{"rendered":"https:\/\/www.fenix.com.br\/blogs\/?page_id=301"},"modified":"2024-04-02T16:14:10","modified_gmt":"2024-04-02T19:14:10","slug":"convenios-publicos","status":"publish","type":"page","link":"https:\/\/www.fenix.com.br\/blogs\/convenios-publicos\/","title":{"rendered":"Conv\u00eanios P\u00fablicos"},"content":{"rendered":"\n<p>Aplicativo completo para controle de Conv\u00eanios P\u00fablicos.<br><br><strong>Este aplicativo faz parte do sistema de Gest\u00e3o P\u00fablica Municipal.<\/strong><br><br><a href=\"https:\/\/www.fenix.com.br\/sistema\/apresentacao\/52\">Para acessar \u00e0 p\u00e1gina de download do mesmo basta clicar aqui<\/a>.<br><\/p>\n\n\n\n<p>Aplicativo voltado para o Controle completo de todos os Conv\u00eanios da Administra\u00e7\u00e3o P\u00fablica, podendo registrar, entre outras coisas:<\/p>\n\n\n\n<p>-Informa\u00e7\u00f5es b\u00e1sicas do Conv\u00eanio, como n\u00famero, processo, \u00d3rg\u00e3o respons\u00e1vel, gerente, prazo de vig\u00eancia, data de assinatura, publica\u00e7\u00e3o, valores, entre outros;<\/p>\n\n\n\n<p>-Controle e acompanhamento da execu\u00e7\u00e3o do Conv\u00eanio, com lan\u00e7amento de provid\u00eancias a serem tomadas para o mesmo.<\/p>\n\n\n\n<p>-CheckList de controle do conv\u00eanio em suas diversas etapas de execu\u00e7\u00e3o dentre outras funcionalidades do mesmo;<\/p>\n\n\n\n<p>&#8211; Controle financeiro integrado com o aplicativo&nbsp;<a href=\"https:\/\/www.fenix.com.br\/blogs\/contab-contabilidade-publica\/\">Contab<\/a>&nbsp;com vincula\u00e7\u00e3o direta ao Empenho no momento do lan\u00e7amento do mesmo. Tendo por conseguinte o controle financeiro do que foi Empenhado, Liquidado e Pago, e permitindo tamb\u00e9m um planejamento pr\u00e9vio atrav\u00e9s da programa\u00e7\u00e3o de pagamentos de cada Conv\u00eanio.<\/p>\n\n\n\n<br>\n\n\n\n<h4 class=\"wp-block-heading\">Informa\u00e7\u00f5es Adicionais<\/h4>\n\n\n\n<figure class=\"wp-block-embed is-type-wp-embed is-provider-central-de-ajuda wp-block-embed-central-de-ajuda\"><div class=\"wp-block-embed__wrapper\">\n<blockquote class=\"wp-embedded-content\" data-secret=\"5wCEaU8Ce8\"><a href=\"https:\/\/www.fenix.com.br\/blogs\/sistemas-operacionais-compativeis-com-os-aplicativos\/\">Sistemas operacionais compat\u00edveis com os aplicativos<\/a><\/blockquote><iframe loading=\"lazy\" class=\"wp-embedded-content\" sandbox=\"allow-scripts\" security=\"restricted\" style=\"position: absolute; clip: rect(1px, 1px, 1px, 1px);\" title=\"&#8220;Sistemas operacionais compat\u00edveis com os aplicativos&#8221; &#8212; Central de Ajuda\" src=\"https:\/\/www.fenix.com.br\/blogs\/sistemas-operacionais-compativeis-com-os-aplicativos\/embed\/#?secret=kBpvmPKm9o#?secret=5wCEaU8Ce8\" data-secret=\"5wCEaU8Ce8\" width=\"600\" height=\"338\" frameborder=\"0\" marginwidth=\"0\" marginheight=\"0\" scrolling=\"no\"><\/iframe>\n<\/div><\/figure>\n\n\n\n<br>\n\n\n\n<figure class=\"wp-block-image size-large\"><img loading=\"lazy\" decoding=\"async\" width=\"129\" height=\"45\" src=\"https:\/\/www.fenix.com.br\/blogs\/wp-content\/uploads\/2020\/05\/video_aula_logo.png\" alt=\"\" class=\"wp-image-406\"\/><\/figure>\n\n\n\n<br><ul><li><p style=\"font-size:14px\"><a href=\"https:\/\/youtu.be\/CP5LWrInuqM\" target=\"_blank\" rel=\"noopener noreferrer\">Acesso a p\u00e1gina da F\u00eanix, download do Agente F\u00eanix e Registro  <\/a><i class=\"fab fa-youtube\"><\/i><\/p><\/li>\n<li><p style=\"font-size:14px\"><a href=\"https:\/\/youtu.be\/vUP2lfQz3P0\" target=\"_blank\" rel=\"noopener noreferrer\">Procedimento para Importa\u00e7\u00e3o da tabela de Munic\u00edpios dos Aplicativos da F\u00eanix.  <\/a><i class=\"fab fa-youtube\"><\/i><\/p><\/li><\/ul>\n\n\n\n<ul>\n<li><p style=\"font-size:14px\"><a href=\"https:\/\/youtu.be\/liBoDhnuCQI\" target=\"_blank\" rel=\"noopener noreferrer\">Inclus\u00e3o de um Conv\u00eanio &#8211; Conv\u00eanios <\/a><i class=\"fab fa-youtube\"><\/i><\/p><\/li>\n<li><p style=\"font-size:14px\"><a href=\"https:\/\/youtu.be\/yXN9gEFwNBs\" target=\"_blank\" rel=\"noopener noreferrer\">Lan\u00e7amento de Unidades Or\u00e7ament\u00e1rias, Domicilio Banc\u00e1rio, aditivos, Cronograma de desembolso e etapas de transfer\u00eancia &#8211; Conv\u00eanios  <\/a><i class=\"fab fa-youtube\"><\/i><\/p><\/li>\n<li><p style=\"font-size:14px\"><a href=\"https:\/\/youtu.be\/NvlCTWbq2VI\" target=\"_blank\" rel=\"noopener noreferrer\">Inclus\u00e3o de Provid\u00eancias a um Conv\u00eanio &#8211; Conv\u00eanios  <\/a><i class=\"fab fa-youtube\"><\/i><\/p><\/li>\n<li><p style=\"font-size:14px\"><a href=\"https:\/\/youtu.be\/EoqGysi3DPQ\" target=\"_blank\" rel=\"noopener noreferrer\">Associa\u00e7\u00e3o de Contratos a um Conv\u00eanio &#8211; Conv\u00eanios  <\/a><i class=\"fab fa-youtube\"><\/i><\/p><\/li>\n<li><p style=\"font-size:14px\"><a href=\"https:\/\/youtu.be\/gF7zlkiu5Q8\" target=\"_blank\" rel=\"noopener noreferrer\">Check List e Plano de aplica\u00e7\u00e3o &#8211; Conv\u00eanios  <\/a><i class=\"fab fa-youtube\"><\/i><\/p><\/li>\n<li><p style=\"font-size:14px\"><a href=\"\" target=\"_blank\" rel=\"noopener noreferrer\">Vincula\u00e7\u00e3o de Conv\u00eanio a Empenhos &#8211; Contab  <\/a><i class=\"fab fa-youtube\"><\/i><\/p><\/li>\n<\/ul><br>\n\n\n\n<h4 class=\"wp-block-heading\">Links relacionados<\/h4>\n\n\n\n<figure class=\"wp-block-embed-wordpress wp-block-embed is-type-wp-embed is-provider-central-de-ajuda\"><div class=\"wp-block-embed__wrapper\">\n<blockquote class=\"wp-embedded-content\" data-secret=\"gbgunp8CwX\"><a href=\"https:\/\/www.fenix.com.br\/blogs\/suporte-remoto-via-anydesk\/\">Suporte remoto via AnyDesk e TeamView<\/a><\/blockquote><iframe loading=\"lazy\" class=\"wp-embedded-content\" sandbox=\"allow-scripts\" security=\"restricted\" style=\"position: absolute; clip: rect(1px, 1px, 1px, 1px);\" title=\"&#8220;Suporte remoto via AnyDesk e TeamView&#8221; &#8212; Central de Ajuda\" src=\"https:\/\/www.fenix.com.br\/blogs\/suporte-remoto-via-anydesk\/embed\/#?secret=YpLLLg14pH#?secret=gbgunp8CwX\" data-secret=\"gbgunp8CwX\" width=\"600\" height=\"338\" frameborder=\"0\" marginwidth=\"0\" marginheight=\"0\" scrolling=\"no\"><\/iframe>\n<\/div><\/figure>\n","protected":false},"excerpt":{"rendered":"<p>Aplicativo completo para controle de Conv\u00eanios P\u00fablicos. Este aplicativo faz parte do sistema de Gest\u00e3o P\u00fablica Municipal. Para acessar \u00e0 p\u00e1gina de download do mesmo basta clicar aqui. Aplicativo voltado para o Controle completo de todos os Conv\u00eanios da Administra\u00e7\u00e3o P\u00fablica, podendo registrar, entre outras coisas: -Informa\u00e7\u00f5es b\u00e1sicas do Conv\u00eanio, como n\u00famero, processo, \u00d3rg\u00e3o respons\u00e1vel,&hellip;<\/p>\n","protected":false},"author":1,"featured_media":0,"parent":0,"menu_order":0,"comment_status":"closed","ping_status":"closed","template":"","meta":{"footnotes":""},"class_list":["post-301","page","type-page","status-publish","hentry"],"_links":{"self":[{"href":"https:\/\/www.fenix.com.br\/blogs\/wp-json\/wp\/v2\/pages\/301","targetHints":{"allow":["GET"]}}],"collection":[{"href":"https:\/\/www.fenix.com.br\/blogs\/wp-json\/wp\/v2\/pages"}],"about":[{"href":"https:\/\/www.fenix.com.br\/blogs\/wp-json\/wp\/v2\/types\/page"}],"author":[{"embeddable":true,"href":"https:\/\/www.fenix.com.br\/blogs\/wp-json\/wp\/v2\/users\/1"}],"replies":[{"embeddable":true,"href":"https:\/\/www.fenix.com.br\/blogs\/wp-json\/wp\/v2\/comments?post=301"}],"version-history":[{"count":9,"href":"https:\/\/www.fenix.com.br\/blogs\/wp-json\/wp\/v2\/pages\/301\/revisions"}],"predecessor-version":[{"id":1749,"href":"https:\/\/www.fenix.com.br\/blogs\/wp-json\/wp\/v2\/pages\/301\/revisions\/1749"}],"wp:attachment":[{"href":"https:\/\/www.fenix.com.br\/blogs\/wp-json\/wp\/v2\/media?parent=301"}],"curies":[{"name":"wp","href":"https:\/\/api.w.org\/{rel}","templated":true}]}}