{"id":297,"date":"2020-05-08T14:49:46","date_gmt":"2020-05-08T17:49:46","guid":{"rendered":"https:\/\/www.fenix.com.br\/blogs\/?page_id=297"},"modified":"2024-04-02T16:13:27","modified_gmt":"2024-04-02T19:13:27","slug":"licitacao-publica","status":"publish","type":"page","link":"https:\/\/www.fenix.com.br\/blogs\/licitacao-publica\/","title":{"rendered":"Controle de Licita\u00e7\u00f5es P\u00fablicas &#8211; Licita"},"content":{"rendered":"\n<p>Aplicativo completo para o controle de processos&nbsp;<a href=\"http:\/\/pt.wikipedia.org\/wiki\/Licita%C3%A7%C3%A3o\">licitat\u00f3rios<\/a>&nbsp;nas suas diversas modalidades.<br><br><strong>Este aplicativo faz parte do sistema de Gest\u00e3o P\u00fablica Municipal.<\/strong><br><br>Op\u00e7\u00e3o para pesquisa na base de dados do <a href=\"https:\/\/www.fenix.com.br\/blogs\/contab-contabilidade-publica\/\">Contab<\/a> para verifica\u00e7\u00e3o do empenhos agrupados por CNPJ\/CPF que atingiram valores de licita\u00e7\u00e3o dentro de um per\u00edodo predeterminado pelo usu\u00e1rio.<\/p>\n\n\n\n<p><a href=\"https:\/\/www.fenix.com.br\/sistema\/apresentacao\/8\">Para acessar \u00e0 p\u00e1gina de download do mesmo basta clicar aqui<\/a>.<br><\/p>\n\n\n\n<p>Modalidades de Licita\u00e7\u00e3o:<br>No Brasil, os procedimentos licitat\u00f3rios s\u00e3o orientados principalmente pelas Leis Federais n\u00b0&nbsp;<a href=\"https:\/\/www.planalto.gov.br\/ccivil_03\/leis\/l8666cons.htm\">8.666\/1993<\/a>&nbsp;e&nbsp;<a href=\"http:\/\/www.planalto.gov.br\/CCIVIL_03\/LEIS\/2002\/L10520.htm\">10.520\/2002<\/a>&nbsp;que definem as seguintes modalidades de licita\u00e7\u00e3o:<\/p>\n\n\n\n<ul class=\"wp-block-list\">\n<li>Convite.<\/li>\n\n\n\n<li>Tomada de Pre\u00e7os<\/li>\n\n\n\n<li><a href=\"http:\/\/pt.wikipedia.org\/wiki\/Preg%C3%A3o\">Preg\u00e3o<\/a>&nbsp;&#8211; Presencial ou Eletr\u00f4nico (atrav\u00e9s de Tecnologia de Informa\u00e7\u00e3o)<\/li>\n\n\n\n<li>inexigibilidade<\/li>\n\n\n\n<li>Dispensa<\/li>\n<\/ul>\n\n\n\n<h4 class=\"wp-block-heading\">Caracter\u00edsticas principais<\/h4>\n\n\n\n<ol class=\"wp-block-list\">\n<li>Relat\u00f3rios com modelos padronizados e que podem ser customizados pelo usu\u00e1rio.<\/li>\n<\/ol>\n\n\n\n<h4 class=\"wp-block-heading\">Informa\u00e7\u00f5es Adicionais<\/h4>\n\n\n\n<figure class=\"wp-block-embed is-type-wp-embed is-provider-central-de-ajuda wp-block-embed-central-de-ajuda\"><div class=\"wp-block-embed__wrapper\">\n<blockquote class=\"wp-embedded-content\" data-secret=\"gVRBQAtePd\"><a href=\"https:\/\/www.fenix.com.br\/blogs\/sistemas-operacionais-compativeis-com-os-aplicativos\/\">Sistemas operacionais compat\u00edveis com os aplicativos<\/a><\/blockquote><iframe loading=\"lazy\" class=\"wp-embedded-content\" sandbox=\"allow-scripts\" security=\"restricted\" style=\"position: absolute; clip: rect(1px, 1px, 1px, 1px);\" title=\"&#8220;Sistemas operacionais compat\u00edveis com os aplicativos&#8221; &#8212; Central de Ajuda\" src=\"https:\/\/www.fenix.com.br\/blogs\/sistemas-operacionais-compativeis-com-os-aplicativos\/embed\/#?secret=ZNuYsfEmlR#?secret=gVRBQAtePd\" data-secret=\"gVRBQAtePd\" width=\"600\" height=\"338\" frameborder=\"0\" marginwidth=\"0\" marginheight=\"0\" scrolling=\"no\"><\/iframe>\n<\/div><\/figure>\n\n\n\n<p><\/p>\n\n\n\n<ul class=\"wp-block-list\">\n<li><a href=\"http:\/\/fenix.com.br\/Wiki\/index.php\/Arquivo:Html_navegador.png\"><\/a>&nbsp;<a href=\"http:\/\/www.fenix.com.br\/ftp\/licita\/HTML\/index.html\">Clique aqui para acessar o AJUDA Online deste aplicativo<\/a><\/li>\n<\/ul>\n\n\n\n<h4 class=\"wp-block-heading\">Links relacionados com este aplicativo<\/h4>\n\n\n\n<h4 class=\"wp-block-heading\">D\u00favidas<\/h4>\n\n\n\n<p><br><em>Quest\u00f5es constantes do t\u00f3pico acima:<\/em>&nbsp;-Procedimentos usado no Licita para se equalizar-se os Pre\u00e7os ofertados pelos proponentes quanto ao diferencial de ICMS.<\/p>\n\n\n\n<h4 class=\"wp-block-heading\"><\/h4>\n\n\n\n<figure class=\"wp-block-image size-large\"><img loading=\"lazy\" decoding=\"async\" width=\"129\" height=\"45\" src=\"https:\/\/www.fenix.com.br\/blogs\/wp-content\/uploads\/2020\/05\/video_aula_logo.png\" alt=\"\" class=\"wp-image-406\"\/><\/figure>\n\n\n\n<ul class=\"wp-block-list\">\n<li><strong><a href=\"https:\/\/www.fenix.com.br\/blogs\/licita-passo-a-passo-para-realizar-uma-licitacao\/\">Passo a Passo para realizar uma Licita\u00e7\u00e3o.<\/a><\/strong><\/li>\n<\/ul>\n\n\n\n<ol class=\"wp-block-list\">\n<li><a href=\"http:\/\/fenix7.tempsite.ws\/treinamento_online_new\/licitaCadastroLicitacao\/licitaCadastroLicitacao.html\">Cadastro Nova Licita\u00e7\u00e3o<\/a><\/li>\n\n\n\n<li><a href=\"http:\/\/fenix7.tempsite.ws\/treinamento_online_new\/licitaPreenchimentoLicitacao\/licitaPreenchimentoLicitacao.html\">Preenchimento Informa\u00e7\u00f5es Licita\u00e7\u00e3o<\/a><\/li>\n\n\n\n<li><a href=\"http:\/\/fenix7.tempsite.ws\/treinamento_online_new\/licitaProponente\/licitaProponente.html\">Cadastro Proponentes Licita\u00e7\u00e3o<\/a><\/li>\n\n\n\n<li><a href=\"http:\/\/fenix7.tempsite.ws\/treinamento_online_new\/LicitaPropostaeLances\/LicitaPropostaeLances.html\">Cadastro Propostas e Opera\u00e7\u00e3o do Preg\u00e3o<\/a><\/li>\n\n\n\n<li><a href=\"http:\/\/fenix7.tempsite.ws\/treinamento_online_new\/licitaAdjudica\/licitaAdjudica.html\">Adujica\u00e7\u00e3o e Ata Final<\/a><\/li>\n<\/ol>\n\n\n\n<p><\/p>\n","protected":false},"excerpt":{"rendered":"<p>Aplicativo completo para o controle de processos&nbsp;licitat\u00f3rios&nbsp;nas suas diversas modalidades. Este aplicativo faz parte do sistema de Gest\u00e3o P\u00fablica Municipal. Op\u00e7\u00e3o para pesquisa na base de dados do Contab para verifica\u00e7\u00e3o do empenhos agrupados por CNPJ\/CPF que atingiram valores de licita\u00e7\u00e3o dentro de um per\u00edodo predeterminado pelo usu\u00e1rio. Para acessar \u00e0 p\u00e1gina de download do&hellip;<\/p>\n","protected":false},"author":1,"featured_media":0,"parent":0,"menu_order":0,"comment_status":"closed","ping_status":"closed","template":"","meta":{"footnotes":""},"class_list":["post-297","page","type-page","status-publish","hentry"],"_links":{"self":[{"href":"https:\/\/www.fenix.com.br\/blogs\/wp-json\/wp\/v2\/pages\/297","targetHints":{"allow":["GET"]}}],"collection":[{"href":"https:\/\/www.fenix.com.br\/blogs\/wp-json\/wp\/v2\/pages"}],"about":[{"href":"https:\/\/www.fenix.com.br\/blogs\/wp-json\/wp\/v2\/types\/page"}],"author":[{"embeddable":true,"href":"https:\/\/www.fenix.com.br\/blogs\/wp-json\/wp\/v2\/users\/1"}],"replies":[{"embeddable":true,"href":"https:\/\/www.fenix.com.br\/blogs\/wp-json\/wp\/v2\/comments?post=297"}],"version-history":[{"count":6,"href":"https:\/\/www.fenix.com.br\/blogs\/wp-json\/wp\/v2\/pages\/297\/revisions"}],"predecessor-version":[{"id":1747,"href":"https:\/\/www.fenix.com.br\/blogs\/wp-json\/wp\/v2\/pages\/297\/revisions\/1747"}],"wp:attachment":[{"href":"https:\/\/www.fenix.com.br\/blogs\/wp-json\/wp\/v2\/media?parent=297"}],"curies":[{"name":"wp","href":"https:\/\/api.w.org\/{rel}","templated":true}]}}