{"id":291,"date":"2020-05-08T14:47:26","date_gmt":"2020-05-08T17:47:26","guid":{"rendered":"https:\/\/www.fenix.com.br\/blogs\/?page_id=291"},"modified":"2024-04-02T16:15:07","modified_gmt":"2024-04-02T19:15:07","slug":"frota-de-veiculos-publicos-siscove","status":"publish","type":"page","link":"https:\/\/www.fenix.com.br\/blogs\/frota-de-veiculos-publicos-siscove\/","title":{"rendered":"Frota de Ve\u00edculos P\u00fablicos (Siscove)"},"content":{"rendered":"\n<p>SisCove \u00ae &#8211; Aplicativo completo para Gest\u00e3o e controle de ve\u00edculos P\u00fablicos.<br><br><strong>Este aplicativo faz parte do sistema de Gest\u00e3o P\u00fablica Municipal.<\/strong><br><br><a href=\"https:\/\/www.fenix.com.br\/sistema\/apresentacao\/10\">Para acessar \u00e0 p\u00e1gina de download do mesmo basta clicar aqui<\/a>.<\/p>\n\n\n\n<h4 class=\"wp-block-heading\">Caracter\u00edsticas principais<\/h4>\n\n\n\n<ol class=\"wp-block-list\">\n<li>Controle integrado com o Aplicativo Contratos para vincula\u00e7\u00e3o de contratos de loca\u00e7\u00e3o e cess\u00e3o de Ve\u00edculos e M\u00e1quinas;<\/li>\n<\/ol>\n\n\n\n<p><strong>Cadastros completos de:<\/strong><\/p>\n\n\n\n<ol class=\"wp-block-list\">\n<li>-Ve\u00edculos;<\/li>\n\n\n\n<li>-Servi\u00e7os;<\/li>\n\n\n\n<li>-Pe\u00e7as;<\/li>\n\n\n\n<li>-Pneus;<\/li>\n\n\n\n<li>-Consumo de combust\u00edveis;<\/li>\n<\/ol>\n\n\n\n<ol class=\"wp-block-list\">\n<li><strong>Agendamentos de diversas fun\u00e7\u00f5es peri\u00f3dicas, tais como<\/strong>:\n<ol class=\"wp-block-list\">\n<li>-Deslocamentos de Viagens;<\/li>\n\n\n\n<li>-Troca de pneus programada;<\/li>\n\n\n\n<li>-Revis\u00f5es;<\/li>\n\n\n\n<li>-Renova\u00e7\u00e3o de carteira de motorista;<\/li>\n\n\n\n<li>-Trocas de \u00d3leos;<\/li>\n\n\n\n<li>-Troca de Hod\u00f4metros \/ Hor\u00edmetros;<\/li>\n\n\n\n<li>-Seguros;<\/li>\n\n\n\n<li>-IPVA \/ Licenciamento;<\/li>\n\n\n\n<li>-Multas de tr\u00e2nsito \u2013 Vencimento de Recursos.<\/li>\n<\/ol>\n<\/li>\n<\/ol>\n\n\n\n<ol class=\"wp-block-list\">\n<li>Controle integrado com o Aplicativo&nbsp;<a href=\"https:\/\/www.fenix.com.br\/blogs\/contratos-publicos\/\">contratos<\/a>&nbsp;para vincula\u00e7\u00e3o de contratos de loca\u00e7\u00e3o e cess\u00e3o de Ve\u00edculos e M\u00e1quinas;<\/li>\n<\/ol>\n\n\n\n<figure class=\"wp-block-image size-large\"><img loading=\"lazy\" decoding=\"async\" width=\"767\" height=\"435\" src=\"https:\/\/www.fenix.com.br\/blogs\/wp-content\/uploads\/2020\/05\/Calendario_siscove_veiculos.jpg\" alt=\"\" class=\"wp-image-295\" srcset=\"https:\/\/www.fenix.com.br\/blogs\/wp-content\/uploads\/2020\/05\/Calendario_siscove_veiculos.jpg 767w, https:\/\/www.fenix.com.br\/blogs\/wp-content\/uploads\/2020\/05\/Calendario_siscove_veiculos-300x170.jpg 300w\" sizes=\"auto, (max-width: 767px) 100vw, 767px\" \/><\/figure>\n\n\n\n<h4 class=\"wp-block-heading\">Outras caracter\u00edsticas deste aplicativo<\/h4>\n\n\n\n<ol class=\"wp-block-list\">\n<li>Pesquisas diversas.<\/li>\n\n\n\n<li>Relat\u00f3rios completos com op\u00e7\u00e3o para exporta\u00e7\u00e3o dos mesmo para WORD, EXCEL, HTML, PDF, Etc..<\/li>\n<\/ol>\n\n\n\n<h4 class=\"wp-block-heading\">Informa\u00e7\u00f5es Adicionais<\/h4>\n\n\n\n<figure class=\"wp-block-embed is-type-wp-embed is-provider-central-de-ajuda wp-block-embed-central-de-ajuda\"><div class=\"wp-block-embed__wrapper\">\n<blockquote class=\"wp-embedded-content\" data-secret=\"0C6LUjsUlH\"><a href=\"https:\/\/www.fenix.com.br\/blogs\/sistemas-operacionais-compativeis-com-os-aplicativos\/\">Sistemas operacionais compat\u00edveis com os aplicativos<\/a><\/blockquote><iframe loading=\"lazy\" class=\"wp-embedded-content\" sandbox=\"allow-scripts\" security=\"restricted\" style=\"position: absolute; clip: rect(1px, 1px, 1px, 1px);\" title=\"&#8220;Sistemas operacionais compat\u00edveis com os aplicativos&#8221; &#8212; Central de Ajuda\" src=\"https:\/\/www.fenix.com.br\/blogs\/sistemas-operacionais-compativeis-com-os-aplicativos\/embed\/#?secret=dj3o8QdGm3#?secret=0C6LUjsUlH\" data-secret=\"0C6LUjsUlH\" width=\"600\" height=\"338\" frameborder=\"0\" marginwidth=\"0\" marginheight=\"0\" scrolling=\"no\"><\/iframe>\n<\/div><\/figure>\n\n\n\n<ul class=\"wp-block-list\">\n<li><a href=\"http:\/\/fenix.com.br\/Wiki\/index.php\/Arquivo:Html_navegador.png\"><\/a>&nbsp;<a href=\"http:\/\/www.fenix.com.br\/ftp\/siscove\/HTML\/index.html\">Clique aqui para acessar o AJUDA Online deste aplicativo<\/a><\/li>\n<\/ul>\n\n\n\n<h4 class=\"wp-block-heading\"><\/h4>\n\n\n\n<figure class=\"wp-block-image size-large\"><img loading=\"lazy\" decoding=\"async\" width=\"129\" height=\"45\" src=\"https:\/\/www.fenix.com.br\/blogs\/wp-content\/uploads\/2020\/05\/video_aula_logo.png\" alt=\"\" class=\"wp-image-406\"\/><\/figure>\n\n\n\n<br><ul>\n<li><p style=\"font-size:14px\"><a href=\"https:\/\/youtu.be\/aenAZknD_Ws\" target=\"_blank\" rel=\"noopener noreferrer\">Procedimentos para uso do Sistema &#8211; Siscove  <\/a><i class=\"fab fa-youtube\"><\/i><\/p><\/li>\n<li><p style=\"font-size:14px\"><a href=\"https:\/\/youtu.be\/LOgATIiFxkM\" target=\"_blank\" rel=\"noopener noreferrer\">Controle de Peri\u00f3dicos e Agendamentos Diversos  <\/a><i class=\"fab fa-youtube\"><\/i><\/p><\/li>\n<\/ul><br>\n\n\n\n<h4 class=\"wp-block-heading\">Links relacionados<\/h4>\n\n\n\n<br>\n\n\n\n<p><a href=\"https:\/\/www.fenix.com.br\/blogs\/controle-de-pneus-implementado-no-siscove\/\">Controle de Pneus Implementado no Aplicativo F\u00eanix \u2013 Siscove \u00ae \u2013 Gest\u00e3o de Ve\u00edculos P\u00fablicos<\/a><\/p>\n\n\n\n<figure class=\"wp-block-embed-wordpress wp-block-embed is-type-wp-embed is-provider-central-de-ajuda\"><div class=\"wp-block-embed__wrapper\">\n<blockquote class=\"wp-embedded-content\" data-secret=\"0YJlC77XeH\"><a href=\"https:\/\/www.fenix.com.br\/blogs\/suporte-remoto-via-anydesk\/\">Suporte remoto via AnyDesk e TeamView<\/a><\/blockquote><iframe loading=\"lazy\" class=\"wp-embedded-content\" sandbox=\"allow-scripts\" security=\"restricted\" style=\"position: absolute; clip: rect(1px, 1px, 1px, 1px);\" title=\"&#8220;Suporte remoto via AnyDesk e TeamView&#8221; &#8212; Central de Ajuda\" src=\"https:\/\/www.fenix.com.br\/blogs\/suporte-remoto-via-anydesk\/embed\/#?secret=LjhtP1jN7Q#?secret=0YJlC77XeH\" data-secret=\"0YJlC77XeH\" width=\"600\" height=\"338\" frameborder=\"0\" marginwidth=\"0\" marginheight=\"0\" scrolling=\"no\"><\/iframe>\n<\/div><\/figure>\n","protected":false},"excerpt":{"rendered":"<p>SisCove \u00ae &#8211; Aplicativo completo para Gest\u00e3o e controle de ve\u00edculos P\u00fablicos. Este aplicativo faz parte do sistema de Gest\u00e3o P\u00fablica Municipal. Para acessar \u00e0 p\u00e1gina de download do mesmo basta clicar aqui. Caracter\u00edsticas principais Cadastros completos de: Outras caracter\u00edsticas deste aplicativo Informa\u00e7\u00f5es Adicionais Procedimentos para uso do Sistema &#8211; Siscove Controle de Peri\u00f3dicos e&hellip;<\/p>\n","protected":false},"author":1,"featured_media":0,"parent":0,"menu_order":0,"comment_status":"closed","ping_status":"closed","template":"","meta":{"footnotes":""},"class_list":["post-291","page","type-page","status-publish","hentry"],"_links":{"self":[{"href":"https:\/\/www.fenix.com.br\/blogs\/wp-json\/wp\/v2\/pages\/291","targetHints":{"allow":["GET"]}}],"collection":[{"href":"https:\/\/www.fenix.com.br\/blogs\/wp-json\/wp\/v2\/pages"}],"about":[{"href":"https:\/\/www.fenix.com.br\/blogs\/wp-json\/wp\/v2\/types\/page"}],"author":[{"embeddable":true,"href":"https:\/\/www.fenix.com.br\/blogs\/wp-json\/wp\/v2\/users\/1"}],"replies":[{"embeddable":true,"href":"https:\/\/www.fenix.com.br\/blogs\/wp-json\/wp\/v2\/comments?post=291"}],"version-history":[{"count":6,"href":"https:\/\/www.fenix.com.br\/blogs\/wp-json\/wp\/v2\/pages\/291\/revisions"}],"predecessor-version":[{"id":1751,"href":"https:\/\/www.fenix.com.br\/blogs\/wp-json\/wp\/v2\/pages\/291\/revisions\/1751"}],"wp:attachment":[{"href":"https:\/\/www.fenix.com.br\/blogs\/wp-json\/wp\/v2\/media?parent=291"}],"curies":[{"name":"wp","href":"https:\/\/api.w.org\/{rel}","templated":true}]}}