{"id":286,"date":"2020-05-08T14:44:33","date_gmt":"2020-05-08T17:44:33","guid":{"rendered":"https:\/\/www.fenix.com.br\/blogs\/?page_id=286"},"modified":"2024-04-02T16:14:32","modified_gmt":"2024-04-02T19:14:32","slug":"tesouraria-publica-sisconta","status":"publish","type":"page","link":"https:\/\/www.fenix.com.br\/blogs\/tesouraria-publica-sisconta\/","title":{"rendered":"Tesouraria P\u00fablica (Sisconta)"},"content":{"rendered":"\n<p>Aplicativo para controle de Tesouraria P\u00fablica.<br><br><strong>Este aplicativo faz parte do sistema de Gest\u00e3o P\u00fablica Municipal.<\/strong><br><br><a href=\"https:\/\/www.fenix.com.br\/sistema\/apresentacao\/20\">Para acessar \u00e0 p\u00e1gina de download do mesmo basta clicar aqui<\/a>.<\/p>\n\n\n\n<h4 class=\"wp-block-heading\">Caracter\u00edsticas principais<\/h4>\n\n\n\n<ol class=\"wp-block-list\">\n<li>Emiss\u00e3o de Extratos Banc\u00e1rios por per\u00edodos pr\u00e9-determinados.<\/li>\n\n\n\n<li>Concilia\u00e7\u00e3o e Reconcilia\u00e7\u00e3o de Cheques e receitas.<\/li>\n\n\n\n<li>Livros de Conta-Correntes mensais.<\/li>\n\n\n\n<li>Livro CAIXA Mensal.<\/li>\n\n\n\n<li>Minuta de Receitas.<\/li>\n\n\n\n<li>Gr\u00e1ficos diversos.<\/li>\n\n\n\n<li>Posi\u00e7\u00e3o de Contas Instant\u00e2neo.<\/li>\n<\/ol>\n\n\n\n<h4 class=\"wp-block-heading\">Outras caracter\u00edsticas deste aplicativo<\/h4>\n\n\n\n<ol class=\"wp-block-list\">\n<li>Personaliza\u00e7\u00e3o e emiss\u00e3o de Cheques e C\u00f3pias de Cheques Banc\u00e1rios em impressoras matricial, Laser e Jato de Tinta.<\/li>\n<\/ol>\n\n\n\n<h4 class=\"wp-block-heading\">Informa\u00e7\u00f5es Adicionais<\/h4>\n\n\n\n<figure class=\"wp-block-embed is-type-wp-embed is-provider-central-de-ajuda wp-block-embed-central-de-ajuda\"><div class=\"wp-block-embed__wrapper\">\n<blockquote class=\"wp-embedded-content\" data-secret=\"Q7xhO8eIl7\"><a href=\"https:\/\/www.fenix.com.br\/blogs\/sistemas-operacionais-compativeis-com-os-aplicativos\/\">Sistemas operacionais compat\u00edveis com os aplicativos<\/a><\/blockquote><iframe loading=\"lazy\" class=\"wp-embedded-content\" sandbox=\"allow-scripts\" security=\"restricted\" style=\"position: absolute; clip: rect(1px, 1px, 1px, 1px);\" title=\"&#8220;Sistemas operacionais compat\u00edveis com os aplicativos&#8221; &#8212; Central de Ajuda\" src=\"https:\/\/www.fenix.com.br\/blogs\/sistemas-operacionais-compativeis-com-os-aplicativos\/embed\/#?secret=6GdIiX77d8#?secret=Q7xhO8eIl7\" data-secret=\"Q7xhO8eIl7\" width=\"600\" height=\"338\" frameborder=\"0\" marginwidth=\"0\" marginheight=\"0\" scrolling=\"no\"><\/iframe>\n<\/div><\/figure>\n\n\n\n<ul class=\"wp-block-list\">\n<li><a href=\"http:\/\/fenix.com.br\/Wiki\/index.php\/Arquivo:Html_navegador.png\"><\/a>&nbsp;<a href=\"http:\/\/www.fenix.com.br\/ftp\/siscontawin\/HTML\/index.html\">Clique aqui para acessar o AJUDA Online deste aplicativo<\/a><\/li>\n<\/ul>\n\n\n\n<br>\n\n\n\n<figure class=\"wp-block-image size-large\"><img loading=\"lazy\" decoding=\"async\" width=\"129\" height=\"45\" src=\"https:\/\/www.fenix.com.br\/blogs\/wp-content\/uploads\/2020\/05\/video_aula_logo.png\" alt=\"\" class=\"wp-image-406\"\/><\/figure>\n\n\n\n<ul><li><p style=\"font-size:14px\"><a href=\"https:\/\/youtu.be\/CP5LWrInuqM\" target=\"_blank\" rel=\"noopener noreferrer\">Acesso a p\u00e1gina da F\u00eanix, download do Agente F\u00eanix e Registro  <\/a><i class=\"fab fa-youtube\"><\/i><\/p><\/li>\n<li><p style=\"font-size:14px\"><a href=\"https:\/\/youtu.be\/vUP2lfQz3P0\" target=\"_blank\" rel=\"noopener noreferrer\">Procedimento para Importa\u00e7\u00e3o da tabela de Munic\u00edpios dos Aplicativos da F\u00eanix.  <\/a><i class=\"fab fa-youtube\"><\/i><\/p><\/li><\/ul><ul>\n<li><p style=\"font-size:14px\"><a href=\"https:\/\/youtu.be\/KYICG4w_NTw\" target=\"_blank\" rel=\"noopener noreferrer\">Procedimentos para uso do Aplicativo &#8211; SisConta  <\/a><i class=\"fab fa-youtube\"><\/i><\/p><\/li>\n<li><p style=\"font-size:14px\"><a href=\"https:\/\/youtu.be\/-VDdxzKH0LM\" target=\"_blank\" rel=\"noopener noreferrer\">Personalizando e Utilizando um Modelo de Cheque  <\/a><i class=\"fab fa-youtube\"><\/i><\/p><\/li>\n<li><p style=\"font-size:14px\"><a href=\"https:\/\/youtu.be\/kwiJJHVFtMg\" target=\"_blank\" rel=\"noopener noreferrer\">Personalizando o Recibo padr\u00e3o da f\u00eanix  <\/a><i class=\"fab fa-youtube\"><\/i><\/p><\/li>\n<li><p style=\"font-size:14px\">Agenda\/Compromissos<\/p><\/li>\n<ul>\n<li><p style=\"font-size:14px\"><a href=\"https:\/\/youtu.be\/vCwDj3i2KQk\" target=\"_blank\" rel=\"noopener noreferrer\">Funcionamento da tela de Compromissos &#8211; Iniciante  <\/a><i class=\"fab fa-youtube\"><\/i><\/p><\/li>\n<li><p style=\"font-size:14px\"><a href=\"https:\/\/youtu.be\/IzX5gK_gfOY\" target=\"_blank\" rel=\"noopener noreferrer\">Funcionamento da tela de Compromissos &#8211; Avan\u00e7ado  <\/a><i class=\"fab fa-youtube\"><\/i><\/p><\/li>\n<\/ul>\n<li><p style=\"font-size:14px\"><a href=\"https:\/\/youtu.be\/9LzJMc5Uojw\" target=\"_blank\" rel=\"noopener noreferrer\">Exporta\u00e7\u00e3o de dados para o aplicativo BBPAG  <\/a><i class=\"fab fa-youtube\"><\/i><\/p><\/li>\n<\/ul><br>\n\n\n\n<h4 class=\"wp-block-heading\">Links relacionados<\/h4>\n\n\n\n<figure class=\"wp-block-embed-wordpress wp-block-embed is-type-wp-embed is-provider-central-de-ajuda\"><div class=\"wp-block-embed__wrapper\">\n<blockquote class=\"wp-embedded-content\" data-secret=\"JlkqEe8wJE\"><a href=\"https:\/\/www.fenix.com.br\/blogs\/suporte-remoto-via-anydesk\/\">Suporte remoto via AnyDesk e TeamView<\/a><\/blockquote><iframe loading=\"lazy\" class=\"wp-embedded-content\" sandbox=\"allow-scripts\" security=\"restricted\" style=\"position: absolute; clip: rect(1px, 1px, 1px, 1px);\" title=\"&#8220;Suporte remoto via AnyDesk e TeamView&#8221; &#8212; Central de Ajuda\" src=\"https:\/\/www.fenix.com.br\/blogs\/suporte-remoto-via-anydesk\/embed\/#?secret=17jd00eB7r#?secret=JlkqEe8wJE\" data-secret=\"JlkqEe8wJE\" width=\"600\" height=\"338\" frameborder=\"0\" marginwidth=\"0\" marginheight=\"0\" scrolling=\"no\"><\/iframe>\n<\/div><\/figure>\n","protected":false},"excerpt":{"rendered":"<p>Aplicativo para controle de Tesouraria P\u00fablica. Este aplicativo faz parte do sistema de Gest\u00e3o P\u00fablica Municipal. Para acessar \u00e0 p\u00e1gina de download do mesmo basta clicar aqui. Caracter\u00edsticas principais Outras caracter\u00edsticas deste aplicativo Informa\u00e7\u00f5es Adicionais Acesso a p\u00e1gina da F\u00eanix, download do Agente F\u00eanix e Registro Procedimento para Importa\u00e7\u00e3o da tabela de Munic\u00edpios dos Aplicativos&hellip;<\/p>\n","protected":false},"author":1,"featured_media":0,"parent":0,"menu_order":0,"comment_status":"closed","ping_status":"closed","template":"","meta":{"footnotes":""},"class_list":["post-286","page","type-page","status-publish","hentry"],"_links":{"self":[{"href":"https:\/\/www.fenix.com.br\/blogs\/wp-json\/wp\/v2\/pages\/286","targetHints":{"allow":["GET"]}}],"collection":[{"href":"https:\/\/www.fenix.com.br\/blogs\/wp-json\/wp\/v2\/pages"}],"about":[{"href":"https:\/\/www.fenix.com.br\/blogs\/wp-json\/wp\/v2\/types\/page"}],"author":[{"embeddable":true,"href":"https:\/\/www.fenix.com.br\/blogs\/wp-json\/wp\/v2\/users\/1"}],"replies":[{"embeddable":true,"href":"https:\/\/www.fenix.com.br\/blogs\/wp-json\/wp\/v2\/comments?post=286"}],"version-history":[{"count":4,"href":"https:\/\/www.fenix.com.br\/blogs\/wp-json\/wp\/v2\/pages\/286\/revisions"}],"predecessor-version":[{"id":1750,"href":"https:\/\/www.fenix.com.br\/blogs\/wp-json\/wp\/v2\/pages\/286\/revisions\/1750"}],"wp:attachment":[{"href":"https:\/\/www.fenix.com.br\/blogs\/wp-json\/wp\/v2\/media?parent=286"}],"curies":[{"name":"wp","href":"https:\/\/api.w.org\/{rel}","templated":true}]}}