{"id":283,"date":"2020-05-08T14:42:54","date_gmt":"2020-05-08T17:42:54","guid":{"rendered":"https:\/\/www.fenix.com.br\/blogs\/?page_id=283"},"modified":"2024-04-02T16:13:09","modified_gmt":"2024-04-02T19:13:09","slug":"protocolo-publico","status":"publish","type":"page","link":"https:\/\/www.fenix.com.br\/blogs\/protocolo-publico\/","title":{"rendered":"Protocolo P\u00fablico"},"content":{"rendered":"\n<p>Aplicativo completo para Protocolo, Tramita\u00e7\u00e3o e Acompanhamento de processos (<em>documentos p\u00fablicos<\/em>).<br><br><strong>Este aplicativo faz parte do sistema de Gest\u00e3o P\u00fablica Municipal.<\/strong><br><br><a href=\"https:\/\/www.fenix.com.br\/sistema\/apresentacao\/24\">Para acessar \u00e0 p\u00e1gina de download do mesmo basta clicar aqui<\/a>.<\/p>\n\n\n\n<h4 class=\"wp-block-heading\">Caracter\u00edsticas principais<\/h4>\n\n\n\n<ol class=\"wp-block-list\">\n<li>Cadastros completo dos processos e documentos que ser\u00e3o anexados ao mesmo.<\/li>\n\n\n\n<li>Pesquisas diversas.<\/li>\n<\/ol>\n\n\n\n<br>\n\n\n\n<h4 class=\"wp-block-heading\">Outras caracter\u00edsticas deste aplicativo<\/h4>\n\n\n\n<ol class=\"wp-block-list\">\n<li>Relat\u00f3rios completos com op\u00e7\u00e3o para exporta\u00e7\u00e3o dos mesmo para WORD, EXCEL, HTML, PDF, Etc&#8230;<\/li>\n<\/ol>\n\n\n\n<br>\n\n\n\n<h4 class=\"wp-block-heading\">Informa\u00e7\u00f5es Adicionais<\/h4>\n\n\n\n<figure class=\"wp-block-embed is-type-wp-embed is-provider-central-de-ajuda wp-block-embed-central-de-ajuda\"><div class=\"wp-block-embed__wrapper\">\n<blockquote class=\"wp-embedded-content\" data-secret=\"rvGriEmd1E\"><a href=\"https:\/\/www.fenix.com.br\/blogs\/sistemas-operacionais-compativeis-com-os-aplicativos\/\">Sistemas operacionais compat\u00edveis com os aplicativos<\/a><\/blockquote><iframe loading=\"lazy\" class=\"wp-embedded-content\" sandbox=\"allow-scripts\" security=\"restricted\" style=\"position: absolute; clip: rect(1px, 1px, 1px, 1px);\" title=\"&#8220;Sistemas operacionais compat\u00edveis com os aplicativos&#8221; &#8212; Central de Ajuda\" src=\"https:\/\/www.fenix.com.br\/blogs\/sistemas-operacionais-compativeis-com-os-aplicativos\/embed\/#?secret=D9nejGx6Jf#?secret=rvGriEmd1E\" data-secret=\"rvGriEmd1E\" width=\"600\" height=\"338\" frameborder=\"0\" marginwidth=\"0\" marginheight=\"0\" scrolling=\"no\"><\/iframe>\n<\/div><\/figure>\n\n\n\n<br>\n\n\n\n<p><\/p>\n\n\n\n<ul class=\"wp-block-list\">\n<li><a href=\"http:\/\/fenix.com.br\/Wiki\/index.php\/Arquivo:Html_navegador.png\"><\/a>&nbsp;<a href=\"http:\/\/www.fenix.com.br\/ftp\/sysprot_xp\/HTML\/index.html\">Clique aqui para acessar o AJUDA Online deste aplicativo<\/a><\/li>\n<\/ul>\n\n\n\n<br>\n\n\n\n<h4 class=\"wp-block-heading\"><\/h4>\n\n\n\n<figure class=\"wp-block-image size-large\"><img loading=\"lazy\" decoding=\"async\" width=\"129\" height=\"45\" src=\"https:\/\/www.fenix.com.br\/blogs\/wp-content\/uploads\/2020\/05\/video_aula_logo.png\" alt=\"\" class=\"wp-image-406\"\/><\/figure>\n\n\n\n<br><ul><li><p style=\"font-size:14px\"><a href=\"https:\/\/youtu.be\/CP5LWrInuqM\" target=\"_blank\" rel=\"noopener noreferrer\">Acesso a p\u00e1gina da F\u00eanix, download do Agente F\u00eanix e Registro  <\/a><i class=\"fab fa-youtube\"><\/i><\/p><\/li>\n<li><p style=\"font-size:14px\"><a href=\"https:\/\/youtu.be\/vUP2lfQz3P0\" target=\"_blank\" rel=\"noopener noreferrer\">Procedimento para Importa\u00e7\u00e3o da tabela de Munic\u00edpios dos Aplicativos da F\u00eanix.  <\/a><i class=\"fab fa-youtube\"><\/i><\/p><\/li><\/ul>\n<ul>\n<li><p style=\"font-size:14px\"><a href=\"https:\/\/youtu.be\/tZpzc2ScaW0\" target=\"_blank\" rel=\"noopener noreferrer\">Procedimentos para uso do Aplicativo &#8211; Protocolo  <\/a><i class=\"fab fa-youtube\"><\/i><\/p><\/li>\n<\/ul><br>\n\n\n\n<p><\/p>\n\n\n\n<h4 class=\"wp-block-heading\">Links relacionados<\/h4>\n\n\n\n<figure class=\"wp-block-embed-wordpress wp-block-embed is-type-wp-embed is-provider-central-de-ajuda\"><div class=\"wp-block-embed__wrapper\">\n<blockquote class=\"wp-embedded-content\" data-secret=\"mHjaDCzimU\"><a href=\"https:\/\/www.fenix.com.br\/blogs\/suporte-remoto-via-anydesk\/\">Suporte remoto via AnyDesk e TeamView<\/a><\/blockquote><iframe loading=\"lazy\" class=\"wp-embedded-content\" sandbox=\"allow-scripts\" security=\"restricted\" style=\"position: absolute; clip: rect(1px, 1px, 1px, 1px);\" title=\"&#8220;Suporte remoto via AnyDesk e TeamView&#8221; &#8212; Central de Ajuda\" src=\"https:\/\/www.fenix.com.br\/blogs\/suporte-remoto-via-anydesk\/embed\/#?secret=3JXkiJPIhK#?secret=mHjaDCzimU\" data-secret=\"mHjaDCzimU\" width=\"600\" height=\"338\" frameborder=\"0\" marginwidth=\"0\" marginheight=\"0\" scrolling=\"no\"><\/iframe>\n<\/div><\/figure>\n","protected":false},"excerpt":{"rendered":"<p>Aplicativo completo para Protocolo, Tramita\u00e7\u00e3o e Acompanhamento de processos (documentos p\u00fablicos). Este aplicativo faz parte do sistema de Gest\u00e3o P\u00fablica Municipal. Para acessar \u00e0 p\u00e1gina de download do mesmo basta clicar aqui. Caracter\u00edsticas principais Outras caracter\u00edsticas deste aplicativo Informa\u00e7\u00f5es Adicionais Acesso a p\u00e1gina da F\u00eanix, download do Agente F\u00eanix e Registro Procedimento para Importa\u00e7\u00e3o da&hellip;<\/p>\n","protected":false},"author":1,"featured_media":0,"parent":0,"menu_order":0,"comment_status":"closed","ping_status":"closed","template":"","meta":{"footnotes":""},"class_list":["post-283","page","type-page","status-publish","hentry"],"_links":{"self":[{"href":"https:\/\/www.fenix.com.br\/blogs\/wp-json\/wp\/v2\/pages\/283","targetHints":{"allow":["GET"]}}],"collection":[{"href":"https:\/\/www.fenix.com.br\/blogs\/wp-json\/wp\/v2\/pages"}],"about":[{"href":"https:\/\/www.fenix.com.br\/blogs\/wp-json\/wp\/v2\/types\/page"}],"author":[{"embeddable":true,"href":"https:\/\/www.fenix.com.br\/blogs\/wp-json\/wp\/v2\/users\/1"}],"replies":[{"embeddable":true,"href":"https:\/\/www.fenix.com.br\/blogs\/wp-json\/wp\/v2\/comments?post=283"}],"version-history":[{"count":4,"href":"https:\/\/www.fenix.com.br\/blogs\/wp-json\/wp\/v2\/pages\/283\/revisions"}],"predecessor-version":[{"id":1746,"href":"https:\/\/www.fenix.com.br\/blogs\/wp-json\/wp\/v2\/pages\/283\/revisions\/1746"}],"wp:attachment":[{"href":"https:\/\/www.fenix.com.br\/blogs\/wp-json\/wp\/v2\/media?parent=283"}],"curies":[{"name":"wp","href":"https:\/\/api.w.org\/{rel}","templated":true}]}}