{"id":277,"date":"2020-05-08T14:40:07","date_gmt":"2020-05-08T17:40:07","guid":{"rendered":"https:\/\/www.fenix.com.br\/blogs\/?page_id=277"},"modified":"2024-04-02T16:12:48","modified_gmt":"2024-04-02T19:12:48","slug":"patrimonio-publico","status":"publish","type":"page","link":"https:\/\/www.fenix.com.br\/blogs\/patrimonio-publico\/","title":{"rendered":"Patrim\u00f4nio-X5 &#8211; Gest\u00e3o de Patrim\u00f4nio P\u00fablico"},"content":{"rendered":"\n<p>Aplicativo completo para Gest\u00e3o e Controle de Patrim\u00f4nio p\u00fablico.<br><br><strong>Este aplicativo faz parte do sistema de Gest\u00e3o P\u00fablica Municipal.<\/strong><br><br><a href=\"https:\/\/www.fenix.com.br\/sistema\/apresentacao\/54\">Para acessar \u00e0 p\u00e1gina de download do mesmo basta clicar aqui<\/a>.<\/p>\n\n\n\n<h4 class=\"wp-block-heading\">Caracter\u00edsticas principais<\/h4>\n\n\n\n<ol class=\"wp-block-list\">\n<li>Cadastro de Bens M\u00f3veis, Bens Im\u00f3veis, Obras P\u00fablicas, Bens Natureza Industrial e Bens Intang\u00edveis;<\/li>\n\n\n\n<li>Cadastro de Setores, Localiza\u00e7\u00f5es, Categorias e Subcategorias classificat\u00f3ria dos Bens;<\/li>\n\n\n\n<li>Cadastro completo do Bem com controle de transfer\u00eancia de bens, aliena\u00e7\u00e3o e Controle total de deprecia\u00e7\u00e3o de bens entre outros;<\/li>\n\n\n\n<li>Emiss\u00e3o de termo de responsabilidade por setor e localiza\u00e7\u00e3o do Bem;<\/li>\n\n\n\n<li>Pesquisas completas;<\/li>\n\n\n\n<li>Relat\u00f3rios completos com op\u00e7\u00e3o para exporta\u00e7\u00e3o dos mesmo para WORD, EXCEL, HTML, PDF, Etc..<\/li>\n<\/ol>\n\n\n\n<h4 class=\"wp-block-heading\">Outras caracter\u00edsticas deste aplicativo<\/h4>\n\n\n\n<ol class=\"wp-block-list\">\n<li>Relat\u00f3rios completos com op\u00e7\u00e3o para exporta\u00e7\u00e3o dos mesmo para WORD, EXCEL, HTML, PDF, Etc&#8230;<\/li>\n<\/ol>\n\n\n\n<h4 class=\"wp-block-heading\">Informa\u00e7\u00f5es Adicionais<\/h4>\n\n\n\n<figure class=\"wp-block-embed is-type-wp-embed is-provider-central-de-ajuda wp-block-embed-central-de-ajuda\"><div class=\"wp-block-embed__wrapper\">\n<blockquote class=\"wp-embedded-content\" data-secret=\"atfyh4ljO4\"><a href=\"https:\/\/www.fenix.com.br\/blogs\/sistemas-operacionais-compativeis-com-os-aplicativos\/\">Sistemas operacionais compat\u00edveis com os aplicativos<\/a><\/blockquote><iframe loading=\"lazy\" class=\"wp-embedded-content\" sandbox=\"allow-scripts\" security=\"restricted\" style=\"position: absolute; clip: rect(1px, 1px, 1px, 1px);\" title=\"&#8220;Sistemas operacionais compat\u00edveis com os aplicativos&#8221; &#8212; Central de Ajuda\" src=\"https:\/\/www.fenix.com.br\/blogs\/sistemas-operacionais-compativeis-com-os-aplicativos\/embed\/#?secret=flg3LUmLtv#?secret=atfyh4ljO4\" data-secret=\"atfyh4ljO4\" width=\"600\" height=\"338\" frameborder=\"0\" marginwidth=\"0\" marginheight=\"0\" scrolling=\"no\"><\/iframe>\n<\/div><\/figure>\n\n\n\n<ul class=\"wp-block-list\">\n<li><a href=\"http:\/\/fenix.com.br\/Wiki\/index.php\/Arquivo:Html_navegador.png\"><\/a>&nbsp;<a href=\"http:\/\/www.fenix.com.br\/ftp\/patrimoniox5\/HTML\/index.html\">Clique aqui para acessar o AJUDA Online deste aplicativo<\/a><\/li>\n<\/ul>\n\n\n\n<h4 class=\"wp-block-heading\">D\u00favidas e Orienta\u00e7\u00f5es<\/h4>\n\n\n\n<p>&#8211;&nbsp;<a href=\"https:\/\/www.fenix.com.br\/ftp\/patrimoniox5\/docs\/Port_448_2002.pdf\"><strong>Clique aqui para acessar a PORTARIA N\u00ba 448, DE 13 DE SETEMBRO DE 2002 &#8211; Detalhamento das naturezas de despesas 339030&#8230; (Bens que s\u00e3o considerados como Material de Consumo)<\/strong><\/a><\/p>\n\n\n\n<p>&#8211;&nbsp;<a href=\"https:\/\/www.fenix.com.br\/ftp\/patrimoniox5\/docs\/Anexo_I.pdf\"><strong>Clique aqui para baixar Anexo I &#8211; INSTRU\u00c7\u00c3O NORMATIVA SRF N\u00ba 162, DE 31 DE DEZEMBRO DE 1998 &#8211; Tabela Categorias e subcategorias<\/strong><\/a><\/p>\n\n\n\n<p>-Modelo de Ficha Patrimonial para levantamento inicial:&nbsp;<strong>clicar no link:&nbsp;<\/strong><a href=\"https:\/\/www.fenix.com.br\/ftp\/patrimoniox5\/docs\/Ficha_Patrimonial_Levantamento_Inicial.doc\">Modelo de Ficha Patrimonial para levantamento inicial<\/a><strong>.<\/strong><\/p>\n\n\n\n<p>&#8211;<a href=\"https:\/\/www.fenix.com.br\/ftp\/doc_diversos\/termo_circunstanciado_recebimento.doc\">Clique aqui para baixar o&nbsp;<strong>Modelo do Termo Circunstanciado de Recebimento de Bens M\u00f3veis<\/strong><\/a><\/p>\n\n\n\n<h4 class=\"wp-block-heading\"><\/h4>\n\n\n\n<figure class=\"wp-block-image size-large\"><img loading=\"lazy\" decoding=\"async\" width=\"129\" height=\"45\" src=\"https:\/\/www.fenix.com.br\/blogs\/wp-content\/uploads\/2020\/05\/video_aula_logo.png\" alt=\"\" class=\"wp-image-406\"\/><\/figure>\n\n\n\n<br><ul><li><p style=\"font-size:14px\"><a href=\"https:\/\/youtu.be\/CP5LWrInuqM\" target=\"_blank\" rel=\"noopener noreferrer\">Acesso a p\u00e1gina da F\u00eanix, download do Agente F\u00eanix e Registro  <\/a><i class=\"fab fa-youtube\"><\/i><\/p><\/li>\n<li><p style=\"font-size:14px\"><a href=\"https:\/\/youtu.be\/vUP2lfQz3P0\" target=\"_blank\" rel=\"noopener noreferrer\">Procedimento para Importa\u00e7\u00e3o da tabela de Munic\u00edpios dos Aplicativos da F\u00eanix.  <\/a><i class=\"fab fa-youtube\"><\/i><\/p><\/li><\/ul><ul>\n<li><p style=\"font-size:14px\">Instru\u00e7\u00f5es Iniciais<\/p><\/li>\n<ul>\n<li><p style=\"font-size:14px\"><a href=\"https:\/\/youtu.be\/CP5LWrInuqM\" target=\"_blank\" rel=\"noopener noreferrer\">Acesso \u00e0 p\u00e1gina da F\u00eanix, download do Agente F\u00eanix e Registro  <\/a><i class=\"fab fa-youtube\"><\/i><\/p><\/li>\n<li><p style=\"font-size:14px\"><a href=\"https:\/\/youtu.be\/XA3zlx-PaCE\" target=\"_blank\" rel=\"noopener noreferrer\">Importa\u00e7\u00e3o da tabela de munic\u00edpios via internet &#8211; Patrim\u00f4nio X5  <\/a><i class=\"fab fa-youtube\"><\/i><\/p><\/li>\n<li><p style=\"font-size:14px\"><a href=\"https:\/\/youtu.be\/vAYa95QC6Ys\" target=\"_blank\" rel=\"noopener noreferrer\">Importa\u00e7\u00e3o de Dados do Patrim\u00f4nio XP para o Patrim\u00f4nio X5.  <\/a><i class=\"fab fa-youtube\"><\/i><\/p><\/li>\n<li><p style=\"font-size:14px\"><a href=\"https:\/\/youtu.be\/UVBJrMwp2Yw\" target=\"_blank\" rel=\"noopener noreferrer\">Cadastros Iniciais para uso do sistema (Tabelas Auxiliares) &#8211; Patrim\u00f4nio X5  <\/a><i class=\"fab fa-youtube\"><\/i><\/p><\/li>\n<\/ul>\n<li><p style=\"font-size:14px\">BENS M\u00d3VEIS<\/p><\/li>\n<ul>\n<li><p style=\"font-size:14px\"><a href=\"https:\/\/youtu.be\/4K-P7qoDc2Q\" target=\"_blank\" rel=\"noopener noreferrer\">Cadastro de Bens M\u00f3veis &#8211; Patrim\u00f4nio X5 &#8211; Parte 1  <\/a><i class=\"fab fa-youtube\"><\/i><\/p><\/li>\n<li><p style=\"font-size:14px\"><a href=\"https:\/\/youtu.be\/VrnYDja0DIs\" target=\"_blank\" rel=\"noopener noreferrer\">Cadastro de Bens M\u00f3veis &#8211; Patrim\u00f4nio X5 &#8211; Parte 2  <\/a><i class=\"fab fa-youtube\"><\/i><\/p><\/li>\n<li><p style=\"font-size:14px\"><a href=\"https:\/\/youtu.be\/DqNrwLkAcLE\" target=\"_blank\" rel=\"noopener noreferrer\">Transfer\u00eancia de bem m\u00f3vel dentro do mesmo \u00f3rg\u00e3o &#8211; Patrim\u00f4nio X5  <\/a><i class=\"fab fa-youtube\"><\/i><\/p><\/li>\n<li><p style=\"font-size:14px\"><a href=\"https:\/\/youtu.be\/qdrI3OrzjKg\" target=\"_blank\" rel=\"noopener noreferrer\">Cess\u00e3o de uso do bem a outra entidade &#8211; Patrim\u00f4nio X5  <\/a><i class=\"fab fa-youtube\"><\/i><\/p><\/li>\n<li><p style=\"font-size:14px\"><a href=\"https:\/\/www.fenix.com.br\/blogs\/depreciacao-amortizacao-ou-exaustao\/\" target=\"_blank\" rel=\"noopener noreferrer\">Deprecia\u00e7\u00e3o, Amortiza\u00e7\u00e3o ou Exaust\u00e3o  <\/a><\/p><\/li>\n<li><p style=\"font-size:14px\"><a href=\"https:\/\/youtu.be\/x06BmkLAfMc\" target=\"_blank\" rel=\"noopener noreferrer\">Vincula\u00e7\u00e3o de bens com uma liquida\u00e7\u00e3o de empenho  <\/a><i class=\"fab fa-youtube\"><\/i><\/p><\/li>\n<\/ul>\n<li><p style=\"font-size:14px\">BENS IM\u00d3VEIS\/OBRAS\/BENS DE NATUREZA INDUSTRIAL<\/p><\/li>\n<ul>\n<li><p style=\"font-size:14px\"><a href=\"https:\/\/youtu.be\/alZwxP9QUGI\" target=\"_blank\" rel=\"noopener noreferrer\">Cadastro de Bens Bens Im\u00f3veis, Obras P\u00fablicas e Bens de Natureza Industrial &#8211; Patrim\u00f4nio X5  <\/a><i class=\"fab fa-youtube\"><\/i><\/p><\/li>\n<\/ul>\n<li><p style=\"font-size:14px\">BENS INTANG\u00cdVEIS<\/p><\/li>\n<ul>\n<li><p style=\"font-size:14px\"><a href=\"https:\/\/youtu.be\/oP8Ifs5iuyU\" target=\"_blank\" rel=\"noopener noreferrer\">Cadastro de Bens Intang\u00edveis &#8211; Patrim\u00f4nio X5  <\/a><i class=\"fab fa-youtube\"><\/i><\/p><\/li>\n<\/ul>\n<\/ul><br>\n\n\n\n<h4 class=\"wp-block-heading\">Links relacionados<\/h4>\n\n\n\n<figure class=\"wp-block-embed-wordpress wp-block-embed is-type-wp-embed is-provider-central-de-ajuda\"><div class=\"wp-block-embed__wrapper\">\n<blockquote class=\"wp-embedded-content\" data-secret=\"oDelcT9KvV\"><a href=\"https:\/\/www.fenix.com.br\/blogs\/suporte-remoto-via-anydesk\/\">Suporte remoto via AnyDesk e TeamView<\/a><\/blockquote><iframe loading=\"lazy\" class=\"wp-embedded-content\" sandbox=\"allow-scripts\" security=\"restricted\" style=\"position: absolute; clip: rect(1px, 1px, 1px, 1px);\" title=\"&#8220;Suporte remoto via AnyDesk e TeamView&#8221; &#8212; Central de Ajuda\" src=\"https:\/\/www.fenix.com.br\/blogs\/suporte-remoto-via-anydesk\/embed\/#?secret=bnHjvGxaB9#?secret=oDelcT9KvV\" data-secret=\"oDelcT9KvV\" width=\"600\" height=\"338\" frameborder=\"0\" marginwidth=\"0\" marginheight=\"0\" scrolling=\"no\"><\/iframe>\n<\/div><\/figure>\n","protected":false},"excerpt":{"rendered":"<p>Aplicativo completo para Gest\u00e3o e Controle de Patrim\u00f4nio p\u00fablico. Este aplicativo faz parte do sistema de Gest\u00e3o P\u00fablica Municipal. Para acessar \u00e0 p\u00e1gina de download do mesmo basta clicar aqui. Caracter\u00edsticas principais Outras caracter\u00edsticas deste aplicativo Informa\u00e7\u00f5es Adicionais D\u00favidas e Orienta\u00e7\u00f5es &#8211;&nbsp;Clique aqui para acessar a PORTARIA N\u00ba 448, DE 13 DE SETEMBRO DE 2002&hellip;<\/p>\n","protected":false},"author":1,"featured_media":0,"parent":0,"menu_order":0,"comment_status":"closed","ping_status":"closed","template":"","meta":{"footnotes":""},"class_list":["post-277","page","type-page","status-publish","hentry"],"_links":{"self":[{"href":"https:\/\/www.fenix.com.br\/blogs\/wp-json\/wp\/v2\/pages\/277","targetHints":{"allow":["GET"]}}],"collection":[{"href":"https:\/\/www.fenix.com.br\/blogs\/wp-json\/wp\/v2\/pages"}],"about":[{"href":"https:\/\/www.fenix.com.br\/blogs\/wp-json\/wp\/v2\/types\/page"}],"author":[{"embeddable":true,"href":"https:\/\/www.fenix.com.br\/blogs\/wp-json\/wp\/v2\/users\/1"}],"replies":[{"embeddable":true,"href":"https:\/\/www.fenix.com.br\/blogs\/wp-json\/wp\/v2\/comments?post=277"}],"version-history":[{"count":7,"href":"https:\/\/www.fenix.com.br\/blogs\/wp-json\/wp\/v2\/pages\/277\/revisions"}],"predecessor-version":[{"id":1745,"href":"https:\/\/www.fenix.com.br\/blogs\/wp-json\/wp\/v2\/pages\/277\/revisions\/1745"}],"wp:attachment":[{"href":"https:\/\/www.fenix.com.br\/blogs\/wp-json\/wp\/v2\/media?parent=277"}],"curies":[{"name":"wp","href":"https:\/\/api.w.org\/{rel}","templated":true}]}}