{"id":274,"date":"2020-05-08T14:38:47","date_gmt":"2020-05-08T17:38:47","guid":{"rendered":"https:\/\/www.fenix.com.br\/blogs\/?page_id=274"},"modified":"2025-02-19T17:42:42","modified_gmt":"2025-02-19T20:42:42","slug":"compras-publicas","status":"publish","type":"page","link":"https:\/\/www.fenix.com.br\/blogs\/compras-publicas\/","title":{"rendered":"Compras P\u00fablicas"},"content":{"rendered":"\n<p>Aplicativo para Controle e Gerenciamento de Compras P\u00fablicas.<br><br><strong>Este aplicativo faz parte do sistema de Gest\u00e3o P\u00fablica Municipal.<\/strong><br><\/p>\n\n\n\n<figure class=\"wp-block-embed is-type-wp-embed is-provider-central-de-ajuda wp-block-embed-central-de-ajuda\"><div class=\"wp-block-embed__wrapper\">\n<blockquote class=\"wp-embedded-content\" data-secret=\"0SZsRik680\"><a href=\"https:\/\/www.fenix.com.br\/blogs\/roteiros-compras-licitacao\/\">Roteiros &#8211; Compras\/Licita\u00e7\u00e3o<\/a><\/blockquote><iframe loading=\"lazy\" class=\"wp-embedded-content\" sandbox=\"allow-scripts\" security=\"restricted\" style=\"position: absolute; clip: rect(1px, 1px, 1px, 1px);\" title=\"&#8220;Roteiros &#8211; Compras\/Licita\u00e7\u00e3o&#8221; &#8212; Central de Ajuda\" src=\"https:\/\/www.fenix.com.br\/blogs\/roteiros-compras-licitacao\/embed\/#?secret=5txzmZISCB#?secret=0SZsRik680\" data-secret=\"0SZsRik680\" width=\"600\" height=\"338\" frameborder=\"0\" marginwidth=\"0\" marginheight=\"0\" scrolling=\"no\"><\/iframe>\n<\/div><\/figure>\n\n\n\n<p><br><a href=\"https:\/\/www.fenix.com.br\/sistema\/apresentacao\/58\">Para acessar \u00e0 p\u00e1gina de download do mesmo basta clicar aqui<\/a>.<\/p>\n\n\n\n<h4 class=\"wp-block-heading\">Caracter\u00edsticas principais<\/h4>\n\n\n\n<ol class=\"wp-block-list\">\n<li>Cadastros completos de Fornecedores, Grupos, Itens, Secret\u00e1rias (unidades or\u00e7ament\u00e1rias), Setores, Marcas, etc&#8230;;<\/li>\n\n\n\n<li>Cadastro completo e detalhado de requisi\u00e7\u00f5es;<\/li>\n\n\n\n<li>Controle de atendimento de requisi\u00e7\u00f5es;<\/li>\n\n\n\n<li>Pesquisas diversas.<\/li>\n\n\n\n<li>Relat\u00f3rios completos.<\/li>\n<\/ol>\n\n\n\n<h4 class=\"wp-block-heading\">Outras caracter\u00edsticas deste aplicativo<\/h4>\n\n\n\n<ol class=\"wp-block-list\">\n<li>Integra\u00e7\u00e3o a n\u00edvel de consultas da tabela de itens com os aplicativos&nbsp;<a href=\"https:\/\/www.fenix.com.br\/blogs\/contab-contabilidade-publica\/\">Contab &#8211; Sistema de Contabilidade P\u00fablica.<\/a>,&nbsp;<a href=\"https:\/\/www.fenix.com.br\/blogs\/licitacao-publica\/\">Licita\u00e7\u00e3o<\/a>,&nbsp;<a href=\"https:\/\/www.fenix.com.br\/blogs\/frota-de-veiculos-publicos-siscove\/\">SisCove (Ve\u00edculos)<\/a>&nbsp;e&nbsp;<a href=\"https:\/\/www.fenix.com.br\/blogs\/folhapag\/\">FolhaPag<\/a>.<\/li>\n\n\n\n<li>Relat\u00f3rios com op\u00e7\u00e3o para exporta\u00e7\u00e3o dos mesmo para WORD, EXCEL, HTML, PDF, Etc&#8230;<\/li>\n<\/ol>\n\n\n\n<h4 class=\"wp-block-heading\">Informa\u00e7\u00f5es Adicionais<\/h4>\n\n\n\n<figure class=\"wp-block-embed is-type-wp-embed is-provider-central-de-ajuda wp-block-embed-central-de-ajuda\"><div class=\"wp-block-embed__wrapper\">\n<blockquote class=\"wp-embedded-content\" data-secret=\"TVF7zVNgsz\"><a href=\"https:\/\/www.fenix.com.br\/blogs\/sistemas-operacionais-compativeis-com-os-aplicativos\/\">Sistemas operacionais compat\u00edveis com os aplicativos<\/a><\/blockquote><iframe loading=\"lazy\" class=\"wp-embedded-content\" sandbox=\"allow-scripts\" security=\"restricted\" style=\"position: absolute; clip: rect(1px, 1px, 1px, 1px);\" title=\"&#8220;Sistemas operacionais compat\u00edveis com os aplicativos&#8221; &#8212; Central de Ajuda\" src=\"https:\/\/www.fenix.com.br\/blogs\/sistemas-operacionais-compativeis-com-os-aplicativos\/embed\/#?secret=WPlJWhS0rw#?secret=TVF7zVNgsz\" data-secret=\"TVF7zVNgsz\" width=\"600\" height=\"338\" frameborder=\"0\" marginwidth=\"0\" marginheight=\"0\" scrolling=\"no\"><\/iframe>\n<\/div><\/figure>\n\n\n\n<ul class=\"wp-block-list\">\n<li><a href=\"http:\/\/fenix.com.br\/Wiki\/index.php\/Arquivo:Html_navegador.png\"><\/a>&nbsp;<a href=\"http:\/\/www.fenix.com.br\/ftp\/compras\/HTML\/index.html\">Clique aqui para acessar o AJUDA Online deste aplicativo<\/a><\/li>\n<\/ul>\n\n\n\n<figure class=\"wp-block-image size-large\"><img loading=\"lazy\" decoding=\"async\" width=\"129\" height=\"45\" src=\"https:\/\/www.fenix.com.br\/blogs\/wp-content\/uploads\/2020\/05\/video_aula_logo.png\" alt=\"\" class=\"wp-image-406\"\/><\/figure>\n\n\n\n<br><ul><li><p style=\"font-size:14px\"><a href=\"https:\/\/youtu.be\/CP5LWrInuqM\" target=\"_blank\" rel=\"noopener noreferrer\">Acesso a p\u00e1gina da F\u00eanix, download do Agente F\u00eanix e Registro  <\/a><i class=\"fab fa-youtube\"><\/i><\/p><\/li>\n<li><p style=\"font-size:14px\"><a href=\"https:\/\/youtu.be\/vUP2lfQz3P0\" target=\"_blank\" rel=\"noopener noreferrer\">Procedimento para Importa\u00e7\u00e3o da tabela de Munic\u00edpios dos Aplicativos da F\u00eanix.  <\/a><i class=\"fab fa-youtube\"><\/i><\/p><\/li><\/ul>\n\n\n\n<h2 class=\"wp-block-heading\"><a href=\"https:\/\/www.fenix.com.br\/ftp\/compras\/Licitacaocompras_fluxo_video_aulas.pdf\" data-type=\"link\" data-id=\"https:\/\/www.fenix.com.br\/ftp\/compras\/Licitacaocompras_fluxo_video_aulas.pdf\">Clique aqui para ver um Fluxograma de opera\u00e7\u00e3o do sistema Compras e Licita.<\/a><\/h2>\n\n\n\n<br>\n\n\n\n<figure class=\"wp-block-embed is-type-wp-embed is-provider-central-de-ajuda wp-block-embed-central-de-ajuda\"><div class=\"wp-block-embed__wrapper\">\n<blockquote class=\"wp-embedded-content\" data-secret=\"XXwcV3kfAk\"><a href=\"https:\/\/www.fenix.com.br\/blogs\/requisicoes-e-solicitacoes-de-compras-para-bem-permanente-e-ou-servico\/\">Requisi\u00e7\u00f5es e Solicita\u00e7\u00f5es de Compras para Bem Permanente e\/ou Servi\u00e7o<\/a><\/blockquote><iframe loading=\"lazy\" class=\"wp-embedded-content\" sandbox=\"allow-scripts\" security=\"restricted\" style=\"position: absolute; clip: rect(1px, 1px, 1px, 1px);\" title=\"&#8220;Requisi\u00e7\u00f5es e Solicita\u00e7\u00f5es de Compras para Bem Permanente e\/ou Servi\u00e7o&#8221; &#8212; Central de Ajuda\" src=\"https:\/\/www.fenix.com.br\/blogs\/requisicoes-e-solicitacoes-de-compras-para-bem-permanente-e-ou-servico\/embed\/#?secret=pYBFmKx4gD#?secret=XXwcV3kfAk\" data-secret=\"XXwcV3kfAk\" width=\"600\" height=\"338\" frameborder=\"0\" marginwidth=\"0\" marginheight=\"0\" scrolling=\"no\"><\/iframe>\n<\/div><\/figure>\n\n\n\n<h4 class=\"wp-block-heading\">Links relacionados<\/h4>\n\n\n\n<figure class=\"wp-block-embed is-type-wp-embed is-provider-central-de-ajuda wp-block-embed-central-de-ajuda\"><div class=\"wp-block-embed__wrapper\">\n<blockquote class=\"wp-embedded-content\" data-secret=\"rnk001JvbS\"><a href=\"https:\/\/www.fenix.com.br\/blogs\/suporte-remoto-via-anydesk\/\">Suporte remoto via AnyDesk e TeamView<\/a><\/blockquote><iframe loading=\"lazy\" class=\"wp-embedded-content\" sandbox=\"allow-scripts\" security=\"restricted\" style=\"position: absolute; clip: rect(1px, 1px, 1px, 1px);\" title=\"&#8220;Suporte remoto via AnyDesk e TeamView&#8221; &#8212; Central de Ajuda\" src=\"https:\/\/www.fenix.com.br\/blogs\/suporte-remoto-via-anydesk\/embed\/#?secret=1enqaFviZU#?secret=rnk001JvbS\" data-secret=\"rnk001JvbS\" width=\"600\" height=\"338\" frameborder=\"0\" marginwidth=\"0\" marginheight=\"0\" scrolling=\"no\"><\/iframe>\n<\/div><\/figure>\n","protected":false},"excerpt":{"rendered":"<p>Aplicativo para Controle e Gerenciamento de Compras P\u00fablicas. Este aplicativo faz parte do sistema de Gest\u00e3o P\u00fablica Municipal. Para acessar \u00e0 p\u00e1gina de download do mesmo basta clicar aqui. Caracter\u00edsticas principais Outras caracter\u00edsticas deste aplicativo Informa\u00e7\u00f5es Adicionais Acesso a p\u00e1gina da F\u00eanix, download do Agente F\u00eanix e Registro Procedimento para Importa\u00e7\u00e3o da tabela de Munic\u00edpios&hellip;<\/p>\n","protected":false},"author":1,"featured_media":0,"parent":0,"menu_order":0,"comment_status":"closed","ping_status":"closed","template":"","meta":{"footnotes":""},"class_list":["post-274","page","type-page","status-publish","hentry"],"_links":{"self":[{"href":"https:\/\/www.fenix.com.br\/blogs\/wp-json\/wp\/v2\/pages\/274","targetHints":{"allow":["GET"]}}],"collection":[{"href":"https:\/\/www.fenix.com.br\/blogs\/wp-json\/wp\/v2\/pages"}],"about":[{"href":"https:\/\/www.fenix.com.br\/blogs\/wp-json\/wp\/v2\/types\/page"}],"author":[{"embeddable":true,"href":"https:\/\/www.fenix.com.br\/blogs\/wp-json\/wp\/v2\/users\/1"}],"replies":[{"embeddable":true,"href":"https:\/\/www.fenix.com.br\/blogs\/wp-json\/wp\/v2\/comments?post=274"}],"version-history":[{"count":22,"href":"https:\/\/www.fenix.com.br\/blogs\/wp-json\/wp\/v2\/pages\/274\/revisions"}],"predecessor-version":[{"id":2039,"href":"https:\/\/www.fenix.com.br\/blogs\/wp-json\/wp\/v2\/pages\/274\/revisions\/2039"}],"wp:attachment":[{"href":"https:\/\/www.fenix.com.br\/blogs\/wp-json\/wp\/v2\/media?parent=274"}],"curies":[{"name":"wp","href":"https:\/\/api.w.org\/{rel}","templated":true}]}}