{"id":266,"date":"2020-05-08T14:35:12","date_gmt":"2020-05-08T17:35:12","guid":{"rendered":"https:\/\/www.fenix.com.br\/blogs\/?page_id=266"},"modified":"2024-04-02T16:10:03","modified_gmt":"2024-04-02T19:10:03","slug":"monitor-pcasp-acompanhamento-do-pcasp-em-tempo-real","status":"publish","type":"page","link":"https:\/\/www.fenix.com.br\/blogs\/monitor-pcasp-acompanhamento-do-pcasp-em-tempo-real\/","title":{"rendered":"Gerencial &#8211; Monitor PCASP &#8211; Acompanhamento do PCASP em Tempo Real"},"content":{"rendered":"\n<p>Modulo do aplicativo Gerencial voltado para o acompanhamento em Tempo Real da execu\u00e7\u00e3o do PCASP, de forma simples, com apresenta\u00e7\u00e3o de Gr\u00e1ficos, que s\u00e3o atualizados conforme s\u00e3o gerados os movimentos do PCASP, no sistema da contabilidade. Dando assim ao gestor ou controlador uma vis\u00e3o de fatos que podem gerar desequil\u00edbrios Or\u00e7ament\u00e1rios, tendo condi\u00e7\u00f5es de dar solu\u00e7\u00e3o aos mesmos antes do termino do exerc\u00edcio.<br><br><strong>Este modulo faz parte do sistema de Gest\u00e3o P\u00fablica Municipal.<\/strong><br><br>-Este moduloe uma extens\u00e3o do aplicativo&nbsp;<a href=\"https:\/\/www.fenix.com.br\/blogs\/gerencial-exportacoes-relatorios-e-pesquisas-gerenciais\/\" data-type=\"URL\" data-id=\"https:\/\/www.fenix.com.br\/blogs\/gerencial-exportacoes-relatorios-e-pesquisas-gerenciais\/\">Gerencial<\/a>, n\u00e3o tendo nenhuma fun\u00e7\u00e3o de uso sem que o aplicativo <a href=\"https:\/\/www.fenix.com.br\/blogs\/contab-contabilidade-publica\/\">Contab<\/a> esteja sendo utilizado.<\/p>\n\n\n\n<h4 class=\"wp-block-heading\">Outras caracter\u00edsticas deste aplicativo<\/h4>\n\n\n\n<br>\n\n\n\n<ul class=\"wp-block-list\">\n<li>-Gr\u00e1ficos em tempo real;<\/li>\n<\/ul>\n\n\n\n<br>\n\n\n\n<figure class=\"wp-block-image size-large\"><img loading=\"lazy\" decoding=\"async\" width=\"550\" height=\"335\" src=\"https:\/\/www.fenix.com.br\/blogs\/wp-content\/uploads\/2020\/05\/Monitor_pcasp_graficos1.png\" alt=\"\" class=\"wp-image-268\" srcset=\"https:\/\/www.fenix.com.br\/blogs\/wp-content\/uploads\/2020\/05\/Monitor_pcasp_graficos1.png 550w, https:\/\/www.fenix.com.br\/blogs\/wp-content\/uploads\/2020\/05\/Monitor_pcasp_graficos1-300x183.png 300w\" sizes=\"auto, (max-width: 550px) 100vw, 550px\" \/><\/figure>\n\n\n\n<ul class=\"wp-block-list\">\n<li>-Impress\u00e3o de Gr\u00e1ficos;<\/li>\n\n\n\n<li>-Exporta\u00e7\u00e3o de Gr\u00e1ficos;<\/li>\n\n\n\n<li>-Emiss\u00e3o de documento no formato do WORD com a \u201c<strong>Avalia\u00e7\u00e3o e Analise dos Indicadores<\/strong>\u201d;<\/li>\n<\/ul>\n\n\n\n<br>\n\n\n\n<h4 class=\"wp-block-heading\">Informa\u00e7\u00f5es Adicionais<\/h4>\n\n\n\n<figure class=\"wp-block-embed is-type-wp-embed is-provider-central-de-ajuda wp-block-embed-central-de-ajuda\"><div class=\"wp-block-embed__wrapper\">\n<blockquote class=\"wp-embedded-content\" data-secret=\"vaTCn6jYs9\"><a href=\"https:\/\/www.fenix.com.br\/blogs\/sistemas-operacionais-compativeis-com-os-aplicativos\/\">Sistemas operacionais compat\u00edveis com os aplicativos<\/a><\/blockquote><iframe loading=\"lazy\" class=\"wp-embedded-content\" sandbox=\"allow-scripts\" security=\"restricted\" style=\"position: absolute; clip: rect(1px, 1px, 1px, 1px);\" title=\"&#8220;Sistemas operacionais compat\u00edveis com os aplicativos&#8221; &#8212; Central de Ajuda\" src=\"https:\/\/www.fenix.com.br\/blogs\/sistemas-operacionais-compativeis-com-os-aplicativos\/embed\/#?secret=jSGS8taKgI#?secret=vaTCn6jYs9\" data-secret=\"vaTCn6jYs9\" width=\"600\" height=\"338\" frameborder=\"0\" marginwidth=\"0\" marginheight=\"0\" scrolling=\"no\"><\/iframe>\n<\/div><\/figure>\n\n\n\n<p><\/p>\n\n\n\n<ul class=\"wp-block-list\">\n<li><a href=\"http:\/\/fenix.com.br\/Wiki\/index.php\/Arquivo:Html_navegador.png\"><\/a>&nbsp;<a href=\"https:\/\/www.fenix.com.br\/ftp\/gerencial\/HTML\/monitor_pcasp_acompanhamento.htm\" data-type=\"URL\" data-id=\"https:\/\/www.fenix.com.br\/ftp\/gerencial\/HTML\/monitor_pcasp_acompanhamento.htm\">Clique aqui para acessar o AJUDA Online deste aplicativo<\/a><\/li>\n<\/ul>\n\n\n\n<p><em><strong>Plano de Contas \u00danico<\/strong><\/em><\/p>\n\n\n\n<ul class=\"wp-block-list\">\n<li><a href=\"https:\/\/www.fenix.com.br\/blogs\/pcasp\/\">PCASP &#8211; Plano de Contas \u00danico.<\/a><\/li>\n<\/ul>\n\n\n\n<h4 class=\"wp-block-heading\">Links relacionados<\/h4>\n\n\n\n<figure class=\"wp-block-embed-wordpress wp-block-embed is-type-wp-embed is-provider-central-de-ajuda\"><div class=\"wp-block-embed__wrapper\">\n<blockquote class=\"wp-embedded-content\" data-secret=\"pX93kJ3m3u\"><a href=\"https:\/\/www.fenix.com.br\/blogs\/suporte-remoto-via-anydesk\/\">Suporte remoto via AnyDesk e TeamView<\/a><\/blockquote><iframe loading=\"lazy\" class=\"wp-embedded-content\" sandbox=\"allow-scripts\" security=\"restricted\" style=\"position: absolute; clip: rect(1px, 1px, 1px, 1px);\" title=\"&#8220;Suporte remoto via AnyDesk e TeamView&#8221; &#8212; Central de Ajuda\" src=\"https:\/\/www.fenix.com.br\/blogs\/suporte-remoto-via-anydesk\/embed\/#?secret=SeHBF5oGNx#?secret=pX93kJ3m3u\" data-secret=\"pX93kJ3m3u\" width=\"600\" height=\"338\" frameborder=\"0\" marginwidth=\"0\" marginheight=\"0\" scrolling=\"no\"><\/iframe>\n<\/div><\/figure>\n\n\n\n<pre class=\"wp-block-code\"><code><\/code><\/pre>\n","protected":false},"excerpt":{"rendered":"<p>Modulo do aplicativo Gerencial voltado para o acompanhamento em Tempo Real da execu\u00e7\u00e3o do PCASP, de forma simples, com apresenta\u00e7\u00e3o de Gr\u00e1ficos, que s\u00e3o atualizados conforme s\u00e3o gerados os movimentos do PCASP, no sistema da contabilidade. Dando assim ao gestor ou controlador uma vis\u00e3o de fatos que podem gerar desequil\u00edbrios Or\u00e7ament\u00e1rios, tendo condi\u00e7\u00f5es de dar&hellip;<\/p>\n","protected":false},"author":1,"featured_media":0,"parent":0,"menu_order":0,"comment_status":"closed","ping_status":"closed","template":"","meta":{"footnotes":""},"class_list":["post-266","page","type-page","status-publish","hentry"],"_links":{"self":[{"href":"https:\/\/www.fenix.com.br\/blogs\/wp-json\/wp\/v2\/pages\/266","targetHints":{"allow":["GET"]}}],"collection":[{"href":"https:\/\/www.fenix.com.br\/blogs\/wp-json\/wp\/v2\/pages"}],"about":[{"href":"https:\/\/www.fenix.com.br\/blogs\/wp-json\/wp\/v2\/types\/page"}],"author":[{"embeddable":true,"href":"https:\/\/www.fenix.com.br\/blogs\/wp-json\/wp\/v2\/users\/1"}],"replies":[{"embeddable":true,"href":"https:\/\/www.fenix.com.br\/blogs\/wp-json\/wp\/v2\/comments?post=266"}],"version-history":[{"count":7,"href":"https:\/\/www.fenix.com.br\/blogs\/wp-json\/wp\/v2\/pages\/266\/revisions"}],"predecessor-version":[{"id":1739,"href":"https:\/\/www.fenix.com.br\/blogs\/wp-json\/wp\/v2\/pages\/266\/revisions\/1739"}],"wp:attachment":[{"href":"https:\/\/www.fenix.com.br\/blogs\/wp-json\/wp\/v2\/media?parent=266"}],"curies":[{"name":"wp","href":"https:\/\/api.w.org\/{rel}","templated":true}]}}