{"id":258,"date":"2020-05-08T14:29:53","date_gmt":"2020-05-08T17:29:53","guid":{"rendered":"https:\/\/www.fenix.com.br\/blogs\/?page_id=258"},"modified":"2026-01-20T09:06:32","modified_gmt":"2026-01-20T12:06:32","slug":"lrf-lei-de-responsabilidade-fiscal","status":"publish","type":"page","link":"https:\/\/www.fenix.com.br\/blogs\/lrf-lei-de-responsabilidade-fiscal\/","title":{"rendered":"LRF &#8211; Lei de Responsabilidade Fiscal"},"content":{"rendered":"\n<p>Aplicativo voltado para o processamento, fechamento e impress\u00e3o dos Anexos da Lei de Responsabilidade Fiscal, em conformidade com as portarias da STN em vig\u00eancia.<br><br><strong>Este aplicativo faz parte do sistema de Gest\u00e3o P\u00fablica Municipal.<\/strong><br><br><a href=\"https:\/\/www.fenix.com.br\/sistema\/apresentacao\/68\">Para acessar \u00e0 p\u00e1gina de download da \u00faltima vers\u00e3o do mesmo basta clicar aqui<\/a>.<br><\/p>\n\n\n\n<h4 class=\"wp-block-heading\">Caracter\u00edsticas principais<\/h4>\n\n\n\n<ol class=\"wp-block-list\">\n<li>Fechamento automatizado de todos os Anexos da execu\u00e7\u00e3o or\u00e7ament\u00e1ria e da Gest\u00e3o Fiscal.<\/li>\n\n\n\n<li>Emiss\u00e3o de documento no formato RTF e Word com a An\u00e1lise da Execu\u00e7\u00e3o Or\u00e7ament\u00e1ria\/Gest\u00e3o Fiscal dos anexos da LRF.<\/li>\n\n\n\n<li>Emiss\u00e3o de documento no formato RTF e Word com a finalidade de apresenta\u00e7\u00e3o na Audi\u00eancia P\u00fablica.<\/li>\n\n\n\n<li>Processamento, fechamento e gera\u00e7\u00e3o do Relat\u00f3rio &#8220;Comparativo das Metas Bimestrais de Arrecada\u00e7\u00e3o&#8221;, em cumprimento ao disposto no artigo 13, da Lei Complementar n\u00ba 101, de 04 de maio de 2000.<\/li>\n\n\n\n<li>Gera\u00e7\u00e3o de documento no formato do Word com a An\u00e1lise da Execu\u00e7\u00e3o Or\u00e7ament\u00e1ria\/Gest\u00e3o Fiscal em atendimento ao Art. 9\u00ba, \u00a74\u00ba, da Lei Complementar Federal n\u00ba101\/00;<\/li>\n\n\n\n<li>Totalmente adequado ao&nbsp;<a href=\"https:\/\/www.tesourotransparente.gov.br\/publicacoes\/ementario-da-classificacao-por-natureza-de-receita-tabela-de-codigos\/2022\/26-2\">NOVO EMENT\u00c1RIO DA CLASSIFICA\u00c7\u00c3O POR NATUREZA DA RECEITA OR\u00c7AMENT\u00c1RIA<\/a>.<\/li>\n\n\n\n<li>Publica\u00e7\u00e3o direta dos Anexos RREO e Gest\u00e3o Fiscal.<\/li>\n<\/ol>\n\n\n\n<p>Artigo relacionado &#8211; Ver<a href=\"http:\/\/pt.wikipedia.org\/wiki\/Lei_de_Responsabilidade_Fiscal\">: Lei de Responsabilidade Fiscal<\/a><\/p>\n\n\n\n<br>\n\n\n\n<h4 class=\"wp-block-heading\">Informa\u00e7\u00f5es Adicionais<\/h4>\n\n\n\n<figure class=\"wp-block-embed is-type-wp-embed is-provider-central-de-ajuda wp-block-embed-central-de-ajuda\"><div class=\"wp-block-embed__wrapper\">\n<blockquote class=\"wp-embedded-content\" data-secret=\"VP99fVvmB0\"><a href=\"https:\/\/www.fenix.com.br\/blogs\/sistemas-operacionais-compativeis-com-os-aplicativos\/\">Sistemas operacionais compat\u00edveis com os aplicativos<\/a><\/blockquote><iframe loading=\"lazy\" class=\"wp-embedded-content\" sandbox=\"allow-scripts\" security=\"restricted\" style=\"position: absolute; clip: rect(1px, 1px, 1px, 1px);\" title=\"&#8220;Sistemas operacionais compat\u00edveis com os aplicativos&#8221; &#8212; Central de Ajuda\" src=\"https:\/\/www.fenix.com.br\/blogs\/sistemas-operacionais-compativeis-com-os-aplicativos\/embed\/#?secret=T4uOSKjIf7#?secret=VP99fVvmB0\" data-secret=\"VP99fVvmB0\" width=\"600\" height=\"338\" frameborder=\"0\" marginwidth=\"0\" marginheight=\"0\" scrolling=\"no\"><\/iframe>\n<\/div><\/figure>\n\n\n\n<ul class=\"wp-block-list\">\n<li><a href=\"http:\/\/fenix.com.br\/Wiki\/index.php\/Arquivo:Html_navegador.png\"><\/a>&nbsp;<a href=\"http:\/\/www.fenix.com.br\/ftp\/lrf2022\/HTML\/index.html\">Clique aqui para acessar o AJUDA Online deste aplicativo<\/a><\/li>\n<\/ul>\n\n\n\n<br>\n\n\n\n<figure class=\"wp-block-image size-large\"><img loading=\"lazy\" decoding=\"async\" width=\"129\" height=\"45\" src=\"https:\/\/www.fenix.com.br\/blogs\/wp-content\/uploads\/2020\/05\/video_aula_logo.png\" alt=\"\" class=\"wp-image-406\"\/><\/figure>\n\n\n\n<br><ul><li><p style=\"font-size:14px\"><a href=\"https:\/\/youtu.be\/CP5LWrInuqM\" target=\"_blank\" rel=\"noopener noreferrer\">Acesso a p\u00e1gina da F\u00eanix, download do Agente F\u00eanix e Registro  <\/a><i class=\"fab fa-youtube\"><\/i><\/p><\/li>\n<li><p style=\"font-size:14px\"><a href=\"https:\/\/youtu.be\/vUP2lfQz3P0\" target=\"_blank\" rel=\"noopener noreferrer\">Procedimento para Importa\u00e7\u00e3o da tabela de Munic\u00edpios dos Aplicativos da F\u00eanix.  <\/a><i class=\"fab fa-youtube\"><\/i><\/p><\/li><\/ul><ul>\n<li><p style=\"font-size:14px\"><a href=\"https:\/\/youtu.be\/2xji5JO3ax8\" target=\"_blank\" rel=\"noopener noreferrer\">Emiss\u00e3o de documentos para Audi\u00eancia P\u00fablica e An\u00e1lise da Execu\u00e7\u00e3o Or\u00e7ament\u00e1ria\/Gest\u00e3o Fical  <\/a><i class=\"fab fa-youtube\"><\/i><\/p><\/li>\n<\/ul><br>\n\n\n\n<br>\n\n\n\n<h4 class=\"wp-block-heading\">D\u00favidas<\/h4>\n\n\n\n<ul class=\"wp-block-list\">\n<li><a href=\"https:\/\/www.fenix.com.br\/blogs\/lrf-procedimentos-usados-para-calcular-o-anexo-8-educacao-despesas\/\">LRF &#8211; Procedimentos usados no calculo do Anexo 8 \u2013 Educa\u00e7\u00e3o &#8211; Despesas<\/a> <strong><em>(*At\u00e9 2020)<\/em><\/strong><\/li>\n\n\n\n<li><a href=\"https:\/\/www.fenix.com.br\/blogs\/lrf-procedimentos-usados-no-calculo-do-anexo-12-saude-despesas-com-asps\/\">LRF &#8211; Procedimentos usados no calculo do Anexo 12 \u2013 Sa\u00fade &#8211; Despesas com ASPS<\/a><strong> (*At\u00e9 2020)<\/strong><\/li>\n<\/ul>\n\n\n\n<br>\n\n\n\n<h4 class=\"wp-block-heading\">Todas as vers\u00f5es da LRF (Links para Download das mesmas)<\/h4>\n\n\n\n<ul class=\"wp-block-list\">\n<li><a href=\"https:\/\/www.fenix.com.br\/ftp\/InstalaGdiPlus.exe\">Clique Aqui para fazer o Download do GdiPlus<\/a><\/li>\n<\/ul>\n\n\n\n<ul class=\"wp-block-list\">\n<li><a href=\"http:\/\/download.fenix.com.br\/ftp\/lrf2007\/InstalaLRF2007unico.exe\" data-type=\"URL\" data-id=\"http:\/\/download.fenix.com.br\/ftp\/lrf2007\/InstalaLRF2007unico.exe\">Clique Aqui para fazer o Download da LRF-2007 (*Este aplicativo n\u00e3o e compat\u00edvel com o Windows 10)<\/a><\/li>\n\n\n\n<li><a href=\"http:\/\/download.fenix.com.br\/ftp\/lrf2008\/InstalaLRF2008unico.exe\" data-type=\"URL\" data-id=\"http:\/\/download.fenix.com.br\/ftp\/lrf2008\/InstalaLRF2008unico.exe\">Clique Aqui para fazer o Download da LRF-2008 (*Este aplicativo n\u00e3o e compat\u00edvel com o Windows 10)<\/a><\/li>\n\n\n\n<li><a href=\"https:\/\/download.fenix.com.br\/ftp\/lrf2009\/InstalaLRF2009unico.exe\" data-type=\"URL\" data-id=\"https:\/\/download.fenix.com.br\/ftp\/lrf2009\/InstalaLRF2009unico.exe\">Clique Aqui para fazer o Download da LRF-2009 (*Este aplicativo n\u00e3o e compat\u00edvel com o Windows 10)<\/a>*Solicitar \u00e0 F\u00eanix o Execut\u00e1vel desta vers\u00e3o. <\/li>\n\n\n\n<li><a href=\"https:\/\/download.fenix.com.br\/ftp\/lrf2010\/InstalaLRF2010unico.exe\" data-type=\"URL\" data-id=\"https:\/\/download.fenix.com.br\/ftp\/lrf2010\/InstalaLRF2010unico.exe\">Clique Aqui para fazer o Download da LRF-2010 (*<\/a><a href=\"http:\/\/download.fenix.com.br\/ftp\/lrf2010\/InstalaLRF2010unico.exe\" data-type=\"URL\" data-id=\"http:\/\/download.fenix.com.br\/ftp\/lrf2010\/InstalaLRF2010unico.exe\">Este <\/a><a href=\"https:\/\/download.fenix.com.br\/ftp\/lrf2010\/InstalaLRF2010unico.exe\" data-type=\"URL\" data-id=\"https:\/\/download.fenix.com.br\/ftp\/lrf2010\/InstalaLRF2010unico.exe\">aplicativo n\u00e3o e compat\u00edvel com o Windows 10)<\/a><\/li>\n\n\n\n<li><a href=\"http:\/\/download.fenix.com.br\/ftp\/lrf2011\/InstalaLRF2011unico.exe\" data-type=\"URL\" data-id=\"http:\/\/download.fenix.com.br\/ftp\/lrf2011\/InstalaLRF2011unico.exe\">Clique Aqui para fazer o Download da LRF-2011 (*Este aplicativo n\u00e3o e compat\u00edvel com o Windows 10)<\/a><\/li>\n\n\n\n<li><a href=\"http:\/\/download.fenix.com.br\/ftp\/lrf2012\/InstalaLRF2012unico.exe\" data-type=\"URL\" data-id=\"http:\/\/download.fenix.com.br\/ftp\/lrf2012\/InstalaLRF2012unico.exe\">Clique Aqui para fazer o Download da LRF-2012<\/a><\/li>\n\n\n\n<li><a href=\"http:\/\/download.fenix.com.br\/ftp\/lrf2013\/InstalaLRF2013unico.exe\" data-type=\"URL\" data-id=\"http:\/\/download.fenix.com.br\/ftp\/lrf2013\/InstalaLRF2013unico.exe\">Clique Aqui para fazer o Download da LRF-2013<\/a><\/li>\n\n\n\n<li><a href=\"https:\/\/www.fenix.com.br\/ftp\/lrf2014\/instalalrf2014unicover_112g.exe\" data-type=\"URL\">Clique Aqui para fazer o Download da LRF-2014<\/a><\/li>\n\n\n\n<li><a href=\"https:\/\/www.fenix.com.br\/ftp\/lrf2015\/instalalrf2015unicover_112g.exe\" data-type=\"URL\">Clique Aqui para fazer o Download da LRF-2015<\/a><\/li>\n\n\n\n<li><a href=\"https:\/\/www.fenix.com.br\/ftp\/lrf2016\/InstalaLRF2016unico.exe\" data-type=\"URL\">Clique Aqui para fazer o Download da LRF-2016<\/a><\/li>\n<\/ul>\n\n\n\n<figure class=\"wp-block-image size-large\"><img loading=\"lazy\" decoding=\"async\" width=\"821\" height=\"507\" src=\"https:\/\/www.fenix.com.br\/blogs\/wp-content\/uploads\/2020\/05\/AgenteFenixCfgLRFate2016.png\" alt=\"\" class=\"wp-image-535\" srcset=\"https:\/\/www.fenix.com.br\/blogs\/wp-content\/uploads\/2020\/05\/AgenteFenixCfgLRFate2016.png 821w, https:\/\/www.fenix.com.br\/blogs\/wp-content\/uploads\/2020\/05\/AgenteFenixCfgLRFate2016-300x185.png 300w, https:\/\/www.fenix.com.br\/blogs\/wp-content\/uploads\/2020\/05\/AgenteFenixCfgLRFate2016-768x474.png 768w\" sizes=\"auto, (max-width: 821px) 100vw, 821px\" \/><\/figure>\n\n\n\n<ul class=\"wp-block-list\">\n<li><a href=\"https:\/\/www.fenix.com.br\/ftp\/lrf2017\/InstalaLRF2017unico.exe\">Clique Aqui para fazer o Download da LRF-2017<\/a><\/li>\n\n\n\n<li><a href=\"https:\/\/www.fenix.com.br\/ftp\/lrf2018\/InstalaLRF2018unico.exe\">Clique Aqui para fazer o Download da LRF-2018<\/a><\/li>\n\n\n\n<li><a href=\"https:\/\/www.fenix.com.br\/ftp\/lrf2019\/InstalaLRF2019unico.exe\">Clique Aqui para fazer o Download da LRF-2019<\/a><\/li>\n\n\n\n<li><a href=\"https:\/\/www.fenix.com.br\/ftp\/lrf2020\/InstalaLRF2020unico.exe\">Clique Aqui para fazer o Download da LRF-2020<\/a><\/li>\n\n\n\n<li><a href=\"https:\/\/www.fenix.com.br\/ftp\/lrf2021\/InstalaLRF2021unico.exe\">Clique Aqui para fazer o Download da LRF-2021<\/a><\/li>\n\n\n\n<li><a href=\"https:\/\/www.fenix.com.br\/ftp\/lrf2022\/InstalaLRF2022unico.exe\" data-type=\"link\" data-id=\"https:\/\/www.fenix.com.br\/ftp\/lrf2022\/InstalaLRF2022unico.exe\">Clique Aqui para fazer o Download da LRF-2022<\/a><\/li>\n\n\n\n<li><a href=\"https:\/\/www.fenix.com.br\/ftp\/lrf2023\/InstalaLRF2023unico.exe\" data-type=\"link\" data-id=\"https:\/\/www.fenix.com.br\/ftp\/lrf2023\/InstalaLRF2023unico.exe\">Clique Aqui para fazer o Download da LRF-2023<\/a><\/li>\n\n\n\n<li><a href=\"https:\/\/www.fenix.com.br\/ftp\/lrf2024\/InstalaLRF2024unico.exe\" data-type=\"link\" data-id=\"https:\/\/www.fenix.com.br\/ftp\/lrf2024\/InstalaLRF2024unico.exe\">Clique Aqui para fazer o Download da LRF-2024<\/a><\/li>\n\n\n\n<li><a href=\"https:\/\/www.fenix.com.br\/ftp\/lrf2025\/InstalaLRF2025unico.exe\" data-type=\"link\" data-id=\"https:\/\/www.fenix.com.br\/ftp\/lrf2025\/InstalaLRF2025unico.exe\">Clique Aqui para fazer o Download da LRF-2025<\/a><\/li>\n<\/ul>\n\n\n\n<p><\/p>\n","protected":false},"excerpt":{"rendered":"<p>Aplicativo voltado para o processamento, fechamento e impress\u00e3o dos Anexos da Lei de Responsabilidade Fiscal, em conformidade com as portarias da STN em vig\u00eancia. Este aplicativo faz parte do sistema de Gest\u00e3o P\u00fablica Municipal. Para acessar \u00e0 p\u00e1gina de download da \u00faltima vers\u00e3o do mesmo basta clicar aqui. Caracter\u00edsticas principais Artigo relacionado &#8211; Ver: Lei&hellip;<\/p>\n","protected":false},"author":1,"featured_media":0,"parent":0,"menu_order":0,"comment_status":"closed","ping_status":"closed","template":"","meta":{"footnotes":""},"class_list":["post-258","page","type-page","status-publish","hentry"],"_links":{"self":[{"href":"https:\/\/www.fenix.com.br\/blogs\/wp-json\/wp\/v2\/pages\/258","targetHints":{"allow":["GET"]}}],"collection":[{"href":"https:\/\/www.fenix.com.br\/blogs\/wp-json\/wp\/v2\/pages"}],"about":[{"href":"https:\/\/www.fenix.com.br\/blogs\/wp-json\/wp\/v2\/types\/page"}],"author":[{"embeddable":true,"href":"https:\/\/www.fenix.com.br\/blogs\/wp-json\/wp\/v2\/users\/1"}],"replies":[{"embeddable":true,"href":"https:\/\/www.fenix.com.br\/blogs\/wp-json\/wp\/v2\/comments?post=258"}],"version-history":[{"count":29,"href":"https:\/\/www.fenix.com.br\/blogs\/wp-json\/wp\/v2\/pages\/258\/revisions"}],"predecessor-version":[{"id":2162,"href":"https:\/\/www.fenix.com.br\/blogs\/wp-json\/wp\/v2\/pages\/258\/revisions\/2162"}],"wp:attachment":[{"href":"https:\/\/www.fenix.com.br\/blogs\/wp-json\/wp\/v2\/media?parent=258"}],"curies":[{"name":"wp","href":"https:\/\/api.w.org\/{rel}","templated":true}]}}