{"id":255,"date":"2020-05-08T14:26:01","date_gmt":"2020-05-08T17:26:01","guid":{"rendered":"https:\/\/www.fenix.com.br\/blogs\/?page_id=255"},"modified":"2024-04-02T16:10:41","modified_gmt":"2024-04-02T19:10:41","slug":"gerencial-exportacoes-relatorios-e-pesquisas-gerenciais","status":"publish","type":"page","link":"https:\/\/www.fenix.com.br\/blogs\/gerencial-exportacoes-relatorios-e-pesquisas-gerenciais\/","title":{"rendered":"Gerencial &#8211; Exporta\u00e7\u00f5es, Relat\u00f3rios e Pesquisas Gerenciais"},"content":{"rendered":"\n<p>Aplicativo voltado para a Pesquisa, Gerenciamento e Emiss\u00e3o de Relat\u00f3rios pertinentes \u00e0 Contabilidade P\u00fablica, englobando todas as \u00c1reas, desde a Elabora\u00e7\u00e3o do PPA, passando pela LDO, LOA, Execu\u00e7\u00e3o, LRF, SIOPS, SIOPE, e fechamento Anual (Balan\u00e7o).<br>Aqui o usu\u00e1rio dos aplicativos da F\u00eanix, poder\u00e1 efetuar o processamento, pesquisa e impress\u00e3o de relat\u00f3rios e pesquisas Gerenciais de uma maneira simples e eficiente.<br><br><strong>Este aplicativo faz parte do sistema de Gest\u00e3o P\u00fablica Municipal.<\/strong><br><br><a href=\"https:\/\/www.fenix.com.br\/sistema\/apresentacao\/39\">Para acessar \u00e0 p\u00e1gina de download da \u00faltima vers\u00e3o do mesmo basta clicar aqui<\/a>.<br><\/p>\n\n\n<div class=\"wp-block-image\">\n<figure class=\"alignleft size-large is-resized\"><img loading=\"lazy\" decoding=\"async\" width=\"45\" height=\"41\" src=\"https:\/\/www.fenix.com.br\/blogs\/wp-content\/uploads\/2020\/05\/Wikipedia_logo.png\" alt=\"\" class=\"wp-image-441\" style=\"width:30px;height:27px\"\/><\/figure>\n<\/div>\n\n\n<p>&nbsp;artigo relacionado &#8211; Ver&nbsp;<a href=\"http:\/\/pt.wikipedia.org\/wiki\/Contabilidade_p%C3%BAblica\">: Contabilidade P\u00fablica<\/a><\/p>\n\n\n\n<h4 class=\"wp-block-heading\">Caracter\u00edsticas principais<\/h4>\n\n\n\n<ol class=\"wp-block-list\">\n<li>Pesquisas diversas na base de dados da contabilidade.<\/li>\n\n\n\n<li>Relat\u00f3rios completos com alto padr\u00e3o de qualidade visual.<\/li>\n\n\n\n<li>Cronograma de Desembolso com acompanhamento das Despesas a Pagar via Calend\u00e1rio.<\/li>\n\n\n\n<li>Anexos do DCASP: Gera\u00e7\u00e3o de todos os anexos do DCASP em conformidade com as \u00faltimas IPCs atualizadas pela&nbsp;<strong><a href=\"http:\/\/www.tesouro.fazenda.gov.br\/\">STN<\/a><\/strong>.<\/li>\n\n\n\n<li>Exporta\u00e7\u00e3o totalmente automatizadas dos lan\u00e7amentos cont\u00e1beis para imposta\u00e7\u00e3o no&nbsp;<a href=\"http:\/\/siops.datasus.gov.br\/\">SIOPS (Sa\u00fade)<\/a>&nbsp;e&nbsp;<a href=\"http:\/\/www.fnde.gov.br\/fnde-sistemas\/sistema-siope-apresentacao\">SIOPE (Educa\u00e7\u00e3o)<\/a>.<\/li>\n\n\n\n<li>Totalmente adequado ao&nbsp;<a href=\"http:\/\/www.tesouro.fazenda.gov.br\/-\/ementario-da-receita-orcamentaria\">NOVO EMENT\u00c1RIO DA CLASSIFICA\u00c7\u00c3O POR NATUREZA DA RECEITA OR\u00c7AMENT\u00c1RIA<\/a>.<\/li>\n\n\n\n<li>Gera\u00e7\u00e3o dos arquivos do&nbsp;<strong><a href=\"https:\/\/siconfi.tesouro.gov.br\/siconfi\/index.jsf\">SICONFI<\/a><\/strong>&nbsp;da&nbsp;<a href=\"http:\/\/www.tesouro.fazenda.gov.br\/\">STN<\/a>&nbsp;para importa\u00e7\u00e3o Bimestral dos anexos da LRF e Anual no&nbsp;<a href=\"https:\/\/siconfi.tesouro.gov.br\/siconfi\/index.jsf\">SICONFI<\/a>&nbsp;totalmente automatizada.<\/li>\n\n\n\n<li>Gera\u00e7\u00e3o da&nbsp;<strong><a href=\"https:\/\/siconfi.tesouro.gov.br\/siconfi\/pages\/public\/conteudo\/conteudo.jsf?id=10302\">Matriz de Saldos Cont\u00e1beis &#8211; MSC<\/a><\/strong>&nbsp;da&nbsp;<a href=\"http:\/\/www.tesouro.fazenda.gov.br\/\">STN<\/a>&nbsp;para importa\u00e7\u00e3o mensal no&nbsp;<a href=\"https:\/\/siconfi.tesouro.gov.br\/siconfi\/index.jsf\">SICONFI<\/a>&nbsp;totalmente automatizada.<\/li>\n\n\n\n<li>FNDE &#8211; Formul\u00e1rios de Presta\u00e7\u00e3o de Contas: Gera\u00e7\u00e3o automatizada do ANEXO I &#8211; DEMONSTRATIVO DA EXECU\u00c7\u00c3O DA RECEITA E DA DESPESA E DE PAGAMENTOS EFETUADOS;<\/li>\n\n\n\n<li>Gera\u00e7\u00e3o dos Quadros de slides para Audi\u00eancia P\u00fablica da Sa\u00fade Quadrimestral.<\/li>\n<\/ol>\n\n\n\n<h4 class=\"wp-block-heading\">Outras caracter\u00edsticas deste aplicativo<\/h4>\n\n\n\n<ul class=\"wp-block-list\">\n<li>Op\u00e7\u00e3o para Exporta\u00e7\u00e3o de todos os relat\u00f3rios para os formatos Word, Excel, Html, Pdf, Etc.<\/li>\n<\/ul>\n\n\n\n<h4 class=\"wp-block-heading\">Informa\u00e7\u00f5es Adicionais<\/h4>\n\n\n\n<figure class=\"wp-block-embed is-type-wp-embed is-provider-central-de-ajuda wp-block-embed-central-de-ajuda\"><div class=\"wp-block-embed__wrapper\">\n<blockquote class=\"wp-embedded-content\" data-secret=\"2U0RF00pQb\"><a href=\"https:\/\/www.fenix.com.br\/blogs\/sistemas-operacionais-compativeis-com-os-aplicativos\/\">Sistemas operacionais compat\u00edveis com os aplicativos<\/a><\/blockquote><iframe loading=\"lazy\" class=\"wp-embedded-content\" sandbox=\"allow-scripts\" security=\"restricted\" style=\"position: absolute; clip: rect(1px, 1px, 1px, 1px);\" title=\"&#8220;Sistemas operacionais compat\u00edveis com os aplicativos&#8221; &#8212; Central de Ajuda\" src=\"https:\/\/www.fenix.com.br\/blogs\/sistemas-operacionais-compativeis-com-os-aplicativos\/embed\/#?secret=AyGjsXWSOF#?secret=2U0RF00pQb\" data-secret=\"2U0RF00pQb\" width=\"600\" height=\"338\" frameborder=\"0\" marginwidth=\"0\" marginheight=\"0\" scrolling=\"no\"><\/iframe>\n<\/div><\/figure>\n\n\n\n<br>\n\n\n\n<ul class=\"wp-block-list\">\n<li><a href=\"http:\/\/fenix.com.br\/Wiki\/index.php\/Arquivo:Html_navegador.png\"><\/a>&nbsp;<a href=\"http:\/\/www.fenix.com.br\/ftp\/gerencial\/HTML\/index.html\">Clique aqui para acessar o AJUDA Online deste aplicativo<\/a><\/li>\n<\/ul>\n\n\n\n<br>\n\n\n\n<figure class=\"wp-block-image size-large\"><img loading=\"lazy\" decoding=\"async\" width=\"129\" height=\"45\" src=\"https:\/\/www.fenix.com.br\/blogs\/wp-content\/uploads\/2020\/05\/video_aula_logo.png\" alt=\"\" class=\"wp-image-406\"\/><\/figure>\n\n\n\n<br><ul>\n<li><p style=\"font-size:14px\"><a href=\"https:\/\/youtu.be\/ELJpm-_nAck\" target=\"_blank\" rel=\"noopener noreferrer\">Procedimentos para importa\u00e7\u00e3o de Dados da Contabilidade para o Aplicativo &#8211; SIOPE.  <\/a><i class=\"fab fa-youtube\"><\/i><\/p><\/li>\n<li><p style=\"font-size:14px\"><a href=\"https:\/\/youtu.be\/TGw9d9WJlGk\" target=\"_blank\" rel=\"noopener noreferrer\">Procedimentos para o Carregamento instancias XBRL no SICONFI  <\/a><i class=\"fab fa-youtube\"><\/i><\/p><\/li>\n<\/ul><br>\n\n\n\n<h4 class=\"wp-block-heading\">Links relacionados<\/h4>\n\n\n\n<figure><a href=\"https:\/\/www.fenix.com.br\/blogs\/suporte-remoto-via-anydesk\/\"><\/a><iframe loading=\"lazy\" src=\"https:\/\/www.fenix.com.br\/blogs\/suporte-remoto-via-anydesk\/embed\/\" width=\"600\" height=\"338\"><\/iframe><\/figure>\n","protected":false},"excerpt":{"rendered":"<p>Aplicativo voltado para a Pesquisa, Gerenciamento e Emiss\u00e3o de Relat\u00f3rios pertinentes \u00e0 Contabilidade P\u00fablica, englobando todas as \u00c1reas, desde a Elabora\u00e7\u00e3o do PPA, passando pela LDO, LOA, Execu\u00e7\u00e3o, LRF, SIOPS, SIOPE, e fechamento Anual (Balan\u00e7o).Aqui o usu\u00e1rio dos aplicativos da F\u00eanix, poder\u00e1 efetuar o processamento, pesquisa e impress\u00e3o de relat\u00f3rios e pesquisas Gerenciais de uma&hellip;<\/p>\n","protected":false},"author":1,"featured_media":0,"parent":0,"menu_order":0,"comment_status":"closed","ping_status":"closed","template":"","meta":{"footnotes":""},"class_list":["post-255","page","type-page","status-publish","hentry"],"_links":{"self":[{"href":"https:\/\/www.fenix.com.br\/blogs\/wp-json\/wp\/v2\/pages\/255","targetHints":{"allow":["GET"]}}],"collection":[{"href":"https:\/\/www.fenix.com.br\/blogs\/wp-json\/wp\/v2\/pages"}],"about":[{"href":"https:\/\/www.fenix.com.br\/blogs\/wp-json\/wp\/v2\/types\/page"}],"author":[{"embeddable":true,"href":"https:\/\/www.fenix.com.br\/blogs\/wp-json\/wp\/v2\/users\/1"}],"replies":[{"embeddable":true,"href":"https:\/\/www.fenix.com.br\/blogs\/wp-json\/wp\/v2\/comments?post=255"}],"version-history":[{"count":7,"href":"https:\/\/www.fenix.com.br\/blogs\/wp-json\/wp\/v2\/pages\/255\/revisions"}],"predecessor-version":[{"id":1740,"href":"https:\/\/www.fenix.com.br\/blogs\/wp-json\/wp\/v2\/pages\/255\/revisions\/1740"}],"wp:attachment":[{"href":"https:\/\/www.fenix.com.br\/blogs\/wp-json\/wp\/v2\/media?parent=255"}],"curies":[{"name":"wp","href":"https:\/\/api.w.org\/{rel}","templated":true}]}}