{"id":253,"date":"2020-05-08T14:23:43","date_gmt":"2020-05-08T17:23:43","guid":{"rendered":"https:\/\/www.fenix.com.br\/blogs\/?page_id=253"},"modified":"2024-04-02T16:09:31","modified_gmt":"2024-04-02T19:09:31","slug":"contab-contabilidade-publica","status":"publish","type":"page","link":"https:\/\/www.fenix.com.br\/blogs\/contab-contabilidade-publica\/","title":{"rendered":"Contab &#8211; Contabilidade P\u00fablica"},"content":{"rendered":"\n<p>Aplicativo voltado para a presta\u00e7\u00e3o de contas e controle da Contabilidade P\u00fablica em todas as suas nuances.Este aplicativo tem a sua vers\u00e3o por per\u00edodo, ou seja, existem v\u00e1rios execut\u00e1veis de acordo com o per\u00edodo que o usu\u00e1rio deseja acessar.<br><br><strong>Este aplicativo faz parte do sistema de Gest\u00e3o P\u00fablica Municipal.<\/strong><br><br>Atualmente, existe apenas a vers\u00e3o para o per\u00edodo de&nbsp;<strong>2010 em diante<\/strong>,&nbsp;<a href=\"https:\/\/www.fenix.com.br\/sistema\/apresentacao\/43\">para baixar a mesma basta clicar aqui<\/a>.<br><\/p>\n\n\n<div class=\"wp-block-image\">\n<figure class=\"alignleft size-large is-resized\"><img loading=\"lazy\" decoding=\"async\" width=\"45\" height=\"41\" src=\"https:\/\/www.fenix.com.br\/blogs\/wp-content\/uploads\/2020\/05\/Wikipedia_logo.png\" alt=\"\" class=\"wp-image-441\" style=\"width:34px;height:31px\"\/><\/figure>\n<\/div>\n\n\n<p>&nbsp;Artigo relacionado &#8211; Ver&nbsp;<a href=\"http:\/\/pt.wikipedia.org\/wiki\/Contabilidade_p%C3%BAblica\">: Contabilidade P\u00fablica<\/a><\/p>\n\n\n\n<br>\n\n\n\n<h4 class=\"wp-block-heading\">Caracter\u00edsticas principais<\/h4>\n\n\n\n<ol class=\"wp-block-list\">\n<li>Cadastros Completos de Empenhos, Ordens de Pagamento, Anula\u00e7\u00f5es de Empenhos, com controle completo de todo o processo, (<em>Empenho, Liquida\u00e7\u00e3o e Pagamento<\/em>).<\/li>\n\n\n\n<li>Pesquisas diversas.<\/li>\n\n\n\n<li>Exporta\u00e7\u00e3o de dados para valida\u00e7\u00e3o e analise pelos Tribunais de Contas dos Estados de&nbsp;<a href=\"http:\/\/www.tce.go.gov.br\/\">Goi\u00e1s<\/a>,&nbsp;<a href=\"http:\/\/www.tce.to.gov.br\/\">Tocantins<\/a>,&nbsp;<a href=\"http:\/\/www.tce.pa.gov.br\/\">Par\u00e1<\/a>&nbsp;e&nbsp;<a href=\"https:\/\/apps.tce.ma.gov.br\/sinc-site\/\">SINC &#8211; Maranh\u00e3o<\/a>.<\/li>\n\n\n\n<li>Relat\u00f3rios completos com alto padr\u00e3o de qualidade visual.<\/li>\n\n\n\n<li>Notas de Empenhos, Ordens de Pagamento, todos gerados e impressos em papel Chamex-A4, sem a necessidade de aquisi\u00e7\u00e3o de formul\u00e1rios pr\u00e9-impressos.<\/li>\n\n\n\n<li>Fechamento de planilha totalmente automatizada com base nos lan\u00e7amentos cont\u00e1beis para lan\u00e7amento nos aplicativos do Governo Federal&nbsp;<a href=\"http:\/\/siops.datasus.gov.br\/\">SIOPS (Sa\u00fade)<\/a>&nbsp;e&nbsp;<a href=\"http:\/\/www.fnde.gov.br\/fnde-sistemas\/sistema-siope-apresentacao\">SIOPE (Educa\u00e7\u00e3o)<\/a>.<\/li>\n\n\n\n<li>Totalmente adequado ao&nbsp;<a href=\"http:\/\/www.tesouro.fazenda.gov.br\/-\/ementario-da-receita-orcamentaria\">NOVO EMENT\u00c1RIO DA CLASSIFICA\u00c7\u00c3O POR NATUREZA DA RECEITA OR\u00c7AMENT\u00c1RIA<\/a>.<\/li>\n<\/ol>\n\n\n\n<h4 class=\"wp-block-heading\">Outras caracter\u00edsticas deste aplicativo<\/h4>\n\n\n\n<ul class=\"wp-block-list\">\n<li>Op\u00e7\u00e3o para Exporta\u00e7\u00e3o de todos os relat\u00f3rios para os formatos Word, Excel, Html, Pdf, Etc.<\/li>\n<\/ul>\n\n\n\n<ul class=\"wp-block-list\">\n<li><a href=\"http:\/\/fenix.com.br\/Wiki\/index.php\/Arquivo:Prev_logo.jpg\"><\/a>Sistema adequado \u00e0&nbsp;<a href=\"http:\/\/www.previdencia.gov.br\/wp-content\/uploads\/2013\/05\/PORTARIA-MPS-N%C2%BA-509-de-12dez20131.pdf\">Portaria MPS 509\/2013<\/a>, que disciplina o tratamento cont\u00e1bil aplicado aos regimes pr\u00f3prios de previd\u00eancia social.<\/li>\n<\/ul>\n\n\n\n<ul class=\"wp-block-list\">\n<li><a href=\"http:\/\/fenix.com.br\/Wiki\/index.php\/Arquivo:Caixa.jpg\"><\/a>Sistema adequado \u00e0 exporta\u00e7\u00e3o de dados para a Sefip.Orienta\u00e7\u00e3o T\u00e9cnica pagamento de prestadores de servi\u00e7os Pessoa F\u00edsica (Lei 10.666\/2003 e IN\/INSS\/DC 87\/2003)&nbsp;<a href=\"http:\/\/fenix.com.br\/Wiki\/index.php?title=Pagamento_de_Prestadores_de_Servi%C3%A7os_-_Pessoa_F%C3%ADsica_(Lei_10.666\/2003_e_IN\/INSS\/DC_87\/2003)\">Clique aqui<\/a><\/li>\n<\/ul>\n\n\n\n<ul class=\"wp-block-list\">\n<li><a href=\"http:\/\/fenix.com.br\/Wiki\/index.php\/Arquivo:Prev_logo.jpg\"><\/a><a href=\"http:\/\/idg.receita.fazenda.gov.br\/orientacao\/tributaria\/auditoria-fiscal\/arquivos-digitais-auditoria-fiscal-de-empresas\">(SVA) Arquivos Digitais (Manad)<\/a>&nbsp;&#8211; Sistema de Valida\u00e7\u00e3o e Autentica\u00e7\u00e3o de Arquivos Digitais a ser(em) entregue(s) ao Auditor-Fiscal da Previd\u00eancia Social. (necess\u00e1rio para o envio do arquivo gerado pelo Contab).<\/li>\n<\/ul>\n\n\n\n<ul class=\"wp-block-list\">\n<li><a href=\"http:\/\/fenix.com.br\/Wiki\/index.php\/Arquivo:Stn_siconfi_logo.png\"><\/a>&nbsp;<a href=\"https:\/\/siconfi.tesouro.gov.br\/siconfi\/index.jsf\">SICONFI &#8211; Tesouro Nacional<\/a>&nbsp;&#8211; Exporta\u00e7\u00e3o de Dados para atendimento do SICONFI \/ MSC \/ XBRL.<\/li>\n<\/ul>\n\n\n\n<br>\n\n\n\n<h4 class=\"wp-block-heading\">Informa\u00e7\u00f5es Adicionais<\/h4>\n\n\n\n<figure class=\"wp-block-embed is-type-wp-embed is-provider-central-de-ajuda wp-block-embed-central-de-ajuda\"><div class=\"wp-block-embed__wrapper\">\n<blockquote class=\"wp-embedded-content\" data-secret=\"WEDgZiQOiC\"><a href=\"https:\/\/www.fenix.com.br\/blogs\/sistemas-operacionais-compativeis-com-os-aplicativos\/\">Sistemas operacionais compat\u00edveis com os aplicativos<\/a><\/blockquote><iframe loading=\"lazy\" class=\"wp-embedded-content\" sandbox=\"allow-scripts\" security=\"restricted\" style=\"position: absolute; clip: rect(1px, 1px, 1px, 1px);\" title=\"&#8220;Sistemas operacionais compat\u00edveis com os aplicativos&#8221; &#8212; Central de Ajuda\" src=\"https:\/\/www.fenix.com.br\/blogs\/sistemas-operacionais-compativeis-com-os-aplicativos\/embed\/#?secret=mO9YaqtKJy#?secret=WEDgZiQOiC\" data-secret=\"WEDgZiQOiC\" width=\"600\" height=\"338\" frameborder=\"0\" marginwidth=\"0\" marginheight=\"0\" scrolling=\"no\"><\/iframe>\n<\/div><\/figure>\n\n\n\n<ul class=\"wp-block-list\">\n<li><a href=\"http:\/\/fenix.com.br\/Wiki\/index.php\/Arquivo:Html_navegador.png\"><\/a>&nbsp;<a href=\"http:\/\/www.fenix.com.br\/ftp\/contab2010\/HTML\/index.html\">Clique aqui para acessar o AJUDA Online deste aplicativo<\/a><\/li>\n<\/ul>\n\n\n\n<br>\n\n\n\n<figure class=\"wp-block-image size-large\"><img loading=\"lazy\" decoding=\"async\" width=\"129\" height=\"45\" src=\"https:\/\/www.fenix.com.br\/blogs\/wp-content\/uploads\/2020\/05\/video_aula_logo.png\" alt=\"\" class=\"wp-image-406\"\/><\/figure>\n\n\n\n<br>\n<ul>\n    <li><p style=\"font-size:14px\">Execu\u00e7\u00e3o Or\u00e7ament\u00e1ria<\/p><\/li>\n\t<ul>\n\t\t<li><p style=\"font-size:14px\"><a href=\"https:\/\/youtu.be\/nkFdQ_hzC3k\" target=\"_blank\" rel=\"noopener noreferrer\">Roteiro para Abertura de Cr\u00e9dito Especial  <\/a><i class=\"fab fa-youtube\"><\/i><\/p><\/li>\n\t<\/ul>\n\t<li><p style=\"font-size:14px\">Outros Procedimentos<\/p><\/li>\n\t<ul>\n\t\t\t\t<li><p style=\"font-size:14px\"><a href=\"https:\/\/youtu.be\/foYkaeZV3SI\" target=\"_blank\" rel=\"noopener noreferrer\">Lan\u00e7ar Or\u00e7amento de C\u00e2mara e Outros \u00d3rg\u00e3os que n\u00e3o elaboram Or\u00e7amento pr\u00f3prio  <\/a><i class=\"fab fa-youtube\"><\/i><\/p><\/li>\n\t\t<li><p style=\"font-size:14px\"><a href=\"##\" target=\"_blank\" rel=\"noopener noreferrer\">Lan\u00e7amento do Saldo Patrimonial do Balancete de Verifica\u00e7\u00e3o do exerc\u00edcio anterior \u2013 Encerramento das Contas  <\/a><i class=\"fab fa-youtube\"><\/i><\/p><\/li>\n\t\t<li><p style=\"font-size:14px\"><a href=\"https:\/\/youtu.be\/-X4kZzpuP10\" target=\"_blank\" rel=\"noopener noreferrer\">Ajustes e Adequa\u00e7\u00f5es para Resolu\u00e7\u00e3o 11.534 TCM-PA \u2013 CONTAB <\/a><i class=\"fab fa-youtube\"><\/i><\/p><\/li>\n\t\t<li><p style=\"font-size:14px\"><a href=\"https:\/\/youtu.be\/JsmA3wMxWYA\" target=\"_blank\" rel=\"noopener noreferrer\">Ajustes e Adequa\u00e7\u00f5es para Resolu\u00e7\u00e3o 11.534 TCM-PA \u2013 CONTAB \u2013 Parte 2  <\/a><i class=\"fab fa-youtube\"><\/i><\/p><\/li>\n\t\t<li><p style=\"font-size:14px\"><a href=\"https:\/\/youtu.be\/0ZoXhePnBhw\" target=\"_blank\" rel=\"noopener noreferrer\">SIOPS Municipal \u2013 Exporta\u00e7\u00e3o de Dados  <\/a><i class=\"fab fa-youtube\"><\/i><\/p><\/li>\t\n\t\t\t\t<li><p style=\"font-size:14px\"><a href=\"https:\/\/youtu.be\/coN5714WIY8\" target=\"_blank\" rel=\"noopener noreferrer\">Uso dos sistemas da F\u00eanix em uma REDE  <\/a><i class=\"fab fa-youtube\"><\/i><\/p><\/li>\n\t\t<li><p style=\"font-size:14px\"><a href=\"https:\/\/youtu.be\/CP5LWrInuqM\" target=\"_blank\" rel=\"noopener noreferrer\">Acesso a p\u00e1gina da F\u00eanix, download do Agente F\u00eanix e Registro  <\/a><i class=\"fab fa-youtube\"><\/i><\/p><\/li>\n\t\t<li><p style=\"font-size:14px\"><a href=\"https:\/\/youtu.be\/CP5LWrInuqM\" target=\"_blank\" rel=\"noopener noreferrer\">Acesso a p\u00e1gina da F\u00eanix, download do Agente F\u00eanix e Registro  <\/a><i class=\"fab fa-youtube\"><\/i><\/p><\/li>\n\t<\/ul>\n<\/ul>\n<br>\n\n\n\n<h4 class=\"wp-block-heading\">D\u00favidas<\/h4>\n\n\n\n<br>\n\n\n\n<p><em><strong>Fechamentos Banc\u00e1rios:<\/strong><\/em><\/p>\n\n\n\n<ul class=\"wp-block-list\">\n<li><a href=\"https:\/\/www.fenix.com.br\/blogs\/como-contabilizar-devolucao-de-convenio\/\">Como Contabilizar Devolu\u00e7\u00e3o de Conv\u00eanio?<\/a><\/li>\n\n\n\n<li><a href=\"https:\/\/www.fenix.com.br\/blogs\/ajustar-saldo-em-banco-negativos-por-consequencia-dos-saldos-estarem-aplicados\/\">Como ajustar os Saldos em Bancos Negativos, por consequ\u00eancia dos Saldos estarem Aplicados?<\/a><\/li>\n<\/ul>\n\n\n\n<p><em><strong>Outros<\/strong><\/em><\/p>\n\n\n\n<ul class=\"wp-block-list\">\n<li><a href=\"https:\/\/www.fenix.com.br\/blogs\/funcionamento-das-retencoes-de-receitas-em-orgaos-que-nao-possuem-receita-propria\/\">Como funcionam as reten\u00e7\u00f5es de Receitas em \u00d3rg\u00e3os que n\u00e3o possuem Receita Pr\u00f3pria?<\/a><\/li>\n\n\n\n<li><a href=\"https:\/\/www.fenix.com.br\/blogs\/funcionamento-do-lancamento-de-rendimentos-de-aplicacao-financeira-da-camara-e-de-orgaos-ligados-a-prefeitura\/\">Como funciona o lan\u00e7amento de Rendimentos de Aplica\u00e7\u00e3o Financeira da C\u00e2mara e de \u00d3rg\u00e3os ligados a Prefeitura?<\/a><\/li>\n\n\n\n<li><a href=\"https:\/\/www.fenix.com.br\/blogs\/tabela-de-titulos-da-extra-e-tabela-de-retencoes-descontos-e-vantagens\/\">Ajustes na Tabela de T\u00edtulos da Extra e Reten\u00e7\u00f5es e Descontos de OPs<\/a><\/li>\n\n\n\n<li><a href=\"https:\/\/www.fenix.com.br\/blogs\/receitas-e-despesas-intra-orcamentarias\/\">Receitas e Despesas Intra-Or\u00e7ament\u00e1rias<\/a><\/li>\n<\/ul>\n\n\n\n<br>\n\n\n\n<h4 class=\"wp-block-heading\">Orienta\u00e7\u00f5es T\u00e9cnicas<\/h4>\n\n\n\n<br>\n\n\n\n<p><em><strong>Diversos<\/strong><\/em><\/p>\n\n\n\n<ul class=\"wp-block-list\">\n<li><a href=\"https:\/\/www.fenix.com.br\/blogs\/orientacoes-quanto-a-exportacao-de-dados-tcm-go-quando-da-troca-de-unidade-orcamentaria-de-um-orgao-de-um-exercicio-para-o-outro\/\">Orienta\u00e7\u00f5es quanto a Exporta\u00e7\u00e3o de dados &#8211; TCM-GO quando da troca de Unidade Or\u00e7ament\u00e1ria de um \u00d3rg\u00e3o de um exerc\u00edcio para o outro<\/a><\/li>\n\n\n\n<li><a href=\"https:\/\/www.fenix.com.br\/blogs\/habilitacao-e-uso-da-solicitacao-de-compras-no-contab\/\">Procedimentos para Habilita\u00e7\u00e3o e uso da Solicita\u00e7\u00e3o de Compras no Contab<\/a><\/li>\n\n\n\n<li><a href=\"http:\/\/fenix.com.br\/Wiki\/index.php\/Procedimentos_para_se_lan%C3%A7ar_Receitas_diretamente_nos_%C3%93rg%C3%A3os,_evitando-se,_assim,_o_lan%C3%A7amento_de_Transfer%C3%AAncias_Financeiras\">Procedimentos para se lan\u00e7ar Receitas diretamente nos \u00d3rg\u00e3os, evitando-se, assim, o lan\u00e7amento de Transfer\u00eancias Financeiras<\/a><\/li>\n\n\n\n<li><a href=\"https:\/\/www.fenix.com.br\/blogs\/pagamento-de-prestadores-de-servicos-pessoa-fisica-lei-10-666-2003-e-in-inss-dc-87-2003\/\">Pagamento de Prestadores de Servi\u00e7os &#8211; Pessoa F\u00edsica (Lei 10.666\/2003 e IN\/INSS\/DC 87\/2003)<\/a> <\/li>\n\n\n\n<li><a href=\"https:\/\/www.fenix.com.br\/blogs\/procedimentos-para-o-inventario-e-atualizacao-do-patrimonio-bens-moveis\/\">Procedimentos para o invent\u00e1rio e atualiza\u00e7\u00e3o do Patrim\u00f4nio \u2013 Bens M\u00f3veis<\/a><\/li>\n<\/ul>\n\n\n\n<h4 class=\"wp-block-heading\"><br>Links relacionados<\/h4>\n\n\n\n<figure><a href=\"https:\/\/www.fenix.com.br\/blogs\/suporte-remoto-via-anydesk\/\"><\/a><iframe loading=\"lazy\" src=\"https:\/\/www.fenix.com.br\/blogs\/suporte-remoto-via-anydesk\/embed\/\" width=\"600\" height=\"338\"><\/iframe><\/figure>\n","protected":false},"excerpt":{"rendered":"<p>Aplicativo voltado para a presta\u00e7\u00e3o de contas e controle da Contabilidade P\u00fablica em todas as suas nuances.Este aplicativo tem a sua vers\u00e3o por per\u00edodo, ou seja, existem v\u00e1rios execut\u00e1veis de acordo com o per\u00edodo que o usu\u00e1rio deseja acessar. Este aplicativo faz parte do sistema de Gest\u00e3o P\u00fablica Municipal. Atualmente, existe apenas a vers\u00e3o para&hellip;<\/p>\n","protected":false},"author":1,"featured_media":0,"parent":0,"menu_order":0,"comment_status":"closed","ping_status":"closed","template":"","meta":{"footnotes":""},"class_list":["post-253","page","type-page","status-publish","hentry"],"_links":{"self":[{"href":"https:\/\/www.fenix.com.br\/blogs\/wp-json\/wp\/v2\/pages\/253","targetHints":{"allow":["GET"]}}],"collection":[{"href":"https:\/\/www.fenix.com.br\/blogs\/wp-json\/wp\/v2\/pages"}],"about":[{"href":"https:\/\/www.fenix.com.br\/blogs\/wp-json\/wp\/v2\/types\/page"}],"author":[{"embeddable":true,"href":"https:\/\/www.fenix.com.br\/blogs\/wp-json\/wp\/v2\/users\/1"}],"replies":[{"embeddable":true,"href":"https:\/\/www.fenix.com.br\/blogs\/wp-json\/wp\/v2\/comments?post=253"}],"version-history":[{"count":24,"href":"https:\/\/www.fenix.com.br\/blogs\/wp-json\/wp\/v2\/pages\/253\/revisions"}],"predecessor-version":[{"id":1738,"href":"https:\/\/www.fenix.com.br\/blogs\/wp-json\/wp\/v2\/pages\/253\/revisions\/1738"}],"wp:attachment":[{"href":"https:\/\/www.fenix.com.br\/blogs\/wp-json\/wp\/v2\/media?parent=253"}],"curies":[{"name":"wp","href":"https:\/\/api.w.org\/{rel}","templated":true}]}}