{"id":247,"date":"2020-05-08T14:18:48","date_gmt":"2020-05-08T17:18:48","guid":{"rendered":"https:\/\/www.fenix.com.br\/blogs\/?page_id=247"},"modified":"2024-04-02T16:09:05","modified_gmt":"2024-04-02T19:09:05","slug":"loa-lei-orcamentaria-anual","status":"publish","type":"page","link":"https:\/\/www.fenix.com.br\/blogs\/loa-lei-orcamentaria-anual\/","title":{"rendered":"LOA &#8211; Lei Or\u00e7ament\u00e1ria Anual"},"content":{"rendered":"\n<p>Aplicativo para processamento, fechamento e Impress\u00e3o da LOA &#8211; Lei Or\u00e7ament\u00e1ria Anual.<br><br><strong>Este aplicativo faz parte do sistema de Gest\u00e3o P\u00fablica Municipal.<\/strong><br><br><a href=\"http:\/\/www.fenix.com.br\/sistemas.php?id=2\">Para acessar \u00e0 p\u00e1gina de download do mesmo basta clicar aqui<\/a>.<br><br><a href=\"http:\/\/fenix.com.br\/Wiki\/index.php\/Arquivo:Wikipedia-logo.jpg\"><\/a>&nbsp;artigo relacionado &#8211; Ver&nbsp;<a href=\"http:\/\/pt.wikipedia.org\/wiki\/Or%C3%A7amento\">: Or\u00e7amento P\u00fablico<\/a><br><br><a href=\"https:\/\/www.fenix.com.br\/blogs\/definicoes-legais-dos-orcamentos-fiscal-e-da-seguridade-social\/\">Defini\u00e7\u00f5es Legais dos Or\u00e7amentos Fiscal e da Seguridade Social<\/a><br><\/p>\n\n\n\n<h4 class=\"wp-block-heading\">Caracter\u00edsticas principais<\/h4>\n\n\n\n<ol class=\"wp-block-list\">\n<li>Lan\u00e7amento do quadro da despesa automatizado.<\/li>\n\n\n\n<li>Lan\u00e7amento da programa\u00e7\u00e3o financeira e cronograma mensal de desembolso totalmente automatizado.<\/li>\n\n\n\n<li>Exporta\u00e7\u00e3o de dados para valida\u00e7\u00e3o e Analise pelos Tribunais de Contas dos Estados de&nbsp;<a href=\"http:\/\/www.tcm.go.gov.br\/\">Goi\u00e1s<\/a>,&nbsp;<a href=\"http:\/\/www.tce.to.gov.br\/\">Tocantins<\/a>, <a href=\"http:\/\/www.tcm.pa.gov.br\/\">Par\u00e1<\/a>, Amap\u00e1 e Roraima.<\/li>\n\n\n\n<li>Totalmente adequado ao&nbsp;<a href=\"http:\/\/www.tesouro.fazenda.gov.br\/-\/ementario-da-receita-orcamentaria\">NOVO EMENT\u00c1RIO DA CLASSIFICA\u00c7\u00c3O POR NATUREZA DA RECEITA OR\u00c7AMENT\u00c1RIA<\/a>.<\/li>\n<\/ol>\n\n\n\n<h4 class=\"wp-block-heading\">Outras caracter\u00edsticas deste aplicativo<\/h4>\n\n\n\n<ol class=\"wp-block-list\">\n<li>Relat\u00f3rios completos com op\u00e7\u00e3o para exporta\u00e7\u00e3o para HTML e PDF.<\/li>\n<\/ol>\n\n\n\n<h4 class=\"wp-block-heading\">Informa\u00e7\u00f5es Adicionais<br><\/h4>\n\n\n\n<figure class=\"wp-block-embed is-type-wp-embed is-provider-central-de-ajuda wp-block-embed-central-de-ajuda\"><div class=\"wp-block-embed__wrapper\">\n<blockquote class=\"wp-embedded-content\" data-secret=\"hRU1e5UB3I\"><a href=\"https:\/\/www.fenix.com.br\/blogs\/sistemas-operacionais-compativeis-com-os-aplicativos\/\">Sistemas operacionais compat\u00edveis com os aplicativos<\/a><\/blockquote><iframe loading=\"lazy\" class=\"wp-embedded-content\" sandbox=\"allow-scripts\" security=\"restricted\" style=\"position: absolute; clip: rect(1px, 1px, 1px, 1px);\" title=\"&#8220;Sistemas operacionais compat\u00edveis com os aplicativos&#8221; &#8212; Central de Ajuda\" src=\"https:\/\/www.fenix.com.br\/blogs\/sistemas-operacionais-compativeis-com-os-aplicativos\/embed\/#?secret=S3PteaYtJp#?secret=hRU1e5UB3I\" data-secret=\"hRU1e5UB3I\" width=\"600\" height=\"338\" frameborder=\"0\" marginwidth=\"0\" marginheight=\"0\" scrolling=\"no\"><\/iframe>\n<\/div><\/figure>\n\n\n\n<h4 class=\"wp-block-heading\">Links relacionados com este aplicativo<\/h4>\n\n\n\n<ul class=\"wp-block-list\">\n<li><a href=\"http:\/\/fenix.com.br\/Wiki\/index.php\/Arquivo:Html_navegador.png\"><\/a>&nbsp;<a href=\"http:\/\/www.fenix.com.br\/ftp\/loa\/HTML\/index.html\">Clique aqui para acessar o AJUDA Online deste aplicativo<\/a><\/li>\n<\/ul>\n\n\n\n<h4 class=\"wp-block-heading\"><\/h4>\n\n\n\n<figure class=\"wp-block-image size-large\"><img loading=\"lazy\" decoding=\"async\" width=\"129\" height=\"45\" src=\"https:\/\/www.fenix.com.br\/blogs\/wp-content\/uploads\/2020\/05\/video_aula_logo.png\" alt=\"\" class=\"wp-image-406\"\/><\/figure>\n\n\n\n<ol class=\"wp-block-list\">\n<li><em>Instru\u00e7\u00f5es Iniciais<\/em>\n<ol class=\"wp-block-list\">\n<li><a href=\"http:\/\/fenix.com.br\/Wiki\/index.php\/Acesso_%C3%A0_p%C3%A1gina_da_F%C3%AAnix,_download_do_Agente_F%C3%AAnix_e_Registro\">Acesso \u00e0 p\u00e1gina da F\u00eanix, download do Agente F\u00eanix e Registro<\/a><a href=\"http:\/\/fenix.com.br\/Wiki\/index.php\/Arquivo:Video_aulas_01.JPG\"><\/a><\/li>\n\n\n\n<li><a href=\"http:\/\/fenix.com.br\/Wiki\/index.php\/Importa%C3%A7%C3%A3o_da_tabela_de_munic%C3%ADpios_via_internet\">Importa\u00e7\u00e3o da tabela de munic\u00edpios via internet<\/a><a href=\"http:\/\/fenix.com.br\/Wiki\/index.php\/Arquivo:Video_aulas_01.JPG\"><\/a><\/li>\n<\/ol>\n<\/li>\n\n\n\n<li><a href=\"http:\/\/fenix.com.br\/Wiki\/index.php\/Procedimentos_para_Descentralizar-se_o_Quadro_de_Receita_-_LOA\">Procedimentos para Descentralizar-se o Quadro de Receita &#8211; LOA<\/a><\/li>\n\n\n\n<li><a href=\"http:\/\/fenix.com.br\/Wiki\/index.php\/Lan%C3%A7ar_Or%C3%A7amento_de_C%C3%A2mara_e_Outros_Org%C3%A3os_que_n%C3%A3o_elaboram_Or%C3%A7amento_pr%C3%B3prio\">Lan\u00e7ar Or\u00e7amento de C\u00e2mara e Outros Org\u00e3os que n\u00e3o elaboram Or\u00e7amento pr\u00f3prio<\/a><a href=\"http:\/\/fenix.com.br\/Wiki\/index.php\/Arquivo:Video_aulas_01.JPG\"><\/a><\/li>\n<\/ol>\n\n\n\n<h4 class=\"wp-block-heading\">D\u00favidas<\/h4>\n\n\n\n<ul class=\"wp-block-list\">\n<li><a href=\"https:\/\/www.fenix.com.br\/blogs\/como-proceder-para-efetuar-se-a-emissao-dos-relatorios-da-seguridade-social\/\">Como proceder para efetuar-se a emiss\u00e3o dos relat\u00f3rios da Seguridade Social?<\/a><\/li>\n<\/ul>\n\n\n\n<h4 class=\"wp-block-heading\">Orienta\u00e7\u00f5es T\u00e9cnicas<\/h4>\n\n\n\n<p><em><strong>Diversos<\/strong><\/em><\/p>\n\n\n\n<ul class=\"wp-block-list\">\n<li><a href=\"https:\/\/www.fenix.com.br\/blogs\/procedimentos-iniciais-para-se-poder-executar-o-orcamento-descentralizado\/\">Procedimentos iniciais para se poder executar o or\u00e7amento descentralizado<\/a><\/li>\n\n\n\n<li><a href=\"https:\/\/www.fenix.com.br\/blogs\/procedimentos-iniciais-para-descentralizar-se-o-quadro-da-receita\/\">Procedimentos iniciais para descentralizar-se o Quadro da Receita<\/a><\/li>\n<\/ul>\n","protected":false},"excerpt":{"rendered":"<p>Aplicativo para processamento, fechamento e Impress\u00e3o da LOA &#8211; Lei Or\u00e7ament\u00e1ria Anual. Este aplicativo faz parte do sistema de Gest\u00e3o P\u00fablica Municipal. Para acessar \u00e0 p\u00e1gina de download do mesmo basta clicar aqui. &nbsp;artigo relacionado &#8211; Ver&nbsp;: Or\u00e7amento P\u00fablico Defini\u00e7\u00f5es Legais dos Or\u00e7amentos Fiscal e da Seguridade Social Caracter\u00edsticas principais Outras caracter\u00edsticas deste aplicativo Informa\u00e7\u00f5es&hellip;<\/p>\n","protected":false},"author":1,"featured_media":0,"parent":0,"menu_order":0,"comment_status":"closed","ping_status":"closed","template":"","meta":{"footnotes":""},"class_list":["post-247","page","type-page","status-publish","hentry"],"_links":{"self":[{"href":"https:\/\/www.fenix.com.br\/blogs\/wp-json\/wp\/v2\/pages\/247","targetHints":{"allow":["GET"]}}],"collection":[{"href":"https:\/\/www.fenix.com.br\/blogs\/wp-json\/wp\/v2\/pages"}],"about":[{"href":"https:\/\/www.fenix.com.br\/blogs\/wp-json\/wp\/v2\/types\/page"}],"author":[{"embeddable":true,"href":"https:\/\/www.fenix.com.br\/blogs\/wp-json\/wp\/v2\/users\/1"}],"replies":[{"embeddable":true,"href":"https:\/\/www.fenix.com.br\/blogs\/wp-json\/wp\/v2\/comments?post=247"}],"version-history":[{"count":6,"href":"https:\/\/www.fenix.com.br\/blogs\/wp-json\/wp\/v2\/pages\/247\/revisions"}],"predecessor-version":[{"id":1737,"href":"https:\/\/www.fenix.com.br\/blogs\/wp-json\/wp\/v2\/pages\/247\/revisions\/1737"}],"wp:attachment":[{"href":"https:\/\/www.fenix.com.br\/blogs\/wp-json\/wp\/v2\/media?parent=247"}],"curies":[{"name":"wp","href":"https:\/\/api.w.org\/{rel}","templated":true}]}}