{"id":2100,"date":"2025-09-12T16:09:16","date_gmt":"2025-09-12T19:09:16","guid":{"rendered":"https:\/\/www.fenix.com.br\/blogs\/?page_id=2100"},"modified":"2025-09-25T16:12:48","modified_gmt":"2025-09-25T19:12:48","slug":"correcao-do-erro-2148073481-na-exportacao-do-efd-reinf-no-contab-via-webservice-api-com-certificado-a3","status":"publish","type":"page","link":"https:\/\/www.fenix.com.br\/blogs\/correcao-do-erro-2148073481-na-exportacao-do-efd-reinf-no-contab-via-webservice-api-com-certificado-a3\/","title":{"rendered":"Corre\u00e7\u00e3o do erro -2148073481 na exporta\u00e7\u00e3o do EFD\/Reinf no Contab via Webservice (API) com certificado A3"},"content":{"rendered":"\n<p><\/p>\n\n\n\n<figure class=\"wp-block-image size-full\"><img loading=\"lazy\" decoding=\"async\" width=\"509\" height=\"196\" src=\"https:\/\/www.fenix.com.br\/blogs\/wp-content\/uploads\/2025\/09\/erro_envio_efd_reinf_certificado_a3.jpg\" alt=\"\" class=\"wp-image-2103\" srcset=\"https:\/\/www.fenix.com.br\/blogs\/wp-content\/uploads\/2025\/09\/erro_envio_efd_reinf_certificado_a3.jpg 509w, https:\/\/www.fenix.com.br\/blogs\/wp-content\/uploads\/2025\/09\/erro_envio_efd_reinf_certificado_a3-300x116.jpg 300w\" sizes=\"auto, (max-width: 509px) 100vw, 509px\" \/><\/figure>\n\n\n\n<p>Esse erro ocorre geralmente por falhas na comunica\u00e7\u00e3o segura (SSL\/TLS) com os Webservices da Dataprev, normalmente relacionadas ao uso de certificados digitais A3 (token ou cart\u00e3o).<br>Principais causas:<\/p>\n\n\n\n<ul class=\"wp-block-list\">\n<li>Windows desatualizado;<\/li>\n\n\n\n<li>Cadeias certificadoras n\u00e3o instaladas;<\/li>\n\n\n\n<li>TLS 1.2 desativado no Windows ou no token;<\/li>\n\n\n\n<li>Incompatibilidade com bibliotecas criptogr\u00e1ficas antigas.<\/li>\n<\/ul>\n\n\n\n<p><strong>Como corrigir:<\/strong><\/p>\n\n\n\n<ol class=\"wp-block-list\">\n<li><strong>Atualize o Windows<\/strong><br>Verifique no <em>Windows Update<\/em> se h\u00e1 atualiza\u00e7\u00f5es pendentes, principalmente de seguran\u00e7a e criptografia.<\/li>\n\n\n\n<li><strong>Baixe o pacote de corre\u00e7\u00e3o<\/strong><br>Arquivo: <strong><a href=\"https:\/\/www.fenix.com.br\/ftp\/doc_diversos\/FixCrypto_TLS1_2_Windows.rar\" data-type=\"link\" data-id=\"www.fenix.com.br\/ftp\/doc_diversos\/FixCrypto_TLS1_2_Windows.rar\" target=\"_blank\" rel=\"noreferrer noopener\">FixCrypto_TLS1_2_Windows.rar<\/a><\/strong><br>(Ajusta o registro do Windows para for\u00e7ar o uso do TLS 1.2).<\/li>\n\n\n\n<li><strong>Execute o arquivo .reg<\/strong>\n<ul class=\"wp-block-list\">\n<li>Descompacte o arquivo baixado.<\/li>\n\n\n\n<li>Clique em <strong>FixCrypto_TLS1_2_Windows.reg<\/strong> e confirme a inclus\u00e3o no registro do sistema.<\/li>\n\n\n\n<li>Isso habilitar\u00e1 corretamente o TLS 1.2.<\/li>\n<\/ul>\n<\/li>\n\n\n\n<li><strong>Reinicie o computador<\/strong><br>As altera\u00e7\u00f5es s\u00f3 ter\u00e3o efeito ap\u00f3s a reinicializa\u00e7\u00e3o.<\/li>\n<\/ol>\n\n\n\n<p>Se houver d\u00favidas ou dificuldades, procure o respons\u00e1vel t\u00e9cnico\/consultor de TI para aplicar a corre\u00e7\u00e3o.<\/p>\n\n\n\n<p><strong>Caso n\u00e3o funcione tente realizar mais estes procedimentos abaixo:<\/strong><\/p>\n\n\n\n<p>Aqui pra mim estava dando o mesmo erro com <strong>Windows 11<\/strong> no cliente e na minha maquina com o certificado A3, e consegui resolver da seguinte forma:<\/p>\n\n\n\n<p>1- V\u00e1 at\u00e9 o Painel de Controle do Windows.<br>2- Escolha a Op\u00e7\u00e3o &#8220;<strong>Op\u00e7\u00f5es da Internet<\/strong>&#8220;; &nbsp;<br>3- V\u00e1 at\u00e9 a aba \u201c<strong>Avan\u00e7adas<\/strong>\u201d;<br>4- No bloco \u201c<strong>Configura\u00e7\u00f5es<\/strong>\u201d, v\u00e1 at\u00e9 as \u00faltimas op\u00e7\u00f5es e deixe configurado como na imagem abaixo:<\/p>\n\n\n\n<figure class=\"wp-block-image size-full\"><img loading=\"lazy\" decoding=\"async\" width=\"420\" height=\"582\" src=\"https:\/\/www.fenix.com.br\/blogs\/wp-content\/uploads\/2025\/09\/erro_envio_efd_reinf_certificado_a3_tls.png\" alt=\"\" class=\"wp-image-2106\" srcset=\"https:\/\/www.fenix.com.br\/blogs\/wp-content\/uploads\/2025\/09\/erro_envio_efd_reinf_certificado_a3_tls.png 420w, https:\/\/www.fenix.com.br\/blogs\/wp-content\/uploads\/2025\/09\/erro_envio_efd_reinf_certificado_a3_tls-216x300.png 216w\" sizes=\"auto, (max-width: 420px) 100vw, 420px\" \/><\/figure>\n\n\n\n<p><\/p>\n","protected":false},"excerpt":{"rendered":"<p>Esse erro ocorre geralmente por falhas na comunica\u00e7\u00e3o segura (SSL\/TLS) com os Webservices da Dataprev, normalmente relacionadas ao uso de certificados digitais A3 (token ou cart\u00e3o).Principais causas: Como corrigir: Se houver d\u00favidas ou dificuldades, procure o respons\u00e1vel t\u00e9cnico\/consultor de TI para aplicar a corre\u00e7\u00e3o. Caso n\u00e3o funcione tente realizar mais estes procedimentos abaixo: Aqui pra&hellip;<\/p>\n","protected":false},"author":1,"featured_media":0,"parent":0,"menu_order":0,"comment_status":"closed","ping_status":"closed","template":"","meta":{"footnotes":""},"class_list":["post-2100","page","type-page","status-publish","hentry"],"_links":{"self":[{"href":"https:\/\/www.fenix.com.br\/blogs\/wp-json\/wp\/v2\/pages\/2100","targetHints":{"allow":["GET"]}}],"collection":[{"href":"https:\/\/www.fenix.com.br\/blogs\/wp-json\/wp\/v2\/pages"}],"about":[{"href":"https:\/\/www.fenix.com.br\/blogs\/wp-json\/wp\/v2\/types\/page"}],"author":[{"embeddable":true,"href":"https:\/\/www.fenix.com.br\/blogs\/wp-json\/wp\/v2\/users\/1"}],"replies":[{"embeddable":true,"href":"https:\/\/www.fenix.com.br\/blogs\/wp-json\/wp\/v2\/comments?post=2100"}],"version-history":[{"count":5,"href":"https:\/\/www.fenix.com.br\/blogs\/wp-json\/wp\/v2\/pages\/2100\/revisions"}],"predecessor-version":[{"id":2121,"href":"https:\/\/www.fenix.com.br\/blogs\/wp-json\/wp\/v2\/pages\/2100\/revisions\/2121"}],"wp:attachment":[{"href":"https:\/\/www.fenix.com.br\/blogs\/wp-json\/wp\/v2\/media?parent=2100"}],"curies":[{"name":"wp","href":"https:\/\/api.w.org\/{rel}","templated":true}]}}