{"id":210,"date":"2020-05-08T10:56:59","date_gmt":"2020-05-08T13:56:59","guid":{"rendered":"https:\/\/www.fenix.com.br\/blogs\/?page_id=210"},"modified":"2024-04-02T15:56:21","modified_gmt":"2024-04-02T18:56:21","slug":"ppa-plano-plurianual","status":"publish","type":"page","link":"https:\/\/www.fenix.com.br\/blogs\/ppa-plano-plurianual\/","title":{"rendered":"PPA &#8211; Plano Plurianual"},"content":{"rendered":"\n<p>Aplicativo para processamento e fechamento do\u00a0<a href=\"http:\/\/pt.wikipedia.org\/wiki\/Plano_plurianual\">Plano Plurianual<\/a>\u00a0para Munic\u00edpios Brasileiros.<br><br><br><strong>Este aplicativo faz parte do sistema de Gest\u00e3o P\u00fablica Municipal.<\/strong><br><br><a href=\"https:\/\/www.fenix.com.br\/sistema\/apresentacao\/30\">Para acessar \u00e0 p\u00e1gina de download do mesmo basta clicar aqui<\/a>.<br><\/p>\n\n\n\n<h4 class=\"wp-block-heading\">Fases da elabora\u00e7\u00e3o do PPA<\/h4>\n\n\n\n<h6 class=\"wp-block-heading\">Coleta de dados<\/h6>\n\n\n\n<ul class=\"wp-block-list\">\n<li>Coleta de informa\u00e7\u00f5es das A\u00e7\u00f5es&nbsp;<a href=\"https:\/\/www.fenix.com.br\/ftp\/ppa\/formularios\/Formularios_PPA_Acoes.pdf\">Formul\u00e1rio<\/a>&nbsp;<a href=\"https:\/\/www.fenix.com.br\/ftp\/ppa\/formularios\/Exemplos_formularios_PPA_Acoes.pdf\">Exemplo<\/a><\/li>\n\n\n\n<li>Coleta de informa\u00e7\u00f5es dos Programas&nbsp;<a href=\"https:\/\/www.fenix.com.br\/ftp\/ppa\/formularios\/Formularios_PPA_Programas.pdf\">Formul\u00e1rio<\/a>&nbsp;<a href=\"https:\/\/www.fenix.com.br\/ftp\/ppa\/formularios\/Exemplos_formularios_PPA_Programas.pdf\">Exemplo<\/a><\/li>\n\n\n\n<li>Coleta de informa\u00e7\u00f5es dos Programas\u00a0<a href=\"https:\/\/www.fenix.com.br\/ftp\/ppa\/formularios\/Formularios_PPA_%20Apoio_Administrativo.pdf\">Formul\u00e1rio<\/a>\u00a0<a href=\"https:\/\/www.fenix.com.br\/ftp\/ppa\/formularios\/Exemplos_formularios_PPA_Apoio_Administrativo.pdf\">Exemplo<\/a><br><\/li>\n<\/ul>\n\n\n\n<h4 class=\"wp-block-heading\">Audi\u00eancia P\u00fablica<\/h4>\n\n\n\n<ul class=\"wp-block-list\">\n<li><a href=\"http:\/\/fenix.com.br\/Wiki\/index.php\/Arquivo:Powerpoint16.png\"><\/a>\u00a0<a href=\"http:\/\/www.fenix.com.br\/ftp\/ppa\/PPA_2014_2017_audiencia_modelo.ppt\">Modelo em PowerPoint para ser ajustado e utilizado na realiza\u00e7\u00e3o da Audi\u00eancia P\u00fablica do PPA 2014-2017<\/a><br><\/li>\n<\/ul>\n\n\n\n<h4 class=\"wp-block-heading\">Informa\u00e7\u00f5es Adicionais<br><\/h4>\n\n\n\n<figure class=\"wp-block-embed is-type-wp-embed is-provider-central-de-ajuda wp-block-embed-central-de-ajuda\"><div class=\"wp-block-embed__wrapper\">\n<blockquote class=\"wp-embedded-content\" data-secret=\"jkOkZtL1P2\"><a href=\"https:\/\/www.fenix.com.br\/blogs\/sistemas-operacionais-compativeis-com-os-aplicativos\/\">Sistemas operacionais compat\u00edveis com os aplicativos<\/a><\/blockquote><iframe loading=\"lazy\" class=\"wp-embedded-content\" sandbox=\"allow-scripts\" security=\"restricted\" style=\"position: absolute; clip: rect(1px, 1px, 1px, 1px);\" title=\"&#8220;Sistemas operacionais compat\u00edveis com os aplicativos&#8221; &#8212; Central de Ajuda\" src=\"https:\/\/www.fenix.com.br\/blogs\/sistemas-operacionais-compativeis-com-os-aplicativos\/embed\/#?secret=rVX03GCHGK#?secret=jkOkZtL1P2\" data-secret=\"jkOkZtL1P2\" width=\"600\" height=\"338\" frameborder=\"0\" marginwidth=\"0\" marginheight=\"0\" scrolling=\"no\"><\/iframe>\n<\/div><\/figure>\n\n\n\n<h4 class=\"wp-block-heading\"><\/h4>\n\n\n\n<ul class=\"wp-block-list\">\n<li>Adequado aos Tribunais de Contas dos Estados de&nbsp;<a href=\"http:\/\/www.tcm.go.gov.br\/\">Goi\u00e1s<\/a>,&nbsp;<a href=\"http:\/\/www.tce.to.gov.br\/\">Tocantins<\/a>,&nbsp;<a href=\"http:\/\/www.tce.ma.gov.br\/\">Maranh\u00e3o<\/a>, <a href=\"http:\/\/www.tcm.pa.gov.br\/\">Par\u00e1<\/a>, Amap\u00e1 e Roraima.<\/li>\n<\/ul>\n\n\n\n<ul class=\"wp-block-list\">\n<li><a href=\"http:\/\/fenix.com.br\/Wiki\/index.php\/Arquivo:Html_navegador.png\"><\/a>&nbsp;<a href=\"https:\/\/www.fenix.com.br\/ftp\/ppa\/HTML\/index.html\">Clique aqui para acessar o AJUDA Online deste aplicativo<\/a><\/li>\n<\/ul>\n\n\n\n<h4 class=\"wp-block-heading\"><\/h4>\n\n\n\n<br>\n\n\n\n<figure class=\"wp-block-image size-large\"><img loading=\"lazy\" decoding=\"async\" width=\"129\" height=\"45\" src=\"https:\/\/www.fenix.com.br\/blogs\/wp-content\/uploads\/2020\/05\/video_aula_logo.png\" alt=\"\" class=\"wp-image-406\"\/><\/figure>\n\n\n\n<br><ul><li><p style=\"font-size:14px\"><a href=\"https:\/\/youtu.be\/CP5LWrInuqM\" target=\"_blank\" rel=\"noopener noreferrer\">Acesso a p\u00e1gina da F\u00eanix, download do Agente F\u00eanix e Registro  <\/a><i class=\"fab fa-youtube\"><\/i><\/p><\/li>\n<li><p style=\"font-size:14px\"><a href=\"https:\/\/youtu.be\/vUP2lfQz3P0\" target=\"_blank\" rel=\"noopener noreferrer\">Procedimento para Importa\u00e7\u00e3o da tabela de Munic\u00edpios dos Aplicativos da F\u00eanix.  <\/a><i class=\"fab fa-youtube\"><\/i><\/p><\/li><\/ul>\n<ul>\n<li><p style=\"font-size:14px\"><a href=\"https:\/\/youtu.be\/fJQV5HinbV0\" target=\"_blank\" rel=\"noopener noreferrer\">Procedimentos de uso do Aplicativo para novos clientes  <\/a><i class=\"fab fa-youtube\"><\/i><\/p><\/li>\n<\/ul><br>\n\n\n\n<h4 class=\"wp-block-heading\">D\u00favidas<\/h4>\n\n\n\n<p><em><strong>Instru\u00e7\u00f5es iniciais:<\/strong><\/em><\/p>\n\n\n\n<h5 class=\"wp-block-heading\" id=\"firstHeading\">Procedimentos Iniciais de uso do aplicativo<\/h5>\n\n\n\n<ul class=\"wp-block-list\">\n<li>Este sistema foi concebido para agilizar o processo de lan\u00e7amento das informa\u00e7\u00f5es do&nbsp;<a href=\"https:\/\/www.fenix.com.br\/blogs\/ppa-plano-plurianual\/\">PPA<\/a>, sendo colocadas de maneira clara e transparente.<\/li>\n\n\n\n<li>Neste aplicativo do <a href=\"https:\/\/www.fenix.com.br\/blogs\/ppa-plano-plurianual\/\">PPA<\/a> o usu\u00e1rio efetuar\u00e1 os lan\u00e7amentos das informa\u00e7\u00f5es pertinentes apenas a esta etapa do processo, sendo que, ap\u00f3s o lan\u00e7amento do mesmo, poder\u00e1, via programa da&nbsp;<a href=\"https:\/\/www.fenix.com.br\/blogs\/ldo-reestimativa-e-avaliacao-anual-do-ppa\/\">LDO<\/a>&nbsp;efetuar os desdobramentos das a\u00e7\u00f5es, informando as naturezas de despesas de cada uma, e, por conseguinte, tendo a&nbsp;<a href=\"https:\/\/www.fenix.com.br\/blogs\/loa-lei-orcamentaria-anual\/\">LOA<\/a>&nbsp;pronta.<\/li>\n\n\n\n<li>Lembramos de que para que o processo se realize a contento, dever\u00e3o ser feitas as planilhas de coleta de informa\u00e7\u00f5es do&nbsp;<a href=\"https:\/\/www.fenix.com.br\/blogs\/ppa-plano-plurianual\/\">PPA<\/a>.<\/li>\n<\/ul>\n\n\n\n<br>\n\n\n\n<h4 class=\"wp-block-heading\"><strong>Orienta\u00e7\u00f5es T\u00e9cnicas<\/strong><\/h4>\n\n\n\n<br>\n\n\n\n<p><a href=\"https:\/\/www.fenix.com.br\/blogs\/procedimentos-iniciais-para-se-poder-executar-o-orcamento-descentralizado\/\">Procedimentos iniciais para se poder executar o or\u00e7amento descentralizado<\/a><\/p>\n\n\n\n<br>\n\n\n\n<h4 class=\"wp-block-heading\">Links relacionados<\/h4>\n\n\n\n<figure><a href=\"https:\/\/www.fenix.com.br\/blogs\/suporte-remoto-via-anydesk\/\"><\/a><iframe loading=\"lazy\" src=\"https:\/\/www.fenix.com.br\/blogs\/suporte-remoto-via-anydesk\/embed\/\" width=\"600\" height=\"338\"><\/iframe><\/figure>\n","protected":false},"excerpt":{"rendered":"<p>Aplicativo para processamento e fechamento do\u00a0Plano Plurianual\u00a0para Munic\u00edpios Brasileiros. Este aplicativo faz parte do sistema de Gest\u00e3o P\u00fablica Municipal. Para acessar \u00e0 p\u00e1gina de download do mesmo basta clicar aqui. Fases da elabora\u00e7\u00e3o do PPA Coleta de dados Audi\u00eancia P\u00fablica Informa\u00e7\u00f5es Adicionais Acesso a p\u00e1gina da F\u00eanix, download do Agente F\u00eanix e Registro Procedimento para&hellip;<\/p>\n","protected":false},"author":1,"featured_media":0,"parent":0,"menu_order":0,"comment_status":"closed","ping_status":"closed","template":"","meta":{"footnotes":""},"class_list":["post-210","page","type-page","status-publish","hentry"],"_links":{"self":[{"href":"https:\/\/www.fenix.com.br\/blogs\/wp-json\/wp\/v2\/pages\/210","targetHints":{"allow":["GET"]}}],"collection":[{"href":"https:\/\/www.fenix.com.br\/blogs\/wp-json\/wp\/v2\/pages"}],"about":[{"href":"https:\/\/www.fenix.com.br\/blogs\/wp-json\/wp\/v2\/types\/page"}],"author":[{"embeddable":true,"href":"https:\/\/www.fenix.com.br\/blogs\/wp-json\/wp\/v2\/users\/1"}],"replies":[{"embeddable":true,"href":"https:\/\/www.fenix.com.br\/blogs\/wp-json\/wp\/v2\/comments?post=210"}],"version-history":[{"count":19,"href":"https:\/\/www.fenix.com.br\/blogs\/wp-json\/wp\/v2\/pages\/210\/revisions"}],"predecessor-version":[{"id":1734,"href":"https:\/\/www.fenix.com.br\/blogs\/wp-json\/wp\/v2\/pages\/210\/revisions\/1734"}],"wp:attachment":[{"href":"https:\/\/www.fenix.com.br\/blogs\/wp-json\/wp\/v2\/media?parent=210"}],"curies":[{"name":"wp","href":"https:\/\/api.w.org\/{rel}","templated":true}]}}