{"id":2066,"date":"2025-07-07T08:20:13","date_gmt":"2025-07-07T11:20:13","guid":{"rendered":"https:\/\/www.fenix.com.br\/blogs\/?page_id=2066"},"modified":"2025-09-23T08:10:55","modified_gmt":"2025-09-23T11:10:55","slug":"lrf-publicacao-anexos-no-portal-siconfi","status":"publish","type":"page","link":"https:\/\/www.fenix.com.br\/blogs\/lrf-publicacao-anexos-no-portal-siconfi\/","title":{"rendered":"LRF &#8211; Publica\u00e7\u00e3o &#8211; Anexos no Portal e SICONFI &#8211; Poder Executivo e Legislativo"},"content":{"rendered":"\n<p><strong>Procedimentos para Confer\u00eancia, Publica\u00e7\u00e3o e Exporta\u00e7\u00e3o dos Anexos do RREO e RGF<\/strong><\/p>\n\n\n\n<p>Este documento apresenta os procedimentos necess\u00e1rios para a confer\u00eancia, verifica\u00e7\u00e3o e publica\u00e7\u00e3o dos anexos do <strong>Relat\u00f3rio de Gest\u00e3o Fiscal (RGF)<\/strong> no <strong>Portal da Transpar\u00eancia<\/strong>, bem como sua posterior exporta\u00e7\u00e3o ao sistema <strong>SICONFI (<em>Sistema de Informa\u00e7\u00f5es Cont\u00e1beis e Fiscais do Setor P\u00fablico Brasileiro<\/em>)<\/strong>, conforme exigido pela <strong>Lei Complementar n\u00ba 101\/2000 (<em>Lei de Responsabilidade Fiscal<\/em>)<\/strong>.<\/p>\n\n\n\n<p><strong>1. Emiss\u00e3o e Confer\u00eancia dos Anexos<\/strong><\/p>\n\n\n\n<p>A emiss\u00e3o, confer\u00eancia e publica\u00e7\u00e3o dos anexos obrigat\u00f3rios da <strong>LRF<\/strong> devem ser realizadas por meio do <strong>aplicativo LRF20xx<\/strong>, espec\u00edfico para o exerc\u00edcio em processamento.<\/p>\n\n\n\n<blockquote class=\"wp-block-quote is-layout-flow wp-block-quote-is-layout-flow\">\n<p><strong>Base legal:<\/strong><\/p>\n\n\n\n<ul class=\"wp-block-list\">\n<li><em>Art. 48 da <strong>Lei Complementar n\u00ba 101\/2000<\/strong>, que trata da transpar\u00eancia da gest\u00e3o fiscal.<\/em><\/li>\n\n\n\n<li><em><strong>Portaria STN n\u00ba 394\/2020<\/strong>, que disciplina os procedimentos e prazos de envio dos relat\u00f3rios ao SICONFI.<\/em><\/li>\n<\/ul>\n<\/blockquote>\n\n\n\n<h3 class=\"wp-block-heading\">2. Etapas Obrigat\u00f3rias<\/h3>\n\n\n\n<p><strong>Publica\u00e7\u00e3o Bimestral, Quadrimestral ou Semestral<\/strong><\/p>\n\n\n\n<ul class=\"wp-block-list\">\n<li>Os anexos obrigat\u00f3rios da LRF a serem publicados seguem a tabela de exigibilidade definida pela STN. Antes de qualquer publica\u00e7\u00e3o, os relat\u00f3rios devem ser devidamente <strong>emitidos e conferidos<\/strong> para garantir a integridade e a consist\u00eancia das informa\u00e7\u00f5es.<\/li>\n\n\n\n<li>Ap\u00f3s a verifica\u00e7\u00e3o e valida\u00e7\u00e3o dos dados, deve-se acessar a op\u00e7\u00e3o <strong>&#8220;<a href=\"https:\/\/www.fenix.com.br\/ftp\/lrf2025\/HTML\/publicacao_anexos_lrf.htm\" data-type=\"link\" data-id=\"https:\/\/www.fenix.com.br\/ftp\/lrf2025\/HTML\/publicacao_anexos_lrf.htm\">Publica\u00e7\u00e3o no Portal da Transpar\u00eancia<\/a>&#8220;<\/strong>, dispon\u00edvel no <span style=\"text-decoration: underline;\">Menu Principal<\/span> do aplicativo <strong>LRF20xx<\/strong>, para realizar a publica\u00e7\u00e3o oficial.<\/li>\n<\/ul>\n\n\n<div class=\"wp-block-image\">\n<figure class=\"aligncenter size-full is-resized\"><img loading=\"lazy\" decoding=\"async\" width=\"565\" height=\"340\" src=\"https:\/\/www.fenix.com.br\/blogs\/wp-content\/uploads\/2025\/07\/clip0062_camara.png\" alt=\"\" class=\"wp-image-2077\" style=\"width:489px;height:auto\" srcset=\"https:\/\/www.fenix.com.br\/blogs\/wp-content\/uploads\/2025\/07\/clip0062_camara.png 565w, https:\/\/www.fenix.com.br\/blogs\/wp-content\/uploads\/2025\/07\/clip0062_camara-300x181.png 300w\" sizes=\"auto, (max-width: 565px) 100vw, 565px\" \/><\/figure>\n<\/div>\n\n\n<blockquote class=\"wp-block-quote is-layout-flow wp-block-quote-is-layout-flow\">\n<p><strong>Importante<\/strong>: A publica\u00e7\u00e3o no Portal da Transpar\u00eancia deve ser feita <strong>nos prazos legais<\/strong>, sob pena de descumprimento da LRF e poss\u00edveis san\u00e7\u00f5es, como a restri\u00e7\u00e3o ao recebimento de transfer\u00eancias volunt\u00e1rias da Uni\u00e3o. <em>Abaixo, imagem de parte do manual da STN com os anexos e prazos de publica\u00e7\u00e3o.<\/em><\/p>\n\n\n<div class=\"wp-block-image\">\n<figure class=\"aligncenter size-full\"><img loading=\"lazy\" decoding=\"async\" width=\"481\" height=\"251\" src=\"https:\/\/www.fenix.com.br\/blogs\/wp-content\/uploads\/2025\/07\/clip0061_camara.png\" alt=\"\" class=\"wp-image-2071\" srcset=\"https:\/\/www.fenix.com.br\/blogs\/wp-content\/uploads\/2025\/07\/clip0061_camara.png 481w, https:\/\/www.fenix.com.br\/blogs\/wp-content\/uploads\/2025\/07\/clip0061_camara-300x157.png 300w\" sizes=\"auto, (max-width: 481px) 100vw, 481px\" \/><\/figure>\n<\/div><\/blockquote>\n\n\n\n<h3 class=\"wp-block-heading\">3. Exporta\u00e7\u00e3o ao SICONFI<\/h3>\n\n\n\n<p>Ap\u00f3s a publica\u00e7\u00e3o dos relat\u00f3rios no Portal da Transpar\u00eancia, voc\u00ea deve realizar a exporta\u00e7\u00e3o destes dados <strong>no formato exigido pela STN<\/strong> e enviados ao <strong>SICONFI<\/strong>, conforme calend\u00e1rio anual definido pelo \u00f3rg\u00e3o.<\/p>\n\n\n\n<blockquote class=\"wp-block-quote is-layout-flow wp-block-quote-is-layout-flow\">\n<p><strong>Base legal:<\/strong><\/p>\n\n\n\n<ul class=\"wp-block-list\">\n<li><em><strong>Art. 52 da LRF<\/strong>: determina o encaminhamento dos relat\u00f3rios aos \u00f3rg\u00e3os de controle.<\/em><\/li>\n\n\n\n<li><em><strong>Portaria STN n\u00ba 394\/2020<\/strong>: define os prazos e formatos para o envio dos dados cont\u00e1beis e fiscais ao SICONFI.<\/em><\/li>\n<\/ul>\n<\/blockquote>\n\n\n\n<p>A gera\u00e7\u00e3o dos arquivos a serem processador no portal do <strong>SICONFI<\/strong> devem ser feitas acessando-se o aplicativo <a href=\"https:\/\/www.fenix.com.br\/ftp\/gerencial\/HTML\/exportacao_siconfi_xbrl.htm\" data-type=\"link\" data-id=\"https:\/\/www.fenix.com.br\/ftp\/gerencial\/HTML\/exportacao_siconfi_xbrl.htm\"><strong>Gerencial<\/strong><\/a>.<br>No aplicativo Gerencial voc\u00ea dever\u00e1 acessar a seguinte op\u00e7\u00e3o:<\/p>\n\n\n\n<p><img loading=\"lazy\" decoding=\"async\" width=\"450\" height=\"213\" class=\"wp-image-2090\" style=\"width: 450px;\" src=\"https:\/\/www.fenix.com.br\/blogs\/wp-content\/uploads\/2025\/07\/roteiro_exporta_sincofi.jpg\" alt=\"\" srcset=\"https:\/\/www.fenix.com.br\/blogs\/wp-content\/uploads\/2025\/07\/roteiro_exporta_sincofi.jpg 558w, https:\/\/www.fenix.com.br\/blogs\/wp-content\/uploads\/2025\/07\/roteiro_exporta_sincofi-300x142.jpg 300w\" sizes=\"auto, (max-width: 450px) 100vw, 450px\" \/><br><br>&#8211;<a href=\"https:\/\/www.fenix.com.br\/ftp\/gerencial\/HTML\/exportacao_siconfi_xbrl.htm\" data-type=\"link\" data-id=\"https:\/\/www.fenix.com.br\/ftp\/gerencial\/HTML\/exportacao_siconfi_xbrl.htm\">Clique aqui para visualizar o t\u00f3pico do ajuda da tela de exporta\u00e7\u00e3o do SICONFI.<\/a><\/p>\n\n\n\n<p><\/p>\n\n\n\n<p><\/p>\n","protected":false},"excerpt":{"rendered":"<p>Procedimentos para Confer\u00eancia, Publica\u00e7\u00e3o e Exporta\u00e7\u00e3o dos Anexos do RREO e RGF Este documento apresenta os procedimentos necess\u00e1rios para a confer\u00eancia, verifica\u00e7\u00e3o e publica\u00e7\u00e3o dos anexos do Relat\u00f3rio de Gest\u00e3o Fiscal (RGF) no Portal da Transpar\u00eancia, bem como sua posterior exporta\u00e7\u00e3o ao sistema SICONFI (Sistema de Informa\u00e7\u00f5es Cont\u00e1beis e Fiscais do Setor P\u00fablico Brasileiro), conforme&hellip;<\/p>\n","protected":false},"author":1,"featured_media":0,"parent":0,"menu_order":0,"comment_status":"closed","ping_status":"closed","template":"","meta":{"footnotes":""},"class_list":["post-2066","page","type-page","status-publish","hentry"],"_links":{"self":[{"href":"https:\/\/www.fenix.com.br\/blogs\/wp-json\/wp\/v2\/pages\/2066","targetHints":{"allow":["GET"]}}],"collection":[{"href":"https:\/\/www.fenix.com.br\/blogs\/wp-json\/wp\/v2\/pages"}],"about":[{"href":"https:\/\/www.fenix.com.br\/blogs\/wp-json\/wp\/v2\/types\/page"}],"author":[{"embeddable":true,"href":"https:\/\/www.fenix.com.br\/blogs\/wp-json\/wp\/v2\/users\/1"}],"replies":[{"embeddable":true,"href":"https:\/\/www.fenix.com.br\/blogs\/wp-json\/wp\/v2\/comments?post=2066"}],"version-history":[{"count":17,"href":"https:\/\/www.fenix.com.br\/blogs\/wp-json\/wp\/v2\/pages\/2066\/revisions"}],"predecessor-version":[{"id":2112,"href":"https:\/\/www.fenix.com.br\/blogs\/wp-json\/wp\/v2\/pages\/2066\/revisions\/2112"}],"wp:attachment":[{"href":"https:\/\/www.fenix.com.br\/blogs\/wp-json\/wp\/v2\/media?parent=2066"}],"curies":[{"name":"wp","href":"https:\/\/api.w.org\/{rel}","templated":true}]}}