{"id":2023,"date":"2024-11-20T08:54:17","date_gmt":"2024-11-20T11:54:17","guid":{"rendered":"https:\/\/www.fenix.com.br\/blogs\/?page_id=2023"},"modified":"2024-11-22T16:34:39","modified_gmt":"2024-11-22T19:34:39","slug":"anulacao-de-despesas-aquisicao-de-bens-moveis","status":"publish","type":"page","link":"https:\/\/www.fenix.com.br\/blogs\/anulacao-de-despesas-aquisicao-de-bens-moveis\/","title":{"rendered":"Anula\u00e7\u00e3o de Despesas &#8211; Aquisi\u00e7\u00e3o de Bens M\u00f3veis"},"content":{"rendered":"\n<p>A anula\u00e7\u00e3o de despesas relacionadas \u00e0 aquisi\u00e7\u00e3o de bens m\u00f3veis, j\u00e1 liquidadas e incorporadas ao patrim\u00f4nio do ente, deve seguir o roteiro detalhado abaixo. Esse procedimento \u00e9 essencial para garantir a correta anula\u00e7\u00e3o de todo o processo e a baixa do bem incorporado ao patrim\u00f4nio do ente.<\/p>\n\n\n\n<p>Inicialmente, \u00e9 necess\u00e1rio acessar o sistema de patrim\u00f4nio e realizar a baixa do bem incorporado. Ao registrar a baixa, deve-se selecionar a op\u00e7\u00e3o &#8220;<span style=\"text-decoration: underline;\">Tipo de Baixa<\/span>&#8221; como &#8220;<strong>Outros<\/strong>&#8220;.<\/p>\n\n\n\n<figure class=\"wp-block-image size-full\"><img loading=\"lazy\" decoding=\"async\" width=\"882\" height=\"355\" src=\"https:\/\/www.fenix.com.br\/blogs\/wp-content\/uploads\/2024\/11\/roteiro_anulacao_processo_bens_0.jpg\" alt=\"\" class=\"wp-image-2026\" srcset=\"https:\/\/www.fenix.com.br\/blogs\/wp-content\/uploads\/2024\/11\/roteiro_anulacao_processo_bens_0.jpg 882w, https:\/\/www.fenix.com.br\/blogs\/wp-content\/uploads\/2024\/11\/roteiro_anulacao_processo_bens_0-300x121.jpg 300w, https:\/\/www.fenix.com.br\/blogs\/wp-content\/uploads\/2024\/11\/roteiro_anulacao_processo_bens_0-768x309.jpg 768w\" sizes=\"auto, (max-width: 882px) 100vw, 882px\" \/><\/figure>\n\n\n\n<p><br>Ap\u00f3s concluir o procedimento inicial, acesse o aplicativo Contab para realizar a anula\u00e7\u00e3o do processo, seguindo a ordem recomendada:<\/p>\n\n\n\n<ol class=\"wp-block-list\">\n<li><strong>Ordem de Pagamento<\/strong>: inicie a anula\u00e7\u00e3o por este documento.<\/li>\n\n\n\n<li><strong>Liquida\u00e7\u00e3o<\/strong>: devido \u00e0 complexidade deste passo, \u00e9 imprescind\u00edvel o acompanhamento do suporte da F\u00eanix para garantir que a anula\u00e7\u00e3o seja realizada corretamente.<\/li>\n\n\n\n<li><strong>Nota de Empenho<\/strong>: finalize o processo anulando este documento.<\/li>\n<\/ol>\n\n\n\n<h3 class=\"wp-block-heading\">Observa\u00e7\u00f5es<\/h3>\n\n\n\n<p>Se o documento gerador do processo (<em>como Nota Fiscal<\/em>) tiver reten\u00e7\u00f5es, como Imposto de Renda (IR), a anula\u00e7\u00e3o dever\u00e1 ser feita pelo valor l\u00edquido, descontando os valores retidos. Isso ocorre porque as reten\u00e7\u00f5es, j\u00e1 recolhidas aos devidos destinat\u00e1rios, n\u00e3o podem ser estornadas.<\/p>\n\n\n\n<p><br><strong>Nota<\/strong>: Ap\u00f3s a conclus\u00e3o de todos os procedimentos envolvendo reten\u00e7\u00f5es, ser\u00e1 necess\u00e1rio realizar um lan\u00e7amento no Balancete de Verifica\u00e7\u00e3o (PCASP). Esse lan\u00e7amento tem como objetivo compensar a diferen\u00e7a entre o valor originalmente incorporado do bem e o valor da anula\u00e7\u00e3o, que foi realizado com o desconto das reten\u00e7\u00f5es.<\/p>\n","protected":false},"excerpt":{"rendered":"<p>A anula\u00e7\u00e3o de despesas relacionadas \u00e0 aquisi\u00e7\u00e3o de bens m\u00f3veis, j\u00e1 liquidadas e incorporadas ao patrim\u00f4nio do ente, deve seguir o roteiro detalhado abaixo. Esse procedimento \u00e9 essencial para garantir a correta anula\u00e7\u00e3o de todo o processo e a baixa do bem incorporado ao patrim\u00f4nio do ente. Inicialmente, \u00e9 necess\u00e1rio acessar o sistema de patrim\u00f4nio&hellip;<\/p>\n","protected":false},"author":1,"featured_media":0,"parent":0,"menu_order":0,"comment_status":"closed","ping_status":"closed","template":"","meta":{"footnotes":""},"class_list":["post-2023","page","type-page","status-publish","hentry"],"_links":{"self":[{"href":"https:\/\/www.fenix.com.br\/blogs\/wp-json\/wp\/v2\/pages\/2023","targetHints":{"allow":["GET"]}}],"collection":[{"href":"https:\/\/www.fenix.com.br\/blogs\/wp-json\/wp\/v2\/pages"}],"about":[{"href":"https:\/\/www.fenix.com.br\/blogs\/wp-json\/wp\/v2\/types\/page"}],"author":[{"embeddable":true,"href":"https:\/\/www.fenix.com.br\/blogs\/wp-json\/wp\/v2\/users\/1"}],"replies":[{"embeddable":true,"href":"https:\/\/www.fenix.com.br\/blogs\/wp-json\/wp\/v2\/comments?post=2023"}],"version-history":[{"count":5,"href":"https:\/\/www.fenix.com.br\/blogs\/wp-json\/wp\/v2\/pages\/2023\/revisions"}],"predecessor-version":[{"id":2033,"href":"https:\/\/www.fenix.com.br\/blogs\/wp-json\/wp\/v2\/pages\/2023\/revisions\/2033"}],"wp:attachment":[{"href":"https:\/\/www.fenix.com.br\/blogs\/wp-json\/wp\/v2\/media?parent=2023"}],"curies":[{"name":"wp","href":"https:\/\/api.w.org\/{rel}","templated":true}]}}