{"id":1953,"date":"2024-09-18T14:20:00","date_gmt":"2024-09-18T17:20:00","guid":{"rendered":"https:\/\/www.fenix.com.br\/blogs\/?page_id=1953"},"modified":"2024-09-20T11:13:55","modified_gmt":"2024-09-20T14:13:55","slug":"aditivo-do-procedimento","status":"publish","type":"page","link":"https:\/\/www.fenix.com.br\/blogs\/aditivo-do-procedimento\/","title":{"rendered":"Aditivo do Procedimento"},"content":{"rendered":"\n<p>Essa funcionalidade funcionar\u00e1 para todos os procedimentos, seja ele por ata de registro de pre\u00e7o ou n\u00e3o.<\/p>\n\n\n\n<p>Para acessar o aditivo clique no menu lateral <strong>Registro de Pre\u00e7o\/Aditivo<\/strong>, ser\u00e1 mostrado os dados do registro de pre\u00e7o\/aditivo. Caso, o procedimento seja um Registro de pre\u00e7o, e n\u00e3o foi feito o cadastro do mesmo, veja a parte de <a href=\"https:\/\/www.fenix.com.br\/blogs\/registro-de-preco-cadastrar-e-gerenciar\/\">Registro de Pre\u00e7o \u2013 Cadastrar e Gerenciar<\/a>.<\/p>\n\n\n\n<figure class=\"wp-block-image size-large\"><img loading=\"lazy\" decoding=\"async\" width=\"1024\" height=\"438\" src=\"https:\/\/www.fenix.com.br\/blogs\/wp-content\/uploads\/2024\/09\/Aditivo-1024x438.png\" alt=\"\" class=\"wp-image-1954\" srcset=\"https:\/\/www.fenix.com.br\/blogs\/wp-content\/uploads\/2024\/09\/Aditivo-1024x438.png 1024w, https:\/\/www.fenix.com.br\/blogs\/wp-content\/uploads\/2024\/09\/Aditivo-300x128.png 300w, https:\/\/www.fenix.com.br\/blogs\/wp-content\/uploads\/2024\/09\/Aditivo-768x328.png 768w, https:\/\/www.fenix.com.br\/blogs\/wp-content\/uploads\/2024\/09\/Aditivo-1536x656.png 1536w, https:\/\/www.fenix.com.br\/blogs\/wp-content\/uploads\/2024\/09\/Aditivo.png 1563w\" sizes=\"auto, (max-width: 1024px) 100vw, 1024px\" \/><\/figure>\n\n\n\n<p><br>Para acessar os aditivos do procedimento basta clicar no bot\u00e3o <strong>Aditivo<\/strong>, destacado em vermelho na imagem acima. Ao acessar essa funcionalidade ir\u00e3o ser apresentados todos os aditivos j\u00e1 cadastrados no procedimento. Para adicionar um novo aditivo basta clicar no bot\u00e3o <strong>Novo Aditivo<\/strong>, conforme mostrado na imagem abaixo.<\/p>\n\n\n\n<figure class=\"wp-block-image size-full\"><img loading=\"lazy\" decoding=\"async\" width=\"347\" height=\"201\" src=\"https:\/\/www.fenix.com.br\/blogs\/wp-content\/uploads\/2024\/09\/AditvioNovo.png\" alt=\"\" class=\"wp-image-1955\" srcset=\"https:\/\/www.fenix.com.br\/blogs\/wp-content\/uploads\/2024\/09\/AditvioNovo.png 347w, https:\/\/www.fenix.com.br\/blogs\/wp-content\/uploads\/2024\/09\/AditvioNovo-300x174.png 300w\" sizes=\"auto, (max-width: 347px) 100vw, 347px\" \/><\/figure>\n\n\n\n<p><br>Nessa tela s\u00f3 \u00e9 permitido cadastrar um novo aditivo ou apagar o aditivo.<\/p>\n\n\n\n<p>Ao clicar no bot\u00e3o <strong>Novo Aditivo<\/strong> ser\u00e1 exibida a tela de cadastro do aditivo, conforme imagem abaixo:<\/p>\n\n\n\n<figure class=\"wp-block-image size-large is-resized\"><img loading=\"lazy\" decoding=\"async\" width=\"1024\" height=\"521\" src=\"https:\/\/www.fenix.com.br\/blogs\/wp-content\/uploads\/2024\/09\/Aditivo_Cabecalho-1024x521.png\" alt=\"\" class=\"wp-image-1957\" style=\"width:840px;height:auto\" srcset=\"https:\/\/www.fenix.com.br\/blogs\/wp-content\/uploads\/2024\/09\/Aditivo_Cabecalho-1024x521.png 1024w, https:\/\/www.fenix.com.br\/blogs\/wp-content\/uploads\/2024\/09\/Aditivo_Cabecalho-300x153.png 300w, https:\/\/www.fenix.com.br\/blogs\/wp-content\/uploads\/2024\/09\/Aditivo_Cabecalho-768x391.png 768w, https:\/\/www.fenix.com.br\/blogs\/wp-content\/uploads\/2024\/09\/Aditivo_Cabecalho.png 1148w\" sizes=\"auto, (max-width: 1024px) 100vw, 1024px\" \/><\/figure>\n\n\n\n<p><br>Na parte superior, s\u00e3o solicitados os dados do aditivo a ser efetivado. Nessa tela poder\u00e1 ser feita a configura\u00e7\u00e3o da <strong>Data de Validade do processo de compra<\/strong>, acesse o <a href=\"https:\/\/www.fenix.com.br\/blogs\/data-de-validade-do-processo-de-compra\/\">aqui<\/a>. Ainda no destaque em verde, h\u00e1 dois campos de configura\u00e7\u00e3o de percentuais, que s\u00e3o opcionais. E, que ir\u00e3o reajustar os itens pelos percentuais informados, seja ele por: Valor e\/ou Quantidade.<\/p>\n\n\n\n<p>O pr\u00f3ximo passo, est\u00e1 exemplificado na imagem abaixo, mostra os participantes e itens a serem aditivados. Deve-se, primeiramente, selecionar o participante (<em>destaque em azul<\/em>). Ap\u00f3s essa sele\u00e7\u00e3o, poder\u00e1 selecionar o tipo de reajuste (<em>destacado em verde e vermelho<\/em>). Caso, seja informado o percentual, quando selecionar o item com o reajuste o sistema ir\u00e1 informar, na coluna respectiva, o valor do percentual para o item. Por\u00e9m, se n\u00e3o for informado o percentual ou se desejar alterar o valor, basta digitar o valor na coluna correspondente a sele\u00e7\u00e3o. H\u00e1 uma regra nessa tela quando o aditivo for por quantidade e houver nesse procedimento licitat\u00f3rio v\u00e1rias autoriza\u00e7\u00f5es de compras, veja na observa\u00e7\u00e3o abaixo da imagem.<\/p>\n\n\n\n<figure class=\"wp-block-image size-large\"><img loading=\"lazy\" decoding=\"async\" width=\"1024\" height=\"521\" src=\"https:\/\/www.fenix.com.br\/blogs\/wp-content\/uploads\/2024\/09\/Aditivo_Selecionando-1024x521.png\" alt=\"\" class=\"wp-image-1956\" srcset=\"https:\/\/www.fenix.com.br\/blogs\/wp-content\/uploads\/2024\/09\/Aditivo_Selecionando-1024x521.png 1024w, https:\/\/www.fenix.com.br\/blogs\/wp-content\/uploads\/2024\/09\/Aditivo_Selecionando-300x153.png 300w, https:\/\/www.fenix.com.br\/blogs\/wp-content\/uploads\/2024\/09\/Aditivo_Selecionando-768x391.png 768w, https:\/\/www.fenix.com.br\/blogs\/wp-content\/uploads\/2024\/09\/Aditivo_Selecionando.png 1148w\" sizes=\"auto, (max-width: 1024px) 100vw, 1024px\" \/><\/figure>\n\n\n\n<p><br><strong>Observa\u00e7\u00e3o<\/strong>: Quando existir v\u00e1rias autoriza\u00e7\u00f5es de compras vinculadas ao procedimento licitat\u00f3rio, o sistema ir\u00e1 solicitar o detalhamento da quantidade aditivada do item em suas autoriza\u00e7\u00f5es, a soma dos detalhamentos n\u00e3o poder\u00e1 divergir do valor total informado na coluna <strong>Qtde Reajustada<\/strong> (<em>destacada em vermelho, na imagem acima<\/em>);<\/p>\n","protected":false},"excerpt":{"rendered":"<p>Essa funcionalidade funcionar\u00e1 para todos os procedimentos, seja ele por ata de registro de pre\u00e7o ou n\u00e3o. Para acessar o aditivo clique no menu lateral Registro de Pre\u00e7o\/Aditivo, ser\u00e1 mostrado os dados do registro de pre\u00e7o\/aditivo. Caso, o procedimento seja um Registro de pre\u00e7o, e n\u00e3o foi feito o cadastro do mesmo, veja a parte&hellip;<\/p>\n","protected":false},"author":1,"featured_media":0,"parent":0,"menu_order":0,"comment_status":"closed","ping_status":"closed","template":"","meta":{"footnotes":""},"class_list":["post-1953","page","type-page","status-publish","hentry"],"_links":{"self":[{"href":"https:\/\/www.fenix.com.br\/blogs\/wp-json\/wp\/v2\/pages\/1953","targetHints":{"allow":["GET"]}}],"collection":[{"href":"https:\/\/www.fenix.com.br\/blogs\/wp-json\/wp\/v2\/pages"}],"about":[{"href":"https:\/\/www.fenix.com.br\/blogs\/wp-json\/wp\/v2\/types\/page"}],"author":[{"embeddable":true,"href":"https:\/\/www.fenix.com.br\/blogs\/wp-json\/wp\/v2\/users\/1"}],"replies":[{"embeddable":true,"href":"https:\/\/www.fenix.com.br\/blogs\/wp-json\/wp\/v2\/comments?post=1953"}],"version-history":[{"count":4,"href":"https:\/\/www.fenix.com.br\/blogs\/wp-json\/wp\/v2\/pages\/1953\/revisions"}],"predecessor-version":[{"id":1982,"href":"https:\/\/www.fenix.com.br\/blogs\/wp-json\/wp\/v2\/pages\/1953\/revisions\/1982"}],"wp:attachment":[{"href":"https:\/\/www.fenix.com.br\/blogs\/wp-json\/wp\/v2\/media?parent=1953"}],"curies":[{"name":"wp","href":"https:\/\/api.w.org\/{rel}","templated":true}]}}