{"id":190,"date":"2020-05-07T17:20:35","date_gmt":"2020-05-07T20:20:35","guid":{"rendered":"https:\/\/www.fenix.com.br\/blogs\/?page_id=190"},"modified":"2023-11-13T15:32:06","modified_gmt":"2023-11-13T18:32:06","slug":"e-sic-sistema-eletronico-do-servico-de-informacao-ao-cidadao","status":"publish","type":"page","link":"https:\/\/www.fenix.com.br\/blogs\/e-sic-sistema-eletronico-do-servico-de-informacao-ao-cidadao\/","title":{"rendered":"e-SIC &#8211; Sistema Eletr\u00f4nico do Servi\u00e7o de Informa\u00e7\u00e3o ao Cidad\u00e3o &#8211; APIs"},"content":{"rendered":"\n<p>Com o advento da publica\u00e7\u00e3o da Lei de Acesso \u00e0 Informa\u00e7\u00e3o &#8211;&nbsp;<a href=\"http:\/\/www.planalto.gov.br\/ccivil_03\/_ato2011-2014\/2011\/lei\/l12527.htm\">Lei n\u00ba 12.527<\/a>, sancionada em 18 de novembro de 2011, entrou em vigor no dia 16 de maio de 2012 e regulamenta o direito constitucional de acesso \u00e0 informa\u00e7\u00e3o.<br><br>Para que os \u00f3rg\u00e3os e entidades consigam seguir as regras, prazos e orienta\u00e7\u00f5es fixados pela Lei, a F\u00eanix desenvolveu o portal e-SIC (Sistema Eletr\u00f4nico do Servi\u00e7o de Informa\u00e7\u00e3o ao Cidad\u00e3o). O portal funciona no ambiente da internet e centraliza todos os pedidos e recursos dirigidos ao \u00d3rg\u00e3o.<br><br>Aqui voc\u00ea ter\u00e1 diversas informa\u00e7\u00f5es do manuseio do e-SIC e \u00e9 destinado aos cidad\u00e3os que usar\u00e3o o mesmo.<br>A F\u00eanix deseja uma excelente leitura e se coloca \u00e0 disposi\u00e7\u00e3o para novos esclarecimentos.<br><br>Edson Roque Pesconi<br>S\u00f3cio-Diretor<br><a href=\"mailto:comercial@fenix.com.br\">comercial@fenix.com.br<\/a><\/p>\n\n\n\n<h4 class=\"wp-block-heading\">e-SIC &#8211; Link APIs<\/h4>\n\n\n\n<p>os links abaixo deve ser personalizado para uso do \u00f3rg\u00e3o em quest\u00e3o , trocando o par\u00e2metro&nbsp;<strong><a href=\"https:\/\/www.fenix.com.br\/transparencia\/codigo_do_cliente\">codigo_do_cliente<\/a><\/strong>&nbsp;pelo c\u00f3digo de 5 d\u00edgitos fornecido pela f\u00eanix.<\/p>\n\n\n\n<p>Este \u00e9 o link que deve ser colocado no site para acesso pelo cidad\u00e3o:<br><br><a href=\"https:\/\/www.fenix.com.br\/esic\/login\/cliente\/1090\"><strong>https:\/\/www.fenix.com.br\/esic\/login\/cliente\/codigo_do_cliente<\/strong><\/a><\/p>\n\n\n\n<p>Clicando na op\u00e7\u00e3o administrar pode-se fazer login com o <strong>c\u00f3digo do cliente<\/strong> e <strong>senha web<\/strong> e assim criar usu\u00e1rios que atender\u00e3o as demandas criadas pelo cidad\u00e3o.<\/p>\n\n\n\n<p>Para logar com um usu\u00e1rio criado basta clicar em administrar e entrar com o usu\u00e1rio e senha criados <\/p>\n","protected":false},"excerpt":{"rendered":"<p>Com o advento da publica\u00e7\u00e3o da Lei de Acesso \u00e0 Informa\u00e7\u00e3o &#8211;&nbsp;Lei n\u00ba 12.527, sancionada em 18 de novembro de 2011, entrou em vigor no dia 16 de maio de 2012 e regulamenta o direito constitucional de acesso \u00e0 informa\u00e7\u00e3o. Para que os \u00f3rg\u00e3os e entidades consigam seguir as regras, prazos e orienta\u00e7\u00f5es fixados pela&hellip;<\/p>\n","protected":false},"author":1,"featured_media":0,"parent":0,"menu_order":0,"comment_status":"closed","ping_status":"closed","template":"","meta":{"footnotes":""},"class_list":["post-190","page","type-page","status-publish","hentry"],"_links":{"self":[{"href":"https:\/\/www.fenix.com.br\/blogs\/wp-json\/wp\/v2\/pages\/190","targetHints":{"allow":["GET"]}}],"collection":[{"href":"https:\/\/www.fenix.com.br\/blogs\/wp-json\/wp\/v2\/pages"}],"about":[{"href":"https:\/\/www.fenix.com.br\/blogs\/wp-json\/wp\/v2\/types\/page"}],"author":[{"embeddable":true,"href":"https:\/\/www.fenix.com.br\/blogs\/wp-json\/wp\/v2\/users\/1"}],"replies":[{"embeddable":true,"href":"https:\/\/www.fenix.com.br\/blogs\/wp-json\/wp\/v2\/comments?post=190"}],"version-history":[{"count":10,"href":"https:\/\/www.fenix.com.br\/blogs\/wp-json\/wp\/v2\/pages\/190\/revisions"}],"predecessor-version":[{"id":1596,"href":"https:\/\/www.fenix.com.br\/blogs\/wp-json\/wp\/v2\/pages\/190\/revisions\/1596"}],"wp:attachment":[{"href":"https:\/\/www.fenix.com.br\/blogs\/wp-json\/wp\/v2\/media?parent=190"}],"curies":[{"name":"wp","href":"https:\/\/api.w.org\/{rel}","templated":true}]}}