{"id":1884,"date":"2024-05-02T14:30:19","date_gmt":"2024-05-02T17:30:19","guid":{"rendered":"https:\/\/www.fenix.com.br\/blogs\/?page_id=1884"},"modified":"2024-08-08T16:24:20","modified_gmt":"2024-08-08T19:24:20","slug":"remover-cabecalho-do-portal-de-transparencia","status":"publish","type":"page","link":"https:\/\/www.fenix.com.br\/blogs\/remover-cabecalho-do-portal-de-transparencia\/","title":{"rendered":"Integra\u00e7\u00e3o: Remover Cabe\u00e7alho do Portal da Transpar\u00eancia padr\u00e3o"},"content":{"rendered":"\n<p>Para uma integra\u00e7\u00e3o mais eficiente das APIs com o Portal do munic\u00edpio, oferecemos a op\u00e7\u00e3o de ocultar o cabe\u00e7alho. O procedimento \u00e9 simples, basta seguir os passos detalhados abaixo.<\/p>\n\n\n\n<p>1 &#8211; Realize o Login na \u00e1rea administrativa do Portal da Transpar\u00eancia clicando no bot\u00e3o <strong>Administrar<\/strong>.<\/p>\n\n\n\n<p>2 &#8211; Dentro da \u00c1rea administrativa clique no bloco de op\u00e7\u00e3o <strong>Configura\u00e7\u00f5es adicionais<\/strong><br><\/p>\n\n\n\n<figure class=\"wp-block-image size-large\"><img loading=\"lazy\" decoding=\"async\" width=\"1024\" height=\"163\" src=\"https:\/\/www.fenix.com.br\/blogs\/wp-content\/uploads\/2024\/05\/image-1024x163.png\" alt=\"\" class=\"wp-image-1885\" srcset=\"https:\/\/www.fenix.com.br\/blogs\/wp-content\/uploads\/2024\/05\/image-1024x163.png 1024w, https:\/\/www.fenix.com.br\/blogs\/wp-content\/uploads\/2024\/05\/image-300x48.png 300w, https:\/\/www.fenix.com.br\/blogs\/wp-content\/uploads\/2024\/05\/image-768x122.png 768w, https:\/\/www.fenix.com.br\/blogs\/wp-content\/uploads\/2024\/05\/image-1536x245.png 1536w, https:\/\/www.fenix.com.br\/blogs\/wp-content\/uploads\/2024\/05\/image.png 1894w\" sizes=\"auto, (max-width: 1024px) 100vw, 1024px\" \/><\/figure>\n\n\n\n<p><br>3 &#8211; Desmarque a op\u00e7\u00e3o <strong>Mostrar cabe\u00e7alho do portal<\/strong> e clique em <strong>Salvar sele\u00e7\u00e3o<\/strong>.<br><\/p>\n\n\n\n<figure class=\"wp-block-image size-full is-resized\"><img loading=\"lazy\" decoding=\"async\" width=\"738\" height=\"509\" src=\"https:\/\/www.fenix.com.br\/blogs\/wp-content\/uploads\/2024\/08\/image-1-1024x236-1.png\" alt=\"\" class=\"wp-image-1929\" style=\"width:380px;height:auto\" srcset=\"https:\/\/www.fenix.com.br\/blogs\/wp-content\/uploads\/2024\/08\/image-1-1024x236-1.png 738w, https:\/\/www.fenix.com.br\/blogs\/wp-content\/uploads\/2024\/08\/image-1-1024x236-1-300x207.png 300w\" sizes=\"auto, (max-width: 738px) 100vw, 738px\" \/><\/figure>\n\n\n\n<p><br>Pronto, a altera\u00e7\u00e3o j\u00e1 foi efetuada, a partir de agora as pesquisas aparecer\u00e3o como na imagem abaixo, sem cabe\u00e7alho e links de navega\u00e7\u00e3o.<\/p>\n\n\n\n<p>Pronto, a altera\u00e7\u00e3o foi conclu\u00edda. A partir de agora, ao acessa o Portal diretamente, ou pelos links de cada bloco, o cabe\u00e7alho e links de navega\u00e7\u00e3o n\u00e3o ser\u00e3o mostrados mais.<br><\/p>\n\n\n\n<figure class=\"wp-block-image size-large\"><img loading=\"lazy\" decoding=\"async\" width=\"1024\" height=\"302\" src=\"https:\/\/www.fenix.com.br\/blogs\/wp-content\/uploads\/2024\/05\/image-3-1024x302.png\" alt=\"\" class=\"wp-image-1888\" srcset=\"https:\/\/www.fenix.com.br\/blogs\/wp-content\/uploads\/2024\/05\/image-3-1024x302.png 1024w, https:\/\/www.fenix.com.br\/blogs\/wp-content\/uploads\/2024\/05\/image-3-300x89.png 300w, https:\/\/www.fenix.com.br\/blogs\/wp-content\/uploads\/2024\/05\/image-3-768x227.png 768w, https:\/\/www.fenix.com.br\/blogs\/wp-content\/uploads\/2024\/05\/image-3-1536x453.png 1536w, https:\/\/www.fenix.com.br\/blogs\/wp-content\/uploads\/2024\/05\/image-3.png 1918w\" sizes=\"auto, (max-width: 1024px) 100vw, 1024px\" \/><\/figure>\n\n\n\n<p><br>Caso queira acessar a \u00e1rea administrativa pode fazer pelo link: <a href=\"https:\/\/www.fenix.com.br\/transparencia\/login\">https:\/\/www.fenix.com.br\/transparencia\/login<\/a><\/p>\n","protected":false},"excerpt":{"rendered":"<p>Para uma integra\u00e7\u00e3o mais eficiente das APIs com o Portal do munic\u00edpio, oferecemos a op\u00e7\u00e3o de ocultar o cabe\u00e7alho. O procedimento \u00e9 simples, basta seguir os passos detalhados abaixo. 1 &#8211; Realize o Login na \u00e1rea administrativa do Portal da Transpar\u00eancia clicando no bot\u00e3o Administrar. 2 &#8211; Dentro da \u00c1rea administrativa clique no bloco de&hellip;<\/p>\n","protected":false},"author":1,"featured_media":0,"parent":0,"menu_order":0,"comment_status":"closed","ping_status":"closed","template":"","meta":{"footnotes":""},"class_list":["post-1884","page","type-page","status-publish","hentry"],"_links":{"self":[{"href":"https:\/\/www.fenix.com.br\/blogs\/wp-json\/wp\/v2\/pages\/1884","targetHints":{"allow":["GET"]}}],"collection":[{"href":"https:\/\/www.fenix.com.br\/blogs\/wp-json\/wp\/v2\/pages"}],"about":[{"href":"https:\/\/www.fenix.com.br\/blogs\/wp-json\/wp\/v2\/types\/page"}],"author":[{"embeddable":true,"href":"https:\/\/www.fenix.com.br\/blogs\/wp-json\/wp\/v2\/users\/1"}],"replies":[{"embeddable":true,"href":"https:\/\/www.fenix.com.br\/blogs\/wp-json\/wp\/v2\/comments?post=1884"}],"version-history":[{"count":8,"href":"https:\/\/www.fenix.com.br\/blogs\/wp-json\/wp\/v2\/pages\/1884\/revisions"}],"predecessor-version":[{"id":1930,"href":"https:\/\/www.fenix.com.br\/blogs\/wp-json\/wp\/v2\/pages\/1884\/revisions\/1930"}],"wp:attachment":[{"href":"https:\/\/www.fenix.com.br\/blogs\/wp-json\/wp\/v2\/media?parent=1884"}],"curies":[{"name":"wp","href":"https:\/\/api.w.org\/{rel}","templated":true}]}}