{"id":1858,"date":"2024-04-24T11:30:59","date_gmt":"2024-04-24T14:30:59","guid":{"rendered":"https:\/\/www.fenix.com.br\/blogs\/?page_id=1858"},"modified":"2024-09-20T11:14:55","modified_gmt":"2024-09-20T14:14:55","slug":"data-de-validade-do-processo-de-compra","status":"publish","type":"page","link":"https:\/\/www.fenix.com.br\/blogs\/data-de-validade-do-processo-de-compra\/","title":{"rendered":"Data de Validade do Processo de Compra"},"content":{"rendered":"\n<p>Para adicionar\/atualizar a data de validade do processo de compra, no sistema <strong>COMPRAS<\/strong>:<\/p>\n\n\n\n<figure class=\"wp-block-image size-large\"><img loading=\"lazy\" decoding=\"async\" width=\"1024\" height=\"453\" src=\"https:\/\/www.fenix.com.br\/blogs\/wp-content\/uploads\/2024\/04\/image-1-1-1024x453.png\" alt=\"\" class=\"wp-image-1859\" srcset=\"https:\/\/www.fenix.com.br\/blogs\/wp-content\/uploads\/2024\/04\/image-1-1-1024x453.png 1024w, https:\/\/www.fenix.com.br\/blogs\/wp-content\/uploads\/2024\/04\/image-1-1-300x133.png 300w, https:\/\/www.fenix.com.br\/blogs\/wp-content\/uploads\/2024\/04\/image-1-1-768x340.png 768w, https:\/\/www.fenix.com.br\/blogs\/wp-content\/uploads\/2024\/04\/image-1-1.png 1213w\" sizes=\"auto, (max-width: 1024px) 100vw, 1024px\" \/><\/figure>\n\n\n\n<p><\/p>\n\n\n\n<p>A data de validade ser\u00e1 informada atrav\u00e9s do sistema <strong>LICITA<\/strong>, na funcionalidade <strong>Registro de Pre\u00e7o \/ Aditivo<\/strong>:<\/p>\n\n\n\n<figure class=\"wp-block-image size-large\"><img loading=\"lazy\" decoding=\"async\" width=\"1024\" height=\"563\" src=\"https:\/\/www.fenix.com.br\/blogs\/wp-content\/uploads\/2024\/04\/image-2-1024x563.png\" alt=\"\" class=\"wp-image-1860\" srcset=\"https:\/\/www.fenix.com.br\/blogs\/wp-content\/uploads\/2024\/04\/image-2-1024x563.png 1024w, https:\/\/www.fenix.com.br\/blogs\/wp-content\/uploads\/2024\/04\/image-2-300x165.png 300w, https:\/\/www.fenix.com.br\/blogs\/wp-content\/uploads\/2024\/04\/image-2-768x422.png 768w, https:\/\/www.fenix.com.br\/blogs\/wp-content\/uploads\/2024\/04\/image-2.png 1213w\" sizes=\"auto, (max-width: 1024px) 100vw, 1024px\" \/><\/figure>\n\n\n\n<p><\/p>\n\n\n\n<p>Quando for um Registro de Pre\u00e7o, a data de validade inicial ser\u00e1 a data de validade do pr\u00f3prio registro (conforme o destaque acima em verde);<\/p>\n\n\n\n<p>Agora, se n\u00e3o se tratar de um Registro de Pre\u00e7o, o ajuste ser\u00e1 realizado atrav\u00e9s do bot\u00e3o <strong>Aditivo<\/strong> (<em>conforme destacado na figura acima em azul<\/em>). Ou, caso seja necess\u00e1rio corrigir a data de validade j\u00e1 informada, tamb\u00e9m ser\u00e1 feito pelo bot\u00e3o <strong>Aditivo<\/strong>.<\/p>\n\n\n\n<p>Ao clicar no bot\u00e3o <strong>Aditivo<\/strong>, ser\u00e1 direcionado \u00e0 tela dos aditivos, conforme imagem abaixo:<\/p>\n\n\n\n<figure class=\"wp-block-image size-large is-resized\"><img loading=\"lazy\" decoding=\"async\" width=\"1024\" height=\"214\" src=\"https:\/\/www.fenix.com.br\/blogs\/wp-content\/uploads\/2024\/04\/image-3-1024x214.png\" alt=\"\" class=\"wp-image-1861\" style=\"width:828px;height:auto\" srcset=\"https:\/\/www.fenix.com.br\/blogs\/wp-content\/uploads\/2024\/04\/image-3-1024x214.png 1024w, https:\/\/www.fenix.com.br\/blogs\/wp-content\/uploads\/2024\/04\/image-3-300x63.png 300w, https:\/\/www.fenix.com.br\/blogs\/wp-content\/uploads\/2024\/04\/image-3-768x160.png 768w, https:\/\/www.fenix.com.br\/blogs\/wp-content\/uploads\/2024\/04\/image-3.png 1297w\" sizes=\"auto, (max-width: 1024px) 100vw, 1024px\" \/><\/figure>\n\n\n\n<p><\/p>\n\n\n\n<p>Clicando no bot\u00e3o <strong>Novo aditivo<\/strong> ir\u00e1 habilitar a tela para serem informados os dados do aditivo que ser\u00e1 feito.<\/p>\n\n\n\n<figure class=\"wp-block-image size-large\"><img loading=\"lazy\" decoding=\"async\" width=\"1024\" height=\"561\" src=\"https:\/\/www.fenix.com.br\/blogs\/wp-content\/uploads\/2024\/04\/image-4-1024x561.png\" alt=\"\" class=\"wp-image-1862\" srcset=\"https:\/\/www.fenix.com.br\/blogs\/wp-content\/uploads\/2024\/04\/image-4-1024x561.png 1024w, https:\/\/www.fenix.com.br\/blogs\/wp-content\/uploads\/2024\/04\/image-4-300x164.png 300w, https:\/\/www.fenix.com.br\/blogs\/wp-content\/uploads\/2024\/04\/image-4-768x421.png 768w, https:\/\/www.fenix.com.br\/blogs\/wp-content\/uploads\/2024\/04\/image-4.png 1306w\" sizes=\"auto, (max-width: 1024px) 100vw, 1024px\" \/><\/figure>\n\n\n\n<p><\/p>\n\n\n\n<p>Ao selecionar a caixa de sele\u00e7\u00e3o <strong>Habilita Data de Validade<\/strong> (<em>destaque em azul<\/em>), ser\u00e1 poss\u00edvel informar a nova data de validade do processo de compra. Em seguida, selecione o fornecedor cuja formaliza\u00e7\u00e3o de compra ser\u00e1 alterada (<em>destaque em vermelho<\/em>). Este \u00e9 o procedimento para modificar a data de validade do processo de compra.<\/p>\n\n\n\n<figure class=\"wp-block-image size-large\"><img loading=\"lazy\" decoding=\"async\" width=\"1024\" height=\"325\" src=\"https:\/\/www.fenix.com.br\/blogs\/wp-content\/uploads\/2024\/04\/image-5-1024x325.png\" alt=\"\" class=\"wp-image-1863\" srcset=\"https:\/\/www.fenix.com.br\/blogs\/wp-content\/uploads\/2024\/04\/image-5-1024x325.png 1024w, https:\/\/www.fenix.com.br\/blogs\/wp-content\/uploads\/2024\/04\/image-5-300x95.png 300w, https:\/\/www.fenix.com.br\/blogs\/wp-content\/uploads\/2024\/04\/image-5-768x244.png 768w, https:\/\/www.fenix.com.br\/blogs\/wp-content\/uploads\/2024\/04\/image-5.png 1315w\" sizes=\"auto, (max-width: 1024px) 100vw, 1024px\" \/><\/figure>\n\n\n\n<p><\/p>\n\n\n\n<p>Caso o aditivo tenha ajuste de valor ou quantitativo, destacado em verde. Basta selecionar a caixa de marca\u00e7\u00e3o desejada e informar o valor na coluna referente ao ajuste. Cabe ressaltar que talvez seja necess\u00e1rio informar o detalhamento da quantidade, isso ocorre quando houver ajuste da quantidade.<\/p>\n\n\n\n<p>Ap\u00f3s o termino das informa\u00e7\u00f5es bastar\u00e1 clicar no bot\u00e3o <strong>Gravar<\/strong>.<\/p>\n\n\n\n<figure class=\"wp-block-image size-full\"><img loading=\"lazy\" decoding=\"async\" width=\"353\" height=\"405\" src=\"https:\/\/www.fenix.com.br\/blogs\/wp-content\/uploads\/2024\/04\/image-6.png\" alt=\"\" class=\"wp-image-1864\" srcset=\"https:\/\/www.fenix.com.br\/blogs\/wp-content\/uploads\/2024\/04\/image-6.png 353w, https:\/\/www.fenix.com.br\/blogs\/wp-content\/uploads\/2024\/04\/image-6-261x300.png 261w\" sizes=\"auto, (max-width: 353px) 100vw, 353px\" \/><\/figure>\n\n\n\n<p><\/p>\n\n\n\n<p>Por favor, verifique se a data est\u00e1 correta. Ap\u00f3s a confirma\u00e7\u00e3o, a nova data ser\u00e1 automaticamente apresentada durante a formaliza\u00e7\u00e3o da compra com o fornecedor selecionado, e o sistema ir\u00e1 proceder \u00e0 atualiza\u00e7\u00e3o da data de validade do processo de compra no sistema <strong>COMPRAS<\/strong>.<\/p>\n\n\n\n<figure class=\"wp-block-image size-large\"><img loading=\"lazy\" decoding=\"async\" width=\"1024\" height=\"359\" src=\"https:\/\/www.fenix.com.br\/blogs\/wp-content\/uploads\/2024\/04\/image-7-1024x359.png\" alt=\"\" class=\"wp-image-1865\" srcset=\"https:\/\/www.fenix.com.br\/blogs\/wp-content\/uploads\/2024\/04\/image-7-1024x359.png 1024w, https:\/\/www.fenix.com.br\/blogs\/wp-content\/uploads\/2024\/04\/image-7-300x105.png 300w, https:\/\/www.fenix.com.br\/blogs\/wp-content\/uploads\/2024\/04\/image-7-768x269.png 768w, https:\/\/www.fenix.com.br\/blogs\/wp-content\/uploads\/2024\/04\/image-7.png 1185w\" sizes=\"auto, (max-width: 1024px) 100vw, 1024px\" \/><\/figure>\n","protected":false},"excerpt":{"rendered":"<p>Para adicionar\/atualizar a data de validade do processo de compra, no sistema COMPRAS: A data de validade ser\u00e1 informada atrav\u00e9s do sistema LICITA, na funcionalidade Registro de Pre\u00e7o \/ Aditivo: Quando for um Registro de Pre\u00e7o, a data de validade inicial ser\u00e1 a data de validade do pr\u00f3prio registro (conforme o destaque acima em verde);&hellip;<\/p>\n","protected":false},"author":1,"featured_media":0,"parent":0,"menu_order":0,"comment_status":"closed","ping_status":"closed","template":"","meta":{"footnotes":""},"class_list":["post-1858","page","type-page","status-publish","hentry"],"_links":{"self":[{"href":"https:\/\/www.fenix.com.br\/blogs\/wp-json\/wp\/v2\/pages\/1858","targetHints":{"allow":["GET"]}}],"collection":[{"href":"https:\/\/www.fenix.com.br\/blogs\/wp-json\/wp\/v2\/pages"}],"about":[{"href":"https:\/\/www.fenix.com.br\/blogs\/wp-json\/wp\/v2\/types\/page"}],"author":[{"embeddable":true,"href":"https:\/\/www.fenix.com.br\/blogs\/wp-json\/wp\/v2\/users\/1"}],"replies":[{"embeddable":true,"href":"https:\/\/www.fenix.com.br\/blogs\/wp-json\/wp\/v2\/comments?post=1858"}],"version-history":[{"count":3,"href":"https:\/\/www.fenix.com.br\/blogs\/wp-json\/wp\/v2\/pages\/1858\/revisions"}],"predecessor-version":[{"id":1983,"href":"https:\/\/www.fenix.com.br\/blogs\/wp-json\/wp\/v2\/pages\/1858\/revisions\/1983"}],"wp:attachment":[{"href":"https:\/\/www.fenix.com.br\/blogs\/wp-json\/wp\/v2\/media?parent=1858"}],"curies":[{"name":"wp","href":"https:\/\/api.w.org\/{rel}","templated":true}]}}