{"id":182,"date":"2020-05-07T17:18:24","date_gmt":"2020-05-07T20:18:24","guid":{"rendered":"https:\/\/www.fenix.com.br\/blogs\/?page_id=182"},"modified":"2020-05-12T17:52:40","modified_gmt":"2020-05-12T20:52:40","slug":"controle-interno","status":"publish","type":"page","link":"https:\/\/www.fenix.com.br\/blogs\/controle-interno\/","title":{"rendered":"Controle Interno"},"content":{"rendered":"\n<ul class=\"wp-block-list\"><li><a href=\"https:\/\/www.fenix.com.br\/blogs\/almoxarifado\/\">Almoxarifado P\u00fablico<\/a><\/li><li><a href=\"https:\/\/www.fenix.com.br\/blogs\/compras-publicas\/\">Compras P\u00fablicas<\/a><\/li><li><a href=\"https:\/\/www.fenix.com.br\/blogs\/patrimonio-publico\/\">Patrim\u00f4nio P\u00fablico<\/a><\/li><li><a href=\"https:\/\/www.fenix.com.br\/blogs\/protocolo-publico\/\">Protocolo P\u00fablico<\/a><\/li><li><a href=\"https:\/\/www.fenix.com.br\/blogs\/licitacao-publica\/\">Licita\u00e7\u00e3o P\u00fablica<\/a><\/li><li><a href=\"https:\/\/www.fenix.com.br\/blogs\/contratos-publicos\/\">Contratos P\u00fablicos<\/a><\/li><li><a href=\"https:\/\/www.fenix.com.br\/blogs\/convenios-publicos\/\">Conv\u00eanios P\u00fablicos<\/a><\/li><li><a href=\"https:\/\/www.fenix.com.br\/blogs\/cemiterios-publicos\/\">Cemit\u00e9rios P\u00fablicos<\/a><\/li><\/ul>\n\n\n\n<h4 class=\"wp-block-heading\">Controle da Tesouraria<\/h4>\n\n\n\n<ul class=\"wp-block-list\"><li><a href=\"http:\/\/fenix.com.br\/Wiki\/index.php\/Arquivo:Sisconta_icone_wiki.png\"><\/a>&nbsp;<a href=\"https:\/\/www.fenix.com.br\/blogs\/tesouraria-publica-sisconta\/\">Tesouraria P\u00fablica (Sisconta)<\/a><\/li><\/ul>\n\n\n\n<h4 class=\"wp-block-heading\">Controle de Ve\u00edculos<\/h4>\n\n\n\n<ul class=\"wp-block-list\"><li><a href=\"http:\/\/fenix.com.br\/Wiki\/index.php\/Arquivo:Siscove_icone_wiki.png\"><\/a>&nbsp;<a href=\"https:\/\/www.fenix.com.br\/blogs\/frota-de-veiculos-publicos-siscove\/\">Frota de Ve\u00edculos P\u00fablicos (Siscove)<\/a><\/li><\/ul>\n\n\n\n<p><\/p>\n","protected":false},"excerpt":{"rendered":"<p>Almoxarifado P\u00fablico Compras P\u00fablicas Patrim\u00f4nio P\u00fablico Protocolo P\u00fablico Licita\u00e7\u00e3o P\u00fablica Contratos P\u00fablicos Conv\u00eanios P\u00fablicos Cemit\u00e9rios P\u00fablicos Controle da Tesouraria &nbsp;Tesouraria P\u00fablica (Sisconta) Controle de Ve\u00edculos &nbsp;Frota de Ve\u00edculos P\u00fablicos (Siscove)<\/p>\n","protected":false},"author":1,"featured_media":0,"parent":0,"menu_order":0,"comment_status":"closed","ping_status":"closed","template":"","meta":{"footnotes":""},"class_list":["post-182","page","type-page","status-publish","hentry"],"_links":{"self":[{"href":"https:\/\/www.fenix.com.br\/blogs\/wp-json\/wp\/v2\/pages\/182","targetHints":{"allow":["GET"]}}],"collection":[{"href":"https:\/\/www.fenix.com.br\/blogs\/wp-json\/wp\/v2\/pages"}],"about":[{"href":"https:\/\/www.fenix.com.br\/blogs\/wp-json\/wp\/v2\/types\/page"}],"author":[{"embeddable":true,"href":"https:\/\/www.fenix.com.br\/blogs\/wp-json\/wp\/v2\/users\/1"}],"replies":[{"embeddable":true,"href":"https:\/\/www.fenix.com.br\/blogs\/wp-json\/wp\/v2\/comments?post=182"}],"version-history":[{"count":8,"href":"https:\/\/www.fenix.com.br\/blogs\/wp-json\/wp\/v2\/pages\/182\/revisions"}],"predecessor-version":[{"id":448,"href":"https:\/\/www.fenix.com.br\/blogs\/wp-json\/wp\/v2\/pages\/182\/revisions\/448"}],"wp:attachment":[{"href":"https:\/\/www.fenix.com.br\/blogs\/wp-json\/wp\/v2\/media?parent=182"}],"curies":[{"name":"wp","href":"https:\/\/api.w.org\/{rel}","templated":true}]}}