{"id":1812,"date":"2024-04-22T08:47:27","date_gmt":"2024-04-22T11:47:27","guid":{"rendered":"https:\/\/www.fenix.com.br\/blogs\/?page_id=1812"},"modified":"2025-09-23T09:07:08","modified_gmt":"2025-09-23T12:07:08","slug":"contrato-de-compra-controle-de-ordem-de-fornecimento-por-contrato","status":"publish","type":"page","link":"https:\/\/www.fenix.com.br\/blogs\/contrato-de-compra-controle-de-ordem-de-fornecimento-por-contrato\/","title":{"rendered":"Contrato de Compra &#8211; Controle de Ordem de Fornecimento por Contrato"},"content":{"rendered":"\n<p>Para acessar os contratos, selecione a autoriza\u00e7\u00e3o de compras e selecione o fornecedor, ap\u00f3s selecion\u00e1-lo clicar no bot\u00e3o <strong>Formalizar Aceite<\/strong>, conforme imagem abaixo:<\/p>\n\n\n\n<figure class=\"wp-block-image size-large\"><img loading=\"lazy\" decoding=\"async\" width=\"1024\" height=\"557\" src=\"https:\/\/www.fenix.com.br\/blogs\/wp-content\/uploads\/2024\/04\/image-1024x557.png\" alt=\"\" class=\"wp-image-1813\" srcset=\"https:\/\/www.fenix.com.br\/blogs\/wp-content\/uploads\/2024\/04\/image-1024x557.png 1024w, https:\/\/www.fenix.com.br\/blogs\/wp-content\/uploads\/2024\/04\/image-300x163.png 300w, https:\/\/www.fenix.com.br\/blogs\/wp-content\/uploads\/2024\/04\/image-768x418.png 768w, https:\/\/www.fenix.com.br\/blogs\/wp-content\/uploads\/2024\/04\/image.png 1204w\" sizes=\"auto, (max-width: 1024px) 100vw, 1024px\" \/><\/figure>\n\n\n\n<p><\/p>\n\n\n\n<p>Ao acessar os dados da Formaliza\u00e7\u00e3o de Compra, ser\u00e1 apresentada a tela abaixo<\/p>\n\n\n\n<figure class=\"wp-block-image size-full\"><img loading=\"lazy\" decoding=\"async\" width=\"1176\" height=\"620\" src=\"https:\/\/www.fenix.com.br\/blogs\/wp-content\/uploads\/2025\/09\/Captura-de-tela-2025-09-22-163025-1.jpg\" alt=\"\" class=\"wp-image-2113\" srcset=\"https:\/\/www.fenix.com.br\/blogs\/wp-content\/uploads\/2025\/09\/Captura-de-tela-2025-09-22-163025-1.jpg 1176w, https:\/\/www.fenix.com.br\/blogs\/wp-content\/uploads\/2025\/09\/Captura-de-tela-2025-09-22-163025-1-300x158.jpg 300w, https:\/\/www.fenix.com.br\/blogs\/wp-content\/uploads\/2025\/09\/Captura-de-tela-2025-09-22-163025-1-1024x540.jpg 1024w, https:\/\/www.fenix.com.br\/blogs\/wp-content\/uploads\/2025\/09\/Captura-de-tela-2025-09-22-163025-1-768x405.jpg 768w\" sizes=\"auto, (max-width: 1176px) 100vw, 1176px\" \/><\/figure>\n\n\n\n<p><\/p>\n\n\n\n<p>Clique no bot\u00e3o circulado em vermelho, para vincular um novo contrato\/aditivo \u00e0 formaliza\u00e7\u00e3o.<\/p>\n\n\n\n<figure class=\"wp-block-image size-large\"><img loading=\"lazy\" decoding=\"async\" width=\"1024\" height=\"512\" src=\"https:\/\/www.fenix.com.br\/blogs\/wp-content\/uploads\/2025\/09\/Captura-de-tela-2025-09-22-164904-2-1024x512.jpg\" alt=\"\" class=\"wp-image-2115\" srcset=\"https:\/\/www.fenix.com.br\/blogs\/wp-content\/uploads\/2025\/09\/Captura-de-tela-2025-09-22-164904-2-1024x512.jpg 1024w, https:\/\/www.fenix.com.br\/blogs\/wp-content\/uploads\/2025\/09\/Captura-de-tela-2025-09-22-164904-2-300x150.jpg 300w, https:\/\/www.fenix.com.br\/blogs\/wp-content\/uploads\/2025\/09\/Captura-de-tela-2025-09-22-164904-2-768x384.jpg 768w, https:\/\/www.fenix.com.br\/blogs\/wp-content\/uploads\/2025\/09\/Captura-de-tela-2025-09-22-164904-2-256x128.jpg 256w, https:\/\/www.fenix.com.br\/blogs\/wp-content\/uploads\/2025\/09\/Captura-de-tela-2025-09-22-164904-2.jpg 1144w\" sizes=\"auto, (max-width: 1024px) 100vw, 1024px\" \/><\/figure>\n\n\n\n<p>Quando existir algum contrato j\u00e1 cadastrado que n\u00e3o estiver vinculado ao sistema Contrato, ser\u00e1 necess\u00e1rio editar o mesmo e fazer o v\u00ednculo.<\/p>\n\n\n\n<p>Agora, o sistema trar\u00e1 os dados do contrato\/aditivo que foi vinculado \u00e0 formaliza\u00e7\u00e3o de compra. Atente para a data do contrato, pois, o M\u00eas\/Ano que foi selecionado na entrada do sistema dever\u00e1 ser o mesmo da data de assinatura do contrato.<\/p>\n\n\n\n<p><\/p>\n\n\n\n<figure class=\"wp-block-image size-large\"><img loading=\"lazy\" decoding=\"async\" width=\"1024\" height=\"583\" src=\"https:\/\/www.fenix.com.br\/blogs\/wp-content\/uploads\/2025\/09\/Captura-de-tela-2025-09-22-164124-1024x583.jpg\" alt=\"\" class=\"wp-image-2116\" srcset=\"https:\/\/www.fenix.com.br\/blogs\/wp-content\/uploads\/2025\/09\/Captura-de-tela-2025-09-22-164124-1024x583.jpg 1024w, https:\/\/www.fenix.com.br\/blogs\/wp-content\/uploads\/2025\/09\/Captura-de-tela-2025-09-22-164124-300x171.jpg 300w, https:\/\/www.fenix.com.br\/blogs\/wp-content\/uploads\/2025\/09\/Captura-de-tela-2025-09-22-164124-768x438.jpg 768w, https:\/\/www.fenix.com.br\/blogs\/wp-content\/uploads\/2025\/09\/Captura-de-tela-2025-09-22-164124.jpg 1148w\" sizes=\"auto, (max-width: 1024px) 100vw, 1024px\" \/><\/figure>\n\n\n\n<p>Se o tipo de controle for Percentual do Item ser\u00e1 necess\u00e1rio informar o percentual individual (que ser\u00e1 apresentada ap\u00f3s o clique no bot\u00e3o Gravar) ou se o percentual informado for para todos os itens da formaliza\u00e7\u00e3o do fornecedor, basta marcar a caixa de sele\u00e7\u00e3o &#8220;Aplicar o percentual a todos os itens&#8221; e  informar o percentual contratado, para todos os itens. Ser\u00e1 melhor detalhada essa quest\u00e3o mais abaixo.<\/p>\n\n\n\n<figure class=\"wp-block-image size-large\"><img loading=\"lazy\" decoding=\"async\" width=\"1024\" height=\"562\" src=\"https:\/\/www.fenix.com.br\/blogs\/wp-content\/uploads\/2025\/09\/Captura-de-tela-2025-09-23-084523-1024x562.jpg\" alt=\"\" class=\"wp-image-2117\" srcset=\"https:\/\/www.fenix.com.br\/blogs\/wp-content\/uploads\/2025\/09\/Captura-de-tela-2025-09-23-084523-1024x562.jpg 1024w, https:\/\/www.fenix.com.br\/blogs\/wp-content\/uploads\/2025\/09\/Captura-de-tela-2025-09-23-084523-300x165.jpg 300w, https:\/\/www.fenix.com.br\/blogs\/wp-content\/uploads\/2025\/09\/Captura-de-tela-2025-09-23-084523-768x421.jpg 768w, https:\/\/www.fenix.com.br\/blogs\/wp-content\/uploads\/2025\/09\/Captura-de-tela-2025-09-23-084523.jpg 1214w\" sizes=\"auto, (max-width: 1024px) 100vw, 1024px\" \/><\/figure>\n\n\n\n<p>Observe na imagem acima que o tipo de controle por Percentual, quando atingido os 100%, os demais contratos dever\u00e3o ter o tipo por valor;<\/p>\n\n\n\n<p>Caso exista algum contrato j\u00e1 lan\u00e7ado ir\u00e1 ser apresentado no grid, o detalhe est\u00e1 no modelo do contrato. Pois, existem duas formas de lan\u00e7amento de dados contratuais: uma \u00e9 o contrato para todos os itens do fornecedor, que ir\u00e1 marcar todos os itens formalizados com o mesmo percentual informado; J\u00e1 a outra \u00e9 por item e por percentual ou quantidade, essa \u00e9 item a item, conforme as tela abaixo:<\/p>\n\n\n\n<p>Quando clicar no bot\u00e3o <strong>Novo V\u00ednculo Contratual<\/strong>:<\/p>\n\n\n\n<ul class=\"wp-block-list\">\n<li>Geral &#8211; % para todos os itens formalizados:<\/li>\n<\/ul>\n\n\n\n<figure class=\"wp-block-image size-large\"><img loading=\"lazy\" decoding=\"async\" width=\"1024\" height=\"332\" src=\"https:\/\/www.fenix.com.br\/blogs\/wp-content\/uploads\/2025\/09\/Captura-de-tela-2025-09-23-085614-1024x332.jpg\" alt=\"\" class=\"wp-image-2118\" srcset=\"https:\/\/www.fenix.com.br\/blogs\/wp-content\/uploads\/2025\/09\/Captura-de-tela-2025-09-23-085614-1024x332.jpg 1024w, https:\/\/www.fenix.com.br\/blogs\/wp-content\/uploads\/2025\/09\/Captura-de-tela-2025-09-23-085614-300x97.jpg 300w, https:\/\/www.fenix.com.br\/blogs\/wp-content\/uploads\/2025\/09\/Captura-de-tela-2025-09-23-085614-768x249.jpg 768w, https:\/\/www.fenix.com.br\/blogs\/wp-content\/uploads\/2025\/09\/Captura-de-tela-2025-09-23-085614.jpg 1145w\" sizes=\"auto, (max-width: 1024px) 100vw, 1024px\" \/><\/figure>\n\n\n\n<p><\/p>\n\n\n\n<p class=\"has-black-color has-text-color has-link-color wp-elements-b845b68f1b78798cf396d804721fbaa9\">No destaque em vermelho e verde acima, ir\u00e1 informar o % e selecionar que ir\u00e1 aplicar o percentual a todos os itens, respectivamente. Ap\u00f3s, informar todos os dados clicar no bot\u00e3o <strong>Gravar<\/strong>. *\u00b9<\/p>\n\n\n\n<blockquote class=\"wp-block-quote is-layout-flow wp-block-quote-is-layout-flow\">\n<ul class=\"wp-block-list\">\n<li><strong>ATEN\u00c7\u00c3O:<\/strong> Quando utilizar essa op\u00e7\u00e3o, ser\u00e3o marcados <strong>TODOS OS ITENS COM ESSE PERCENTUAL<\/strong>, inclusive quando houver desist\u00eancia de outro fornecedor e esse fornecedor absorver os itens. Esses novos itens estar\u00e3o liberados tamb\u00e9m nesse contrato.<\/li>\n<\/ul>\n<\/blockquote>\n\n\n\n<p>Quando o % \u00e9 por item, n\u00e3o marcar a caixa de sele\u00e7\u00e3o <strong>Aplicar o percentual a todos os itens<\/strong>, ao clicar no bot\u00e3o <strong>Gravar<\/strong>, o sistema ir\u00e1 validar a caixa de sele\u00e7\u00e3o e ir\u00e1 habilitar uma nova tela que permitir\u00e1 selecionar os itens que est\u00e3o no contrato a ser efetivado;<\/p>\n\n\n\n<figure class=\"wp-block-image size-full\"><img loading=\"lazy\" decoding=\"async\" width=\"974\" height=\"561\" src=\"https:\/\/www.fenix.com.br\/blogs\/wp-content\/uploads\/2024\/06\/Captura-de-tela-2024-06-27-092143-1.png\" alt=\"\" class=\"wp-image-1919\" srcset=\"https:\/\/www.fenix.com.br\/blogs\/wp-content\/uploads\/2024\/06\/Captura-de-tela-2024-06-27-092143-1.png 974w, https:\/\/www.fenix.com.br\/blogs\/wp-content\/uploads\/2024\/06\/Captura-de-tela-2024-06-27-092143-1-300x173.png 300w, https:\/\/www.fenix.com.br\/blogs\/wp-content\/uploads\/2024\/06\/Captura-de-tela-2024-06-27-092143-1-768x442.png 768w\" sizes=\"auto, (max-width: 974px) 100vw, 974px\" \/><\/figure>\n\n\n\n<p><\/p>\n\n\n\n<p>Nessa tela poder\u00e1, selecionar o item na coluna <strong>Sel.<\/strong>, para que sejam habilitados as colunas para informar o %, na coluna <strong>Novo %<\/strong>, ou a quantidade, na coluna <strong>Qtde. Liberada<\/strong> (sele\u00e7\u00e3o em vermelho na figura acima);<\/p>\n\n\n\n<p>Tamb\u00e9m, poder\u00e1 ser informado o percentual no campo inferior a direita e clicar no bot\u00e3o <strong>Selecionar Todos com o % -&gt;<\/strong>, utilizando essa op\u00e7\u00e3o o sistema ir\u00e1 configurar o % informado pra todos os registros no grid (sele\u00e7\u00e3o em azul na figura acima);*\u00b2<\/p>\n\n\n\n<p class=\"has-vivid-cyan-blue-color has-text-color has-link-color wp-elements-2608bc800649316e8fcc009ababaa2cc\"><strong>Observa\u00e7\u00f5es<\/strong>:<\/p>\n\n\n\n<p class=\"has-vivid-cyan-blue-color has-text-color has-link-color wp-elements-1041a846015750687f035f764fb2993b\">Quando informar um contrato, este s\u00f3 poder\u00e1 ser alterado\/exclu\u00eddo quando n\u00e3o existir Ordem de Fornecimento; ou se a quantidade das ordens de fornecimentos dos itens j\u00e1 efetuadas n\u00e3o fizerem parte do percentual do contrato;<\/p>\n\n\n\n<p class=\"has-vivid-cyan-blue-color has-text-color has-link-color wp-elements-2e325c9dca11631198bf39afc93a2eb8\">Alguns clientes necessitam de liberar os itens\/servi\u00e7os a serem adquiridos apenas para os itens formalizados no momento que finaliza a licita\u00e7\u00e3o. Ent\u00e3o, como sugest\u00e3o pra evitar problemas em novos itens para o fornecedor, quando outro fornecedor desiste de fornecer algum item\/servi\u00e7o e passando esses itens ao novo fornecedor. <strong>Portanto, faz-se necess\u00e1rio utilizar a marca\u00e7\u00e3o por ITEM<\/strong>*\u00b2 e n\u00e3o geral para todos  os itens, como informado no par\u00e1grafo *\u00b9.<\/p>\n","protected":false},"excerpt":{"rendered":"<p>Para acessar os contratos, selecione a autoriza\u00e7\u00e3o de compras e selecione o fornecedor, ap\u00f3s selecion\u00e1-lo clicar no bot\u00e3o Formalizar Aceite, conforme imagem abaixo: Ao acessar os dados da Formaliza\u00e7\u00e3o de Compra, ser\u00e1 apresentada a tela abaixo Clique no bot\u00e3o circulado em vermelho, para vincular um novo contrato\/aditivo \u00e0 formaliza\u00e7\u00e3o. Quando existir algum contrato j\u00e1 cadastrado&hellip;<\/p>\n","protected":false},"author":1,"featured_media":0,"parent":0,"menu_order":0,"comment_status":"closed","ping_status":"closed","template":"","meta":{"footnotes":""},"class_list":["post-1812","page","type-page","status-publish","hentry"],"_links":{"self":[{"href":"https:\/\/www.fenix.com.br\/blogs\/wp-json\/wp\/v2\/pages\/1812","targetHints":{"allow":["GET"]}}],"collection":[{"href":"https:\/\/www.fenix.com.br\/blogs\/wp-json\/wp\/v2\/pages"}],"about":[{"href":"https:\/\/www.fenix.com.br\/blogs\/wp-json\/wp\/v2\/types\/page"}],"author":[{"embeddable":true,"href":"https:\/\/www.fenix.com.br\/blogs\/wp-json\/wp\/v2\/users\/1"}],"replies":[{"embeddable":true,"href":"https:\/\/www.fenix.com.br\/blogs\/wp-json\/wp\/v2\/comments?post=1812"}],"version-history":[{"count":14,"href":"https:\/\/www.fenix.com.br\/blogs\/wp-json\/wp\/v2\/pages\/1812\/revisions"}],"predecessor-version":[{"id":2119,"href":"https:\/\/www.fenix.com.br\/blogs\/wp-json\/wp\/v2\/pages\/1812\/revisions\/2119"}],"wp:attachment":[{"href":"https:\/\/www.fenix.com.br\/blogs\/wp-json\/wp\/v2\/media?parent=1812"}],"curies":[{"name":"wp","href":"https:\/\/api.w.org\/{rel}","templated":true}]}}