{"id":180,"date":"2020-05-07T17:17:38","date_gmt":"2020-05-07T20:17:38","guid":{"rendered":"https:\/\/www.fenix.com.br\/blogs\/?page_id=180"},"modified":"2024-01-18T06:34:45","modified_gmt":"2024-01-18T09:34:45","slug":"contabilidade","status":"publish","type":"page","link":"https:\/\/www.fenix.com.br\/blogs\/contabilidade\/","title":{"rendered":"Contabilidade"},"content":{"rendered":"\n<h4 class=\"wp-block-heading\">Elabora\u00e7\u00e3o<\/h4>\n\n\n\n<ul class=\"wp-block-list\">\n<li><a href=\"http:\/\/fenix.com.br\/Wiki\/index.php\/Arquivo:Ppa_icone_wiki.png\"><\/a>&nbsp;<a href=\"https:\/\/www.fenix.com.br\/blogs\/ppa-plano-plurianual\/\">PPA &#8211; Plano Plurianual<\/a><\/li>\n\n\n\n<li><a href=\"http:\/\/fenix.com.br\/Wiki\/index.php\/Arquivo:Ldo_icone_wiki.png\"><\/a>&nbsp;<a href=\"https:\/\/www.fenix.com.br\/blogs\/ldo-reestimativa-e-avaliacao-anual-do-ppa\/\">LDO\/Reestimativa e Avalia\u00e7\u00e3o Anual do PPA<\/a><\/li>\n\n\n\n<li><a href=\"http:\/\/fenix.com.br\/Wiki\/index.php\/Arquivo:Loa_icone_wiki.png\"><\/a>&nbsp;<a href=\"https:\/\/www.fenix.com.br\/blogs\/loa-lei-orcamentaria-anual\/\">LOA &#8211; Lei Or\u00e7ament\u00e1ria Anual<\/a><\/li>\n<\/ul>\n\n\n\n<h4 class=\"wp-block-heading\">Execu\u00e7\u00e3o<\/h4>\n\n\n\n<ul class=\"wp-block-list\">\n<li><a href=\"http:\/\/fenix.com.br\/Wiki\/index.php\/Arquivo:Contab_icone_wiki.png\"><\/a>&nbsp;<a href=\"https:\/\/www.fenix.com.br\/blogs\/contab-contabilidade-publica\/\">Contab &#8211; Sistema de Contabilidade P\u00fablica.<\/a><\/li>\n\n\n\n<li><a href=\"http:\/\/fenix.com.br\/Wiki\/index.php\/Arquivo:MonitorPCASP_icone_wiki.png\"><\/a>&nbsp;<a href=\"https:\/\/www.fenix.com.br\/blogs\/monitor-pcasp-acompanhamento-do-pcasp-em-tempo-real\/\" data-type=\"URL\" data-id=\"https:\/\/www.fenix.com.br\/blogs\/monitor-pcasp-acompanhamento-do-pcasp-em-tempo-real\/\">Modulo do Gerencial &#8211; Monitor PCASP &#8211; Acompanhamento do PCASP em Tempo Real<\/a><\/li>\n\n\n\n<li><a href=\"http:\/\/fenix.com.br\/Wiki\/index.php\/Arquivo:Gerencial_icone_wiki.png\"><\/a>&nbsp;<a href=\"https:\/\/www.fenix.com.br\/blogs\/gerencial-exportacoes-relatorios-e-pesquisas-gerenciais\/\">Gerencial &#8211; Exporta\u00e7\u00f5es, Relat\u00f3rios e Pesquisas Gerenciais<\/a><\/li>\n\n\n\n<li><a href=\"http:\/\/fenix.com.br\/Wiki\/index.php\/Arquivo:Lrf_icone_wiki_1.png\"><\/a>&nbsp;<a href=\"https:\/\/www.fenix.com.br\/blogs\/lrf-lei-de-responsabilidade-fiscal\/\">LRF &#8211; Lei de Responsabilidade Fiscal<\/a><\/li>\n<\/ul>\n\n\n\n<h4 class=\"wp-block-heading\">Encerramento<\/h4>\n\n\n\n<ul class=\"wp-block-list\">\n<li><a href=\"http:\/\/fenix.com.br\/Wiki\/index.php\/Arquivo:Bal_icone_wiki.png\"><\/a>&nbsp;<a href=\"https:\/\/www.fenix.com.br\/blogs\/balanco-geral-anual\/\">Balan\u00e7o Geral Anual<\/a><\/li>\n<\/ul>\n\n\n\n<h4 class=\"wp-block-heading\">Presta\u00e7\u00f5es de Contas<\/h4>\n\n\n\n<ul class=\"wp-block-list\">\n<li><a href=\"https:\/\/www.fenix.com.br\/blogs\/subvencoes-sociais-concedidas-e-recebidas-modelos-de-anexos-para-preenchimento\/\">Subven\u00e7\u00f5es Sociais Concedidas e Recebidas &#8211; Modelos de Anexos para preenchimento<\/a><\/li>\n<\/ul>\n\n\n\n<p><\/p>\n\n\n\n<p><a href=\"https:\/\/www.fenix.com.br\/blogs\/roteiros-contabeis-contratuais-e-patrimoniais-para-lancamento-de-dados\/\" data-type=\"link\" data-id=\"https:\/\/www.fenix.com.br\/blogs\/roteiros-contabeis-contratuais-e-patrimoniais-para-lancamento-de-dados\/\"><strong>Roteiros Cont\u00e1beis, Contratuais e Patrimoniais para lan\u00e7amento de dados<\/strong><\/a><\/p>\n","protected":false},"excerpt":{"rendered":"<p>Elabora\u00e7\u00e3o Execu\u00e7\u00e3o Encerramento Presta\u00e7\u00f5es de Contas Roteiros Cont\u00e1beis, Contratuais e Patrimoniais para lan\u00e7amento de dados<\/p>\n","protected":false},"author":1,"featured_media":0,"parent":0,"menu_order":0,"comment_status":"closed","ping_status":"closed","template":"","meta":{"footnotes":""},"class_list":["post-180","page","type-page","status-publish","hentry"],"_links":{"self":[{"href":"https:\/\/www.fenix.com.br\/blogs\/wp-json\/wp\/v2\/pages\/180","targetHints":{"allow":["GET"]}}],"collection":[{"href":"https:\/\/www.fenix.com.br\/blogs\/wp-json\/wp\/v2\/pages"}],"about":[{"href":"https:\/\/www.fenix.com.br\/blogs\/wp-json\/wp\/v2\/types\/page"}],"author":[{"embeddable":true,"href":"https:\/\/www.fenix.com.br\/blogs\/wp-json\/wp\/v2\/users\/1"}],"replies":[{"embeddable":true,"href":"https:\/\/www.fenix.com.br\/blogs\/wp-json\/wp\/v2\/comments?post=180"}],"version-history":[{"count":21,"href":"https:\/\/www.fenix.com.br\/blogs\/wp-json\/wp\/v2\/pages\/180\/revisions"}],"predecessor-version":[{"id":1648,"href":"https:\/\/www.fenix.com.br\/blogs\/wp-json\/wp\/v2\/pages\/180\/revisions\/1648"}],"wp:attachment":[{"href":"https:\/\/www.fenix.com.br\/blogs\/wp-json\/wp\/v2\/media?parent=180"}],"curies":[{"name":"wp","href":"https:\/\/api.w.org\/{rel}","templated":true}]}}