{"id":1788,"date":"2024-04-19T17:15:05","date_gmt":"2024-04-19T20:15:05","guid":{"rendered":"https:\/\/www.fenix.com.br\/blogs\/?page_id=1788"},"modified":"2024-04-22T11:31:37","modified_gmt":"2024-04-22T14:31:37","slug":"configurar-o-envio-de-alertas-via-e-mail-aos-gestores-e-ou-fiscais-de-contratos","status":"publish","type":"page","link":"https:\/\/www.fenix.com.br\/blogs\/configurar-o-envio-de-alertas-via-e-mail-aos-gestores-e-ou-fiscais-de-contratos\/","title":{"rendered":"Configurar o envio de alertas via e-mail aos gestores e\/ou fiscais de Contratos"},"content":{"rendered":"\n<p>A funcionalidade de envio autom\u00e1tico de e-mails aos Gestores ou Fiscais do Contrato \u00e9 ativada por meio de uma tarefa automatizada, que analisa contratos com vencimento pr\u00f3ximo e envia alertas por e-mail aos gestores ou fiscais cadastrados. <br>Essa a\u00e7\u00e3o ocorre de forma autom\u00e1tica, conforme a configura\u00e7\u00e3o previamente estabelecida. <br>\u00c9 poss\u00edvel definir quatro campos distintos, cada um especificando a quantidade de dias antes do vencimento do contrato para gerar o alerta.<\/p>\n\n\n\n<p>Seguindo os passos abaixo voc\u00ea poder\u00e1 efetivar a habilita\u00e7\u00e3o desta funcionalidade do aplicativo Contrato.<\/p>\n\n\n\n<p>1-Habilitar a funcionalidade nas Configura\u00e7\u00f5es do Aplicativo. Acessando no Menu Principal a op\u00e7\u00e3o Utilit\u00e1rios, subop\u00e7\u00e3o Par\u00e2metros do \u00d3rg\u00e3o e Ano.<br><\/p>\n\n\n\n<figure class=\"wp-block-image size-full is-resized\"><img loading=\"lazy\" decoding=\"async\" width=\"703\" height=\"481\" src=\"https:\/\/www.fenix.com.br\/blogs\/wp-content\/uploads\/2024\/04\/img_envio_alerta_contratos_1-1.png\" alt=\"\" class=\"wp-image-1803\" style=\"width:467px;height:auto\" srcset=\"https:\/\/www.fenix.com.br\/blogs\/wp-content\/uploads\/2024\/04\/img_envio_alerta_contratos_1-1.png 703w, https:\/\/www.fenix.com.br\/blogs\/wp-content\/uploads\/2024\/04\/img_envio_alerta_contratos_1-1-300x205.png 300w\" sizes=\"auto, (max-width: 703px) 100vw, 703px\" \/><\/figure>\n\n\n\n<p><br>2-Ao habilitar esta marca\u00e7\u00e3o, o aplicativo realizar\u00e1 um processamento para identificar todos os contratos cuja data de vencimento seja POSTERIOR \u00e0 data atual do computador, gerando os alertas correspondentes para cada um deles.<br><\/p>\n\n\n\n<figure class=\"wp-block-image size-full is-resized\"><img loading=\"lazy\" decoding=\"async\" width=\"536\" height=\"432\" src=\"https:\/\/www.fenix.com.br\/blogs\/wp-content\/uploads\/2024\/04\/img_envio_alerta_contratos_2.png\" alt=\"\" class=\"wp-image-1793\" style=\"width:441px;height:auto\" srcset=\"https:\/\/www.fenix.com.br\/blogs\/wp-content\/uploads\/2024\/04\/img_envio_alerta_contratos_2.png 536w, https:\/\/www.fenix.com.br\/blogs\/wp-content\/uploads\/2024\/04\/img_envio_alerta_contratos_2-300x242.png 300w\" sizes=\"auto, (max-width: 536px) 100vw, 536px\" \/><\/figure>\n\n\n\n<p><br>-Os e-mails ser\u00e3o enviados para o Gestor ou o Fiscal do contrato, dependendo da marca\u00e7\u00e3o feita nesta tela.<br>-Tamb\u00e9m ser\u00e1 disparado um e-mail para a conta informada no campo: e-mail institucional (e-mail do \u00f3rg\u00e3o)<\/p>\n\n\n\n<p class=\"has-background\" style=\"background-color:#ece2e2\"><strong>ATEN\u00c7\u00c3O<\/strong>: \u00c9 importante observar que os alertas s\u00e3o enviados apenas quando o gestor ou fiscal do contrato possui um endere\u00e7o de e-mail cadastrado.<\/p>\n\n\n\n<p>O aplicativo <strong>Agente F\u00eanix <\/strong>\u00e9 respons\u00e1vel pelo envio dos e-mails, analisando diariamente os alertas do dia ou dias anteriores e gerando os e-mails de alerta correspondentes. A consulta dos processamentos pode ser feita acessando o Log de Eventos.<\/p>\n\n\n\n<figure class=\"wp-block-image size-full is-resized\"><img loading=\"lazy\" decoding=\"async\" width=\"633\" height=\"523\" src=\"https:\/\/www.fenix.com.br\/blogs\/wp-content\/uploads\/2024\/04\/img_envio_alerta_contratos_5.png\" alt=\"\" class=\"wp-image-1822\" style=\"width:477px;height:auto\" srcset=\"https:\/\/www.fenix.com.br\/blogs\/wp-content\/uploads\/2024\/04\/img_envio_alerta_contratos_5.png 633w, https:\/\/www.fenix.com.br\/blogs\/wp-content\/uploads\/2024\/04\/img_envio_alerta_contratos_5-300x248.png 300w\" sizes=\"auto, (max-width: 633px) 100vw, 633px\" \/><\/figure>\n\n\n\n<p><br>Todos os alertas gerados ficam gravados no contrato, podendo serem visualizados ao clicar na op\u00e7\u00e3o de visualizar o contrato.<br><\/p>\n\n\n\n<figure class=\"wp-block-image size-full\"><img loading=\"lazy\" decoding=\"async\" width=\"1002\" height=\"208\" src=\"https:\/\/www.fenix.com.br\/blogs\/wp-content\/uploads\/2024\/04\/img_envio_alerta_contratos_3.png\" alt=\"\" class=\"wp-image-1798\" srcset=\"https:\/\/www.fenix.com.br\/blogs\/wp-content\/uploads\/2024\/04\/img_envio_alerta_contratos_3.png 1002w, https:\/\/www.fenix.com.br\/blogs\/wp-content\/uploads\/2024\/04\/img_envio_alerta_contratos_3-300x62.png 300w, https:\/\/www.fenix.com.br\/blogs\/wp-content\/uploads\/2024\/04\/img_envio_alerta_contratos_3-768x159.png 768w\" sizes=\"auto, (max-width: 1002px) 100vw, 1002px\" \/><\/figure>\n\n\n\n<p><br>Abaixo um exemplo de e-mail que e gerado pelo Agente F\u00eanix.<br><\/p>\n\n\n\n<figure class=\"wp-block-image size-full is-resized\"><img loading=\"lazy\" decoding=\"async\" width=\"558\" height=\"552\" src=\"https:\/\/www.fenix.com.br\/blogs\/wp-content\/uploads\/2024\/04\/img_envio_alerta_contratos_4.png\" alt=\"\" class=\"wp-image-1801\" style=\"width:366px;height:auto\" srcset=\"https:\/\/www.fenix.com.br\/blogs\/wp-content\/uploads\/2024\/04\/img_envio_alerta_contratos_4.png 558w, https:\/\/www.fenix.com.br\/blogs\/wp-content\/uploads\/2024\/04\/img_envio_alerta_contratos_4-300x297.png 300w\" sizes=\"auto, (max-width: 558px) 100vw, 558px\" \/><\/figure>\n\n\n\n<p class=\"has-text-color has-link-color wp-elements-7eee87bfd3b2521398ea15e847d526f7\" style=\"color:#105f8e\"><br><strong>Observa\u00e7\u00f5es t\u00e9cnicas:<\/strong><br><br>-Sempre que um Contrato for adicionado, os alertas ser\u00e3o automaticamente gerados de acordo com os per\u00edodos pr\u00e9-configurados de envio para os mesmos.<br>-Sempre que for alterada a data final de vig\u00eancia de um Contrato, os alertas ser\u00e3o regenerados para se adequarem a essa mudan\u00e7a.<br>-Sempre que um Aditivo for alterado ou inclu\u00eddo para ajustar a data final de vig\u00eancia de um Contrato, os alertas ser\u00e3o regenerados para refletir essa altera\u00e7\u00e3o.<br>-Contratos sem Gestor ou Fiscal designado, ou sem o endere\u00e7o de e-mail de um deles, ter\u00e3o os alertas gerados, por\u00e9m n\u00e3o ser\u00e3o enviados por e-mail.<br>-Ao cadastrar um e-mail v\u00e1lido para um Gestor ou Fiscal designado de um contrato, o <strong>Agente F\u00eanix (Vers\u00e3o 17.1a de 04\/01\/2024) &#8211; Revis\u00e3o 34 ou superior<\/strong> realizar\u00e1 o disparo de todos os e-mails que porventura ficaram represados devido \u00e0 aus\u00eancia desta informa\u00e7\u00e3o na sua pr\u00f3xima sincroniza\u00e7\u00e3o.<\/p>\n","protected":false},"excerpt":{"rendered":"<p>A funcionalidade de envio autom\u00e1tico de e-mails aos Gestores ou Fiscais do Contrato \u00e9 ativada por meio de uma tarefa automatizada, que analisa contratos com vencimento pr\u00f3ximo e envia alertas por e-mail aos gestores ou fiscais cadastrados. Essa a\u00e7\u00e3o ocorre de forma autom\u00e1tica, conforme a configura\u00e7\u00e3o previamente estabelecida. \u00c9 poss\u00edvel definir quatro campos distintos, cada&hellip;<\/p>\n","protected":false},"author":1,"featured_media":0,"parent":0,"menu_order":0,"comment_status":"closed","ping_status":"closed","template":"","meta":{"footnotes":""},"class_list":["post-1788","page","type-page","status-publish","hentry"],"_links":{"self":[{"href":"https:\/\/www.fenix.com.br\/blogs\/wp-json\/wp\/v2\/pages\/1788","targetHints":{"allow":["GET"]}}],"collection":[{"href":"https:\/\/www.fenix.com.br\/blogs\/wp-json\/wp\/v2\/pages"}],"about":[{"href":"https:\/\/www.fenix.com.br\/blogs\/wp-json\/wp\/v2\/types\/page"}],"author":[{"embeddable":true,"href":"https:\/\/www.fenix.com.br\/blogs\/wp-json\/wp\/v2\/users\/1"}],"replies":[{"embeddable":true,"href":"https:\/\/www.fenix.com.br\/blogs\/wp-json\/wp\/v2\/comments?post=1788"}],"version-history":[{"count":18,"href":"https:\/\/www.fenix.com.br\/blogs\/wp-json\/wp\/v2\/pages\/1788\/revisions"}],"predecessor-version":[{"id":1826,"href":"https:\/\/www.fenix.com.br\/blogs\/wp-json\/wp\/v2\/pages\/1788\/revisions\/1826"}],"wp:attachment":[{"href":"https:\/\/www.fenix.com.br\/blogs\/wp-json\/wp\/v2\/media?parent=1788"}],"curies":[{"name":"wp","href":"https:\/\/api.w.org\/{rel}","templated":true}]}}