{"id":1781,"date":"2024-04-18T10:41:44","date_gmt":"2024-04-18T13:41:44","guid":{"rendered":"https:\/\/www.fenix.com.br\/blogs\/?page_id=1781"},"modified":"2024-09-19T08:56:54","modified_gmt":"2024-09-19T11:56:54","slug":"roteiros-compras-licitacao","status":"publish","type":"page","link":"https:\/\/www.fenix.com.br\/blogs\/roteiros-compras-licitacao\/","title":{"rendered":"Roteiros &#8211; Compras\/Licita\u00e7\u00e3o"},"content":{"rendered":"\n<p>A seguir, apresentamos uma explica\u00e7\u00e3o detalhada de v\u00e1rios procedimentos, visando tornar mais f\u00e1cil a inclus\u00e3o de dados em diferentes aplicativos.<\/p>\n\n\n\n<ul class=\"wp-block-list\">\n<li><a href=\"https:\/\/www.fenix.com.br\/blogs\/registro-de-preco-cadastrar-e-gerenciar\/\">Licita &#8211; Registro de Pre\u00e7o &#8211; Cadastrar e Gerenciar<\/a><\/li>\n\n\n\n<li><a href=\"https:\/\/www.fenix.com.br\/blogs\/aditivo-do-procedimento\/\">Aditivo do Procedimento Licitat\u00f3rio<\/a><\/li>\n\n\n\n<li><a href=\"https:\/\/www.fenix.com.br\/blogs\/data-de-validade-do-processo-de-compra\/\">Data de Validade do Processo de Compra<\/a><\/li>\n\n\n\n<li><a href=\"https:\/\/www.fenix.com.br\/blogs\/contrato-de-compra-controle-de-ordem-de-fornecimento-por-contrato\/\">Contrato de Compra \u2013 Controle de Ordem de Fornecimento por Contrato<\/a><\/li>\n<\/ul>\n\n\n\n<p><\/p>\n\n\n\n<p><\/p>\n","protected":false},"excerpt":{"rendered":"<p>A seguir, apresentamos uma explica\u00e7\u00e3o detalhada de v\u00e1rios procedimentos, visando tornar mais f\u00e1cil a inclus\u00e3o de dados em diferentes aplicativos.<\/p>\n","protected":false},"author":1,"featured_media":0,"parent":0,"menu_order":0,"comment_status":"closed","ping_status":"closed","template":"","meta":{"footnotes":""},"class_list":["post-1781","page","type-page","status-publish","hentry"],"_links":{"self":[{"href":"https:\/\/www.fenix.com.br\/blogs\/wp-json\/wp\/v2\/pages\/1781","targetHints":{"allow":["GET"]}}],"collection":[{"href":"https:\/\/www.fenix.com.br\/blogs\/wp-json\/wp\/v2\/pages"}],"about":[{"href":"https:\/\/www.fenix.com.br\/blogs\/wp-json\/wp\/v2\/types\/page"}],"author":[{"embeddable":true,"href":"https:\/\/www.fenix.com.br\/blogs\/wp-json\/wp\/v2\/users\/1"}],"replies":[{"embeddable":true,"href":"https:\/\/www.fenix.com.br\/blogs\/wp-json\/wp\/v2\/comments?post=1781"}],"version-history":[{"count":9,"href":"https:\/\/www.fenix.com.br\/blogs\/wp-json\/wp\/v2\/pages\/1781\/revisions"}],"predecessor-version":[{"id":1967,"href":"https:\/\/www.fenix.com.br\/blogs\/wp-json\/wp\/v2\/pages\/1781\/revisions\/1967"}],"wp:attachment":[{"href":"https:\/\/www.fenix.com.br\/blogs\/wp-json\/wp\/v2\/media?parent=1781"}],"curies":[{"name":"wp","href":"https:\/\/api.w.org\/{rel}","templated":true}]}}