{"id":1756,"date":"2024-04-04T10:59:40","date_gmt":"2024-04-04T13:59:40","guid":{"rendered":"https:\/\/www.fenix.com.br\/blogs\/?page_id=1756"},"modified":"2025-04-24T17:16:37","modified_gmt":"2025-04-24T20:16:37","slug":"siope-2024-importar-dados-do-gerencial","status":"publish","type":"page","link":"https:\/\/www.fenix.com.br\/blogs\/siope-2024-importar-dados-do-gerencial\/","title":{"rendered":"SIOPE (2024 em diante) &#8211; Importar dados do Gerencial"},"content":{"rendered":"\n<p>O aplicativo do <strong><a href=\"https:\/\/www.fnde.gov.br\/siope\/download.do\" data-type=\"link\" data-id=\"https:\/\/www.fnde.gov.br\/siope\/download.do\">SIOPE <\/a><\/strong>tem uma limita\u00e7\u00e3o quando da importa\u00e7\u00e3o da Despesa. Arquivo gerado no aplicativo Gerencial.<\/p>\n\n\n\n<p class=\"has-vivid-cyan-blue-color has-text-color has-link-color wp-elements-1f1e62ceed5e8c42765aeb92ea8e7a50\"><strong>Aten\u00e7\u00e3o: Necess\u00e1rio que voc\u00ea fa\u00e7a a exporta\u00e7\u00e3o com o aplicativo Gerencial na vers\u00e3o 16.4a ou superior.<\/strong><\/p>\n\n\n\n<p class=\"has-vivid-purple-color has-text-color has-link-color wp-elements-c005e3cd5f08a5f229e084287bcf07f1\"><strong>Nota<\/strong>: Recomendamos realizar esta importa\u00e7\u00e3o da Despesa antes de efetivar qualquer outro lan\u00e7amento manual ou importa\u00e7\u00e3o de receitas.<\/p>\n\n\n\n<p>Para conseguir efetivar esta importa\u00e7\u00e3o voc\u00ea dever\u00e1 seguir a risca os passos abaixo detalhados.<\/p>\n\n\n\n<p>1-Acessar o aplicativo do <strong><a href=\"https:\/\/www.fnde.gov.br\/siope\/download.do\" data-type=\"link\" data-id=\"https:\/\/www.fnde.gov.br\/siope\/download.do\">SIOPE<\/a><\/strong>;<br>1.1 &#8211; Ap\u00f3s carregado o <strong><a href=\"https:\/\/www.fnde.gov.br\/siope\/download.do\" data-type=\"link\" data-id=\"https:\/\/www.fnde.gov.br\/siope\/download.do\">SIOPE<\/a><\/strong>, voc\u00ea deve clicar no bot\u00e3o: <strong>Editar Declara\u00e7\u00e3o<\/strong>;<br>1.2 &#8211; A seguir, sem clicar em nenhuma op\u00e7\u00e3o do menu <strong>Declara\u00e7\u00e3o<\/strong>, localizar no grupo <strong>Arquivos<\/strong>, o subgrupo <strong>Importar arquivo (CSV)<\/strong>, clicando no item <strong>Importar dados<\/strong>;<\/p>\n\n\n\n<figure class=\"wp-block-image size-full is-resized\"><img loading=\"lazy\" decoding=\"async\" width=\"280\" height=\"229\" src=\"https:\/\/www.fenix.com.br\/blogs\/wp-content\/uploads\/2024\/04\/regra_siope_importacao_2024.png\" alt=\"\" class=\"wp-image-1762\" style=\"width:286px;height:auto\"\/><\/figure>\n\n\n\n<p><br>1.3 &#8211; Selecionar agora o arquivo gerado pelo aplicativo <strong>Gerencial;<\/strong><br>1.4 &#8211; Deixar marcada a op\u00e7\u00e3o <strong>Todos os itens<\/strong> e clicar em <strong>OK<\/strong>;<br>1.5 &#8211; Responder <strong>SIM<\/strong> na confirma\u00e7\u00e3o;<\/p>\n\n\n\n<p class=\"has-text-color has-link-color wp-elements-20118a03a54feffd5c1ad05c3777201d\" style=\"color:#a61717\"><strong>ATEN\u00c7\u00c3O<\/strong>: Pode ser que ao final do procedimento voc\u00ea tenha que efetuar a importa\u00e7\u00e3o das receitas novamente. <br>-Recomenda-se utilizar a nova op\u00e7\u00e3o que faz a importa\u00e7\u00e3o destas receitas via arquivo da MSC. Esta op\u00e7\u00e3o esta dispon\u00edvel no grupo <strong>Arquivos<\/strong>, no subgrupo <strong>Importar Arquivo<\/strong>, clicar no item <strong>importar dados de receitas<\/strong>. Na confirma\u00e7\u00e3o clicar em <strong>SIM<\/strong>.<\/p>\n","protected":false},"excerpt":{"rendered":"<p>O aplicativo do SIOPE tem uma limita\u00e7\u00e3o quando da importa\u00e7\u00e3o da Despesa. Arquivo gerado no aplicativo Gerencial. Aten\u00e7\u00e3o: Necess\u00e1rio que voc\u00ea fa\u00e7a a exporta\u00e7\u00e3o com o aplicativo Gerencial na vers\u00e3o 16.4a ou superior. Nota: Recomendamos realizar esta importa\u00e7\u00e3o da Despesa antes de efetivar qualquer outro lan\u00e7amento manual ou importa\u00e7\u00e3o de receitas. Para conseguir efetivar esta&hellip;<\/p>\n","protected":false},"author":1,"featured_media":0,"parent":0,"menu_order":0,"comment_status":"closed","ping_status":"closed","template":"","meta":{"footnotes":""},"class_list":["post-1756","page","type-page","status-publish","hentry"],"_links":{"self":[{"href":"https:\/\/www.fenix.com.br\/blogs\/wp-json\/wp\/v2\/pages\/1756","targetHints":{"allow":["GET"]}}],"collection":[{"href":"https:\/\/www.fenix.com.br\/blogs\/wp-json\/wp\/v2\/pages"}],"about":[{"href":"https:\/\/www.fenix.com.br\/blogs\/wp-json\/wp\/v2\/types\/page"}],"author":[{"embeddable":true,"href":"https:\/\/www.fenix.com.br\/blogs\/wp-json\/wp\/v2\/users\/1"}],"replies":[{"embeddable":true,"href":"https:\/\/www.fenix.com.br\/blogs\/wp-json\/wp\/v2\/comments?post=1756"}],"version-history":[{"count":12,"href":"https:\/\/www.fenix.com.br\/blogs\/wp-json\/wp\/v2\/pages\/1756\/revisions"}],"predecessor-version":[{"id":2046,"href":"https:\/\/www.fenix.com.br\/blogs\/wp-json\/wp\/v2\/pages\/1756\/revisions\/2046"}],"wp:attachment":[{"href":"https:\/\/www.fenix.com.br\/blogs\/wp-json\/wp\/v2\/media?parent=1756"}],"curies":[{"name":"wp","href":"https:\/\/api.w.org\/{rel}","templated":true}]}}