{"id":175,"date":"2020-05-07T17:15:01","date_gmt":"2020-05-07T20:15:01","guid":{"rendered":"https:\/\/www.fenix.com.br\/blogs\/?page_id=175"},"modified":"2020-08-26T09:37:27","modified_gmt":"2020-08-26T12:37:27","slug":"pcasp","status":"publish","type":"page","link":"https:\/\/www.fenix.com.br\/blogs\/pcasp\/","title":{"rendered":"PCASP"},"content":{"rendered":"\n<p class=\"has-medium-font-size\"><strong>PCASP &#8211; Plano de Contas \u00danico Aplicado ao Setor P\u00fablico.<\/strong><\/p>\n\n\n\n<p><strong>Orienta\u00e7\u00f5es do uso do Plano de Contas \u00danico (PCASP) nos aplicativos da Contabilidade<\/strong><\/p>\n\n\n\n<figure class=\"wp-block-table is-style-stripes\"><table><tbody><tr><td>Procedimentos Iniciais<\/td><\/tr><tr><td><a href=\"https:\/\/www.fenix.com.br\/blogs\/introducao-pcasp\/\">Introdu\u00e7\u00e3o-PCASP<\/a><br><a href=\"https:\/\/www.fenix.com.br\/blogs\/pcasp-fluxo-de-dados-abertura-de-saldos-das-contas-movimentacao-mensal-balanco-e-encerramento\/\">Fluxo de dados: Abertura de saldos das Contas, Movimenta\u00e7\u00e3o mensal, Balan\u00e7o e Encerramento<\/a><br><\/td><\/tr><\/tbody><\/table><\/figure>\n\n\n\n<figure class=\"wp-block-table is-style-stripes\"><table><tbody><tr><td>Outros procedimentos<\/td><\/tr><tr><td><strong>Procedimentos iniciais para a inclus\u00e3o de saldos que s\u00e3o transferidos do exerc\u00edcio anterior para o exerc\u00edcio atual. Esta situa\u00e7\u00e3o e exigida pelo SICAP-TO<\/strong>:<br><br>Dever\u00e3o ser inclu\u00eddo os seguintes movimentos na tela de cadastro de Lan\u00e7amentos via Eventos do PCASP sempre no m\u00eas de JANEIRO:<br><br><a href=\"https:\/\/www.fenix.com.br\/ftp\/contab2010\/HTML\/index.html?pcasp_outras_respons_terceiros.htm\">-Outras Responsabilidades de Terceiros (7.9.1.2.9)<\/a><br><br>&#8211;<a href=\"https:\/\/www.fenix.com.br\/ftp\/contab2010\/HTML\/index.html?pcasp_outras_respons_terceiros.htm\">Saldo Patrimonial do Balan\u00e7o do  Exerc\u00edcio Anterior &#8211; Encerramento das Contas<\/a><br><br><strong>Orienta\u00e7\u00f5es e Procedimentos<\/strong><br><br>&#8211;<a href=\"https:\/\/www.fenix.com.br\/blogs\/pcasp-procedimento-para-o-lancamento-de-creditos-de-valores-indevidos-a-serem-devolvidos\/\">Orienta\u00e7\u00e3o: Procedimento para o lan\u00e7amento de Cr\u00e9ditos de Valores Indevidos a serem devolvidos<\/a><br><br>&#8211;<a href=\"https:\/\/www.fenix.com.br\/blogs\/pcasp-procedimento-para-o-lancamento-de-baixas-pagamentos-sem-a-existencia-de-inscricao\/\">Orienta\u00e7\u00e3o: Procedimento para o lan\u00e7amento de Baixas (Pagamentos) sem a exist\u00eancia de Inscri\u00e7\u00e3o &#8211; PCASP<\/a><br><br>&#8211;<a href=\"https:\/\/www.fenix.com.br\/blogs\/pcasp-procedimento-para-o-lancamento-de-baixas-a-maior-que-a-inscricao\/\">Orienta\u00e7\u00e3o: -Procedimento para o lan\u00e7amento de Baixas a MAIOR que a Inscri\u00e7\u00e3o<\/a><br><br>&#8211;<a href=\"https:\/\/www.fenix.com.br\/blogs\/pcasp-orientacoes-quando-da-baixa-de-lancamentos-extras\/\">Orienta\u00e7\u00f5es quando da Baixa de lan\u00e7amentos Extras<\/a><br><br>&#8211;<a href=\"https:\/\/www.fenix.com.br\/blogs\/pcasp-orientacoes-sobre-ajustes-dos-saldos-de-abertura-inclusao-dos-saldos-de-abertura-nos-fundos-municipais-e-baixa-dos-mesmos-na-entidade-consolidadora\/\">Orienta\u00e7\u00f5es sobre Ajustes dos Saldos de Abertura &#8211; Inclus\u00e3o dos Saldos de Abertura nos Fundos Municipais e Baixa dos mesmos na Entidade Consolidadora<\/a><br><br>&#8211;<a href=\"http:\/\/fenix.com.br\/Wiki\/index.php\/Procedimentos_para_o_lan%C3%A7amento_do_Sal%C3%A1rio-Fam%C3%ADlia\">Procedimentos para o lan\u00e7amento do Sal\u00e1rio-Fam\u00edlia<\/a><br><br><a href=\"https:\/\/www.fenix.com.br\/blogs\/pcasp-procedimento-para-efetuar-se-o-lancamento-das-perdas-com-aplicacoes-financeiras-e-investimos-do-rpps\/\">-Procedimento para efetuar-se o lan\u00e7amento das Perdas com Aplica\u00e7\u00f5es Financeiras e Investimos do RPPS<\/a>.<br><br>&#8211;<a href=\"https:\/\/www.fenix.com.br\/blogs\/pcasp-procedimento-para-o-lancamento-de-movimentos-manuais-concomitantes-nos-grupos-7-e-8\/\">Procedimento para o Lan\u00e7amento de movimentos manuais concomitantes nos grupos 7 e 8 do PCASP<\/a>.<\/td><\/tr><\/tbody><\/table><\/figure>\n\n\n\n<p><\/p>\n","protected":false},"excerpt":{"rendered":"<p>PCASP &#8211; Plano de Contas \u00danico Aplicado ao Setor P\u00fablico. Orienta\u00e7\u00f5es do uso do Plano de Contas \u00danico (PCASP) nos aplicativos da Contabilidade Procedimentos Iniciais Introdu\u00e7\u00e3o-PCASPFluxo de dados: Abertura de saldos das Contas, Movimenta\u00e7\u00e3o mensal, Balan\u00e7o e Encerramento Outros procedimentos Procedimentos iniciais para a inclus\u00e3o de saldos que s\u00e3o transferidos do exerc\u00edcio anterior para o&hellip;<\/p>\n","protected":false},"author":1,"featured_media":0,"parent":0,"menu_order":0,"comment_status":"closed","ping_status":"closed","template":"","meta":{"footnotes":""},"class_list":["post-175","page","type-page","status-publish","hentry"],"_links":{"self":[{"href":"https:\/\/www.fenix.com.br\/blogs\/wp-json\/wp\/v2\/pages\/175","targetHints":{"allow":["GET"]}}],"collection":[{"href":"https:\/\/www.fenix.com.br\/blogs\/wp-json\/wp\/v2\/pages"}],"about":[{"href":"https:\/\/www.fenix.com.br\/blogs\/wp-json\/wp\/v2\/types\/page"}],"author":[{"embeddable":true,"href":"https:\/\/www.fenix.com.br\/blogs\/wp-json\/wp\/v2\/users\/1"}],"replies":[{"embeddable":true,"href":"https:\/\/www.fenix.com.br\/blogs\/wp-json\/wp\/v2\/comments?post=175"}],"version-history":[{"count":11,"href":"https:\/\/www.fenix.com.br\/blogs\/wp-json\/wp\/v2\/pages\/175\/revisions"}],"predecessor-version":[{"id":1237,"href":"https:\/\/www.fenix.com.br\/blogs\/wp-json\/wp\/v2\/pages\/175\/revisions\/1237"}],"wp:attachment":[{"href":"https:\/\/www.fenix.com.br\/blogs\/wp-json\/wp\/v2\/media?parent=175"}],"curies":[{"name":"wp","href":"https:\/\/api.w.org\/{rel}","templated":true}]}}