{"id":1677,"date":"2024-01-29T10:41:31","date_gmt":"2024-01-29T13:41:31","guid":{"rendered":"https:\/\/www.fenix.com.br\/blogs\/?page_id=1677"},"modified":"2024-02-02T09:11:20","modified_gmt":"2024-02-02T12:11:20","slug":"inclusao-de-novas-receitas-durante-o-ano","status":"publish","type":"page","link":"https:\/\/www.fenix.com.br\/blogs\/inclusao-de-novas-receitas-durante-o-ano\/","title":{"rendered":"Inclus\u00e3o de novas Receitas durante o ano"},"content":{"rendered":"\n<p>A inclus\u00e3o de novas receitas no decorrer do exerc\u00edcio, quando houver necessidade deve seguir os seguintes passos:<\/p>\n\n\n1-Quando a rubrica n\u00e3o existir no ement\u00e1rio do Contab.<\/strong><br><br>1a)- Neste caso a primeira etapa e incluir a mesma no plano de contas da receita. Para isto, acessar no menu <strong>Cadastro<\/strong>, submenu <strong>Or\u00e7amento <\/strong>op\u00e7\u00e3o <strong>Ement\u00e1rio da Receita &#8211; Plano de contas padr\u00e3o<\/strong>.<br>2a)- Agora clique no bot\u00e3o <strong>Novo (F2)<\/strong> para incluir a rubrica.<br><br><strong>Aten\u00e7\u00e3o<\/strong>: <em>A estrutura do quadro da receita exige a inclus\u00e3o das rubricas Sint\u00e9ticas para que a totaliza\u00e7\u00e3o seja realizada a contento<\/em>.<br><br><span style=\"text-decoration: underline;\">Vamos simular um exemplo<\/span>: <br>-Inclus\u00e3o da rubrica <em>1729.53.01.00.00.0000 &#8211; Transfer\u00eancia da Compensa\u00e7\u00e3o Financeira das Perdas com Arrecada\u00e7\u00e3o de ICMS- LC 194\/2022<\/em>, bem como de sua rubrica retificadora.<br>-Primeiramente voc\u00ea vai incluir uma rubrica <span style=\"text-decoration: underline;\">N\u00e3o Valoriz\u00e1vel<\/span> (sint\u00e9tica):<br>\n\n\n<p><\/p>\n\n\n\n<figure class=\"wp-block-image size-full\"><img loading=\"lazy\" decoding=\"async\" width=\"863\" height=\"289\" src=\"https:\/\/www.fenix.com.br\/blogs\/wp-content\/uploads\/2024\/01\/receita_nova_rubrica_01.jpg\" alt=\"\" class=\"wp-image-1678\" srcset=\"https:\/\/www.fenix.com.br\/blogs\/wp-content\/uploads\/2024\/01\/receita_nova_rubrica_01.jpg 863w, https:\/\/www.fenix.com.br\/blogs\/wp-content\/uploads\/2024\/01\/receita_nova_rubrica_01-300x100.jpg 300w, https:\/\/www.fenix.com.br\/blogs\/wp-content\/uploads\/2024\/01\/receita_nova_rubrica_01-768x257.jpg 768w\" sizes=\"auto, (max-width: 863px) 100vw, 863px\" \/><\/figure>\n\n\n\n<p><br>A seguir, incluir a rubrica que vai receber valores:<\/p>\n\n\n\n<figure class=\"wp-block-image size-full\"><img loading=\"lazy\" decoding=\"async\" width=\"872\" height=\"302\" src=\"https:\/\/www.fenix.com.br\/blogs\/wp-content\/uploads\/2024\/01\/receita_nova_rubrica_02.jpg\" alt=\"\" class=\"wp-image-1679\" srcset=\"https:\/\/www.fenix.com.br\/blogs\/wp-content\/uploads\/2024\/01\/receita_nova_rubrica_02.jpg 872w, https:\/\/www.fenix.com.br\/blogs\/wp-content\/uploads\/2024\/01\/receita_nova_rubrica_02-300x104.jpg 300w, https:\/\/www.fenix.com.br\/blogs\/wp-content\/uploads\/2024\/01\/receita_nova_rubrica_02-768x266.jpg 768w\" sizes=\"auto, (max-width: 872px) 100vw, 872px\" \/><\/figure>\n\n\n\n<p><br><strong>Nota<\/strong>:  A inclus\u00e3o de rubricas retificadoras segue o mesmo conceito mostrado acima, tendo apenas que marcar o item <strong>Retificadora (9)<\/strong>. Cadastrando as mesmas mostradas acima.<br><\/p>\n\n\n\n<figure class=\"wp-block-image size-full\"><img loading=\"lazy\" decoding=\"async\" width=\"860\" height=\"293\" src=\"https:\/\/www.fenix.com.br\/blogs\/wp-content\/uploads\/2024\/01\/receita_nova_rubrica_03.jpg\" alt=\"\" class=\"wp-image-1682\" srcset=\"https:\/\/www.fenix.com.br\/blogs\/wp-content\/uploads\/2024\/01\/receita_nova_rubrica_03.jpg 860w, https:\/\/www.fenix.com.br\/blogs\/wp-content\/uploads\/2024\/01\/receita_nova_rubrica_03-300x102.jpg 300w, https:\/\/www.fenix.com.br\/blogs\/wp-content\/uploads\/2024\/01\/receita_nova_rubrica_03-768x262.jpg 768w\" sizes=\"auto, (max-width: 860px) 100vw, 860px\" \/><\/figure>\n\n\n\n<p><\/p>\n\n\n\n<p><strong>2 &#8211; Inclus\u00e3o de rubricas no Quadro da Receita.<\/strong><\/p>\n\n\n\n<p>Para efetuar a inclus\u00e3o de novas rubricas criadas ou pr\u00e9-existentes no quadro da receitas voc\u00ea deve acessar a op\u00e7\u00e3o <strong>Receitas<\/strong>. A seguir clicando no quadro <strong>Inclus\u00e3o\/Exclus\u00e3o<\/strong>.<\/p>\n\n\n\n<figure class=\"wp-block-image size-full\"><img loading=\"lazy\" decoding=\"async\" width=\"813\" height=\"440\" src=\"https:\/\/www.fenix.com.br\/blogs\/wp-content\/uploads\/2024\/01\/receita_nova_rubrica_04.jpg\" alt=\"\" class=\"wp-image-1684\" srcset=\"https:\/\/www.fenix.com.br\/blogs\/wp-content\/uploads\/2024\/01\/receita_nova_rubrica_04.jpg 813w, https:\/\/www.fenix.com.br\/blogs\/wp-content\/uploads\/2024\/01\/receita_nova_rubrica_04-300x162.jpg 300w, https:\/\/www.fenix.com.br\/blogs\/wp-content\/uploads\/2024\/01\/receita_nova_rubrica_04-768x416.jpg 768w\" sizes=\"auto, (max-width: 813px) 100vw, 813px\" \/><\/figure>\n\n\n\n<p><br>Ao abrir esta tela voc\u00ea vai localizar as rubricas que v\u00e3o ser inseridas no quadro da receita, lembrando de incluir tamb\u00e9m as rubricas <span style=\"text-decoration: underline;\">N\u00e3o valoriz\u00e1veis<\/span> (sint\u00e9ticas). O processo agora e bem simples, bastando selecionar a rubricas, a seguir clicar no bot\u00e3o incluir.<\/p>\n\n\n\n<figure class=\"wp-block-image size-full\"><img loading=\"lazy\" decoding=\"async\" width=\"1001\" height=\"481\" src=\"https:\/\/www.fenix.com.br\/blogs\/wp-content\/uploads\/2024\/01\/receita_nova_rubrica_05.jpg\" alt=\"\" class=\"wp-image-1685\" srcset=\"https:\/\/www.fenix.com.br\/blogs\/wp-content\/uploads\/2024\/01\/receita_nova_rubrica_05.jpg 1001w, https:\/\/www.fenix.com.br\/blogs\/wp-content\/uploads\/2024\/01\/receita_nova_rubrica_05-300x144.jpg 300w, https:\/\/www.fenix.com.br\/blogs\/wp-content\/uploads\/2024\/01\/receita_nova_rubrica_05-768x369.jpg 768w\" sizes=\"auto, (max-width: 1001px) 100vw, 1001px\" \/><\/figure>\n\n\n\n<p><br>Agora, temos mais uma etapa que e a inclus\u00e3o da <strong>fonte de recursos<\/strong> nas rubricas que foram inseridas. Para realizar este procedimento voc\u00ea agora deve clicar no bloco <strong>Desdobramento Fonte<\/strong>.<\/p>\n\n\n\n<figure class=\"wp-block-image size-full\"><img loading=\"lazy\" decoding=\"async\" width=\"803\" height=\"533\" src=\"https:\/\/www.fenix.com.br\/blogs\/wp-content\/uploads\/2024\/01\/receita_nova_rubrica_06.jpg\" alt=\"\" class=\"wp-image-1687\" srcset=\"https:\/\/www.fenix.com.br\/blogs\/wp-content\/uploads\/2024\/01\/receita_nova_rubrica_06.jpg 803w, https:\/\/www.fenix.com.br\/blogs\/wp-content\/uploads\/2024\/01\/receita_nova_rubrica_06-300x199.jpg 300w, https:\/\/www.fenix.com.br\/blogs\/wp-content\/uploads\/2024\/01\/receita_nova_rubrica_06-768x510.jpg 768w\" sizes=\"auto, (max-width: 803px) 100vw, 803px\" \/><\/figure>\n\n\n\n<p><br>Aberta esta tela, voc\u00ea vai localizar as rubricas que foram inseridas, e incluindo uma, ou v\u00e1rias fontes para a mesma.<\/p>\n\n\n\n<figure class=\"wp-block-image size-full\"><img loading=\"lazy\" decoding=\"async\" width=\"1009\" height=\"479\" src=\"https:\/\/www.fenix.com.br\/blogs\/wp-content\/uploads\/2024\/01\/receita_nova_rubrica_07.jpg\" alt=\"\" class=\"wp-image-1688\" srcset=\"https:\/\/www.fenix.com.br\/blogs\/wp-content\/uploads\/2024\/01\/receita_nova_rubrica_07.jpg 1009w, https:\/\/www.fenix.com.br\/blogs\/wp-content\/uploads\/2024\/01\/receita_nova_rubrica_07-300x142.jpg 300w, https:\/\/www.fenix.com.br\/blogs\/wp-content\/uploads\/2024\/01\/receita_nova_rubrica_07-768x365.jpg 768w\" sizes=\"auto, (max-width: 1009px) 100vw, 1009px\" \/><\/figure>\n\n\n\n<p><\/p>\n\n\n\n<p>Agora, voc\u00ea j\u00e1 poder\u00e1 efetivar a entrada de arrecada\u00e7\u00f5es de receitas nestas novas rubricas inseridas. Lembrado de que toda rubrica de receita inclu\u00edda durante a execu\u00e7\u00e3o or\u00e7ament\u00e1ria deve ser feita com sua Previs\u00e3o zerada.<\/p>\n","protected":false},"excerpt":{"rendered":"<p>A inclus\u00e3o de novas receitas no decorrer do exerc\u00edcio, quando houver necessidade deve seguir os seguintes passos: 1-Quando a rubrica n\u00e3o existir no ement\u00e1rio do Contab. 1a)- Neste caso a primeira etapa e incluir a mesma no plano de contas da receita. Para isto, acessar no menu Cadastro, submenu Or\u00e7amento op\u00e7\u00e3o Ement\u00e1rio da Receita &#8211;&hellip;<\/p>\n","protected":false},"author":1,"featured_media":0,"parent":0,"menu_order":0,"comment_status":"closed","ping_status":"closed","template":"","meta":{"footnotes":""},"class_list":["post-1677","page","type-page","status-publish","hentry"],"_links":{"self":[{"href":"https:\/\/www.fenix.com.br\/blogs\/wp-json\/wp\/v2\/pages\/1677","targetHints":{"allow":["GET"]}}],"collection":[{"href":"https:\/\/www.fenix.com.br\/blogs\/wp-json\/wp\/v2\/pages"}],"about":[{"href":"https:\/\/www.fenix.com.br\/blogs\/wp-json\/wp\/v2\/types\/page"}],"author":[{"embeddable":true,"href":"https:\/\/www.fenix.com.br\/blogs\/wp-json\/wp\/v2\/users\/1"}],"replies":[{"embeddable":true,"href":"https:\/\/www.fenix.com.br\/blogs\/wp-json\/wp\/v2\/comments?post=1677"}],"version-history":[{"count":11,"href":"https:\/\/www.fenix.com.br\/blogs\/wp-json\/wp\/v2\/pages\/1677\/revisions"}],"predecessor-version":[{"id":1714,"href":"https:\/\/www.fenix.com.br\/blogs\/wp-json\/wp\/v2\/pages\/1677\/revisions\/1714"}],"wp:attachment":[{"href":"https:\/\/www.fenix.com.br\/blogs\/wp-json\/wp\/v2\/media?parent=1677"}],"curies":[{"name":"wp","href":"https:\/\/api.w.org\/{rel}","templated":true}]}}