{"id":1627,"date":"2024-01-18T05:35:16","date_gmt":"2024-01-18T08:35:16","guid":{"rendered":"https:\/\/www.fenix.com.br\/blogs\/?page_id=1627"},"modified":"2024-09-09T10:47:30","modified_gmt":"2024-09-09T13:47:30","slug":"roteiro-para-vinculacao-de-obras-a-notas-de-empenhos","status":"publish","type":"page","link":"https:\/\/www.fenix.com.br\/blogs\/roteiro-para-vinculacao-de-obras-a-notas-de-empenhos\/","title":{"rendered":"Roteiro para vincula\u00e7\u00e3o de Contratos com Obras a Notas de Empenhos"},"content":{"rendered":"\n<p>Existem duas maneiras de associar uma Obra\/Im\u00f3vel a uma Nota de Empenho:<\/p>\n\n\n\n<ol class=\"wp-block-list\">\n<li><strong>Primeira op\u00e7\u00e3o:<\/strong> Quando se trata de <span style=\"text-decoration: underline;\">obras relacionadas a pequenas reformas<\/span>, nas quais o pr\u00f3prio \u00d3rg\u00e3o e seu gestor e n\u00e3o possuem contrato para execu\u00e7\u00e3o das mesmas. Neste cen\u00e1rio, o cadastro da Obra deve ser realizado normalmente no aplicativo do <strong>Patrim\u00f4nioX5<\/strong>. <br>Ap\u00f3s a inclus\u00e3o do cadastro inicial, \u00e9 crucial adicionar a <span style=\"text-decoration: underline;\">Unidade Or\u00e7ament\u00e1ria<\/span>. Esta \u00faltima ser\u00e1 uma das chaves para vincula\u00e7\u00e3o ao Empenho. Na Aba <strong>Obras\/Aquis.Im\u00f3vel<\/strong>, presente na tela abaixo, \u00e9 poss\u00edvel visualizar todas as Obras que compartilham a mesma Unidade Or\u00e7ament\u00e1ria, facilitando a associa\u00e7\u00e3o ao Empenho.<\/li>\n<\/ol>\n\n\n\n<figure class=\"wp-block-image size-full\"><img loading=\"lazy\" decoding=\"async\" width=\"695\" height=\"308\" src=\"https:\/\/www.fenix.com.br\/blogs\/wp-content\/uploads\/2024\/01\/obra_vinculo_empenho_01.png\" alt=\"\" class=\"wp-image-1631\" srcset=\"https:\/\/www.fenix.com.br\/blogs\/wp-content\/uploads\/2024\/01\/obra_vinculo_empenho_01.png 695w, https:\/\/www.fenix.com.br\/blogs\/wp-content\/uploads\/2024\/01\/obra_vinculo_empenho_01-300x133.png 300w\" sizes=\"auto, (max-width: 695px) 100vw, 695px\" \/><\/figure>\n\n\n\n<hr class=\"wp-block-separator has-alpha-channel-opacity\"\/>\n\n\n\n<ol start=\"2\" class=\"wp-block-list\">\n<li><strong>Segunda op\u00e7\u00e3o:<\/strong> Quando se trata de obras em que um contrato para sua execu\u00e7\u00e3o foi assinado com o \u00d3rg\u00e3o, h\u00e1 um passo adicional a ser seguido. Ap\u00f3s incluir a Obra e sua Unidade Or\u00e7ament\u00e1ria conforme detalhado no passo 1, \u00e9 necess\u00e1rio agora adicionar o Contrato de execu\u00e7\u00e3o da mesma no aplicativo <strong>CONTRATO<\/strong>.<br><br>-Durante a inclus\u00e3o do Contrato, \u00e9 essencial prestar aten\u00e7\u00e3o ao primeiro passo, que consiste em selecionar o tipo de contrato, conforme exemplificado na tela abaixo:<\/li>\n<\/ol>\n\n\n\n<figure class=\"wp-block-image size-full\"><img loading=\"lazy\" decoding=\"async\" width=\"347\" height=\"235\" src=\"https:\/\/www.fenix.com.br\/blogs\/wp-content\/uploads\/2024\/01\/obra_vinculo_empenho_02.png\" alt=\"\" class=\"wp-image-1633\" srcset=\"https:\/\/www.fenix.com.br\/blogs\/wp-content\/uploads\/2024\/01\/obra_vinculo_empenho_02.png 347w, https:\/\/www.fenix.com.br\/blogs\/wp-content\/uploads\/2024\/01\/obra_vinculo_empenho_02-300x203.png 300w\" sizes=\"auto, (max-width: 347px) 100vw, 347px\" \/><\/figure>\n\n\n\n<p><\/p>\n\n\n\n<p>Tamb\u00e9m \u00e9 necess\u00e1rio realizar a inclus\u00e3o da <span style=\"text-decoration: underline;\">Unidade Or\u00e7ament\u00e1ria<\/span>, <span style=\"text-decoration: underline;\">A\u00e7\u00e3o<\/span> e <span style=\"text-decoration: underline;\">Natureza da Despesa<\/span>, pois estas ser\u00e3o as chaves essenciais para a vincula\u00e7\u00e3o ao Empenho, juntamente com o <span style=\"text-decoration: underline;\">CNPJ do credor<\/span>.<\/p>\n\n\n\n<p>Uma vez que o Contrato esteja cadastrado, haver\u00e1 uma etapa adicional, que consiste na associa\u00e7\u00e3o da Obra (<em>podendo ser v\u00e1rias ligadas a um mesmo contrato<\/em>). Para efetuar essa associa\u00e7\u00e3o, basta clicar na op\u00e7\u00e3o indicada na tela conforme apresentado abaixo.<\/p>\n\n\n\n<figure class=\"wp-block-image size-full\"><img loading=\"lazy\" decoding=\"async\" width=\"237\" height=\"232\" src=\"https:\/\/www.fenix.com.br\/blogs\/wp-content\/uploads\/2024\/01\/obra_vinculo_empenho_03.png\" alt=\"\" class=\"wp-image-1634\"\/><\/figure>\n\n\n\n<p><\/p>\n\n\n\n<p>Agora voc\u00ea deve clicar no bot\u00e3o <strong>Novo Vinc. Obra<\/strong>, conforme mostrado abaixo.<\/p>\n\n\n\n<figure class=\"wp-block-image size-full\"><img loading=\"lazy\" decoding=\"async\" width=\"275\" height=\"157\" src=\"https:\/\/www.fenix.com.br\/blogs\/wp-content\/uploads\/2024\/01\/obra_vinculo_empenho_04.png\" alt=\"\" class=\"wp-image-1635\"\/><\/figure>\n\n\n\n<p><\/p>\n\n\n\n<p>A seguir selecionar a Obra que vai ser vinculado ao Contrato, e a seguir Gravar o vinculo. Ver figura abaixo. <\/p>\n\n\n\n<figure class=\"wp-block-image size-full\"><img loading=\"lazy\" decoding=\"async\" width=\"618\" height=\"167\" src=\"https:\/\/www.fenix.com.br\/blogs\/wp-content\/uploads\/2024\/01\/obra_vinculo_empenho_05.png\" alt=\"\" class=\"wp-image-1636\" srcset=\"https:\/\/www.fenix.com.br\/blogs\/wp-content\/uploads\/2024\/01\/obra_vinculo_empenho_05.png 618w, https:\/\/www.fenix.com.br\/blogs\/wp-content\/uploads\/2024\/01\/obra_vinculo_empenho_05-300x81.png 300w\" sizes=\"auto, (max-width: 618px) 100vw, 618px\" \/><\/figure>\n\n\n\n<p><\/p>\n\n\n\n<p>Ap\u00f3s concluir essas etapas, ao emitir a Nota de Empenho, voc\u00ea deve iniciar associando o Contrato. Isso pode ser feito acessando a aba <strong>Contrato\/Aditivo<\/strong>, conforme ilustrado na imagem abaixo:<\/p>\n\n\n\n<figure class=\"wp-block-image size-full\"><img loading=\"lazy\" decoding=\"async\" width=\"582\" height=\"203\" src=\"https:\/\/www.fenix.com.br\/blogs\/wp-content\/uploads\/2024\/01\/obra_vinculo_empenho_06.png\" alt=\"\" class=\"wp-image-1638\" srcset=\"https:\/\/www.fenix.com.br\/blogs\/wp-content\/uploads\/2024\/01\/obra_vinculo_empenho_06.png 582w, https:\/\/www.fenix.com.br\/blogs\/wp-content\/uploads\/2024\/01\/obra_vinculo_empenho_06-300x105.png 300w\" sizes=\"auto, (max-width: 582px) 100vw, 582px\" \/><\/figure>\n\n\n\n<p><\/p>\n\n\n\n<p>Em seguida, na aba <strong>Obras\/Aquis.Im\u00f3vel<\/strong>, que est\u00e1 dispon\u00edvel na tela abaixo, ser\u00e1 poss\u00edvel visualizar todas as Obras que est\u00e3o vinculadas ao Contrato associado na etapa anterior. Isso simplifica o processo de associa\u00e7\u00e3o ao Empenho.<\/p>\n\n\n\n<figure class=\"wp-block-image size-full\"><img loading=\"lazy\" decoding=\"async\" width=\"695\" height=\"308\" src=\"https:\/\/www.fenix.com.br\/blogs\/wp-content\/uploads\/2024\/01\/obra_vinculo_empenho_01.png\" alt=\"\" class=\"wp-image-1631\" srcset=\"https:\/\/www.fenix.com.br\/blogs\/wp-content\/uploads\/2024\/01\/obra_vinculo_empenho_01.png 695w, https:\/\/www.fenix.com.br\/blogs\/wp-content\/uploads\/2024\/01\/obra_vinculo_empenho_01-300x133.png 300w\" sizes=\"auto, (max-width: 695px) 100vw, 695px\" \/><\/figure>\n","protected":false},"excerpt":{"rendered":"<p>Existem duas maneiras de associar uma Obra\/Im\u00f3vel a uma Nota de Empenho: Tamb\u00e9m \u00e9 necess\u00e1rio realizar a inclus\u00e3o da Unidade Or\u00e7ament\u00e1ria, A\u00e7\u00e3o e Natureza da Despesa, pois estas ser\u00e3o as chaves essenciais para a vincula\u00e7\u00e3o ao Empenho, juntamente com o CNPJ do credor. Uma vez que o Contrato esteja cadastrado, haver\u00e1 uma etapa adicional, que&hellip;<\/p>\n","protected":false},"author":1,"featured_media":0,"parent":0,"menu_order":0,"comment_status":"closed","ping_status":"closed","template":"","meta":{"footnotes":""},"class_list":["post-1627","page","type-page","status-publish","hentry"],"_links":{"self":[{"href":"https:\/\/www.fenix.com.br\/blogs\/wp-json\/wp\/v2\/pages\/1627","targetHints":{"allow":["GET"]}}],"collection":[{"href":"https:\/\/www.fenix.com.br\/blogs\/wp-json\/wp\/v2\/pages"}],"about":[{"href":"https:\/\/www.fenix.com.br\/blogs\/wp-json\/wp\/v2\/types\/page"}],"author":[{"embeddable":true,"href":"https:\/\/www.fenix.com.br\/blogs\/wp-json\/wp\/v2\/users\/1"}],"replies":[{"embeddable":true,"href":"https:\/\/www.fenix.com.br\/blogs\/wp-json\/wp\/v2\/comments?post=1627"}],"version-history":[{"count":12,"href":"https:\/\/www.fenix.com.br\/blogs\/wp-json\/wp\/v2\/pages\/1627\/revisions"}],"predecessor-version":[{"id":1934,"href":"https:\/\/www.fenix.com.br\/blogs\/wp-json\/wp\/v2\/pages\/1627\/revisions\/1934"}],"wp:attachment":[{"href":"https:\/\/www.fenix.com.br\/blogs\/wp-json\/wp\/v2\/media?parent=1627"}],"curies":[{"name":"wp","href":"https:\/\/api.w.org\/{rel}","templated":true}]}}