{"id":159,"date":"2020-05-07T16:39:18","date_gmt":"2020-05-07T19:39:18","guid":{"rendered":"https:\/\/www.fenix.com.br\/blogs\/?page_id=159"},"modified":"2026-01-07T16:53:35","modified_gmt":"2026-01-07T19:53:35","slug":"canais-de-suporte","status":"publish","type":"page","link":"https:\/\/www.fenix.com.br\/blogs\/canais-de-suporte\/","title":{"rendered":"Canais de Suporte"},"content":{"rendered":"\n<p><strong>Hor\u00e1rio de Funcionamento<\/strong><\/p>\n\n\n\n<p>Segunda a Sexta<br>09:00 \u00e0s 12:00 e 14:00 \u00e0s 18:00<\/p>\n\n\n\n<p><strong>Telefone<\/strong><br><strong>WhatsZap<\/strong><\/p>\n\n\n\n<p><a href=\"https:\/\/api.whatsapp.com\/send?1=pt_br&amp;phone=5562999757100\">(62) 99975-7100<\/a><\/p>\n\n\n\n<p><a href=\"https:\/\/www.fenix.com.br\/blogs\/133-2\/\"><strong>Chat Online<\/strong><\/a><\/p>\n\n\n\n<p><strong>SKYPE<\/strong><\/p>\n\n\n\n<p><em>Controle Interno<\/em><\/p>\n\n\n\n<p>Elvis J\u00fanior: <strong>fenixElvis<\/strong><\/p>\n\n\n\n<p><em>Contabilidade &#8211; Suporte<\/em><\/p>\n\n\n\n<p>Edson Pesconi: <strong>live:suporte_1<\/strong><br>Leonardo Almeida: <strong>leonardo.fenixproc<\/strong><br>Ant\u00f4nio Junior: <strong>antonio@fenix.com.br<\/strong><\/p>\n\n\n\n<p><em>Analisadores e Exportadores<\/em><\/p>\n\n\n\n<p>Thiago Rocha <strong>live:suporte03_12<\/strong><\/p>\n\n\n\n<p><em>Gest\u00e3o de Pessoal<\/em><\/p>\n\n\n\n<p>Pedro Rocha: <strong>live:suporte04<\/strong><br>S\u00e9rgio Costa:&nbsp;<strong>sergiolimacosta@fenix.com.br<\/strong><br>Elvis J\u00fanior: <strong>fenixElvis<\/strong><\/p>\n\n\n\n<p><em>Departamento Comercial<\/em><\/p>\n\n\n\n<p>Adriana: <strong>live:comercial_17<\/strong><\/p>\n\n\n\n<p><em>Senhas e Libera\u00e7\u00f5es<\/em><\/p>\n\n\n\n<p>Raquel: <strong>raquelbenedetti<\/strong><\/p>\n\n\n\n<p><\/p>\n","protected":false},"excerpt":{"rendered":"<p>Hor\u00e1rio de Funcionamento Segunda a Sexta09:00 \u00e0s 12:00 e 14:00 \u00e0s 18:00 TelefoneWhatsZap (62) 99975-7100 Chat Online SKYPE Controle Interno Elvis J\u00fanior: fenixElvis Contabilidade &#8211; Suporte Edson Pesconi: live:suporte_1Leonardo Almeida: leonardo.fenixprocAnt\u00f4nio Junior: antonio@fenix.com.br Analisadores e Exportadores Thiago Rocha live:suporte03_12 Gest\u00e3o de Pessoal Pedro Rocha: live:suporte04S\u00e9rgio Costa:&nbsp;sergiolimacosta@fenix.com.brElvis J\u00fanior: fenixElvis Departamento Comercial Adriana: live:comercial_17 Senhas e Libera\u00e7\u00f5es&hellip;<\/p>\n","protected":false},"author":1,"featured_media":0,"parent":0,"menu_order":0,"comment_status":"closed","ping_status":"closed","template":"","meta":{"footnotes":""},"class_list":["post-159","page","type-page","status-publish","hentry"],"_links":{"self":[{"href":"https:\/\/www.fenix.com.br\/blogs\/wp-json\/wp\/v2\/pages\/159","targetHints":{"allow":["GET"]}}],"collection":[{"href":"https:\/\/www.fenix.com.br\/blogs\/wp-json\/wp\/v2\/pages"}],"about":[{"href":"https:\/\/www.fenix.com.br\/blogs\/wp-json\/wp\/v2\/types\/page"}],"author":[{"embeddable":true,"href":"https:\/\/www.fenix.com.br\/blogs\/wp-json\/wp\/v2\/users\/1"}],"replies":[{"embeddable":true,"href":"https:\/\/www.fenix.com.br\/blogs\/wp-json\/wp\/v2\/comments?post=159"}],"version-history":[{"count":5,"href":"https:\/\/www.fenix.com.br\/blogs\/wp-json\/wp\/v2\/pages\/159\/revisions"}],"predecessor-version":[{"id":2158,"href":"https:\/\/www.fenix.com.br\/blogs\/wp-json\/wp\/v2\/pages\/159\/revisions\/2158"}],"wp:attachment":[{"href":"https:\/\/www.fenix.com.br\/blogs\/wp-json\/wp\/v2\/media?parent=159"}],"curies":[{"name":"wp","href":"https:\/\/api.w.org\/{rel}","templated":true}]}}