{"id":1566,"date":"2023-09-12T14:18:40","date_gmt":"2023-09-12T17:18:40","guid":{"rendered":"https:\/\/www.fenix.com.br\/blogs\/?page_id=1566"},"modified":"2023-09-13T08:36:39","modified_gmt":"2023-09-13T11:36:39","slug":"contracheque-movel-android","status":"publish","type":"page","link":"https:\/\/www.fenix.com.br\/blogs\/contracheque-movel-android\/","title":{"rendered":"Contracheque F\u00eanix (Android app)"},"content":{"rendered":"\n<p>O aplicativo possibilita ao servidor visualizar seus contracheques e comprovantes de rendimentos, oferecendo a conveni\u00eancia de salv\u00e1-los diretamente no celular ou imprimi-los quando necess\u00e1rio.<\/p>\n\n\n\n<figure class=\"wp-block-image size-full is-resized\"><img loading=\"lazy\" decoding=\"async\" src=\"https:\/\/www.fenix.com.br\/blogs\/wp-content\/uploads\/2023\/09\/wallpaper-aplicativos_RH_diversos-1.png\" alt=\"\" class=\"wp-image-1575\" style=\"width:281px;height:315px\" width=\"281\" height=\"315\"\/><\/figure>\n\n\n\n<p class=\"has-background\" style=\"background-color:#efefdc\">Para baixar o app clique no link: <a href=\"https:\/\/play.google.com\/store\/apps\/details?id=com.appfolha&amp;hl=pt\" data-type=\"link\" data-id=\"https:\/\/play.google.com\/store\/apps\/details?id=com.appfolha&amp;hl=pt\">https:\/\/play.google.com\/store\/apps\/details?id=com.appfolha&amp;hl=pt<\/a><\/p>\n\n\n\n<p class=\"has-black-color has-text-color has-background\" style=\"background-color:#dfe5ea\"><strong>Nota<\/strong>: Este aplicativo e parte integrante do sistema de Gest\u00e3o P\u00fablica de Pessoal.<\/p>\n","protected":false},"excerpt":{"rendered":"<p>O aplicativo possibilita ao servidor visualizar seus contracheques e comprovantes de rendimentos, oferecendo a conveni\u00eancia de salv\u00e1-los diretamente no celular ou imprimi-los quando necess\u00e1rio. Para baixar o app clique no link: https:\/\/play.google.com\/store\/apps\/details?id=com.appfolha&amp;hl=pt Nota: Este aplicativo e parte integrante do sistema de Gest\u00e3o P\u00fablica de Pessoal.<\/p>\n","protected":false},"author":1,"featured_media":0,"parent":0,"menu_order":0,"comment_status":"closed","ping_status":"closed","template":"","meta":{"footnotes":""},"class_list":["post-1566","page","type-page","status-publish","hentry"],"_links":{"self":[{"href":"https:\/\/www.fenix.com.br\/blogs\/wp-json\/wp\/v2\/pages\/1566","targetHints":{"allow":["GET"]}}],"collection":[{"href":"https:\/\/www.fenix.com.br\/blogs\/wp-json\/wp\/v2\/pages"}],"about":[{"href":"https:\/\/www.fenix.com.br\/blogs\/wp-json\/wp\/v2\/types\/page"}],"author":[{"embeddable":true,"href":"https:\/\/www.fenix.com.br\/blogs\/wp-json\/wp\/v2\/users\/1"}],"replies":[{"embeddable":true,"href":"https:\/\/www.fenix.com.br\/blogs\/wp-json\/wp\/v2\/comments?post=1566"}],"version-history":[{"count":5,"href":"https:\/\/www.fenix.com.br\/blogs\/wp-json\/wp\/v2\/pages\/1566\/revisions"}],"predecessor-version":[{"id":1576,"href":"https:\/\/www.fenix.com.br\/blogs\/wp-json\/wp\/v2\/pages\/1566\/revisions\/1576"}],"wp:attachment":[{"href":"https:\/\/www.fenix.com.br\/blogs\/wp-json\/wp\/v2\/media?parent=1566"}],"curies":[{"name":"wp","href":"https:\/\/api.w.org\/{rel}","templated":true}]}}