{"id":1522,"date":"2023-04-19T15:01:40","date_gmt":"2023-04-19T18:01:40","guid":{"rendered":"https:\/\/www.fenix.com.br\/blogs\/?page_id=1522"},"modified":"2023-04-20T08:46:13","modified_gmt":"2023-04-20T11:46:13","slug":"requisicoes-e-solicitacoes-de-compras-para-bem-permanente-e-ou-servico","status":"publish","type":"page","link":"https:\/\/www.fenix.com.br\/blogs\/requisicoes-e-solicitacoes-de-compras-para-bem-permanente-e-ou-servico\/","title":{"rendered":"Requisi\u00e7\u00f5es e Solicita\u00e7\u00f5es de Compras para Bem Permanente e\/ou Servi\u00e7o"},"content":{"rendered":"\n<p>Para o lan\u00e7amento de uma Requisi\u00e7\u00f5es e\/ou Solicita\u00e7\u00f5es de Compras para Bem Permanente e\/ou Servi\u00e7o basta seguir os procedimentos detalhados abaixo.<\/p>\n\n\n\n<p>1-Na tela, seja de Requisi\u00e7\u00e3o ou de Solicita\u00e7\u00e3o, quando for adicionar um novo bem\/servi\u00e7o ir\u00e1 ter o campo para pesquisar o bem ou servi\u00e7o:<\/p>\n\n\n\n<figure class=\"wp-block-image size-full is-resized\"><img loading=\"lazy\" decoding=\"async\" src=\"https:\/\/www.fenix.com.br\/blogs\/wp-content\/uploads\/2023\/04\/image.png\" alt=\"\" class=\"wp-image-1523\" width=\"886\" height=\"109\" srcset=\"https:\/\/www.fenix.com.br\/blogs\/wp-content\/uploads\/2023\/04\/image.png 886w, https:\/\/www.fenix.com.br\/blogs\/wp-content\/uploads\/2023\/04\/image-300x37.png 300w, https:\/\/www.fenix.com.br\/blogs\/wp-content\/uploads\/2023\/04\/image-768x94.png 768w\" sizes=\"auto, (max-width: 886px) 100vw, 886px\" \/><figcaption class=\"wp-element-caption\">figura 1<\/figcaption><\/figure>\n\n\n\n<p>Digite nesse campo qualquer texto que identifique o bem\/servi\u00e7o que j\u00e1 foi previamente cadastrado na tabela de Bem Permanente\/Servi\u00e7o (figura 6), e clique no bot\u00e3o <strong>Pesquisar (F8)<\/strong>.<\/p>\n\n\n\n<figure class=\"wp-block-image size-full\"><img loading=\"lazy\" decoding=\"async\" width=\"886\" height=\"281\" src=\"https:\/\/www.fenix.com.br\/blogs\/wp-content\/uploads\/2023\/04\/image-1.png\" alt=\"\" class=\"wp-image-1524\" srcset=\"https:\/\/www.fenix.com.br\/blogs\/wp-content\/uploads\/2023\/04\/image-1.png 886w, https:\/\/www.fenix.com.br\/blogs\/wp-content\/uploads\/2023\/04\/image-1-300x95.png 300w, https:\/\/www.fenix.com.br\/blogs\/wp-content\/uploads\/2023\/04\/image-1-768x244.png 768w\" sizes=\"auto, (max-width: 886px) 100vw, 886px\" \/><figcaption class=\"wp-element-caption\">figura 2<\/figcaption><\/figure>\n\n\n\n<p>Nesse momento \u00e9 s\u00f3 escolher o servi\u00e7o\/bem e clicar no bot\u00e3o <strong>Carregar Bem\/Servi\u00e7o (F9)<\/strong>.<\/p>\n\n\n\n<p>O sistema ir\u00e1 mostrar a descri\u00e7\u00e3o do bem\/servi\u00e7o selecionado. Com isso, basta informar os demais dados necess\u00e1rios e clicar no bot\u00e3o gravar para adicionar o Bem\/Servi\u00e7o.<\/p>\n\n\n\n<figure class=\"wp-block-image size-full\"><img loading=\"lazy\" decoding=\"async\" width=\"886\" height=\"196\" src=\"https:\/\/www.fenix.com.br\/blogs\/wp-content\/uploads\/2023\/04\/image-2.png\" alt=\"\" class=\"wp-image-1525\" srcset=\"https:\/\/www.fenix.com.br\/blogs\/wp-content\/uploads\/2023\/04\/image-2.png 886w, https:\/\/www.fenix.com.br\/blogs\/wp-content\/uploads\/2023\/04\/image-2-300x66.png 300w, https:\/\/www.fenix.com.br\/blogs\/wp-content\/uploads\/2023\/04\/image-2-768x170.png 768w\" sizes=\"auto, (max-width: 886px) 100vw, 886px\" \/><figcaption class=\"wp-element-caption\">figura 3<\/figcaption><\/figure>\n\n\n\n<p><\/p>\n\n\n\n<figure class=\"wp-block-image size-full\"><img loading=\"lazy\" decoding=\"async\" width=\"886\" height=\"227\" src=\"https:\/\/www.fenix.com.br\/blogs\/wp-content\/uploads\/2023\/04\/image-3.png\" alt=\"\" class=\"wp-image-1526\" srcset=\"https:\/\/www.fenix.com.br\/blogs\/wp-content\/uploads\/2023\/04\/image-3.png 886w, https:\/\/www.fenix.com.br\/blogs\/wp-content\/uploads\/2023\/04\/image-3-300x77.png 300w, https:\/\/www.fenix.com.br\/blogs\/wp-content\/uploads\/2023\/04\/image-3-768x197.png 768w\" sizes=\"auto, (max-width: 886px) 100vw, 886px\" \/><figcaption class=\"wp-element-caption\">figura 6 \u2013 Tabela de Cadastro dos Bens Permanentes\/Servi\u00e7os<\/figcaption><\/figure>\n","protected":false},"excerpt":{"rendered":"<p>Para o lan\u00e7amento de uma Requisi\u00e7\u00f5es e\/ou Solicita\u00e7\u00f5es de Compras para Bem Permanente e\/ou Servi\u00e7o basta seguir os procedimentos detalhados abaixo. 1-Na tela, seja de Requisi\u00e7\u00e3o ou de Solicita\u00e7\u00e3o, quando for adicionar um novo bem\/servi\u00e7o ir\u00e1 ter o campo para pesquisar o bem ou servi\u00e7o: Digite nesse campo qualquer texto que identifique o bem\/servi\u00e7o que&hellip;<\/p>\n","protected":false},"author":1,"featured_media":0,"parent":0,"menu_order":0,"comment_status":"closed","ping_status":"closed","template":"","meta":{"footnotes":""},"class_list":["post-1522","page","type-page","status-publish","hentry"],"_links":{"self":[{"href":"https:\/\/www.fenix.com.br\/blogs\/wp-json\/wp\/v2\/pages\/1522","targetHints":{"allow":["GET"]}}],"collection":[{"href":"https:\/\/www.fenix.com.br\/blogs\/wp-json\/wp\/v2\/pages"}],"about":[{"href":"https:\/\/www.fenix.com.br\/blogs\/wp-json\/wp\/v2\/types\/page"}],"author":[{"embeddable":true,"href":"https:\/\/www.fenix.com.br\/blogs\/wp-json\/wp\/v2\/users\/1"}],"replies":[{"embeddable":true,"href":"https:\/\/www.fenix.com.br\/blogs\/wp-json\/wp\/v2\/comments?post=1522"}],"version-history":[{"count":2,"href":"https:\/\/www.fenix.com.br\/blogs\/wp-json\/wp\/v2\/pages\/1522\/revisions"}],"predecessor-version":[{"id":1529,"href":"https:\/\/www.fenix.com.br\/blogs\/wp-json\/wp\/v2\/pages\/1522\/revisions\/1529"}],"wp:attachment":[{"href":"https:\/\/www.fenix.com.br\/blogs\/wp-json\/wp\/v2\/media?parent=1522"}],"curies":[{"name":"wp","href":"https:\/\/api.w.org\/{rel}","templated":true}]}}