{"id":1261,"date":"2020-11-09T17:57:20","date_gmt":"2020-11-09T20:57:20","guid":{"rendered":"https:\/\/www.fenix.com.br\/blogs\/?page_id=1261"},"modified":"2020-11-10T08:12:03","modified_gmt":"2020-11-10T11:12:03","slug":"folha-de-pagamento","status":"publish","type":"page","link":"https:\/\/www.fenix.com.br\/blogs\/1248-2\/exportacao-de-dados\/exportacao-de-dados-tribunais-de-contas-analisador-tcm-go-colare-atos-de-pessoal\/folha-de-pagamento\/","title":{"rendered":"Folha de Pagamento"},"content":{"rendered":"\n<p class=\"has-cyan-bluish-gray-color has-text-color\">Menu Principal &gt; Exporta\u00e7\u00e3o de Dados &gt; Tribunais de Contas &gt; Analisador &#8211; TCM-GO (Colare &#8211; Atos de Pessoal)<\/p>\n\n\n\n<pre class=\"wp-block-code\"><code><\/code><\/pre>\n\n\n\n<p>Os dados relacionados \u00e0 Folha de Pagamento, exigidos pelo Colare, correspondem a dois layouts: <strong>Pessoal Folha de Pagamento<\/strong>, que deve ser enviado em at\u00e9 15 dias ap\u00f3s o encerramento do m\u00eas, e o layout <strong>Pessoal Execu\u00e7\u00e3o Or\u00e7ament\u00e1ria da Folha Pagamento<\/strong>, com a periodicidade de 15 dias corridos, a contar da data do efetivo pagamento dos vencimentos<\/p>\n\n\n\n<p>Enquanto o layout <strong>Pessoal Folha de Pagamento<\/strong> requer os dados referentes ao pagamento dos servidores (<em>proventos e descontos<\/em>) do m\u00eas, o layout <strong>Pessoal Execu\u00e7\u00e3o Or\u00e7ament\u00e1ria da Folha Pagamento<\/strong> tem o objetivo de informar os dados de empenho, liquida\u00e7\u00e3o, ordem de pagamento e arquivos banc\u00e1rios relacionados aos dados cont\u00e1beis de pagamento dos servidores.<\/p>\n\n\n\n<p>As informa\u00e7\u00f5es do layout <strong>Pessoal Execu\u00e7\u00e3o Or\u00e7ament\u00e1ria da Folha Pagamento<\/strong> poder\u00e3o ser inseridas no aplicativo FolhaPag de 2 maneiras:<\/p>\n\n\n\n<p><strong>Cadastro Individual<\/strong>: Na tela de Exporta\u00e7\u00e3o para o Colare, h\u00e1 uma tela de cadastro dispon\u00edvel para preenchimento individual dos dados de empenho, liquida\u00e7\u00e3o, ordem de pagamentos e bancos das unidades do munic\u00edpio. Atrav\u00e9s desta tela, o usu\u00e1rio poder\u00e1 efetuar os cadastros necess\u00e1rios para envio das informa\u00e7\u00f5es cont\u00e1beis da folha de pagamento requeridas pelo tribunal.<\/p>\n\n\n\n<p><strong>Importa\u00e7\u00e3o do CONTAB<\/strong>: Caso a contabilidade do \u00f3rg\u00e3o seja feita utilizando o aplicativo <strong>CONTAB<\/strong> da <strong>F\u00eanix<\/strong>, \u00e9 poss\u00edvel importar de maneira autom\u00e1tica os dados cont\u00e1beis solicitados pelo tribunal, com exce\u00e7\u00e3o do cadastro de Bancos (<em>Arquivos de Remessa e Retorno Banc\u00e1rio<\/em>) que deve ser cadastrado individualmente. Para isso, o banco de dados do <strong>Contab<\/strong> dever\u00e1 estar localiz\u00e1vel no Agente F\u00eanix, e o usu\u00e1rio dever\u00e1 clicar no bot\u00e3o <strong>Importar Empenhos do Contab<\/strong>.<\/p>\n\n\n\n<pre class=\"wp-block-code\"><code>    Confira abaixo os itens de pessoal que ser\u00e3o importados do Contab:\n\n    3.1.90.01.00.00 - Aposentadorias e Reformas \n    3.1.90.03.00.00 - Pens\u00f5es \n    3.1.90.04.00.00 - Contrata\u00e7\u00e3o por Tempo Determinado \n    3.1.90.11.00.00 - Vencimentos e Vantagens Fixas - Pessoal Civil \n    3.1.90.34.00.00 - Outras Despesas de Pessoal decorrentes de Contratos de Terceiriza\u00e7\u00e3o <\/code><\/pre>\n\n\n\n<p class=\"has-background\" style=\"background-color:#e4e6e9\"><strong>Nota<\/strong>: Caso o aplicativo n\u00e3o importe todos os empenhos necess\u00e1rios, o usu\u00e1rio poder\u00e1 cadastrar os empenhos restantes individualmente.<\/p>\n\n\n\n<p>Para prosseguir com a exporta\u00e7\u00e3o, todos os cadastros referentes a execu\u00e7\u00e3o or\u00e7ament\u00e1ria da folha de pagamento dever\u00e3o ser obrigatoriamente preenchidos.<\/p>\n\n\n\n<div class=\"wp-block-group\"><div class=\"wp-block-group__inner-container is-layout-flow wp-block-group-is-layout-flow\">\n<p><strong>1 Unidades Gestoras<\/strong><br><br><strong>Unidade Gestora<\/strong>: Informe o \u00f3rg\u00e3o corresponde aos dados cont\u00e1veis que ser\u00e3o cadastrados.<\/p>\n\n\n\n<p><strong>2 Empenhos<\/strong><br><br><strong>N\u00famero do Empenho<\/strong>: Informar o n\u00famero do empenho da Folha de Pagamento;<br><strong>Data do Empenho:<\/strong> informar o valor do empenho;<br><strong>Valor do Empenho<\/strong>: Informar a data do Empenho.<\/p>\n\n\n\n<p><strong>2.1 Liquida\u00e7\u00e3o da Folha de Pagamento<\/strong><br><br>Os dados da liquida\u00e7\u00e3o s\u00e3o vinculados ao empenho. Para cada empenho, deve constar uma ou mais liquida\u00e7\u00f5es.<br><br><strong>N\u00famero da liquida\u00e7\u00e3o:<\/strong> Informar o numero da Liquida\u00e7\u00e3o da Folha de Pagamento;<br><strong>Data da liquida\u00e7\u00e3o:<\/strong> Informar a data da Liquida\u00e7\u00e3o da Folha de Pagamento;<br><strong>Valor da Liquida\u00e7\u00e3o<\/strong>: Informar o valor da Liquida\u00e7\u00e3o;<\/p>\n<\/div><\/div>\n\n\n\n<p><strong>2.2 Ordens de Pagamento<\/strong><br><br>Os dados da ordem de pagamento s\u00e3o vinculados ao empenho. Para cada empenho, deve constar uma ou mais ordens de pagamento.<br><br><strong>N\u00famero da Ordem de Pagamento<\/strong>: Informar o n\u00famero da Ordem de Pagamento;<br><strong>Data do pagamento:<\/strong> Informar a data do Pagamento;<br><strong>Valor do pagamento:<\/strong> Informar o valor do pagamento;<\/p>\n\n\n\n<p><strong>3 Arquivos Banc\u00e1rios de Pagamento e Retorno<\/strong><\/p>\n\n\n\n<p><br><strong>Banco do Pagamento<\/strong>: Informar o banco utilizado para pagamentos da folha de pagamento.<br><strong>Arquivo de Remessa do Pagamento:<\/strong> informar o arquivo de remessa enviado para o banco contendo o pagamento dos servidores;<br><strong>Arquivo de Retorno do Pagamento<\/strong>: Informar o arquivo de retorno do banco, referente ao pagamento dos servidores;<\/p>\n","protected":false},"excerpt":{"rendered":"<p>Menu Principal &gt; Exporta\u00e7\u00e3o de Dados &gt; Tribunais de Contas &gt; Analisador &#8211; TCM-GO (Colare &#8211; Atos de Pessoal) Os dados relacionados \u00e0 Folha de Pagamento, exigidos pelo Colare, correspondem a dois layouts: Pessoal Folha de Pagamento, que deve ser enviado em at\u00e9 15 dias ap\u00f3s o encerramento do m\u00eas, e o layout Pessoal Execu\u00e7\u00e3o&hellip;<\/p>\n","protected":false},"author":1,"featured_media":0,"parent":1256,"menu_order":0,"comment_status":"closed","ping_status":"closed","template":"","meta":{"footnotes":""},"class_list":["post-1261","page","type-page","status-publish","hentry"],"_links":{"self":[{"href":"https:\/\/www.fenix.com.br\/blogs\/wp-json\/wp\/v2\/pages\/1261","targetHints":{"allow":["GET"]}}],"collection":[{"href":"https:\/\/www.fenix.com.br\/blogs\/wp-json\/wp\/v2\/pages"}],"about":[{"href":"https:\/\/www.fenix.com.br\/blogs\/wp-json\/wp\/v2\/types\/page"}],"author":[{"embeddable":true,"href":"https:\/\/www.fenix.com.br\/blogs\/wp-json\/wp\/v2\/users\/1"}],"replies":[{"embeddable":true,"href":"https:\/\/www.fenix.com.br\/blogs\/wp-json\/wp\/v2\/comments?post=1261"}],"version-history":[{"count":3,"href":"https:\/\/www.fenix.com.br\/blogs\/wp-json\/wp\/v2\/pages\/1261\/revisions"}],"predecessor-version":[{"id":1265,"href":"https:\/\/www.fenix.com.br\/blogs\/wp-json\/wp\/v2\/pages\/1261\/revisions\/1265"}],"up":[{"embeddable":true,"href":"https:\/\/www.fenix.com.br\/blogs\/wp-json\/wp\/v2\/pages\/1256"}],"wp:attachment":[{"href":"https:\/\/www.fenix.com.br\/blogs\/wp-json\/wp\/v2\/media?parent=1261"}],"curies":[{"name":"wp","href":"https:\/\/api.w.org\/{rel}","templated":true}]}}