{"id":1256,"date":"2020-11-09T17:39:17","date_gmt":"2020-11-09T20:39:17","guid":{"rendered":"https:\/\/www.fenix.com.br\/blogs\/?page_id=1256"},"modified":"2020-11-10T08:16:48","modified_gmt":"2020-11-10T11:16:48","slug":"exportacao-de-dados-tribunais-de-contas-analisador-tcm-go-colare-atos-de-pessoal","status":"publish","type":"page","link":"https:\/\/www.fenix.com.br\/blogs\/1248-2\/exportacao-de-dados\/exportacao-de-dados-tribunais-de-contas-analisador-tcm-go-colare-atos-de-pessoal\/","title":{"rendered":"Exporta\u00e7\u00e3o de Dados &#8211; Tribunais de Contas &#8211; Analisador &#8211; TCM-GO (Colare &#8211; Atos de Pessoal)"},"content":{"rendered":"\n<p class=\"has-cyan-bluish-gray-color has-text-color\">Menu Principal &gt; Exporta\u00e7\u00e3o de Dados &gt; Tribunais de Contas &gt; Analisador &#8211; TCM-GO (Colare &#8211; Atos de Pessoal)<\/p>\n\n\n\n<pre class=\"wp-block-code\"><code><\/code><\/pre>\n\n\n\n<p>Esta tela tem por finalidade possibilitar o envio dos dados de atos de pessoal e folha de pagamento para o sistema Colare, a nova plataforma do TCM-GO, para recebimento e presta\u00e7\u00e3o de contas dos munic\u00edpios a partir de 2020.<\/p>\n\n\n\n<p class=\"has-background\" style=\"background-color:#e4e6e9\"><strong>Aten\u00e7\u00e3o<\/strong><br>Para obter acesso ao sistema do Colare, os Chefes de Poder (<em>Executivo e Legislativo<\/em>), utilizando um <strong>certificado digital<\/strong>, primeiramente dever\u00e3o fazer o cadastro no sistema <strong>Passaporte <\/strong>(<a href=\"https:\/\/wwws.tcm.go.gov.br\/passaporte\/#\/login\" data-type=\"URL\" data-id=\"https:\/\/wwws.tcm.go.gov.br\/passaporte\/#\/login\">https:\/\/wwws.tcm.go.gov.br\/passaporte\/#\/login<\/a>), informando os respons\u00e1veis pelo departamento de Recursos Humanos e da Unidade Gestora do Regime Pr\u00f3prio de Previd\u00eancia do munic\u00edpio.<\/p>\n\n\n\n<p>Somente ap\u00f3s o cadastro no sistema Passaporte, e tendo um certificado digital v\u00e1lido, o usu\u00e1rio poder\u00e1 iniciar o envio dos dados da folha de pagamento para o sistema Colare.<\/p>\n\n\n\n<p class=\"has-background\" style=\"background-color:#e4e6e9\"><strong>Nota<\/strong>: O Colare inseriu uma s\u00e9rie de novos campos para a presta\u00e7\u00e3o de contas de 2020. Para facilitar o preenchimento, foi disponibilizado um guia informando os campos que dever\u00e3o ser preenchidos no sistema de folha de pagamento: Guia de Preenchimento do Colare.<\/p>\n\n\n\n<p>A presta\u00e7\u00e3o de contas dos atos de pessoal e folha de pagamento possui ao todo 19 layouts, cada um com uma periodicidade de envio. Para alertar os usu\u00e1rios que existem dados pendentes a serem enviados para o Colare, sempre ao acessar o sistema de Folha de Pagamento, ser\u00e1 emitido um aviso informando se existem dados a serem transmitidos para o Tribunal.<\/p>\n\n\n\n<p class=\"has-background\" style=\"background-color:#e4e6e9\">Nota: O tribunal est\u00e1 fazendo a libera\u00e7\u00e3o gradual de cada layout, por enquanto apenas alguns layouts foram liberados para envio. Para mais informa\u00e7\u00f5es sobre os layouts e prazos, clique no link a seguir: <a href=\"https:\/\/www.tcmgo.tc.br\/colare-pessoal\/\" data-type=\"URL\" data-id=\"https:\/\/www.tcmgo.tc.br\/colare-pessoal\/\">https:\/\/www.tcmgo.tc.br\/colare-pessoal\/<\/a><\/p>\n\n\n\n<figure class=\"wp-block-table\"><table><tbody><tr><td><strong>Layout<\/strong><\/td><td><strong>Prazo para envio<\/strong><\/td><td><strong>Liberado para envio?<\/strong><\/td><\/tr><tr><td>Legisla\u00e7\u00e3o<\/td><td>15 dias corridos*<\/td><td>\u2714<\/td><\/tr><tr><td>Cargos<\/td><td>15 dias corridos*<\/td><td>\u2714<\/td><\/tr><tr><td>Verbas (Eventos)<\/td><td>15 dias corridos*<\/td><td>\u2714<\/td><\/tr><tr><td>Homologa\u00e7\u00e3o Concurso<\/td><td>15 dias corridos*<\/td><td>\u2714<\/td><\/tr><tr><td>Cadastro Servidores<\/td><td>15 dias corridos*<\/td><td>\u2714<\/td><\/tr><tr><td>Vida Funcional Concess\u00e3o de Vantagem ou Desconto<\/td><td>15 dias corridos*<\/td><td>\u2714<\/td><\/tr><tr><td>Vida Funcional Lota\u00e7\u00e3o<\/td><td>15 dias corridos*<\/td><td>\u2714<\/td><\/tr><tr><td>Vida Funcional Licen\u00e7a<\/td><td>15 dias corridos*<\/td><td>\u2714<\/td><\/tr><tr><td>Vida Funcional Desligamento Inatividade<\/td><td>15 dias corridos*<\/td><td>\u2714<\/td><\/tr><tr><td>Vida Funcional Disposi\u00e7\u00e3o<\/td><td>15 dias corridos*<\/td><td>\u2714<\/td><\/tr><tr><td>Folha de Pagamento<\/td><td>15 dias corridos, a contar do encerramento do m\u00eas de refer\u00eancia<\/td><td><\/td><\/tr><tr><td>Aposentadoria<\/td><td>15 dias corridos*<\/td><td>\u2714<\/td><\/tr><tr><td>Pensionista<\/td><td>15 dias corridos*<\/td><td>\u2714<\/td><\/tr><tr><td>Fixa\u00e7\u00e3o Revis\u00e3o Remunera\u00e7\u00e3o Subs\u00eddios<\/td><td>15 dias corridos*<\/td><td><\/td><\/tr><tr><td>Execu\u00e7\u00e3o Or\u00e7ament\u00e1ria da Folha de Pagamento<\/td><td>15 dias corridos, a contar da data do efetivo pagamento dos vencimentos<\/td><td>\u2714<\/td><\/tr><tr><td>Admiss\u00e3o<\/td><td>15 dias corridos, a contar da data da posse do servidor<\/td><td>\u2714<\/td><\/tr><tr><td>Dados Previdenci\u00e1rios<\/td><td>15 dias corridos, a contar da sua altera\u00e7\u00e3o<\/td><td>\u2714<\/td><\/tr><tr><td>Edital Processo Seletivo Simplificado<\/td><td>3 dias \u00fateis, a contar da sua publica\u00e7\u00e3o<\/td><td>\u2714<\/td><\/tr><tr><td>Edital de Concurso Processo Seletivo P\u00fablico<\/td><td>30 dias corridos, antes do in\u00edcio das inscri\u00e7\u00f5es<\/td><td>\u2714<\/td><\/tr><tr><td><\/td><td><\/td><td><\/td><\/tr><\/tbody><\/table><\/figure>\n\n\n\n<p>*<em>a contar da publica\u00e7\u00e3o oficial ou da assinatura do ato, caso n\u00e3o tenha sido publicado.<\/em><\/p>\n\n\n\n<p>Para iniciar a an\u00e1lise e envios dos dados, o usu\u00e1rio dever\u00e1 primeiramente:<\/p>\n\n\n\n<p>1- Selecionar os \u00f3rg\u00e3os que as informa\u00e7\u00f5es ser\u00e3o enviadas.<\/p>\n\n\n\n<p>2-Buscar as representa\u00e7\u00f5es do passaporte, isto \u00e9, os usu\u00e1rios habilitados para fazer a exporta\u00e7\u00e3o. (<em>necess\u00e1rio certificado digital<\/em>).<\/p>\n\n\n\n<p>3-Clicar no bot\u00e3o Analisar, para iniciar a an\u00e1lise e envio dos dados para o Colare.<\/p>\n","protected":false},"excerpt":{"rendered":"<p>Menu Principal &gt; Exporta\u00e7\u00e3o de Dados &gt; Tribunais de Contas &gt; Analisador &#8211; TCM-GO (Colare &#8211; Atos de Pessoal) Esta tela tem por finalidade possibilitar o envio dos dados de atos de pessoal e folha de pagamento para o sistema Colare, a nova plataforma do TCM-GO, para recebimento e presta\u00e7\u00e3o de contas dos munic\u00edpios a&hellip;<\/p>\n","protected":false},"author":1,"featured_media":0,"parent":1250,"menu_order":0,"comment_status":"closed","ping_status":"closed","template":"","meta":{"footnotes":""},"class_list":["post-1256","page","type-page","status-publish","hentry"],"_links":{"self":[{"href":"https:\/\/www.fenix.com.br\/blogs\/wp-json\/wp\/v2\/pages\/1256","targetHints":{"allow":["GET"]}}],"collection":[{"href":"https:\/\/www.fenix.com.br\/blogs\/wp-json\/wp\/v2\/pages"}],"about":[{"href":"https:\/\/www.fenix.com.br\/blogs\/wp-json\/wp\/v2\/types\/page"}],"author":[{"embeddable":true,"href":"https:\/\/www.fenix.com.br\/blogs\/wp-json\/wp\/v2\/users\/1"}],"replies":[{"embeddable":true,"href":"https:\/\/www.fenix.com.br\/blogs\/wp-json\/wp\/v2\/comments?post=1256"}],"version-history":[{"count":4,"href":"https:\/\/www.fenix.com.br\/blogs\/wp-json\/wp\/v2\/pages\/1256\/revisions"}],"predecessor-version":[{"id":1268,"href":"https:\/\/www.fenix.com.br\/blogs\/wp-json\/wp\/v2\/pages\/1256\/revisions\/1268"}],"up":[{"embeddable":true,"href":"https:\/\/www.fenix.com.br\/blogs\/wp-json\/wp\/v2\/pages\/1250"}],"wp:attachment":[{"href":"https:\/\/www.fenix.com.br\/blogs\/wp-json\/wp\/v2\/media?parent=1256"}],"curies":[{"name":"wp","href":"https:\/\/api.w.org\/{rel}","templated":true}]}}