{"id":1250,"date":"2020-11-09T17:30:38","date_gmt":"2020-11-09T20:30:38","guid":{"rendered":"https:\/\/www.fenix.com.br\/blogs\/?page_id=1250"},"modified":"2020-11-10T08:16:23","modified_gmt":"2020-11-10T11:16:23","slug":"exportacao-de-dados","status":"publish","type":"page","link":"https:\/\/www.fenix.com.br\/blogs\/1248-2\/exportacao-de-dados\/","title":{"rendered":"Exporta\u00e7\u00e3o de Dados"},"content":{"rendered":"\n<p class=\"has-cyan-bluish-gray-color has-text-color\"><strong>Menu Principal &gt; Exporta\u00e7\u00e3o de Dados<\/strong><\/p>\n\n\n\n<pre class=\"wp-block-code\"><code><\/code><\/pre>\n\n\n\n<p>Esta op\u00e7\u00e3o permite que as informa\u00e7\u00f5es contidas no aplicativo de Folha de Pagamento, sejam exportadas automaticamente para um arquivo, que posteriormente poder\u00e1 ser importado em aplicativos de diversas institui\u00e7\u00f5es.<\/p>\n\n\n\n<p>-Para maiores detalhes clique em um dos t\u00f3picos abaixo:<\/p>\n\n\n\n<p>Exporta\u00e7\u00e3o de Dados &#8211; Tribunais de Contas<br>Exporta\u00e7\u00e3o de Dados &#8211; Bancos<br>Exporta\u00e7\u00e3o de Dados &#8211; SEFIP<br>Exporta\u00e7\u00e3o de Dados &#8211; DIRF (ANUAL)<br>Exporta\u00e7\u00e3o de Dados &#8211; RAIS (ANUAL)<br>Exporta\u00e7\u00e3o de Dados &#8211; HOLERITE CONTRACHEQUE (BB)<br>Exporta\u00e7\u00e3o de Dados &#8211; PASEP &#8211; CADASTRAMENTO<br>Exporta\u00e7\u00e3o de Dados &#8211; PASEP &#8211; PAGAMENTO<br>Exporta\u00e7\u00e3o de Dados &#8211; DADOS FOLHA SRP (BLOCO K)<br>Exporta\u00e7\u00e3o de Dados -CONSULTA DE REMESSAS<\/p>\n","protected":false},"excerpt":{"rendered":"<p>Menu Principal &gt; Exporta\u00e7\u00e3o de Dados Esta op\u00e7\u00e3o permite que as informa\u00e7\u00f5es contidas no aplicativo de Folha de Pagamento, sejam exportadas automaticamente para um arquivo, que posteriormente poder\u00e1 ser importado em aplicativos de diversas institui\u00e7\u00f5es. -Para maiores detalhes clique em um dos t\u00f3picos abaixo: Exporta\u00e7\u00e3o de Dados &#8211; Tribunais de ContasExporta\u00e7\u00e3o de Dados &#8211; BancosExporta\u00e7\u00e3o&hellip;<\/p>\n","protected":false},"author":1,"featured_media":0,"parent":1248,"menu_order":0,"comment_status":"closed","ping_status":"closed","template":"","meta":{"footnotes":""},"class_list":["post-1250","page","type-page","status-publish","hentry"],"_links":{"self":[{"href":"https:\/\/www.fenix.com.br\/blogs\/wp-json\/wp\/v2\/pages\/1250","targetHints":{"allow":["GET"]}}],"collection":[{"href":"https:\/\/www.fenix.com.br\/blogs\/wp-json\/wp\/v2\/pages"}],"about":[{"href":"https:\/\/www.fenix.com.br\/blogs\/wp-json\/wp\/v2\/types\/page"}],"author":[{"embeddable":true,"href":"https:\/\/www.fenix.com.br\/blogs\/wp-json\/wp\/v2\/users\/1"}],"replies":[{"embeddable":true,"href":"https:\/\/www.fenix.com.br\/blogs\/wp-json\/wp\/v2\/comments?post=1250"}],"version-history":[{"count":4,"href":"https:\/\/www.fenix.com.br\/blogs\/wp-json\/wp\/v2\/pages\/1250\/revisions"}],"predecessor-version":[{"id":1267,"href":"https:\/\/www.fenix.com.br\/blogs\/wp-json\/wp\/v2\/pages\/1250\/revisions\/1267"}],"up":[{"embeddable":true,"href":"https:\/\/www.fenix.com.br\/blogs\/wp-json\/wp\/v2\/pages\/1248"}],"wp:attachment":[{"href":"https:\/\/www.fenix.com.br\/blogs\/wp-json\/wp\/v2\/media?parent=1250"}],"curies":[{"name":"wp","href":"https:\/\/api.w.org\/{rel}","templated":true}]}}