{"id":1224,"date":"2020-08-26T09:25:28","date_gmt":"2020-08-26T12:25:28","guid":{"rendered":"https:\/\/www.fenix.com.br\/blogs\/?page_id=1224"},"modified":"2024-04-05T08:49:17","modified_gmt":"2024-04-05T11:49:17","slug":"pcasp-procedimento-para-o-lancamento-de-creditos-de-valores-indevidos-a-serem-devolvidos","status":"publish","type":"page","link":"https:\/\/www.fenix.com.br\/blogs\/pcasp-procedimento-para-o-lancamento-de-creditos-de-valores-indevidos-a-serem-devolvidos\/","title":{"rendered":"PCASP &#8211; Procedimento para o lan\u00e7amento de Cr\u00e9ditos de Valores Indevidos a serem devolvidos"},"content":{"rendered":"\n<p style=\"font-size:25px\"><strong>Movimenta\u00e7\u00e3o de contas do Grupo 2- Passivo<\/strong><\/p>\n\n\n\n<p>Procedimento para o lan\u00e7amento de Inscri\u00e7\u00f5es (<em>Via Lan\u00e7amento Extra<\/em>). Esta situa\u00e7\u00e3o geralmente ocorre quando por exemplo s\u00e3o realizados Cr\u00e9ditos Indevidos na conta Banc\u00e1ria do \u00d3rg\u00e3o;<\/p>\n\n\n\n<p><strong>Exemplo<\/strong>: <em>Banco efetuou um Cr\u00e9dito Indevido de um determinado valor na conta do \u00d3rg\u00e3o, sendo que no m\u00eas seguinte o mesmo foi estornado.<\/em><\/p>\n\n\n\n<p><strong>1-Passo:<\/strong><\/p>\n\n\n\n<p>\u2013Caso n\u00e3o exista, o dever\u00e1 ser criado um t\u00edtulo na tabela de <span style=\"text-decoration: underline;\">Eventos Extraor\u00e7ament\u00e1rio\/Transfer\u00eancias<\/span>, para ser utilizado na contabiliza\u00e7\u00e3o do valor no grupo de contas do PASSIVO (2);<\/p>\n\n\n\n<p>Exemplo de conta: <strong>2.1.8.8.1.04.05.00.00.0000 \u2013 DEP\u00d3SITOS A TRANSFERIR.<\/strong><\/p>\n\n\n\n<figure class=\"wp-block-image size-large\"><img loading=\"lazy\" decoding=\"async\" width=\"764\" height=\"224\" src=\"https:\/\/www.fenix.com.br\/blogs\/wp-content\/uploads\/2020\/08\/clip001_PCASP_Cred_val_indevido.jpg\" alt=\"\" class=\"wp-image-1225\" srcset=\"https:\/\/www.fenix.com.br\/blogs\/wp-content\/uploads\/2020\/08\/clip001_PCASP_Cred_val_indevido.jpg 764w, https:\/\/www.fenix.com.br\/blogs\/wp-content\/uploads\/2020\/08\/clip001_PCASP_Cred_val_indevido-300x88.jpg 300w\" sizes=\"auto, (max-width: 764px) 100vw, 764px\" \/><\/figure>\n\n\n\n<p><br><strong>2-Passo:<\/strong><\/p>\n\n\n\n<p>Efetuar agora o lan\u00e7amento Extra utilizando-se do Evento Extra criado. Para tanto usar a op\u00e7\u00e3o <span style=\"text-decoration: underline;\">Novo Lan\u00e7amento Extra<\/span>.<\/p>\n\n\n\n<figure class=\"wp-block-image size-large\"><img loading=\"lazy\" decoding=\"async\" width=\"683\" height=\"390\" src=\"https:\/\/www.fenix.com.br\/blogs\/wp-content\/uploads\/2020\/08\/clip002_PCASP_Cred_val_indevido.jpg\" alt=\"\" class=\"wp-image-1227\" srcset=\"https:\/\/www.fenix.com.br\/blogs\/wp-content\/uploads\/2020\/08\/clip002_PCASP_Cred_val_indevido.jpg 683w, https:\/\/www.fenix.com.br\/blogs\/wp-content\/uploads\/2020\/08\/clip002_PCASP_Cred_val_indevido-300x171.jpg 300w\" sizes=\"auto, (max-width: 683px) 100vw, 683px\" \/><\/figure>\n\n\n\n<p><br>A seguir gerar o movimento do <strong>PCASP <\/strong>para que o saldo seja gerado.<\/p>\n\n\n\n<figure class=\"wp-block-image size-large\"><img loading=\"lazy\" decoding=\"async\" width=\"1024\" height=\"157\" src=\"https:\/\/www.fenix.com.br\/blogs\/wp-content\/uploads\/2020\/08\/clip003_PCASP_Cred_val_indevido-1024x157.jpg\" alt=\"\" class=\"wp-image-1228\" srcset=\"https:\/\/www.fenix.com.br\/blogs\/wp-content\/uploads\/2020\/08\/clip003_PCASP_Cred_val_indevido-1024x157.jpg 1024w, https:\/\/www.fenix.com.br\/blogs\/wp-content\/uploads\/2020\/08\/clip003_PCASP_Cred_val_indevido-300x46.jpg 300w, https:\/\/www.fenix.com.br\/blogs\/wp-content\/uploads\/2020\/08\/clip003_PCASP_Cred_val_indevido-768x118.jpg 768w, https:\/\/www.fenix.com.br\/blogs\/wp-content\/uploads\/2020\/08\/clip003_PCASP_Cred_val_indevido.jpg 1313w\" sizes=\"auto, (max-width: 1024px) 100vw, 1024px\" \/><\/figure>\n\n\n\n<br>\n\n\n\n<p><\/p>\n\n\n\n<p class=\"has-medium-font-size\"><strong>Quando da Regulariza\u00e7\u00e3o &#8211; Devolu\u00e7\u00e3o do Valor<\/strong><\/p>\n\n\n\n<br>\n\n\n\n<p><strong>3-Passo:<\/strong><\/p>\n\n\n\n<p>Lan\u00e7ar a Ordem de Pagamento Extra (<em>N\u00e3o deve ser feita via Lan\u00e7amento Extra Manual, aplicativo N\u00e3o Permite<\/em>), usando-se o Evento da Extra criado. Observar que j\u00e1 ser\u00e1 mostrado na coluna <strong>Saldo a Baixar<\/strong> o montante.<\/p>\n\n\n\n<figure class=\"wp-block-gallery has-nested-images columns-default is-cropped wp-block-gallery-1 is-layout-flex wp-block-gallery-is-layout-flex\">\n<figure class=\"wp-block-image size-large\"><img loading=\"lazy\" decoding=\"async\" width=\"752\" height=\"226\" data-id=\"1229\" src=\"https:\/\/www.fenix.com.br\/blogs\/wp-content\/uploads\/2020\/08\/clip0001_PCASP_Cred_val_indevido.jpg\" alt=\"\" class=\"wp-image-1229\" srcset=\"https:\/\/www.fenix.com.br\/blogs\/wp-content\/uploads\/2020\/08\/clip0001_PCASP_Cred_val_indevido.jpg 752w, https:\/\/www.fenix.com.br\/blogs\/wp-content\/uploads\/2020\/08\/clip0001_PCASP_Cred_val_indevido-300x90.jpg 300w\" sizes=\"auto, (max-width: 752px) 100vw, 752px\" \/><\/figure>\n<\/figure>\n\n\n\n<p><br>A seguir processar o PCASP e o Saldo ser\u00e1 zerado na conta do PCASP.<\/p>\n\n\n\n<figure class=\"wp-block-image size-large\"><img loading=\"lazy\" decoding=\"async\" width=\"1024\" height=\"483\" src=\"https:\/\/www.fenix.com.br\/blogs\/wp-content\/uploads\/2020\/08\/clip0002_PCASP_Cred_val_indevido-1024x483.jpg\" alt=\"\" class=\"wp-image-1230\" srcset=\"https:\/\/www.fenix.com.br\/blogs\/wp-content\/uploads\/2020\/08\/clip0002_PCASP_Cred_val_indevido-1024x483.jpg 1024w, https:\/\/www.fenix.com.br\/blogs\/wp-content\/uploads\/2020\/08\/clip0002_PCASP_Cred_val_indevido-300x142.jpg 300w, https:\/\/www.fenix.com.br\/blogs\/wp-content\/uploads\/2020\/08\/clip0002_PCASP_Cred_val_indevido-768x363.jpg 768w, https:\/\/www.fenix.com.br\/blogs\/wp-content\/uploads\/2020\/08\/clip0002_PCASP_Cred_val_indevido.jpg 1305w\" sizes=\"auto, (max-width: 1024px) 100vw, 1024px\" \/><\/figure>\n","protected":false},"excerpt":{"rendered":"<p>Movimenta\u00e7\u00e3o de contas do Grupo 2- Passivo Procedimento para o lan\u00e7amento de Inscri\u00e7\u00f5es (Via Lan\u00e7amento Extra). Esta situa\u00e7\u00e3o geralmente ocorre quando por exemplo s\u00e3o realizados Cr\u00e9ditos Indevidos na conta Banc\u00e1ria do \u00d3rg\u00e3o; Exemplo: Banco efetuou um Cr\u00e9dito Indevido de um determinado valor na conta do \u00d3rg\u00e3o, sendo que no m\u00eas seguinte o mesmo foi estornado.&hellip;<\/p>\n","protected":false},"author":1,"featured_media":0,"parent":0,"menu_order":0,"comment_status":"closed","ping_status":"closed","template":"","meta":{"footnotes":""},"class_list":["post-1224","page","type-page","status-publish","hentry"],"_links":{"self":[{"href":"https:\/\/www.fenix.com.br\/blogs\/wp-json\/wp\/v2\/pages\/1224","targetHints":{"allow":["GET"]}}],"collection":[{"href":"https:\/\/www.fenix.com.br\/blogs\/wp-json\/wp\/v2\/pages"}],"about":[{"href":"https:\/\/www.fenix.com.br\/blogs\/wp-json\/wp\/v2\/types\/page"}],"author":[{"embeddable":true,"href":"https:\/\/www.fenix.com.br\/blogs\/wp-json\/wp\/v2\/users\/1"}],"replies":[{"embeddable":true,"href":"https:\/\/www.fenix.com.br\/blogs\/wp-json\/wp\/v2\/comments?post=1224"}],"version-history":[{"count":12,"href":"https:\/\/www.fenix.com.br\/blogs\/wp-json\/wp\/v2\/pages\/1224\/revisions"}],"predecessor-version":[{"id":1779,"href":"https:\/\/www.fenix.com.br\/blogs\/wp-json\/wp\/v2\/pages\/1224\/revisions\/1779"}],"wp:attachment":[{"href":"https:\/\/www.fenix.com.br\/blogs\/wp-json\/wp\/v2\/media?parent=1224"}],"curies":[{"name":"wp","href":"https:\/\/api.w.org\/{rel}","templated":true}]}}